{"id":18420,"date":"2024-12-04T12:32:11","date_gmt":"2024-12-04T12:32:11","guid":{"rendered":"https:\/\/go-paint.com\/partner-worden\/"},"modified":"2026-03-17T19:49:08","modified_gmt":"2026-03-17T19:49:08","slug":"partner-werden","status":"publish","type":"page","link":"https:\/\/go-paint.com\/de\/partner-werden\/","title":{"rendered":"Partner werden?"},"content":{"rendered":"\n<section class=\"wp-block-endeavour-wp-blocks-main-banner main-banner\"><div class=\"main-banner__outer main-banner__outer--small-size content-wrapper-max\"><div class=\"main-banner__image-wrapper\"><img decoding=\"async\" class=\"main-banner__image\" src=\"https:\/\/hildering.prod.pwstaging.tech\/app\/uploads\/sites\/2\/2025\/11\/roll-and-go-bucket-25-gallery-1-8c9308c1-8dac-428e-9187-f917d7572511.png\" alt=\"Banner Image\"\/><\/div><div class=\"main-banner__image-mobile-wrapper\"><img decoding=\"async\" class=\"main-banner__image-mobile\" src=\"https:\/\/hildering.prod.pwstaging.tech\/app\/uploads\/sites\/2\/2025\/11\/roll-and-go-bucket-25-gallery-1-8c9308c1-8dac-428e-9187-f917d7572511.png\" alt=\"Banner Image\"\/><\/div><div class=\"wp-block-endeavour-wp-blocks-main-banner main-banner__inner content-wrapper-common\">\n<h1 class=\"wp-block-heading\">Partner werden?<\/h1>\n\n\n\n<p class=\"has-medium-font-size\">Es gibt viele M\u00f6glichkeiten, unser Partner zu werden.<\/p>\n\n\n\n<p class=\"has-medium-font-size\">Ob im Vertrieb, Einkauf, Marketing oder in der Produktentwicklung.<\/p>\n\n\n\n<p class=\"has-medium-font-size\">Lesen Sie hier mehr \u00fcber die M\u00f6glichkeiten!<\/p>\n\n\n\n<div class=\"wp-block-endeavour-wp-blocks-custom-spacer custom-spacer\"><div style=\"height:1rem\" class=\"custom-spacer__mobile\"><\/div><div style=\"height:1rem\" class=\"custom-spacer__desktop\"><\/div><\/div>\n<\/div><\/div><\/section>\n\n\n\n<div class=\"wp-block-endeavour-wp-blocks-custom-spacer custom-spacer\"><div style=\"height:4rem\" class=\"custom-spacer__mobile\"><\/div><div style=\"height:4rem\" class=\"custom-spacer__desktop\"><\/div><\/div>\n\n\n\n<section class=\"wp-block-endeavour-wp-blocks-content-container content-container\"><div class=\"wp-block-endeavour-wp-blocks-content-container content-container__inner  content-wrapper-small\">\n<p class=\"has-medium-font-size\">Sind Sie von unseren Produkten begeistert und m\u00f6chten Sie professionellen Malern helfen, schneller, besser und sauberer zu arbeiten? Oder sind Sie selbst professioneller Malermeister und m\u00f6chten Ihr Handwerk perfektionieren? Es gibt verschiedene M\u00f6glichkeiten, mit uns zusammenzuarbeiten. Ganz gleich, ob Sie unsere Go!Paint-Produkte verkaufen m\u00f6chten, nach Schulungsmaterial suchen oder Botschafter werden m\u00f6chten. Kontaktieren Sie uns, um die M\u00f6glichkeiten zu besprechen!<\/p>\n\n\n\n<div class=\"wp-block-endeavour-wp-blocks-custom-spacer custom-spacer\"><div style=\"height:1rem\" class=\"custom-spacer__mobile\"><\/div><div style=\"height:1rem\" class=\"custom-spacer__desktop\"><\/div><\/div>\n\n\n\n<h2 class=\"wp-block-heading\">Go!Paint Vertriebspartner<\/h2>\n\n\n\n<div class=\"wp-block-endeavour-wp-blocks-custom-spacer custom-spacer\"><div style=\"height:1rem\" class=\"custom-spacer__mobile\"><\/div><div style=\"height:1rem\" class=\"custom-spacer__desktop\"><\/div><\/div>\n\n\n\n<section class=\"wp-block-endeavour-wp-blocks-image-with-content image-with-content\"><div class=\"image-with-content__outer \n            content-wrapper-common \n            \n            \"><div class=\"image-with-content__image-wrapper\"><img decoding=\"async\" class=\"image-with-content__image\" src=\"https:\/\/hildering.prod.pwstaging.tech\/app\/uploads\/sites\/2\/2026\/01\/Crown-in-stores.png\"\/><\/div><div class=\"image-with-content__content-wrapper\"><div class=\"wp-block-endeavour-wp-blocks-image-with-content image-with-content__inner\">\n<p>Als Vertriebspartner verkaufen und beliefern Sie professionelle Maler (gewerblich und\/oder privat). Arbeiten Sie mit uns zusammen und profitieren Sie von:<\/p>\n\n\n\n<ul class=\"wp-block-list\">\n<li>Qualit\u00e4tsmarke; Ihr Sortiment auf h\u00f6herem Niveau<\/li>\n\n\n\n<li>Innovativen Produkten (schneller, besser, sauberer)<\/li>\n\n\n\n<li>Niedriger Mindestbestellmenge (ab 1 Palette)<\/li>\n\n\n\n<li>Unterst\u00fctzung bei der Marketingkommunikation<\/li>\n<\/ul>\n<\/div><\/div><\/div><\/section>\n\n\n\n<section class=\"wp-block-endeavour-wp-blocks-content-container content-container\"><div class=\"wp-block-endeavour-wp-blocks-content-container content-container__inner  content-wrapper-common\">\n<div class=\"wp-block-endeavour-wp-blocks-custom-spacer custom-spacer\"><div style=\"height:1rem\" class=\"custom-spacer__mobile\"><\/div><div style=\"height:1rem\" class=\"custom-spacer__desktop\"><\/div><\/div>\n<\/div><\/section>\n\n\n\n<h2 class=\"wp-block-heading\">Ihre eigene Marke auf unseren Produkten<\/h2>\n\n\n\n<div class=\"wp-block-endeavour-wp-blocks-custom-spacer custom-spacer\"><div style=\"height:1rem\" class=\"custom-spacer__mobile\"><\/div><div style=\"height:1rem\" class=\"custom-spacer__desktop\"><\/div><\/div>\n\n\n\n<section class=\"wp-block-endeavour-wp-blocks-image-with-content image-with-content\"><div class=\"image-with-content__outer \n            content-wrapper-common \n            image-with-content__outer--reverse\n            \"><div class=\"image-with-content__image-wrapper\"><img decoding=\"async\" class=\"image-with-content__image\" src=\"https:\/\/hildering.prod.pwstaging.tech\/app\/uploads\/sites\/2\/2025\/07\/verfemmer-8-ltr.png\"\/><\/div><div class=\"image-with-content__content-wrapper\"><div class=\"wp-block-endeavour-wp-blocks-image-with-content image-with-content__inner\">\n<p>Suchen Sie nach einer cleveren M\u00f6glichkeit, Ihr Produktsortiment zu erweitern? F\u00fcr Unternehmen mit einer eigenen Marke bieten wir auch Private-Labeling-Optionen an.<\/p>\n\n\n\n<ul class=\"wp-block-list\">\n<li>Hochwertige Produkte mit Ihrer Marke<\/li>\n\n\n\n<li>Keine Investitionen in Forschung und Entwicklung, Produkte bereits von uns bei Endverbrauchern getestet<\/li>\n\n\n\n<li>Geringes Risiko bei Produktionsmengen<\/li>\n\n\n\n<li>M\u00f6glichkeit, unser Designstudio mit Druck- und Etikettierungsdienstleistungen zu nutzen<\/li>\n<\/ul>\n<\/div><\/div><\/div><\/section>\n\n\n\n<section class=\"wp-block-endeavour-wp-blocks-content-container content-container\"><div class=\"wp-block-endeavour-wp-blocks-content-container content-container__inner  content-wrapper-common\">\n<div class=\"wp-block-endeavour-wp-blocks-custom-spacer custom-spacer\"><div style=\"height:1rem\" class=\"custom-spacer__mobile\"><\/div><div style=\"height:1rem\" class=\"custom-spacer__desktop\"><\/div><\/div>\n<\/div><\/section>\n\n\n\n<h2 class=\"wp-block-heading\">Partner im Bildungsbereich<\/h2>\n\n\n\n<div class=\"wp-block-endeavour-wp-blocks-custom-spacer custom-spacer\"><div style=\"height:1rem\" class=\"custom-spacer__mobile\"><\/div><div style=\"height:1rem\" class=\"custom-spacer__desktop\"><\/div><\/div>\n\n\n\n<section class=\"wp-block-endeavour-wp-blocks-image-with-content image-with-content\"><div class=\"image-with-content__outer \n            content-wrapper-common \n            \n            \"><div class=\"image-with-content__image-wrapper\"><img decoding=\"async\" class=\"image-with-content__image\" src=\"https:\/\/hildering.prod.pwstaging.tech\/app\/uploads\/sites\/2\/2025\/04\/liners-bucket-18-2-scaled.jpg\"\/><\/div><div class=\"image-with-content__content-wrapper\"><div class=\"wp-block-endeavour-wp-blocks-image-with-content image-with-content__inner\">\n<p>Wenn Sie Mentor, Lehrer oder Coach sind und die Kenntnisse und F\u00e4higkeiten Ihrer Sch\u00fcler im Bereich Malerei f\u00f6rdern m\u00f6chten, k\u00f6nnen wir Ihnen unter anderem mit folgenden Angeboten helfen:<\/p>\n\n\n\n<ul class=\"wp-block-list\">\n<li>Produktwissen und \u201eHow-to\u201c-Materialien<\/li>\n\n\n\n<li>Tools f\u00fcr das Kompetenztraining (nach Absprache)<\/li>\n\n\n\n<li>(Video-)Pr\u00e4sentationen<\/li>\n<\/ul>\n<\/div><\/div><\/div><\/section>\n\n\n\n<section class=\"wp-block-endeavour-wp-blocks-content-container content-container\"><div class=\"wp-block-endeavour-wp-blocks-content-container content-container__inner  content-wrapper-common\">\n<div class=\"wp-block-endeavour-wp-blocks-custom-spacer custom-spacer\"><div style=\"height:1rem\" class=\"custom-spacer__mobile\"><\/div><div style=\"height:1rem\" class=\"custom-spacer__desktop\"><\/div><\/div>\n<\/div><\/section>\n\n\n\n<h2 class=\"wp-block-heading\">Botschafter<\/h2>\n\n\n\n<div class=\"wp-block-endeavour-wp-blocks-custom-spacer custom-spacer\"><div style=\"height:1rem\" class=\"custom-spacer__mobile\"><\/div><div style=\"height:1rem\" class=\"custom-spacer__desktop\"><\/div><\/div>\n\n\n\n<section class=\"wp-block-endeavour-wp-blocks-image-with-content image-with-content\"><div class=\"image-with-content__outer \n            content-wrapper-common \n            image-with-content__outer--reverse\n            \"><div class=\"image-with-content__image-wrapper\"><img decoding=\"async\" class=\"image-with-content__image\" src=\"https:\/\/hildering.prod.pwstaging.tech\/app\/uploads\/sites\/2\/2025\/12\/home-header-image-Roll-and-Go-S-1.png\"\/><\/div><div class=\"image-with-content__content-wrapper\"><div class=\"wp-block-endeavour-wp-blocks-image-with-content image-with-content__inner\">\n<p>Sie verwenden bereits unsere Produkte und haben selbst erlebt, wie sie Ihnen helfen, schneller, besser und sauberer zu arbeiten. Jetzt m\u00f6chten Sie mehr erfahren, damit Sie noch bessere Ergebnisse erzielen k\u00f6nnen. Als Botschafter:<\/p>\n\n\n\n<ul class=\"wp-block-list\">\n<li>Haben Sie die M\u00f6glichkeit, neue Produkte zu testen<\/li>\n\n\n\n<li>Werden Sie als Erster \u00fcber Innovationen informiert <\/li>\n\n\n\n<li>Haben Sie Zugang zu einer Community anderer professioneller Maler<\/li>\n\n\n\n<li>K\u00f6nnen Sie Marketingunterst\u00fctzung, erhalten um das Wachstum Ihres Unternehmens zu f\u00f6rdern<\/li>\n<\/ul>\n<\/div><\/div><\/div><\/section>\n<\/div><\/section>\n\n\n\n<div class=\"wp-block-endeavour-wp-blocks-custom-spacer custom-spacer\"><div style=\"height:1rem\" class=\"custom-spacer__mobile\"><\/div><div style=\"height:1rem\" class=\"custom-spacer__desktop\"><\/div><\/div>\n\n\n\n<section class=\"wp-block-endeavour-wp-blocks-content-container content-container\"><div class=\"wp-block-endeavour-wp-blocks-content-container content-container__inner  content-wrapper-small\">\n<h2 class=\"wp-block-heading\">Sind Sie interessiert?<\/h2>\n\n\n\n<div class=\"wp-block-endeavour-wp-blocks-custom-spacer custom-spacer\"><div style=\"height:1rem\" class=\"custom-spacer__mobile\"><\/div><div style=\"height:1rem\" class=\"custom-spacer__desktop\"><\/div><\/div>\n\n\n\n<p>Kontaktieren Sie uns noch heute \u00fcber das untenstehende Formular. Wir besprechen gerne die M\u00f6glichkeiten mit Ihnen!<\/p>\n<\/div><\/section>\n","protected":false},"excerpt":{"rendered":"","protected":false},"author":1,"featured_media":37202,"parent":0,"menu_order":5,"comment_status":"closed","ping_status":"closed","template":"","meta":{"footnotes":""},"class_list":["post-18420","page","type-page","status-publish","has-post-thumbnail","hentry"],"yoast_head":"<!-- This site is optimized with the Yoast SEO plugin v26.9 - https:\/\/yoast.com\/product\/yoast-seo-wordpress\/ -->\n<title>Go!Paint | Partner werden als Vertriebspartner oder Botschafter<\/title>\n<meta name=\"description\" content=\"Als H\u00e4ndler k\u00f6nnen Sie unsere Produkte verkaufen und an professionelle Maler liefern. Verwenden Sie unsere Produkte selbst? Auch dann gibt es M\u00f6glichkeiten zur Zusammenarbeit.\" \/>\n<meta name=\"robots\" content=\"index, follow, max-snippet:-1, max-image-preview:large, max-video-preview:-1\" \/>\n<link rel=\"canonical\" href=\"https:\/\/go-paint.com\/de\/partner-werden\/\" \/>\n<meta property=\"og:locale\" content=\"de_DE\" \/>\n<meta property=\"og:type\" content=\"article\" \/>\n<meta property=\"og:title\" content=\"Go!Paint | Partner werden als Vertriebspartner oder Botschafter\" \/>\n<meta property=\"og:description\" content=\"Als H\u00e4ndler k\u00f6nnen Sie unsere Produkte verkaufen und an professionelle Maler liefern. Verwenden Sie unsere Produkte selbst? Auch dann gibt es M\u00f6glichkeiten zur Zusammenarbeit.\" \/>\n<meta property=\"og:url\" content=\"https:\/\/go-paint.com\/de\/partner-werden\/\" \/>\n<meta property=\"og:site_name\" content=\"GO Paint\" \/>\n<meta property=\"article:modified_time\" content=\"2026-03-17T19:49:08+00:00\" \/>\n<meta property=\"og:image\" content=\"https:\/\/hildering.prod.pwstaging.tech\/app\/uploads\/sites\/2\/2025\/11\/roll-and-go-bucket-25-gallery-1-8c9308c1-8dac-428e-9187-f917d7572511.png\" \/>\n\t<meta property=\"og:image:width\" content=\"700\" \/>\n\t<meta property=\"og:image:height\" content=\"467\" \/>\n\t<meta property=\"og:image:type\" content=\"image\/png\" \/>\n<meta name=\"twitter:card\" content=\"summary_large_image\" \/>\n<meta name=\"twitter:label1\" content=\"Est. reading time\" \/>\n\t<meta name=\"twitter:data1\" content=\"3 minutes\" \/>\n<script type=\"application\/ld+json\" class=\"yoast-schema-graph\">{\"@context\":\"https:\/\/schema.org\",\"@graph\":[{\"@type\":\"WebPage\",\"@id\":\"https:\/\/go-paint.com\/de\/partner-werden\/\",\"url\":\"https:\/\/go-paint.com\/de\/partner-werden\/\",\"name\":\"Go!Paint | Partner werden als Vertriebspartner oder Botschafter\",\"isPartOf\":{\"@id\":\"https:\/\/go-paint.com\/de\/#website\"},\"primaryImageOfPage\":{\"@id\":\"https:\/\/go-paint.com\/de\/partner-werden\/#primaryimage\"},\"image\":{\"@id\":\"https:\/\/go-paint.com\/de\/partner-werden\/#primaryimage\"},\"thumbnailUrl\":\"https:\/\/hildering.prod.pwstaging.tech\/app\/uploads\/sites\/2\/2025\/11\/roll-and-go-bucket-25-gallery-1-8c9308c1-8dac-428e-9187-f917d7572511.png\",\"datePublished\":\"2024-12-04T12:32:11+00:00\",\"dateModified\":\"2026-03-17T19:49:08+00:00\",\"description\":\"Als H\u00e4ndler k\u00f6nnen Sie unsere Produkte verkaufen und an professionelle Maler liefern. Verwenden Sie unsere Produkte selbst? Auch dann gibt es M\u00f6glichkeiten zur Zusammenarbeit.\",\"breadcrumb\":{\"@id\":\"https:\/\/go-paint.com\/de\/partner-werden\/#breadcrumb\"},\"inLanguage\":\"de-DE\",\"potentialAction\":[{\"@type\":\"ReadAction\",\"target\":[\"https:\/\/go-paint.com\/de\/partner-werden\/\"]}]},{\"@type\":\"ImageObject\",\"inLanguage\":\"de-DE\",\"@id\":\"https:\/\/go-paint.com\/de\/partner-werden\/#primaryimage\",\"url\":\"https:\/\/hildering.prod.pwstaging.tech\/app\/uploads\/sites\/2\/2025\/11\/roll-and-go-bucket-25-gallery-1-8c9308c1-8dac-428e-9187-f917d7572511.png\",\"contentUrl\":\"https:\/\/hildering.prod.pwstaging.tech\/app\/uploads\/sites\/2\/2025\/11\/roll-and-go-bucket-25-gallery-1-8c9308c1-8dac-428e-9187-f917d7572511.png\",\"width\":700,\"height\":467,\"caption\":\"Bucket 25\"},{\"@type\":\"BreadcrumbList\",\"@id\":\"https:\/\/go-paint.com\/de\/partner-werden\/#breadcrumb\",\"itemListElement\":[{\"@type\":\"ListItem\",\"position\":1,\"name\":\"Home\",\"item\":\"https:\/\/go-paint.com\/de\/\"},{\"@type\":\"ListItem\",\"position\":2,\"name\":\"Partner werden?\"}]},{\"@type\":\"WebSite\",\"@id\":\"https:\/\/go-paint.com\/de\/#website\",\"url\":\"https:\/\/go-paint.com\/de\/\",\"name\":\"Go Paint\",\"description\":\"\",\"potentialAction\":[{\"@type\":\"SearchAction\",\"target\":{\"@type\":\"EntryPoint\",\"urlTemplate\":\"https:\/\/go-paint.com\/de\/?s={search_term_string}\"},\"query-input\":{\"@type\":\"PropertyValueSpecification\",\"valueRequired\":true,\"valueName\":\"search_term_string\"}}],\"inLanguage\":\"de-DE\"}]}<\/script>\n<!-- \/ Yoast SEO plugin. -->","yoast_head_json":{"title":"Go!Paint | Partner werden als Vertriebspartner oder Botschafter","description":"Als H\u00e4ndler k\u00f6nnen Sie unsere Produkte verkaufen und an professionelle Maler liefern. Verwenden Sie unsere Produkte selbst? Auch dann gibt es M\u00f6glichkeiten zur Zusammenarbeit.","robots":{"index":"index","follow":"follow","max-snippet":"max-snippet:-1","max-image-preview":"max-image-preview:large","max-video-preview":"max-video-preview:-1"},"canonical":"https:\/\/go-paint.com\/de\/partner-werden\/","og_locale":"de_DE","og_type":"article","og_title":"Go!Paint | Partner werden als Vertriebspartner oder Botschafter","og_description":"Als H\u00e4ndler k\u00f6nnen Sie unsere Produkte verkaufen und an professionelle Maler liefern. Verwenden Sie unsere Produkte selbst? Auch dann gibt es M\u00f6glichkeiten zur Zusammenarbeit.","og_url":"https:\/\/go-paint.com\/de\/partner-werden\/","og_site_name":"GO Paint","article_modified_time":"2026-03-17T19:49:08+00:00","og_image":[{"width":700,"height":467,"url":"https:\/\/hildering.prod.pwstaging.tech\/app\/uploads\/sites\/2\/2025\/11\/roll-and-go-bucket-25-gallery-1-8c9308c1-8dac-428e-9187-f917d7572511.png","type":"image\/png"}],"twitter_card":"summary_large_image","twitter_misc":{"Est. reading time":"3 minutes"},"schema":{"@context":"https:\/\/schema.org","@graph":[{"@type":"WebPage","@id":"https:\/\/go-paint.com\/de\/partner-werden\/","url":"https:\/\/go-paint.com\/de\/partner-werden\/","name":"Go!Paint | Partner werden als Vertriebspartner oder Botschafter","isPartOf":{"@id":"https:\/\/go-paint.com\/de\/#website"},"primaryImageOfPage":{"@id":"https:\/\/go-paint.com\/de\/partner-werden\/#primaryimage"},"image":{"@id":"https:\/\/go-paint.com\/de\/partner-werden\/#primaryimage"},"thumbnailUrl":"https:\/\/hildering.prod.pwstaging.tech\/app\/uploads\/sites\/2\/2025\/11\/roll-and-go-bucket-25-gallery-1-8c9308c1-8dac-428e-9187-f917d7572511.png","datePublished":"2024-12-04T12:32:11+00:00","dateModified":"2026-03-17T19:49:08+00:00","description":"Als H\u00e4ndler k\u00f6nnen Sie unsere Produkte verkaufen und an professionelle Maler liefern. Verwenden Sie unsere Produkte selbst? Auch dann gibt es M\u00f6glichkeiten zur Zusammenarbeit.","breadcrumb":{"@id":"https:\/\/go-paint.com\/de\/partner-werden\/#breadcrumb"},"inLanguage":"de-DE","potentialAction":[{"@type":"ReadAction","target":["https:\/\/go-paint.com\/de\/partner-werden\/"]}]},{"@type":"ImageObject","inLanguage":"de-DE","@id":"https:\/\/go-paint.com\/de\/partner-werden\/#primaryimage","url":"https:\/\/hildering.prod.pwstaging.tech\/app\/uploads\/sites\/2\/2025\/11\/roll-and-go-bucket-25-gallery-1-8c9308c1-8dac-428e-9187-f917d7572511.png","contentUrl":"https:\/\/hildering.prod.pwstaging.tech\/app\/uploads\/sites\/2\/2025\/11\/roll-and-go-bucket-25-gallery-1-8c9308c1-8dac-428e-9187-f917d7572511.png","width":700,"height":467,"caption":"Bucket 25"},{"@type":"BreadcrumbList","@id":"https:\/\/go-paint.com\/de\/partner-werden\/#breadcrumb","itemListElement":[{"@type":"ListItem","position":1,"name":"Home","item":"https:\/\/go-paint.com\/de\/"},{"@type":"ListItem","position":2,"name":"Partner werden?"}]},{"@type":"WebSite","@id":"https:\/\/go-paint.com\/de\/#website","url":"https:\/\/go-paint.com\/de\/","name":"Go Paint","description":"","potentialAction":[{"@type":"SearchAction","target":{"@type":"EntryPoint","urlTemplate":"https:\/\/go-paint.com\/de\/?s={search_term_string}"},"query-input":{"@type":"PropertyValueSpecification","valueRequired":true,"valueName":"search_term_string"}}],"inLanguage":"de-DE"}]}},"_links":{"self":[{"href":"https:\/\/go-paint.com\/de\/wp-json\/wp\/v2\/pages\/18420","targetHints":{"allow":["GET"]}}],"collection":[{"href":"https:\/\/go-paint.com\/de\/wp-json\/wp\/v2\/pages"}],"about":[{"href":"https:\/\/go-paint.com\/de\/wp-json\/wp\/v2\/types\/page"}],"author":[{"embeddable":true,"href":"https:\/\/go-paint.com\/de\/wp-json\/wp\/v2\/users\/1"}],"replies":[{"embeddable":true,"href":"https:\/\/go-paint.com\/de\/wp-json\/wp\/v2\/comments?post=18420"}],"version-history":[{"count":6,"href":"https:\/\/go-paint.com\/de\/wp-json\/wp\/v2\/pages\/18420\/revisions"}],"predecessor-version":[{"id":86397,"href":"https:\/\/go-paint.com\/de\/wp-json\/wp\/v2\/pages\/18420\/revisions\/86397"}],"wp:featuredmedia":[{"embeddable":true,"href":"https:\/\/go-paint.com\/de\/wp-json\/wp\/v2\/media\/37202"}],"wp:attachment":[{"href":"https:\/\/go-paint.com\/de\/wp-json\/wp\/v2\/media?parent=18420"}],"curies":[{"name":"wp","href":"https:\/\/api.w.org\/{rel}","templated":true}]}}