{"id":46457,"date":"2025-04-10T10:36:34","date_gmt":"2025-04-10T10:36:34","guid":{"rendered":"https:\/\/go-paint.com\/disclaimer\/"},"modified":"2026-03-12T11:39:52","modified_gmt":"2026-03-12T11:39:52","slug":"disclaimer","status":"publish","type":"page","link":"https:\/\/go-paint.com\/de\/disclaimer\/","title":{"rendered":"Disclaimer"},"content":{"rendered":"\n<section class=\"wp-block-endeavour-wp-blocks-main-banner main-banner\"><div class=\"main-banner__outer main-banner__outer--small-size content-wrapper-max\"><div class=\"main-banner__image-wrapper\"><img decoding=\"async\" class=\"main-banner__image\" src=\"https:\/\/hildering.prod.pwstaging.tech\/app\/uploads\/sites\/2\/2025\/12\/home-header-image-Roll-and-Go-S-1.png\" alt=\"Banner Image\"\/><\/div><div class=\"main-banner__image-mobile-wrapper\"><img decoding=\"async\" class=\"main-banner__image-mobile\" src=\"https:\/\/hildering.prod.pwstaging.tech\/app\/uploads\/sites\/2\/2025\/12\/home-header-image-Roll-and-Go-S-1.png\" alt=\"Banner Image\"\/><\/div><div class=\"wp-block-endeavour-wp-blocks-main-banner main-banner__inner content-wrapper-common\">\n<p class=\"has-large-font-size\">Disclaimer<\/p>\n<\/div><\/div><\/section>\n\n\n\n<div class=\"wp-block-endeavour-wp-blocks-custom-spacer custom-spacer\"><div style=\"height:4rem\" class=\"custom-spacer__mobile\"><\/div><div style=\"height:4rem\" class=\"custom-spacer__desktop\"><\/div><\/div>\n\n\n\n<section class=\"wp-block-endeavour-wp-blocks-content-container content-container\"><div class=\"wp-block-endeavour-wp-blocks-content-container content-container__inner  content-wrapper-common\">\n<p class=\"has-medium-font-size\">Die Informationen auf dieser Website wurden mit gr\u00f6\u00dftm\u00f6glicher Sorgfalt zusammengestellt. Dennoch kann Go!Paint nicht f\u00fcr eventuelle Fehler haftbar gemacht werden, und aus dem Inhalt dieser Website k\u00f6nnen keinerlei Rechte abgeleitet werden. Diese Website wurde von Go!Paint in den Niederlanden erstellt und wird von Go!Paint betrieben. F\u00fcr unsere Dienstleistungen und den Inhalt dieses Textes gilt niederl\u00e4ndisches Recht.<\/p>\n\n\n\n<div class=\"wp-block-endeavour-wp-blocks-custom-spacer custom-spacer\"><div style=\"height:1rem\" class=\"custom-spacer__mobile\"><\/div><div style=\"height:1rem\" class=\"custom-spacer__desktop\"><\/div><\/div>\n<\/div><\/section>\n\n\n\n<section class=\"wp-block-endeavour-wp-blocks-content-container content-container\"><div class=\"wp-block-endeavour-wp-blocks-content-container content-container__inner  content-wrapper-common\">\n<h2 class=\"wp-block-heading\">Copyright<\/h2>\n\n\n\n<div class=\"wp-block-endeavour-wp-blocks-custom-spacer custom-spacer\"><div style=\"height:1rem\" class=\"custom-spacer__mobile\"><\/div><div style=\"height:1rem\" class=\"custom-spacer__desktop\"><\/div><\/div>\n\n\n\n<p>Alle Inhalte dieser Seiten, wie Texte, grafische Elemente, Logos, Schaltfl\u00e4chen, Audioclips und Software, sind Eigentum von Go!Paint oder seinen Lizenzgebern und unterliegen dem niederl\u00e4ndischen und internationalen Urheberrecht.<br>Die Zusammenstellung (d. h. die Zusammensetzung, der Inhalt und die Struktur) der Inhalte dieser Website ist urheberrechtlich gesch\u00fctzt. Nichts aus dieser Zusammenstellung darf ohne vorherige schriftliche Genehmigung von Go!Paint in IJmuiden (Niederlande) durch Druck, Fotokopie, Mikrofilm oder auf andere Weise vervielf\u00e4ltigt und\/oder ver\u00f6ffentlicht werden.<\/p>\n<\/div><\/section>\n","protected":false},"excerpt":{"rendered":"","protected":false},"author":3,"featured_media":37205,"parent":0,"menu_order":11,"comment_status":"closed","ping_status":"closed","template":"","meta":{"footnotes":""},"class_list":["post-46457","page","type-page","status-publish","has-post-thumbnail","hentry"],"yoast_head":"<!-- This site is optimized with the Yoast SEO plugin v26.9 - https:\/\/yoast.com\/product\/yoast-seo-wordpress\/ -->\n<title>Disclaimer - GO Paint<\/title>\n<meta name=\"robots\" content=\"noindex, nofollow\" \/>\n<meta property=\"og:locale\" content=\"de_DE\" \/>\n<meta property=\"og:type\" content=\"article\" \/>\n<meta property=\"og:title\" content=\"Disclaimer - GO Paint\" \/>\n<meta property=\"og:url\" content=\"https:\/\/go-paint.com\/de\/disclaimer\/\" \/>\n<meta property=\"og:site_name\" content=\"GO Paint\" \/>\n<meta property=\"article:modified_time\" content=\"2026-03-12T11:39:52+00:00\" \/>\n<meta property=\"og:image\" content=\"https:\/\/hildering.prod.pwstaging.tech\/app\/uploads\/sites\/2\/2025\/11\/roll-and-go-bucket-25-gallery-2-49bbe9a6-d034-4acd-9ded-f063b1549949.png\" \/>\n\t<meta property=\"og:image:width\" content=\"700\" \/>\n\t<meta property=\"og:image:height\" content=\"452\" \/>\n\t<meta property=\"og:image:type\" content=\"image\/png\" \/>\n<meta name=\"twitter:card\" content=\"summary_large_image\" \/>\n<meta name=\"twitter:label1\" content=\"Est. reading time\" \/>\n\t<meta name=\"twitter:data1\" content=\"2 minutes\" \/>\n<script type=\"application\/ld+json\" class=\"yoast-schema-graph\">{\"@context\":\"https:\/\/schema.org\",\"@graph\":[{\"@type\":\"WebPage\",\"@id\":\"https:\/\/go-paint.com\/de\/disclaimer\/\",\"url\":\"https:\/\/go-paint.com\/de\/disclaimer\/\",\"name\":\"Disclaimer - GO Paint\",\"isPartOf\":{\"@id\":\"https:\/\/go-paint.com\/de\/#website\"},\"primaryImageOfPage\":{\"@id\":\"https:\/\/go-paint.com\/de\/disclaimer\/#primaryimage\"},\"image\":{\"@id\":\"https:\/\/go-paint.com\/de\/disclaimer\/#primaryimage\"},\"thumbnailUrl\":\"https:\/\/hildering.prod.pwstaging.tech\/app\/uploads\/sites\/2\/2025\/11\/roll-and-go-bucket-25-gallery-2-49bbe9a6-d034-4acd-9ded-f063b1549949.png\",\"datePublished\":\"2025-04-10T10:36:34+00:00\",\"dateModified\":\"2026-03-12T11:39:52+00:00\",\"breadcrumb\":{\"@id\":\"https:\/\/go-paint.com\/de\/disclaimer\/#breadcrumb\"},\"inLanguage\":\"de-DE\",\"potentialAction\":[{\"@type\":\"ReadAction\",\"target\":[\"https:\/\/go-paint.com\/de\/disclaimer\/\"]}]},{\"@type\":\"ImageObject\",\"inLanguage\":\"de-DE\",\"@id\":\"https:\/\/go-paint.com\/de\/disclaimer\/#primaryimage\",\"url\":\"https:\/\/hildering.prod.pwstaging.tech\/app\/uploads\/sites\/2\/2025\/11\/roll-and-go-bucket-25-gallery-2-49bbe9a6-d034-4acd-9ded-f063b1549949.png\",\"contentUrl\":\"https:\/\/hildering.prod.pwstaging.tech\/app\/uploads\/sites\/2\/2025\/11\/roll-and-go-bucket-25-gallery-2-49bbe9a6-d034-4acd-9ded-f063b1549949.png\",\"width\":700,\"height\":452,\"caption\":\"bucket 25 staand\"},{\"@type\":\"BreadcrumbList\",\"@id\":\"https:\/\/go-paint.com\/de\/disclaimer\/#breadcrumb\",\"itemListElement\":[{\"@type\":\"ListItem\",\"position\":1,\"name\":\"Home\",\"item\":\"https:\/\/go-paint.com\/de\/\"},{\"@type\":\"ListItem\",\"position\":2,\"name\":\"Disclaimer\"}]},{\"@type\":\"WebSite\",\"@id\":\"https:\/\/go-paint.com\/de\/#website\",\"url\":\"https:\/\/go-paint.com\/de\/\",\"name\":\"Go Paint\",\"description\":\"\",\"potentialAction\":[{\"@type\":\"SearchAction\",\"target\":{\"@type\":\"EntryPoint\",\"urlTemplate\":\"https:\/\/go-paint.com\/de\/?s={search_term_string}\"},\"query-input\":{\"@type\":\"PropertyValueSpecification\",\"valueRequired\":true,\"valueName\":\"search_term_string\"}}],\"inLanguage\":\"de-DE\"}]}<\/script>\n<!-- \/ Yoast SEO plugin. -->","yoast_head_json":{"title":"Disclaimer - GO Paint","robots":{"index":"noindex","follow":"nofollow"},"og_locale":"de_DE","og_type":"article","og_title":"Disclaimer - GO Paint","og_url":"https:\/\/go-paint.com\/de\/disclaimer\/","og_site_name":"GO Paint","article_modified_time":"2026-03-12T11:39:52+00:00","og_image":[{"width":700,"height":452,"url":"https:\/\/hildering.prod.pwstaging.tech\/app\/uploads\/sites\/2\/2025\/11\/roll-and-go-bucket-25-gallery-2-49bbe9a6-d034-4acd-9ded-f063b1549949.png","type":"image\/png"}],"twitter_card":"summary_large_image","twitter_misc":{"Est. reading time":"2 minutes"},"schema":{"@context":"https:\/\/schema.org","@graph":[{"@type":"WebPage","@id":"https:\/\/go-paint.com\/de\/disclaimer\/","url":"https:\/\/go-paint.com\/de\/disclaimer\/","name":"Disclaimer - GO Paint","isPartOf":{"@id":"https:\/\/go-paint.com\/de\/#website"},"primaryImageOfPage":{"@id":"https:\/\/go-paint.com\/de\/disclaimer\/#primaryimage"},"image":{"@id":"https:\/\/go-paint.com\/de\/disclaimer\/#primaryimage"},"thumbnailUrl":"https:\/\/hildering.prod.pwstaging.tech\/app\/uploads\/sites\/2\/2025\/11\/roll-and-go-bucket-25-gallery-2-49bbe9a6-d034-4acd-9ded-f063b1549949.png","datePublished":"2025-04-10T10:36:34+00:00","dateModified":"2026-03-12T11:39:52+00:00","breadcrumb":{"@id":"https:\/\/go-paint.com\/de\/disclaimer\/#breadcrumb"},"inLanguage":"de-DE","potentialAction":[{"@type":"ReadAction","target":["https:\/\/go-paint.com\/de\/disclaimer\/"]}]},{"@type":"ImageObject","inLanguage":"de-DE","@id":"https:\/\/go-paint.com\/de\/disclaimer\/#primaryimage","url":"https:\/\/hildering.prod.pwstaging.tech\/app\/uploads\/sites\/2\/2025\/11\/roll-and-go-bucket-25-gallery-2-49bbe9a6-d034-4acd-9ded-f063b1549949.png","contentUrl":"https:\/\/hildering.prod.pwstaging.tech\/app\/uploads\/sites\/2\/2025\/11\/roll-and-go-bucket-25-gallery-2-49bbe9a6-d034-4acd-9ded-f063b1549949.png","width":700,"height":452,"caption":"bucket 25 staand"},{"@type":"BreadcrumbList","@id":"https:\/\/go-paint.com\/de\/disclaimer\/#breadcrumb","itemListElement":[{"@type":"ListItem","position":1,"name":"Home","item":"https:\/\/go-paint.com\/de\/"},{"@type":"ListItem","position":2,"name":"Disclaimer"}]},{"@type":"WebSite","@id":"https:\/\/go-paint.com\/de\/#website","url":"https:\/\/go-paint.com\/de\/","name":"Go Paint","description":"","potentialAction":[{"@type":"SearchAction","target":{"@type":"EntryPoint","urlTemplate":"https:\/\/go-paint.com\/de\/?s={search_term_string}"},"query-input":{"@type":"PropertyValueSpecification","valueRequired":true,"valueName":"search_term_string"}}],"inLanguage":"de-DE"}]}},"_links":{"self":[{"href":"https:\/\/go-paint.com\/de\/wp-json\/wp\/v2\/pages\/46457","targetHints":{"allow":["GET"]}}],"collection":[{"href":"https:\/\/go-paint.com\/de\/wp-json\/wp\/v2\/pages"}],"about":[{"href":"https:\/\/go-paint.com\/de\/wp-json\/wp\/v2\/types\/page"}],"author":[{"embeddable":true,"href":"https:\/\/go-paint.com\/de\/wp-json\/wp\/v2\/users\/3"}],"replies":[{"embeddable":true,"href":"https:\/\/go-paint.com\/de\/wp-json\/wp\/v2\/comments?post=46457"}],"version-history":[{"count":1,"href":"https:\/\/go-paint.com\/de\/wp-json\/wp\/v2\/pages\/46457\/revisions"}],"predecessor-version":[{"id":84285,"href":"https:\/\/go-paint.com\/de\/wp-json\/wp\/v2\/pages\/46457\/revisions\/84285"}],"wp:featuredmedia":[{"embeddable":true,"href":"https:\/\/go-paint.com\/de\/wp-json\/wp\/v2\/media\/37205"}],"wp:attachment":[{"href":"https:\/\/go-paint.com\/de\/wp-json\/wp\/v2\/media?parent=46457"}],"curies":[{"name":"wp","href":"https:\/\/api.w.org\/{rel}","templated":true}]}}