{"id":46468,"date":"2025-04-10T10:32:37","date_gmt":"2025-04-10T10:32:37","guid":{"rendered":"https:\/\/go-paint.com\/privacy-statement\/"},"modified":"2026-03-13T10:16:48","modified_gmt":"2026-03-13T10:16:48","slug":"datenschutz","status":"publish","type":"page","link":"https:\/\/go-paint.com\/de\/datenschutz\/","title":{"rendered":"Datenschutz"},"content":{"rendered":"\n<section class=\"wp-block-endeavour-wp-blocks-main-banner main-banner\"><div class=\"main-banner__outer main-banner__outer--small-size content-wrapper-max\"><div class=\"main-banner__image-wrapper\"><img decoding=\"async\" class=\"main-banner__image\" src=\"https:\/\/hildering.prod.pwstaging.tech\/app\/uploads\/sites\/2\/2025\/12\/home-header-image-Roll-and-Go-S-1.png\" alt=\"Banner Image\"\/><\/div><div class=\"main-banner__image-mobile-wrapper\"><img decoding=\"async\" class=\"main-banner__image-mobile\" src=\"https:\/\/hildering.prod.pwstaging.tech\/app\/uploads\/sites\/2\/2025\/12\/home-header-image-Roll-and-Go-S-1.png\" alt=\"Banner Image\"\/><\/div><div class=\"wp-block-endeavour-wp-blocks-main-banner main-banner__inner content-wrapper-common\">\n<h2 class=\"wp-block-heading has-large-font-size\">Datenschutz<\/h2>\n<\/div><\/div><\/section>\n\n\n\n<div class=\"wp-block-endeavour-wp-blocks-custom-spacer custom-spacer\"><div style=\"height:4rem\" class=\"custom-spacer__mobile\"><\/div><div style=\"height:4rem\" class=\"custom-spacer__desktop\"><\/div><\/div>\n\n\n\n<section class=\"wp-block-endeavour-wp-blocks-content-container content-container\"><div class=\"wp-block-endeavour-wp-blocks-content-container content-container__inner  content-wrapper-common\">\n<p class=\"has-medium-font-size\">Wir m\u00f6chten jeden Tag aufs Neue das Vertrauen rechtfertigen, das Sie uns hinsichtlich des sorgf\u00e4ltigen Umgangs mit Ihren personenbezogenen Daten entgegenbringen. Wir arbeiten mit gut gesicherten Informationssystemen und klaren Datenschutzerkl\u00e4rungen. Das bedeutet, dass wir uns bei der Verarbeitung personenbezogener Daten an die gesetzlichen Bestimmungen halten und Sie \u00fcber die Erfassung und Verwendung von Daten durch uns informieren. Bei Bedarf passen wir diese an. Lesen Sie hier, wie wir mit Ihren personenbezogenen Daten umgehen.<\/p>\n\n\n\n<div class=\"wp-block-endeavour-wp-blocks-custom-spacer custom-spacer\"><div style=\"height:1rem\" class=\"custom-spacer__mobile\"><\/div><div style=\"height:1rem\" class=\"custom-spacer__desktop\"><\/div><\/div>\n<\/div><\/section>\n\n\n\n<section class=\"wp-block-endeavour-wp-blocks-content-container content-container\"><div class=\"wp-block-endeavour-wp-blocks-content-container content-container__inner  content-wrapper-common\">\n<h2 class=\"wp-block-heading\">Kontakt<\/h2>\n\n\n\n<div class=\"wp-block-endeavour-wp-blocks-custom-spacer custom-spacer\"><div style=\"height:1rem\" class=\"custom-spacer__mobile\"><\/div><div style=\"height:1rem\" class=\"custom-spacer__desktop\"><\/div><\/div>\n\n\n\n<p>Wir, Hildering Packaging BV und GoPaint BV, sind zusammen mit den verbundenen Unternehmen der Gruppe f\u00fcr die Verarbeitung Ihrer personenbezogenen Daten verantwortlich (Verantwortlicher im Sinne der EU-Datenschutzgrundverordnung).<\/p>\n\n\n\n<p>Go!Paint&nbsp; B.V.<\/p>\n\n\n\n<p>Zandvoortstraat 69<\/p>\n\n\n\n<p>1976 BN IJmuiden, Niederlande<\/p>\n\n\n\n<p>info@go-paint.com<\/p>\n\n\n\n<div class=\"wp-block-endeavour-wp-blocks-custom-spacer custom-spacer\"><div style=\"height:1rem\" class=\"custom-spacer__mobile\"><\/div><div style=\"height:1rem\" class=\"custom-spacer__desktop\"><\/div><\/div>\n\n\n\n<h3 class=\"wp-block-heading\">Von wem sammeln wir personenbezogene Daten?<\/h3>\n\n\n\n<div class=\"wp-block-endeavour-wp-blocks-custom-spacer custom-spacer\"><div style=\"height:1rem\" class=\"custom-spacer__mobile\"><\/div><div style=\"height:1rem\" class=\"custom-spacer__desktop\"><\/div><\/div>\n\n\n\n<p>Wir sammeln personenbezogene Daten von:<\/p>\n\n\n\n<p>Besuchern und Nutzern der Website, unseres Standes auf Messen und Veranstaltungen, unseres B\u00fcros oder (sozialer) Medien mit Zustimmung des Besuchers und Nutzers.<\/p>\n\n\n\n<p>Wenn Sie unsere Website besuchen, erfassen wir Informationen \u00fcber den Ger\u00e4tetyp, den Browser und die Art und Weise, wie Sie unsere Website nutzen. Diese Informationen helfen uns, die Website zu verbessern, um Ihnen die Nutzung zu erleichtern und Ihnen den bestm\u00f6glichen Service zu bieten.<\/p>\n\n\n\n<p>Wir verarbeiten personenbezogene Daten von Personen, die f\u00fcr Unternehmen t\u00e4tig sind, mit denen wir Gesch\u00e4fte t\u00e4tigen, (1) um Angebote f\u00fcr Dienstleistungen und andere Aktivit\u00e4ten zu unterbreiten und\/oder Informationen dar\u00fcber bereitzustellen, (2) um eine Gesch\u00e4ftsbeziehung zu pflegen und (3) um einen Auftragsvertrag abzuschlie\u00dfen und zu pflegen.<\/p>\n\n\n\n<div class=\"wp-block-endeavour-wp-blocks-custom-spacer custom-spacer\"><div style=\"height:1rem\" class=\"custom-spacer__mobile\"><\/div><div style=\"height:1rem\" class=\"custom-spacer__desktop\"><\/div><\/div>\n\n\n\n<h3 class=\"wp-block-heading\">Wir verarbeiten die Informationen mit Ihrer Zustimmung<\/h3>\n\n\n\n<div class=\"wp-block-endeavour-wp-blocks-custom-spacer custom-spacer\"><div style=\"height:1rem\" class=\"custom-spacer__mobile\"><\/div><div style=\"height:1rem\" class=\"custom-spacer__desktop\"><\/div><\/div>\n\n\n\n<p>Um den mit Ihnen vereinbarten Vertrag und\/oder die Nutzungsbedingungen ordnungsgem\u00e4\u00df ausf\u00fchren zu k\u00f6nnen.<\/p>\n\n\n\n<p>Im Rahmen eines berechtigten Interesses, um die Sicherheit unserer Mitarbeiter, Besucher, Betriebsmittel und Informationen zu gew\u00e4hrleisten und Beweismaterial sammeln zu k\u00f6nnen.<\/p>\n\n\n\n<p>Um einer gesetzlichen Verpflichtung nachzukommen;<\/p>\n\n\n\n<p>Aufgrund eines berechtigten Interesses, das mit den angegebenen Zwecken (warum wir personenbezogene Daten verarbeiten) im Einklang steht oder sich daraus ergibt. Dies tun wir auf der Grundlage einer sorgf\u00e4ltigen Pr\u00fcfung und Abw\u00e4gung der Interessen;<\/p>\n\n\n\n<p>Aufgrund Ihrer Zustimmung.<\/p>\n\n\n\n<div class=\"wp-block-endeavour-wp-blocks-custom-spacer custom-spacer\"><div style=\"height:1rem\" class=\"custom-spacer__mobile\"><\/div><div style=\"height:1rem\" class=\"custom-spacer__desktop\"><\/div><\/div>\n\n\n\n<h3 class=\"wp-block-heading\">Wann erfassen wir Ihre personenbezogenen Daten?<\/h3>\n\n\n\n<div class=\"wp-block-endeavour-wp-blocks-custom-spacer custom-spacer\"><div style=\"height:1rem\" class=\"custom-spacer__mobile\"><\/div><div style=\"height:1rem\" class=\"custom-spacer__desktop\"><\/div><\/div>\n\n\n\n<p>Wir erfassen Ihre personenbezogenen Daten beispielsweise, wenn Sie unsere Websites besuchen, Ihre Daten \u00fcber einen unserer Kan\u00e4le eingeben oder hinterlassen, sich auf andere Weise anmelden oder angemeldet werden, um unsere Dienste zu nutzen oder um Ihnen eine Dienstleistung zu erbringen.<\/p>\n\n\n\n<p>Und wenn wir diese nicht direkt von Ihnen erhalten haben, aus sozialen Medien, nur wenn wir einen berechtigten Grund zu der Annahme haben, dass Sie an unseren Dienstleistungen interessiert sein k\u00f6nnten. In diesem Fall werden wir Sie kontaktieren, um zu erfahren, ob Sie interessiert sind oder unsere Dienstleistungen auf andere Weise in Anspruch nehmen m\u00f6chten. Wenn Sie kein Interesse haben, k\u00f6nnen wir relevante Daten von Ihnen verarbeiten, um Ihrem Wunsch, nicht von uns kontaktiert zu werden, Rechnung zu tragen.<\/p>\n\n\n\n<p>Die Weitergabe personenbezogener Daten erfolgt auf der Grundlage eines berechtigten Interesses, einer Einwilligung, einer gesetzlichen Verpflichtung und\/oder zur Erf\u00fcllung des Vertrags.<\/p>\n\n\n\n<p>Ihre personenbezogenen Daten werden innerhalb Europas gespeichert.<\/p>\n\n\n\n<div class=\"wp-block-endeavour-wp-blocks-custom-spacer custom-spacer\"><div style=\"height:1rem\" class=\"custom-spacer__mobile\"><\/div><div style=\"height:1rem\" class=\"custom-spacer__desktop\"><\/div><\/div>\n\n\n\n<h3 class=\"wp-block-heading\">Ihre Rechte<\/h3>\n\n\n\n<div class=\"wp-block-endeavour-wp-blocks-custom-spacer custom-spacer\"><div style=\"height:1rem\" class=\"custom-spacer__mobile\"><\/div><div style=\"height:1rem\" class=\"custom-spacer__desktop\"><\/div><\/div>\n\n\n\n<p>Sie haben das Recht, einen Antrag zu stellen auf:<\/p>\n\n\n\n<ul class=\"wp-block-list\">\n<li>Einsicht in die personenbezogenen Daten, die wir von Ihnen verarbeiten;<\/li>\n\n\n\n<li>Berichtigung Ihrer personenbezogenen Daten;<\/li>\n\n\n\n<li>L\u00f6schung Ihrer personenbezogenen Daten oder Einschr\u00e4nkung der Verarbeitung: unter bestimmten Umst\u00e4nden, es sei denn, wir haben einen triftigen Grund, wie z. B. eine gesetzliche Verpflichtung, die personenbezogenen Daten zu verarbeiten oder nicht zu l\u00f6schen;<\/li>\n\n\n\n<li>Einschr\u00e4nkung oder Widerspruch gegen die Verarbeitung der personenbezogenen Daten;<\/li>\n\n\n\n<li>\u00dcbertragung Ihrer Daten;<\/li>\n\n\n\n<li>Im Falle Ihres Antrags m\u00fcssen wir zum Schutz der personenbezogenen Daten Ihre Identit\u00e4t feststellen k\u00f6nnen.<\/li>\n<\/ul>\n\n\n\n<p>Sie k\u00f6nnen uns unter info@go-paint.com kontaktieren.<\/p>\n\n\n\n<p>Wir verwenden keine automatisierte Entscheidungsfindung, die ausschlie\u00dflich auf automatisierter Verarbeitung basiert. Wir sind bestrebt, pers\u00f6nlich an allen Entscheidungen beteiligt zu sein, die wichtige Auswirkungen auf Sie haben. Sollten wir in Ausnahmef\u00e4llen Entscheidungen mit wichtigen Auswirkungen auf Sie auf der Grundlage eines vollst\u00e4ndig automatisierten Prozesses (d. h. ohne menschliches Eingreifen) treffen, werden wir dies nur tun, wenn dies gesetzlich zul\u00e4ssig ist und nachdem wir Sie dar\u00fcber informiert haben.<\/p>\n\n\n\n<div class=\"wp-block-endeavour-wp-blocks-custom-spacer custom-spacer\"><div style=\"height:1rem\" class=\"custom-spacer__mobile\"><\/div><div style=\"height:1rem\" class=\"custom-spacer__desktop\"><\/div><\/div>\n\n\n\n<h3 class=\"wp-block-heading\">Nachstehend finden Sie Informationen dar\u00fcber, wie Sie Ihre Einwilligung widerrufen k\u00f6nnen.<\/h3>\n\n\n\n<div class=\"wp-block-endeavour-wp-blocks-custom-spacer custom-spacer\"><div style=\"height:1rem\" class=\"custom-spacer__mobile\"><\/div><div style=\"height:1rem\" class=\"custom-spacer__desktop\"><\/div><\/div>\n\n\n\n<p>Wenn Sie sich f\u00fcr den Erhalt von Informationen zu Nachrichten, Veranstaltungen, Benachrichtigungen oder anderen Mitteilungen angemeldet haben, k\u00f6nnen Sie sich \u00fcber die Abmeldefunktion in der E-Mail, die Sie dazu erhalten, abmelden.<\/p>\n\n\n\n<p>\u00dcber Ihre Browsereinstellungen k\u00f6nnen Sie das Setzen von Cookies verhindern, aber Sie k\u00f6nnen Ihre Cookie-Einstellungen auch jederzeit \u00fcber die Browsereinstellungen \u00e4ndern oder von Ihrem Ger\u00e4t l\u00f6schen.<\/p>\n\n\n\n<p>Wenn Sie Daten \u00e4ndern oder l\u00f6schen m\u00f6chten, die Sie nicht selbst anpassen k\u00f6nnen, wenden Sie sich bitte an info@go-paint.com.<\/p>\n\n\n\n<div class=\"wp-block-endeavour-wp-blocks-custom-spacer custom-spacer\"><div style=\"height:1rem\" class=\"custom-spacer__mobile\"><\/div><div style=\"height:1rem\" class=\"custom-spacer__desktop\"><\/div><\/div>\n\n\n\n<h3 class=\"wp-block-heading\">Fragen, Anmerkungen, Beschwerden oder (vermutete) Datenlecks<\/h3>\n\n\n\n<div class=\"wp-block-endeavour-wp-blocks-custom-spacer custom-spacer\"><div style=\"height:1rem\" class=\"custom-spacer__mobile\"><\/div><div style=\"height:1rem\" class=\"custom-spacer__desktop\"><\/div><\/div>\n\n\n\n<p>Wenn Sie Fragen oder Anmerkungen haben, teilen Sie uns diese bitte \u00fcber info@go-paint.com mit.<\/p>\n\n\n\n<p>Wenn Sie Beschwerden haben, teilen Sie uns diese bitte mit, damit wir Ihnen weiterhelfen und gegebenenfalls unsere Dienstleistungen oder Arbeitsprozesse anpassen oder verbessern k\u00f6nnen.<\/p>\n\n\n\n<p>Wenn Sie Fragen, Anmerkungen oder Beschwerden zum Schutz Ihrer personenbezogenen Daten durch Go!Paint haben, k\u00f6nnen Sie sich unter info@go-paint.com an uns wenden.<\/p>\n\n\n\n<p>Wenn ein (vermuteter) Datenversto\u00df vorliegt, z. B. wenn Sie einen Verlust oder unbefugten Zugriff auf personenbezogene Daten vermuten, teilen Sie uns dies bitte umgehend mit. Wir bitten Sie, dies unter info@go-paint.com zu melden.<\/p>\n\n\n\n<div class=\"wp-block-endeavour-wp-blocks-custom-spacer custom-spacer\"><div style=\"height:1rem\" class=\"custom-spacer__mobile\"><\/div><div style=\"height:1rem\" class=\"custom-spacer__desktop\"><\/div><\/div>\n\n\n\n<h3 class=\"wp-block-heading\">Datensicherheit<\/h3>\n\n\n\n<div class=\"wp-block-endeavour-wp-blocks-custom-spacer custom-spacer\"><div style=\"height:1rem\" class=\"custom-spacer__mobile\"><\/div><div style=\"height:1rem\" class=\"custom-spacer__desktop\"><\/div><\/div>\n\n\n\n<p>Go!Paint unternimmt alles, um Ihre personenbezogenen Daten optimal zu sch\u00fctzen. Unsere organisatorischen und sicherheitstechnischen Ma\u00dfnahmen basieren auf unserer Informationssicherheitsrichtlinie. Unter Ber\u00fccksichtigung des neuesten Stands der Technik haben wir physische, administrative, organisatorische und technische Ma\u00dfnahmen getroffen, um Sch\u00e4den und unrechtm\u00e4\u00dfige Nutzung zu verhindern. Diese Ma\u00dfnahmen werden regelm\u00e4\u00dfig \u00fcberpr\u00fcft und bei Bedarf aktualisiert.<\/p>\n\n\n\n<p>Wenn und soweit Daten an Datenverarbeiter weitergegeben werden, die im Auftrag von Go!Paint Dienstleistungen erbringen oder Auftr\u00e4ge ausf\u00fchren, hat Go!Paint mit diesen vereinbart, dass sie die personenbezogenen Daten ebenfalls optimal sch\u00fctzen.<\/p>\n\n\n\n<p>Sie sollten sich bewusst sein, dass Sie selbst f\u00fcr die Sicherheit Ihrer Computerausr\u00fcstung und\/oder Ihres Telefons und Ihrer eigenen Internetverbindung verantwortlich sind und dass diese niemals zu 100 % sicher ist. Die \u00dcbermittlung personenbezogener Daten \u00fcber das Internet erfolgt daher auf eigenes Risiko.<\/p>\n\n\n\n<div class=\"wp-block-endeavour-wp-blocks-custom-spacer custom-spacer\"><div style=\"height:1rem\" class=\"custom-spacer__mobile\"><\/div><div style=\"height:1rem\" class=\"custom-spacer__desktop\"><\/div><\/div>\n\n\n\n<h3 class=\"wp-block-heading\">\u00c4nderungen<\/h3>\n\n\n\n<div class=\"wp-block-endeavour-wp-blocks-custom-spacer custom-spacer\"><div style=\"height:1rem\" class=\"custom-spacer__mobile\"><\/div><div style=\"height:1rem\" class=\"custom-spacer__desktop\"><\/div><\/div>\n\n\n\n<p>Go!Paint kann von Zeit zu Zeit aus verschiedenen Gr\u00fcnden \u00c4nderungen, Erg\u00e4nzungen oder Modifikationen an seiner Datenschutzerkl\u00e4rung vornehmen. Die aktuellste Datenschutzerkl\u00e4rung kann jederzeit auf der Website eingesehen werden. Wir empfehlen Ihnen, die Datenschutzerkl\u00e4rung regelm\u00e4\u00dfig zu lesen.<\/p>\n\n\n\n<div class=\"wp-block-endeavour-wp-blocks-custom-spacer custom-spacer\"><div style=\"height:1rem\" class=\"custom-spacer__mobile\"><\/div><div style=\"height:1rem\" class=\"custom-spacer__desktop\"><\/div><\/div>\n\n\n\n<h3 class=\"wp-block-heading\">Welche pers\u00f6nlichen Daten sammeln wir von Ihnen?<\/h3>\n\n\n\n<div class=\"wp-block-endeavour-wp-blocks-custom-spacer custom-spacer\"><div style=\"height:1rem\" class=\"custom-spacer__mobile\"><\/div><div style=\"height:1rem\" class=\"custom-spacer__desktop\"><\/div><\/div>\n\n\n\n<p>Im Allgemeinen kann unsere Website besucht werden, ohne dass Ihre pers\u00f6nlichen Daten an uns \u00fcbermittelt werden.<\/p>\n\n\n\n<p>Wir erfassen nicht identifizierbare Informationen \u00fcber die Nutzer der Website, wie beispielsweise Datum und Uhrzeit des Zugriffs, die Quelle, von der aus Sie direkt auf unsere Website weitergeleitet wurden, das von Ihnen verwendete Betriebssystem, die von Ihnen besuchten Teile der Website, die von Ihnen besuchten Seiten der Website, Informationen \u00fcber den von Ihnen verwendeten Ger\u00e4tetyp und das Material, das Sie von der Website senden oder herunterladen.<\/p>\n\n\n\n<p>Go!Paint verwendet Cookies und Webstatistiken. Damit m\u00f6chten wir herausfinden, wie Besucher unsere Website nutzen. Diese Informationen helfen uns, die Website zu verbessern. Ein Cookie ist eine Datei, die auf Ihrem Computer gespeichert wird. Bei einem erneuten Besuch unserer Website k\u00f6nnen diese Cookies erkannt werden. Weitere Informationen zu Cookies finden Sie in unserer Cookie-Richtlinie.<\/p>\n\n\n\n<p>Insbesondere erfassen wir Name und Anschrift, E-Mail-Adresse und andere Kontaktdaten oder Pr\u00e4ferenzen, die Sie selbst angegeben haben;<\/p>\n\n\n\n<p>Und f\u00fcr gesch\u00e4ftliche Zwecke: Position, Daten des Unternehmens, f\u00fcr das Sie arbeiten oder das Sie vertreten, Daten, um eine gute Beziehung zu Ihnen pflegen zu k\u00f6nnen, Daten f\u00fcr Veranstaltungen und Treffen.<\/p>\n\n\n\n<p>Sobald Sie uns Daten zur Verf\u00fcgung stellen, beispielsweise durch Ausf\u00fcllen eines Formulars, einer Offerte oder einer Antwort auf eine Nachricht, verarbeiten wir diese Daten gem\u00e4\u00df dieser Datenschutzerkl\u00e4rung.<\/p>\n\n\n\n<p>Wir bitten Sie, uns nur korrekte und relevante Informationen zur Verf\u00fcgung zu stellen.<\/p>\n\n\n\n<div class=\"wp-block-endeavour-wp-blocks-custom-spacer custom-spacer\"><div style=\"height:1rem\" class=\"custom-spacer__mobile\"><\/div><div style=\"height:1rem\" class=\"custom-spacer__desktop\"><\/div><\/div>\n\n\n\n<p>Wir erheben pers\u00f6nliche Daten von Ihnen, um:<\/p>\n\n\n\n<ul class=\"wp-block-list\">\n<li>den Vertrag mit Ihnen abzuschlie\u00dfen, zu pflegen und zu erf\u00fcllen;<\/li>\n\n\n\n<li>mit Ihnen zu kommunizieren;<\/li>\n\n\n\n<li>eine gute Gesch\u00e4ftsbeziehung mit Ihnen zu pflegen, Ihnen Angebote zu unterbreiten, Werbegeschenke zu \u00fcberreichen und\/oder Informationen \u00fcber die Dienstleistungen und sonstigen Aktivit\u00e4ten bereitzustellen;<\/li>\n\n\n\n<li>Rechnungen zu stellen;<\/li>\n\n\n\n<li>die Qualit\u00e4t unserer Daten zu gew\u00e4hrleisten;<\/li>\n\n\n\n<li>die Kreditw\u00fcrdigkeit zu bestimmen;<\/li>\n\n\n\n<li>zu Berichtszwecken (z. B. um der richtigen Person den richtigen Bericht zukommen zu lassen);<\/li>\n\n\n\n<li>Ihr Feedback oder Ihre Beschwerden zu bearbeiten oder darauf zu reagieren, um unsere Dienstleistungen und Ressourcen zu verbessern oder Ihnen einen besseren Service bieten zu k\u00f6nnen;<\/li>\n\n\n\n<li>unsere Dienstleistungen zu verbessern;<\/li>\n\n\n\n<li>Um auf Fragen, Tipps, Feedback, Angebotsanfragen oder W\u00fcnsche reagieren zu k\u00f6nnen, wenn Sie dazu ein Formular ausgef\u00fcllt oder Daten hinterlassen haben;<\/li>\n\n\n\n<li>Um Informationen \u00fcber unsere Dienstleistungen und sonstigen Aktivit\u00e4ten bereitstellen zu k\u00f6nnen und diese besser auf Ihre W\u00fcnsche und Qualit\u00e4ten abstimmen zu k\u00f6nnen.<\/li>\n<\/ul>\n\n\n\n<div class=\"wp-block-endeavour-wp-blocks-custom-spacer custom-spacer\"><div style=\"height:1rem\" class=\"custom-spacer__mobile\"><\/div><div style=\"height:1rem\" class=\"custom-spacer__desktop\"><\/div><\/div>\n\n\n\n<h3 class=\"wp-block-heading\">Wie lange speichern wir Ihre personenbezogenen Daten?<\/h3>\n\n\n\n<div class=\"wp-block-endeavour-wp-blocks-custom-spacer custom-spacer\"><div style=\"height:1rem\" class=\"custom-spacer__mobile\"><\/div><div style=\"height:1rem\" class=\"custom-spacer__desktop\"><\/div><\/div>\n\n\n\n<p>Die von uns angewandten Aufbewahrungsfristen h\u00e4ngen von der Relevanz der Daten f\u00fcr die Pflege oder Festlegung unserer Beziehung und den anderen oben genannten Zwecken, den geltenden gesetzlichen Aufbewahrungsfristen, m\u00f6glichen Anspruchsrisiken oder anderen Verpflichtungen ab, wobei davon ausgegangen wird, dass Ihre personenbezogenen Daten nicht l\u00e4nger als daf\u00fcr erforderlich gespeichert werden.<\/p>\n\n\n\n<p>F\u00fcr die oben genannten Zwecke betr\u00e4gt diese Frist in der Regel zwei, f\u00fcnf oder sieben Jahre.<\/p>\n\n\n\n<p>Das bedeutet: Wenn Sie noch kein Kunde sind, bis zwei Jahre nach dem letzten Kontakt. Wenn Sie Kunde waren, bis zwei Jahre nach Vertragsende.<\/p>\n\n\n\n<div class=\"wp-block-endeavour-wp-blocks-custom-spacer custom-spacer\"><div style=\"height:1rem\" class=\"custom-spacer__mobile\"><\/div><div style=\"height:1rem\" class=\"custom-spacer__desktop\"><\/div><\/div>\n\n\n\n<p>Version Januar 2026<\/p>\n<\/div><\/section>\n","protected":false},"excerpt":{"rendered":"","protected":false},"author":3,"featured_media":44539,"parent":0,"menu_order":10,"comment_status":"closed","ping_status":"closed","template":"","meta":{"footnotes":""},"class_list":["post-46468","page","type-page","status-publish","has-post-thumbnail","hentry"],"yoast_head":"<!-- This site is optimized with the Yoast SEO plugin v26.9 - https:\/\/yoast.com\/product\/yoast-seo-wordpress\/ -->\n<title>Datenschutz | Go!Paint<\/title>\n<meta name=\"robots\" content=\"noindex, nofollow\" \/>\n<meta property=\"og:locale\" content=\"de_DE\" \/>\n<meta property=\"og:type\" content=\"article\" \/>\n<meta property=\"og:title\" content=\"Datenschutz | Go!Paint\" \/>\n<meta property=\"og:url\" content=\"https:\/\/go-paint.com\/de\/datenschutz\/\" \/>\n<meta property=\"og:site_name\" content=\"GO Paint\" \/>\n<meta property=\"article:modified_time\" content=\"2026-03-13T10:16:48+00:00\" \/>\n<meta property=\"og:image\" content=\"https:\/\/hildering.prod.pwstaging.tech\/app\/uploads\/sites\/2\/2025\/12\/40220012-bucket-18-S1-scaled.jpg\" \/>\n\t<meta property=\"og:image:width\" content=\"2560\" \/>\n\t<meta property=\"og:image:height\" content=\"1707\" \/>\n\t<meta property=\"og:image:type\" content=\"image\/jpeg\" \/>\n<meta name=\"twitter:card\" content=\"summary_large_image\" \/>\n<meta name=\"twitter:label1\" content=\"Est. reading time\" \/>\n\t<meta name=\"twitter:data1\" content=\"8 minutes\" \/>\n<script type=\"application\/ld+json\" class=\"yoast-schema-graph\">{\"@context\":\"https:\/\/schema.org\",\"@graph\":[{\"@type\":\"WebPage\",\"@id\":\"https:\/\/go-paint.com\/de\/datenschutz\/\",\"url\":\"https:\/\/go-paint.com\/de\/datenschutz\/\",\"name\":\"Datenschutz | Go!Paint\",\"isPartOf\":{\"@id\":\"https:\/\/go-paint.com\/de\/#website\"},\"primaryImageOfPage\":{\"@id\":\"https:\/\/go-paint.com\/de\/datenschutz\/#primaryimage\"},\"image\":{\"@id\":\"https:\/\/go-paint.com\/de\/datenschutz\/#primaryimage\"},\"thumbnailUrl\":\"https:\/\/hildering.prod.pwstaging.tech\/app\/uploads\/sites\/2\/2025\/12\/40220012-bucket-18-S1-scaled.jpg\",\"datePublished\":\"2025-04-10T10:32:37+00:00\",\"dateModified\":\"2026-03-13T10:16:48+00:00\",\"breadcrumb\":{\"@id\":\"https:\/\/go-paint.com\/de\/datenschutz\/#breadcrumb\"},\"inLanguage\":\"de-DE\",\"potentialAction\":[{\"@type\":\"ReadAction\",\"target\":[\"https:\/\/go-paint.com\/de\/datenschutz\/\"]}]},{\"@type\":\"ImageObject\",\"inLanguage\":\"de-DE\",\"@id\":\"https:\/\/go-paint.com\/de\/datenschutz\/#primaryimage\",\"url\":\"https:\/\/hildering.prod.pwstaging.tech\/app\/uploads\/sites\/2\/2025\/12\/40220012-bucket-18-S1-scaled.jpg\",\"contentUrl\":\"https:\/\/hildering.prod.pwstaging.tech\/app\/uploads\/sites\/2\/2025\/12\/40220012-bucket-18-S1-scaled.jpg\",\"width\":2560,\"height\":1707,\"caption\":\"Bucket 18\"},{\"@type\":\"BreadcrumbList\",\"@id\":\"https:\/\/go-paint.com\/de\/datenschutz\/#breadcrumb\",\"itemListElement\":[{\"@type\":\"ListItem\",\"position\":1,\"name\":\"Home\",\"item\":\"https:\/\/go-paint.com\/de\/\"},{\"@type\":\"ListItem\",\"position\":2,\"name\":\"Datenschutz\"}]},{\"@type\":\"WebSite\",\"@id\":\"https:\/\/go-paint.com\/de\/#website\",\"url\":\"https:\/\/go-paint.com\/de\/\",\"name\":\"Go Paint\",\"description\":\"\",\"potentialAction\":[{\"@type\":\"SearchAction\",\"target\":{\"@type\":\"EntryPoint\",\"urlTemplate\":\"https:\/\/go-paint.com\/de\/?s={search_term_string}\"},\"query-input\":{\"@type\":\"PropertyValueSpecification\",\"valueRequired\":true,\"valueName\":\"search_term_string\"}}],\"inLanguage\":\"de-DE\"}]}<\/script>\n<!-- \/ Yoast SEO plugin. -->","yoast_head_json":{"title":"Datenschutz | Go!Paint","robots":{"index":"noindex","follow":"nofollow"},"og_locale":"de_DE","og_type":"article","og_title":"Datenschutz | Go!Paint","og_url":"https:\/\/go-paint.com\/de\/datenschutz\/","og_site_name":"GO Paint","article_modified_time":"2026-03-13T10:16:48+00:00","og_image":[{"width":2560,"height":1707,"url":"https:\/\/hildering.prod.pwstaging.tech\/app\/uploads\/sites\/2\/2025\/12\/40220012-bucket-18-S1-scaled.jpg","type":"image\/jpeg"}],"twitter_card":"summary_large_image","twitter_misc":{"Est. reading time":"8 minutes"},"schema":{"@context":"https:\/\/schema.org","@graph":[{"@type":"WebPage","@id":"https:\/\/go-paint.com\/de\/datenschutz\/","url":"https:\/\/go-paint.com\/de\/datenschutz\/","name":"Datenschutz | Go!Paint","isPartOf":{"@id":"https:\/\/go-paint.com\/de\/#website"},"primaryImageOfPage":{"@id":"https:\/\/go-paint.com\/de\/datenschutz\/#primaryimage"},"image":{"@id":"https:\/\/go-paint.com\/de\/datenschutz\/#primaryimage"},"thumbnailUrl":"https:\/\/hildering.prod.pwstaging.tech\/app\/uploads\/sites\/2\/2025\/12\/40220012-bucket-18-S1-scaled.jpg","datePublished":"2025-04-10T10:32:37+00:00","dateModified":"2026-03-13T10:16:48+00:00","breadcrumb":{"@id":"https:\/\/go-paint.com\/de\/datenschutz\/#breadcrumb"},"inLanguage":"de-DE","potentialAction":[{"@type":"ReadAction","target":["https:\/\/go-paint.com\/de\/datenschutz\/"]}]},{"@type":"ImageObject","inLanguage":"de-DE","@id":"https:\/\/go-paint.com\/de\/datenschutz\/#primaryimage","url":"https:\/\/hildering.prod.pwstaging.tech\/app\/uploads\/sites\/2\/2025\/12\/40220012-bucket-18-S1-scaled.jpg","contentUrl":"https:\/\/hildering.prod.pwstaging.tech\/app\/uploads\/sites\/2\/2025\/12\/40220012-bucket-18-S1-scaled.jpg","width":2560,"height":1707,"caption":"Bucket 18"},{"@type":"BreadcrumbList","@id":"https:\/\/go-paint.com\/de\/datenschutz\/#breadcrumb","itemListElement":[{"@type":"ListItem","position":1,"name":"Home","item":"https:\/\/go-paint.com\/de\/"},{"@type":"ListItem","position":2,"name":"Datenschutz"}]},{"@type":"WebSite","@id":"https:\/\/go-paint.com\/de\/#website","url":"https:\/\/go-paint.com\/de\/","name":"Go Paint","description":"","potentialAction":[{"@type":"SearchAction","target":{"@type":"EntryPoint","urlTemplate":"https:\/\/go-paint.com\/de\/?s={search_term_string}"},"query-input":{"@type":"PropertyValueSpecification","valueRequired":true,"valueName":"search_term_string"}}],"inLanguage":"de-DE"}]}},"_links":{"self":[{"href":"https:\/\/go-paint.com\/de\/wp-json\/wp\/v2\/pages\/46468","targetHints":{"allow":["GET"]}}],"collection":[{"href":"https:\/\/go-paint.com\/de\/wp-json\/wp\/v2\/pages"}],"about":[{"href":"https:\/\/go-paint.com\/de\/wp-json\/wp\/v2\/types\/page"}],"author":[{"embeddable":true,"href":"https:\/\/go-paint.com\/de\/wp-json\/wp\/v2\/users\/3"}],"replies":[{"embeddable":true,"href":"https:\/\/go-paint.com\/de\/wp-json\/wp\/v2\/comments?post=46468"}],"version-history":[{"count":4,"href":"https:\/\/go-paint.com\/de\/wp-json\/wp\/v2\/pages\/46468\/revisions"}],"predecessor-version":[{"id":69975,"href":"https:\/\/go-paint.com\/de\/wp-json\/wp\/v2\/pages\/46468\/revisions\/69975"}],"wp:featuredmedia":[{"embeddable":true,"href":"https:\/\/go-paint.com\/de\/wp-json\/wp\/v2\/media\/44539"}],"wp:attachment":[{"href":"https:\/\/go-paint.com\/de\/wp-json\/wp\/v2\/media?parent=46468"}],"curies":[{"name":"wp","href":"https:\/\/api.w.org\/{rel}","templated":true}]}}