{"id":46844,"date":"2025-04-10T10:24:24","date_gmt":"2025-04-10T10:24:24","guid":{"rendered":"https:\/\/go-paint.com\/gebruikersvoorwaarden-gopaint\/"},"modified":"2026-03-12T13:12:54","modified_gmt":"2026-03-12T13:12:54","slug":"nutzungsbedingungen-gopaint","status":"publish","type":"page","link":"https:\/\/go-paint.com\/de\/nutzungsbedingungen-gopaint\/","title":{"rendered":"Nutzungsbedingungen GO!PAINT"},"content":{"rendered":"\n<section class=\"wp-block-endeavour-wp-blocks-main-banner main-banner\"><div class=\"main-banner__outer main-banner__outer--small-size content-wrapper-max\"><div class=\"main-banner__image-wrapper\"><img decoding=\"async\" class=\"main-banner__image\" src=\"https:\/\/hildering.prod.pwstaging.tech\/app\/uploads\/sites\/2\/2025\/12\/home-header-image-Roll-and-Go-S-1.png\" alt=\"Banner Image\"\/><\/div><div class=\"main-banner__image-mobile-wrapper\"><img decoding=\"async\" class=\"main-banner__image-mobile\" src=\"https:\/\/hildering.prod.pwstaging.tech\/app\/uploads\/sites\/2\/2025\/12\/home-header-image-Roll-and-Go-S-1.png\" alt=\"Banner Image\"\/><\/div><div class=\"wp-block-endeavour-wp-blocks-main-banner main-banner__inner content-wrapper-common\">\n<p class=\"has-large-font-size\">Allgemeine Nutzungsbedingungen<\/p>\n<\/div><\/div><\/section>\n\n\n\n<div class=\"wp-block-endeavour-wp-blocks-custom-spacer custom-spacer\"><div style=\"height:4rem\" class=\"custom-spacer__mobile\"><\/div><div style=\"height:4rem\" class=\"custom-spacer__desktop\"><\/div><\/div>\n\n\n\n<section class=\"wp-block-endeavour-wp-blocks-content-container content-container\"><div class=\"wp-block-endeavour-wp-blocks-content-container content-container__inner  content-wrapper-common\">\n<p class=\"has-medium-font-size\">Die Nutzungsbedingungen von Go!Paint gelten f\u00fcr diese Website.<\/p>\n\n\n\n<div class=\"wp-block-endeavour-wp-blocks-custom-spacer custom-spacer\"><div style=\"height:1rem\" class=\"custom-spacer__mobile\"><\/div><div style=\"height:1rem\" class=\"custom-spacer__desktop\"><\/div><\/div>\n<\/div><\/section>\n\n\n\n<section class=\"wp-block-endeavour-wp-blocks-content-container content-container\"><div class=\"wp-block-endeavour-wp-blocks-content-container content-container__inner  content-wrapper-common\">\n<h2 class=\"wp-block-heading\">Allgemeines<\/h2>\n\n\n\n<div class=\"wp-block-endeavour-wp-blocks-custom-spacer custom-spacer\"><div style=\"height:1rem\" class=\"custom-spacer__mobile\"><\/div><div style=\"height:1rem\" class=\"custom-spacer__desktop\"><\/div><\/div>\n\n\n\n<p>Diese Website wird von Go!Paint B.V. mit Sitz in IJmuiden und Gesch\u00e4ftsadresse Zandvoortstraat 69, 1976 BN, bereitgestellt und ist bei der Handelskammer in IJmuiden unter der Nummer 34138726 registriert.<\/p>\n\n\n\n<div class=\"wp-block-endeavour-wp-blocks-custom-spacer custom-spacer\"><div style=\"height:1rem\" class=\"custom-spacer__mobile\"><\/div><div style=\"height:1rem\" class=\"custom-spacer__desktop\"><\/div><\/div>\n\n\n\n<p>Der Website dient dazu, (selbstst\u00e4ndige) Fachleute und Auftraggeber im Bereich Malerwerkzeuge, verwandte Produkte und Dienstleistungen zu erreichen und mit ihnen zu kommunizieren sowie Fachwissen auszutauschen. Nutzer d\u00fcrfen die Website nur zu diesem Zweck nutzen.<\/p>\n\n\n\n<p>Durch die Nutzung der Website erkl\u00e4ren Sie sich mit diesen Allgemeinen Nutzungsbedingungen einverstanden. Go!Paint beh\u00e4lt sich das Recht vor, den Inhalt dieser Bedingungen zu \u00e4ndern. Bei der Nutzung der Website gelten stets die jeweils aktuellen Bedingungen, die zu diesem Zeitpunkt auf der Website angegeben sind.<\/p>\n\n\n\n<div class=\"wp-block-endeavour-wp-blocks-custom-spacer custom-spacer\"><div style=\"height:1rem\" class=\"custom-spacer__mobile\"><\/div><div style=\"height:1rem\" class=\"custom-spacer__desktop\"><\/div><\/div>\n\n\n\n<p>Das niederl\u00e4ndische Recht gilt f\u00fcr den Zugang, die Nutzung und den Betrieb unserer Website sowie f\u00fcr die Nutzungsbedingungen, unsere Dienstleistungen und alle Streitigkeiten, die damit in Zusammenhang stehen oder stehen k\u00f6nnen. Nur die niederl\u00e4ndischen Gerichte sind f\u00fcr solche Streitigkeiten zust\u00e4ndig.<\/p>\n\n\n\n<p>Alle geistigen Eigentumsrechte an der Website, einschlie\u00dflich der (Sammlung von) Texten, Bildmaterial, Tonmaterial, Marken, Datendateien, Datenbankrechten, Software und allen anderen Werken, auf die Sie \u00fcber die Website Zugriff haben, liegen ausschlie\u00dflich bei Go!Paint oder seinen Lizenzgebern. Go!Paint gew\u00e4hrt Ihnen ein vor\u00fcbergehendes, pers\u00f6nliches, nicht \u00fcbertragbares und nicht exklusives Recht zur Nutzung der Website unter Einhaltung der gesetzlichen Bestimmungen und der Nutzungsbedingungen. Es ist verboten, ohne vorherige schriftliche Genehmigung von Go!Paint die Informationen, Daten und\/oder Dateien, die Go!Paint \u00fcber die Website zur Verf\u00fcgung stellt, wie z. B. Fallstudien von Kunden, Fachartikel, Stellenangebote, unabh\u00e4ngig davon, ob diese mit eigenen Dienstleistungen geb\u00fcndelt sind oder nicht, zu sammeln, zu kopieren, zu verkaufen und\/oder auf anderer Basis anzubieten und\/oder (f\u00fcr Dritte) zu nutzen. Abweichend davon ist es jedoch gestattet, ver\u00f6ffentlichte Inhalte auf einer eigenen Website innerhalb der Branche zu zeigen, wenn dabei angegeben wird, dass Go!Paint die Dienstleistung und\/oder das Wissen anbietet, und ein Link zur Website von Go!Paint enthalten ist.<\/p>\n\n\n\n<div class=\"wp-block-endeavour-wp-blocks-custom-spacer custom-spacer\"><div style=\"height:1rem\" class=\"custom-spacer__mobile\"><\/div><div style=\"height:1rem\" class=\"custom-spacer__desktop\"><\/div><\/div>\n\n\n\n<p>Der Inhalt und die Gestaltung dieser Website werden mit gro\u00dfer Sorgfalt erstellt. Dennoch kann Go!Paint nicht garantieren, dass die Informationen auf der Website stets korrekt und vollst\u00e4ndig sind. Ebenso wenig kann Go!Paint garantieren, dass die Website st\u00e4ndig verf\u00fcgbar ist und problemlos funktioniert. Go!Paint schlie\u00dft jegliche Haftung hierf\u00fcr aus, es sei denn, es liegt Vorsatz oder grobe Fahrl\u00e4ssigkeit seitens Go!Paint vor.<\/p>\n\n\n\n<div class=\"wp-block-endeavour-wp-blocks-custom-spacer custom-spacer\"><div style=\"height:1rem\" class=\"custom-spacer__mobile\"><\/div><div style=\"height:1rem\" class=\"custom-spacer__desktop\"><\/div><\/div>\n\n\n\n<p>Go!Paint ist berechtigt, die Verf\u00fcgbarkeit der Website auszusetzen, beispielsweise im Zusammenhang mit Anpassungen oder Wartungsarbeiten. Dar\u00fcber hinaus beh\u00e4lt sich Go!Paint das Recht vor, die auf der Website angebotenen Informationen und Dienste ohne vorherige Ank\u00fcndigung zu entfernen, zu \u00e4ndern oder nicht mehr anzubieten.<\/p>\n\n\n\n<p>Diese Website kann Hyperlinks zu Websites Dritter enthalten. Go!Paint ist nicht f\u00fcr die Funktionsweise und den Inhalt dieser Websites verantwortlich.<\/p>\n\n\n\n<p>Go!Paint behandelt Ihre personenbezogenen Daten vertraulich. Weitere Informationen hierzu finden Sie in unserer Datenschutzerkl\u00e4rung. Es ist nicht gestattet, diese Website oder die Daten und Informationen auf dieser Website f\u00fcr andere als die in diesen Bedingungen festgelegten Zwecke oder in einer Weise zu nutzen, die gegen\u00fcber Go!Paint, anderen Nutzern der Website oder anderen Dritten unrechtm\u00e4\u00dfig ist. Es ist ebenfalls nicht gestattet, Go!Paint, andere Nutzer der Website oder andere Dritte in irgendeiner Weise zu behindern und\/oder das ordnungsgem\u00e4\u00dfe Funktionieren der Website und\/oder der zugrunde liegenden Software zu beeintr\u00e4chtigen.<\/p>\n\n\n\n<div class=\"wp-block-endeavour-wp-blocks-custom-spacer custom-spacer\"><div style=\"height:1rem\" class=\"custom-spacer__mobile\"><\/div><div style=\"height:1rem\" class=\"custom-spacer__desktop\"><\/div><\/div>\n\n\n\n<p>Version Januar 2026<\/p>\n<\/div><\/section>\n","protected":false},"excerpt":{"rendered":"","protected":false},"author":3,"featured_media":37178,"parent":0,"menu_order":9,"comment_status":"closed","ping_status":"closed","template":"","meta":{"footnotes":""},"class_list":["post-46844","page","type-page","status-publish","has-post-thumbnail","hentry"],"yoast_head":"<!-- This site is optimized with the Yoast SEO plugin v26.9 - https:\/\/yoast.com\/product\/yoast-seo-wordpress\/ -->\n<title>Nutzungsbedingungen GO!PAINT - GO Paint<\/title>\n<meta name=\"robots\" content=\"noindex, nofollow\" \/>\n<meta property=\"og:locale\" content=\"de_DE\" \/>\n<meta property=\"og:type\" content=\"article\" \/>\n<meta property=\"og:title\" content=\"Nutzungsbedingungen GO!PAINT - GO Paint\" \/>\n<meta property=\"og:url\" content=\"https:\/\/go-paint.com\/de\/nutzungsbedingungen-gopaint\/\" \/>\n<meta property=\"og:site_name\" content=\"GO Paint\" \/>\n<meta property=\"article:modified_time\" content=\"2026-03-12T13:12:54+00:00\" \/>\n<meta property=\"og:image\" content=\"https:\/\/hildering.prod.pwstaging.tech\/app\/uploads\/sites\/2\/2025\/11\/roll-and-go-bucket-18-gallery-2-be9caf83-35e1-41e7-a0e5-e293f5a0e995.png\" \/>\n\t<meta property=\"og:image:width\" content=\"700\" \/>\n\t<meta property=\"og:image:height\" content=\"467\" \/>\n\t<meta property=\"og:image:type\" content=\"image\/png\" \/>\n<meta name=\"twitter:card\" content=\"summary_large_image\" \/>\n<meta name=\"twitter:label1\" content=\"Est. reading time\" \/>\n\t<meta name=\"twitter:data1\" content=\"4 minutes\" \/>\n<script type=\"application\/ld+json\" class=\"yoast-schema-graph\">{\"@context\":\"https:\/\/schema.org\",\"@graph\":[{\"@type\":\"WebPage\",\"@id\":\"https:\/\/go-paint.com\/de\/nutzungsbedingungen-gopaint\/\",\"url\":\"https:\/\/go-paint.com\/de\/nutzungsbedingungen-gopaint\/\",\"name\":\"Nutzungsbedingungen GO!PAINT - GO Paint\",\"isPartOf\":{\"@id\":\"https:\/\/go-paint.com\/de\/#website\"},\"primaryImageOfPage\":{\"@id\":\"https:\/\/go-paint.com\/de\/nutzungsbedingungen-gopaint\/#primaryimage\"},\"image\":{\"@id\":\"https:\/\/go-paint.com\/de\/nutzungsbedingungen-gopaint\/#primaryimage\"},\"thumbnailUrl\":\"https:\/\/hildering.prod.pwstaging.tech\/app\/uploads\/sites\/2\/2025\/11\/roll-and-go-bucket-18-gallery-2-be9caf83-35e1-41e7-a0e5-e293f5a0e995.png\",\"datePublished\":\"2025-04-10T10:24:24+00:00\",\"dateModified\":\"2026-03-12T13:12:54+00:00\",\"breadcrumb\":{\"@id\":\"https:\/\/go-paint.com\/de\/nutzungsbedingungen-gopaint\/#breadcrumb\"},\"inLanguage\":\"de-DE\",\"potentialAction\":[{\"@type\":\"ReadAction\",\"target\":[\"https:\/\/go-paint.com\/de\/nutzungsbedingungen-gopaint\/\"]}]},{\"@type\":\"ImageObject\",\"inLanguage\":\"de-DE\",\"@id\":\"https:\/\/go-paint.com\/de\/nutzungsbedingungen-gopaint\/#primaryimage\",\"url\":\"https:\/\/hildering.prod.pwstaging.tech\/app\/uploads\/sites\/2\/2025\/11\/roll-and-go-bucket-18-gallery-2-be9caf83-35e1-41e7-a0e5-e293f5a0e995.png\",\"contentUrl\":\"https:\/\/hildering.prod.pwstaging.tech\/app\/uploads\/sites\/2\/2025\/11\/roll-and-go-bucket-18-gallery-2-be9caf83-35e1-41e7-a0e5-e293f5a0e995.png\",\"width\":700,\"height\":467,\"caption\":\"bucket 18\"},{\"@type\":\"BreadcrumbList\",\"@id\":\"https:\/\/go-paint.com\/de\/nutzungsbedingungen-gopaint\/#breadcrumb\",\"itemListElement\":[{\"@type\":\"ListItem\",\"position\":1,\"name\":\"Home\",\"item\":\"https:\/\/go-paint.com\/de\/\"},{\"@type\":\"ListItem\",\"position\":2,\"name\":\"Nutzungsbedingungen GO!PAINT\"}]},{\"@type\":\"WebSite\",\"@id\":\"https:\/\/go-paint.com\/de\/#website\",\"url\":\"https:\/\/go-paint.com\/de\/\",\"name\":\"Go Paint\",\"description\":\"\",\"publisher\":{\"@id\":\"https:\/\/go-paint.com\/de\/#organization\"},\"potentialAction\":[{\"@type\":\"SearchAction\",\"target\":{\"@type\":\"EntryPoint\",\"urlTemplate\":\"https:\/\/go-paint.com\/de\/?s={search_term_string}\"},\"query-input\":{\"@type\":\"PropertyValueSpecification\",\"valueRequired\":true,\"valueName\":\"search_term_string\"}}],\"inLanguage\":\"de-DE\"},{\"@type\":\"Organization\",\"@id\":\"https:\/\/go-paint.com\/de\/#organization\",\"name\":\"Go Paint\",\"url\":\"https:\/\/go-paint.com\/de\/\",\"logo\":{\"@type\":\"ImageObject\",\"inLanguage\":\"de-DE\",\"@id\":\"https:\/\/go-paint.com\/de\/#\/schema\/logo\/image\/\",\"url\":\"https:\/\/hildering.prod.pwstaging.tech\/app\/uploads\/sites\/2\/2026\/03\/GoPaint.svg\",\"contentUrl\":\"https:\/\/hildering.prod.pwstaging.tech\/app\/uploads\/sites\/2\/2026\/03\/GoPaint.svg\",\"width\":1,\"height\":1,\"caption\":\"Go Paint\"},\"image\":{\"@id\":\"https:\/\/go-paint.com\/de\/#\/schema\/logo\/image\/\"}}]}<\/script>\n<!-- \/ Yoast SEO plugin. -->","yoast_head_json":{"title":"Nutzungsbedingungen GO!PAINT - GO Paint","robots":{"index":"noindex","follow":"nofollow"},"og_locale":"de_DE","og_type":"article","og_title":"Nutzungsbedingungen GO!PAINT - GO Paint","og_url":"https:\/\/go-paint.com\/de\/nutzungsbedingungen-gopaint\/","og_site_name":"GO Paint","article_modified_time":"2026-03-12T13:12:54+00:00","og_image":[{"width":700,"height":467,"url":"https:\/\/hildering.prod.pwstaging.tech\/app\/uploads\/sites\/2\/2025\/11\/roll-and-go-bucket-18-gallery-2-be9caf83-35e1-41e7-a0e5-e293f5a0e995.png","type":"image\/png"}],"twitter_card":"summary_large_image","twitter_misc":{"Est. reading time":"4 minutes"},"schema":{"@context":"https:\/\/schema.org","@graph":[{"@type":"WebPage","@id":"https:\/\/go-paint.com\/de\/nutzungsbedingungen-gopaint\/","url":"https:\/\/go-paint.com\/de\/nutzungsbedingungen-gopaint\/","name":"Nutzungsbedingungen GO!PAINT - GO Paint","isPartOf":{"@id":"https:\/\/go-paint.com\/de\/#website"},"primaryImageOfPage":{"@id":"https:\/\/go-paint.com\/de\/nutzungsbedingungen-gopaint\/#primaryimage"},"image":{"@id":"https:\/\/go-paint.com\/de\/nutzungsbedingungen-gopaint\/#primaryimage"},"thumbnailUrl":"https:\/\/hildering.prod.pwstaging.tech\/app\/uploads\/sites\/2\/2025\/11\/roll-and-go-bucket-18-gallery-2-be9caf83-35e1-41e7-a0e5-e293f5a0e995.png","datePublished":"2025-04-10T10:24:24+00:00","dateModified":"2026-03-12T13:12:54+00:00","breadcrumb":{"@id":"https:\/\/go-paint.com\/de\/nutzungsbedingungen-gopaint\/#breadcrumb"},"inLanguage":"de-DE","potentialAction":[{"@type":"ReadAction","target":["https:\/\/go-paint.com\/de\/nutzungsbedingungen-gopaint\/"]}]},{"@type":"ImageObject","inLanguage":"de-DE","@id":"https:\/\/go-paint.com\/de\/nutzungsbedingungen-gopaint\/#primaryimage","url":"https:\/\/hildering.prod.pwstaging.tech\/app\/uploads\/sites\/2\/2025\/11\/roll-and-go-bucket-18-gallery-2-be9caf83-35e1-41e7-a0e5-e293f5a0e995.png","contentUrl":"https:\/\/hildering.prod.pwstaging.tech\/app\/uploads\/sites\/2\/2025\/11\/roll-and-go-bucket-18-gallery-2-be9caf83-35e1-41e7-a0e5-e293f5a0e995.png","width":700,"height":467,"caption":"bucket 18"},{"@type":"BreadcrumbList","@id":"https:\/\/go-paint.com\/de\/nutzungsbedingungen-gopaint\/#breadcrumb","itemListElement":[{"@type":"ListItem","position":1,"name":"Home","item":"https:\/\/go-paint.com\/de\/"},{"@type":"ListItem","position":2,"name":"Nutzungsbedingungen GO!PAINT"}]},{"@type":"WebSite","@id":"https:\/\/go-paint.com\/de\/#website","url":"https:\/\/go-paint.com\/de\/","name":"Go Paint","description":"","publisher":{"@id":"https:\/\/go-paint.com\/de\/#organization"},"potentialAction":[{"@type":"SearchAction","target":{"@type":"EntryPoint","urlTemplate":"https:\/\/go-paint.com\/de\/?s={search_term_string}"},"query-input":{"@type":"PropertyValueSpecification","valueRequired":true,"valueName":"search_term_string"}}],"inLanguage":"de-DE"},{"@type":"Organization","@id":"https:\/\/go-paint.com\/de\/#organization","name":"Go Paint","url":"https:\/\/go-paint.com\/de\/","logo":{"@type":"ImageObject","inLanguage":"de-DE","@id":"https:\/\/go-paint.com\/de\/#\/schema\/logo\/image\/","url":"https:\/\/hildering.prod.pwstaging.tech\/app\/uploads\/sites\/2\/2026\/03\/GoPaint.svg","contentUrl":"https:\/\/hildering.prod.pwstaging.tech\/app\/uploads\/sites\/2\/2026\/03\/GoPaint.svg","width":1,"height":1,"caption":"Go Paint"},"image":{"@id":"https:\/\/go-paint.com\/de\/#\/schema\/logo\/image\/"}}]}},"_links":{"self":[{"href":"https:\/\/go-paint.com\/de\/wp-json\/wp\/v2\/pages\/46844","targetHints":{"allow":["GET"]}}],"collection":[{"href":"https:\/\/go-paint.com\/de\/wp-json\/wp\/v2\/pages"}],"about":[{"href":"https:\/\/go-paint.com\/de\/wp-json\/wp\/v2\/types\/page"}],"author":[{"embeddable":true,"href":"https:\/\/go-paint.com\/de\/wp-json\/wp\/v2\/users\/3"}],"replies":[{"embeddable":true,"href":"https:\/\/go-paint.com\/de\/wp-json\/wp\/v2\/comments?post=46844"}],"version-history":[{"count":1,"href":"https:\/\/go-paint.com\/de\/wp-json\/wp\/v2\/pages\/46844\/revisions"}],"predecessor-version":[{"id":69129,"href":"https:\/\/go-paint.com\/de\/wp-json\/wp\/v2\/pages\/46844\/revisions\/69129"}],"wp:featuredmedia":[{"embeddable":true,"href":"https:\/\/go-paint.com\/de\/wp-json\/wp\/v2\/media\/37178"}],"wp:attachment":[{"href":"https:\/\/go-paint.com\/de\/wp-json\/wp\/v2\/media?parent=46844"}],"curies":[{"name":"wp","href":"https:\/\/api.w.org\/{rel}","templated":true}]}}