{"id":84292,"date":"2026-02-20T11:38:10","date_gmt":"2026-02-20T11:38:10","guid":{"rendered":"https:\/\/go-paint.com\/duurzaamheid\/"},"modified":"2026-03-13T09:46:10","modified_gmt":"2026-03-13T09:46:10","slug":"nachhaltigkeit","status":"publish","type":"page","link":"https:\/\/go-paint.com\/de\/nachhaltigkeit\/","title":{"rendered":"Nachhaltigkeit"},"content":{"rendered":"<section class=\"content-type-banner__outer-wrapper\" class=\"content-type-banner wp-block-endeavour-wp-blocks-content-type-banner\">\n    <div class=\"content-wrapper-common\">\n        <div class=\"content-type-banner__inner-wrapper\">\n            <div class=\"content-type-banner__text-wrapper\">\n                <a class=\"content-type-banner__back-button\" href=\"\/uber-uns\">\n                    <div class=\"content-type-banner__icon-wrapper\">\n                        <svg xmlns=\"http:\/\/www.w3.org\/2000\/svg\" width=\"20\" height=\"20\" viewBox=\"0 0 20 20\" fill=\"none\">\n                            <path d=\"M6.00269 10.0013L6.46038 9.5499L11.6269 4.45143L12.0846 4L12.9973 4.90285L12.5423 5.35428L7.82808 10.0013L12.5423 14.6484L13 15.0998L12.0846 16L11.6269 15.5486L6.45769 10.4528L6 10.0013H6.00269Z\" fill=\"currentColor\"\/>\n                        <\/svg>\n                    <\/div>\n                    \u00dcber Go!Paint                <\/a>\n\n                \n<h1 class=\"wp-block-post-title\">Nachhaltigkeit<\/h1>\n\n\n<div class=\"wp-block-endeavour-wp-blocks-custom-spacer custom-spacer\"><div style=\"height:2rem\" class=\"custom-spacer__mobile\"><\/div><div style=\"height:2rem\" class=\"custom-spacer__desktop\"><\/div><\/div>\n\n\n<div class=\"wp-block-post-excerpt\"><p class=\"wp-block-post-excerpt__excerpt\">Bereits beim ersten Entwurf der Go!Paint-Produkte pr\u00fcfen wir, ob diese auch nachhaltig hergestellt werden k\u00f6nnen. Und ob ihre Verwendung die Umwelt so wenig wie m\u00f6glich belastet.<\/p><p class=\"wp-block-post-excerpt__more-text\"><a class=\"wp-block-post-excerpt__more-link\" href=\"https:\/\/go-paint.com\/de\/nachhaltigkeit\/\">Lesen Sie hier, wie wir dabei vorgehen.<\/a><\/p><\/div>\n            <\/div>\n\n            <div class=\"content-type-banner__media-wrapper\">\n\t\t\t\t<div class=\"content-type-banner__media\">\n\t\t\t\t\t\t\t\t\t\t\t<!-- Default Post Image -->\n\t\t\t\t\t\t<img decoding=\"async\" class=\"content-type-banner__image\" src=\"https:\/\/hildering.prod.pwstaging.tech\/app\/uploads\/sites\/2\/2026\/01\/Sustainability-header.png\" \/>\n\t\t\t\t\t\t\t\t\t<\/div>\n            <\/div>\n        <\/div>\n    <\/div>\n<\/section>\n\n\n\n<div class=\"wp-block-endeavour-wp-blocks-custom-spacer custom-spacer\"><div style=\"height:4rem\" class=\"custom-spacer__mobile\"><\/div><div style=\"height:4rem\" class=\"custom-spacer__desktop\"><\/div><\/div>\n\n\n\n<section class=\"wp-block-endeavour-wp-blocks-content-container content-container\"><div class=\"wp-block-endeavour-wp-blocks-content-container content-container__inner  content-wrapper-small\">\n<h2 class=\"wp-block-heading\">Nachhaltig durch Design<\/h2>\n\n\n\n<div class=\"wp-block-endeavour-wp-blocks-custom-spacer custom-spacer\"><div style=\"height:1rem\" class=\"custom-spacer__mobile\"><\/div><div style=\"height:1rem\" class=\"custom-spacer__desktop\"><\/div><\/div>\n\n\n\n<p>Von der Idee zum Design. Von der Forschung nach nachhaltigen L\u00f6sungen bis hin zu Prototypen. Unsere Designabteilung ist f\u00fcr die gesamte Produktentwicklung verantwortlich. Dabei wird stets auf nachhaltige Materialien und eine nachhaltige Nutzung des Produkts geachtet. So bestehen alle Kunststoffprodukte zu mindestens 95 % aus recyceltem Kunststoff. Und wir produzieren fast ausschlie\u00dflich in den Niederlanden, wodurch wir die Belastung f\u00fcr die Umwelt so gering wie m\u00f6glich halten.<\/p>\n\n\n\n<div class=\"wp-block-endeavour-wp-blocks-custom-spacer custom-spacer\"><div style=\"height:1rem\" class=\"custom-spacer__mobile\"><\/div><div style=\"height:1rem\" class=\"custom-spacer__desktop\"><\/div><\/div>\n\n\n\n<p>Sehen Sie sich unser Video \u00fcber Nachhaltigkeit und Recycling an: nachhaltige Herstellung unserer Malerwerkzeuge.<\/p>\n<\/div><\/section>\n\n\n\n<section class=\"wp-block-endeavour-wp-blocks-content-container content-container\"><div class=\"wp-block-endeavour-wp-blocks-content-container content-container__inner  content-wrapper-small\">\n<figure class=\"wp-block-embed is-type-video is-provider-youtube wp-block-embed-youtube wp-embed-aspect-16-9 wp-has-aspect-ratio\"><div class=\"wp-block-embed__wrapper\">\n<iframe loading=\"lazy\" title=\"Sustainability and recycling at Go!Paint\" width=\"500\" height=\"281\" src=\"https:\/\/www.youtube.com\/embed\/wTYTwM7NdsE?feature=oembed\" frameborder=\"0\" allow=\"accelerometer; autoplay; clipboard-write; encrypted-media; gyroscope; picture-in-picture; web-share\" referrerpolicy=\"strict-origin-when-cross-origin\" allowfullscreen><\/iframe>\n<\/div><\/figure>\n<\/div><\/section>\n\n\n\n<div class=\"wp-block-endeavour-wp-blocks-custom-spacer custom-spacer\"><div style=\"height:1rem\" class=\"custom-spacer__mobile\"><\/div><div style=\"height:1rem\" class=\"custom-spacer__desktop\"><\/div><\/div>\n\n\n\n<section class=\"wp-block-endeavour-wp-blocks-content-container content-container\"><div class=\"wp-block-endeavour-wp-blocks-content-container content-container__inner  content-wrapper-small\">\n<p><\/p>\n\n\n\n<section class=\"wp-block-endeavour-wp-blocks-image-with-content image-with-content\"><div class=\"image-with-content__outer \n            content-wrapper-common \n            image-with-content__outer--reverse\n            \"><div class=\"image-with-content__image-wrapper\"><img decoding=\"async\" class=\"image-with-content__image\" src=\"https:\/\/hildering.prod.pwstaging.tech\/app\/uploads\/sites\/2\/2026\/01\/ERP-banner-image-sustainability2.png\"\/><\/div><div class=\"image-with-content__content-wrapper\"><div class=\"wp-block-endeavour-wp-blocks-image-with-content image-with-content__inner\">\n<h2 class=\"wp-block-heading has-large-font-size\">Extended Producer Responsibility<\/h2>\n\n\n\n<p>EPR steht f\u00fcr eine erweiterte Herstellerverantwortung. Wir finden es wichtig, zu einer nachhaltigeren Kreislaufwirtschaft beizutragen. Deshalb betrachten wir bereits bei der Entwicklung den gesamten Lebenszyklus unserer Produkte.<\/p>\n<\/div><\/div><\/div><\/section>\n<\/div><\/section>\n\n\n\n<div class=\"wp-block-endeavour-wp-blocks-custom-spacer custom-spacer\"><div style=\"height:1rem\" class=\"custom-spacer__mobile\"><\/div><div style=\"height:1rem\" class=\"custom-spacer__desktop\"><\/div><\/div>\n\n\n\n<section class=\"wp-block-endeavour-wp-blocks-content-container content-container\"><div class=\"wp-block-endeavour-wp-blocks-content-container content-container__inner  content-wrapper-small\">\n<p><strong>Better Design: <\/strong><\/p>\n\n\n\n<ul class=\"wp-block-list\">\n<li>Bereits bei der Entwicklung unserer Produkte wird darauf geachtet, dass diese wiederverwendbar sind und eine lange Lebensdauer haben.<\/li>\n\n\n\n<li>In einer fr\u00fchen Phase holen wir Feedback von professionellen Malern ein und testen Prototypen.<\/li>\n<\/ul>\n\n\n\n<p><strong>Recycled materials:<\/strong><\/p>\n\n\n\n<ul class=\"wp-block-list\">\n<li>Alle Eimer, Beh\u00e4lter und Eins\u00e4tze (liners) bestehen zu mindestens 95 % aus recyceltem Material.<\/li>\n\n\n\n<li>Die Eins\u00e4tze bestehen zu 100 % aus recyceltem PET; dieses Material ist d\u00fcnn, aber dennoch robust und wiederverwendbar.<\/li>\n<\/ul>\n\n\n\n<p><strong>Local production:<\/strong><\/p>\n\n\n\n<ul class=\"wp-block-list\">\n<li>Unsere Werkzeuge werden in den Niederlanden hergestellt und montiert. Das ben\u00f6tigte Material stammt ebenfalls aus lokalen Quellen.<\/li>\n\n\n\n<li>Die daf\u00fcr erforderliche Energie wird nachhaltig erzeugt.<\/li>\n<\/ul>\n\n\n\n<p><strong>Product use:<\/strong><\/p>\n\n\n\n<ul class=\"wp-block-list\">\n<li>Bei der Produktentwicklung wird die Produktnutzung ber\u00fccksichtigt, damit das Produkt auch ergonomisch besser wird. Denken Sie dabei an ein geringeres Gewicht, einen besseren Griff oder eine bessere Haltung Ihrer Hand und Ihres R\u00fcckens.<\/li>\n\n\n\n<li>Nat\u00fcrlich muss das Produkt auch unserem Versprechen \u201eschneller, besser, sauberer\u201d gerecht werden. So sorgen die steile Rollfl\u00e4che und unsere speziellen Eins\u00e4tze f\u00fcr eine bessere Farbverteilung und damit f\u00fcr beste Ergebnisse. Sie sparen Zeit, weil Sie schneller arbeiten k\u00f6nnen und weniger reinigen m\u00fcssen. Pinsel bewahren Sie in einem umweltfreundlichen Gel auf und Eimer verschlie\u00dfen Sie einfach mit einem Deckel. Am n\u00e4chsten Tag wieder einsatzbereit!<\/li>\n<\/ul>\n\n\n\n<p><strong>Re-use:<\/strong><\/p>\n\n\n\n<ul class=\"wp-block-list\">\n<li>Mit dem Liner (Eins\u00e4tze) brauchen Sie Eimer und Beh\u00e4lter nicht auszusp\u00fclen. So sparen Sie schnell 5 Liter Wasser und verhindern, dass Mikroplastik ins Wasser gelangt.<\/li>\n\n\n\n<li>Die Liner k\u00f6nnen nach dem Trocknen der Farbe mehrmals wiederverwendet werden.<\/li>\n<\/ul>\n\n\n\n<p><strong>Disposal &amp; recycling:<\/strong><\/p>\n\n\n\n<ul class=\"wp-block-list\">\n<li>Da unsere Eimer und Beh\u00e4lter im Durchschnitt eine l\u00e4ngere Lebensdauer haben, reduzieren wir den Abfall. Au\u00dferdem amortisiert sich Ihre Investition auf Jahresbasis schnell.<\/li>\n\n\n\n<li>Sie m\u00fcssen nur noch die Liner und Filter austauschen, was deutlich weniger Abfall bedeutet.<\/li>\n<\/ul>\n\n\n\n<div class=\"wp-block-endeavour-wp-blocks-custom-spacer custom-spacer\"><div style=\"height:1rem\" class=\"custom-spacer__mobile\"><\/div><div style=\"height:1rem\" class=\"custom-spacer__desktop\"><\/div><\/div>\n<\/div><\/section>\n\n\n\n<section class=\"wp-block-endeavour-wp-blocks-content-container content-container\"><div class=\"wp-block-endeavour-wp-blocks-content-container content-container__inner  content-wrapper-common\">\n<section class=\"wp-block-endeavour-wp-blocks-banner-addition banner-addition\"><div class=\"banner-addition__outer \"><div class=\"banner-addition__image-wrapper \"><img decoding=\"async\" class=\"banner-addition__image\" src=\"https:\/\/hildering.prod.pwstaging.tech\/app\/uploads\/sites\/2\/2025\/11\/roll-and-go-bucket-18-gallery-3-f5e3f8ba-822e-4f1f-9a36-785422769e55.png\" alt=\"bucket 18\"\/><\/div><div class=\"banner-addition__content-wrapper\"><div class=\"banner-addition__content\"><h2 class=\"banner-addition__header\">Nachhaltige <span class=\"banner-addition__header-highlight\">Produkte<\/span><\/h2><p class=\"banner-addition__description\">Wir sehen es als unsere Verantwortung an, den Produktlebenszyklus so nachhaltig wie m\u00f6glich zu gestalten. Machen Sie mit?<\/p><div class=\"banner-addition__buttons\"><div class=\"banner-addition__button-wrapper\"><a href=\"\/de\/produkte\/\" class=\"banner-addition__button\"><span class=\"banner-addition__button-text\">Sehen Sie sich unser Sortiment an<\/span><span class=\"banner-addition__button-icon\"><\/span><\/a><\/div><\/div><\/div><\/div><\/div><\/section>\n<\/div><\/section>\n","protected":false},"excerpt":{"rendered":"<p>Bereits beim ersten Entwurf der Go!Paint-Produkte pr\u00fcfen wir, ob diese auch nachhaltig hergestellt werden k\u00f6nnen. Und ob ihre Verwendung die Umwelt so wenig wie m\u00f6glich belastet.<\/p>\n","protected":false},"author":1,"featured_media":68187,"parent":0,"menu_order":14,"comment_status":"closed","ping_status":"closed","template":"","meta":{"footnotes":""},"class_list":["post-84292","page","type-page","status-publish","has-post-thumbnail","hentry"],"yoast_head":"<!-- This site is optimized with the Yoast SEO plugin v26.9 - https:\/\/yoast.com\/product\/yoast-seo-wordpress\/ -->\n<title>Nachhaltigkeit | Go!Paint<\/title>\n<meta name=\"description\" content=\"Go!Paint-Produkte werden nachhaltig und verantwortungsbewusst entwickelt und hergestellt. Lesen Sie mehr \u00fcber EPR und den Produktlebenszyklus.\" \/>\n<meta name=\"robots\" content=\"index, follow, max-snippet:-1, max-image-preview:large, max-video-preview:-1\" \/>\n<link rel=\"canonical\" href=\"https:\/\/go-paint.com\/de\/nachhaltigkeit\/\" \/>\n<meta property=\"og:locale\" content=\"de_DE\" \/>\n<meta property=\"og:type\" content=\"article\" \/>\n<meta property=\"og:title\" content=\"Nachhaltigkeit | Go!Paint\" \/>\n<meta property=\"og:description\" content=\"Go!Paint-Produkte werden nachhaltig und verantwortungsbewusst entwickelt und hergestellt. Lesen Sie mehr \u00fcber EPR und den Produktlebenszyklus.\" \/>\n<meta property=\"og:url\" content=\"https:\/\/go-paint.com\/de\/nachhaltigkeit\/\" \/>\n<meta property=\"og:site_name\" content=\"GO Paint\" \/>\n<meta property=\"article:modified_time\" content=\"2026-03-13T09:46:10+00:00\" \/>\n<meta property=\"og:image\" content=\"https:\/\/hildering.prod.pwstaging.tech\/app\/uploads\/sites\/2\/2026\/01\/Sustainability-header.png\" \/>\n\t<meta property=\"og:image:width\" content=\"540\" \/>\n\t<meta property=\"og:image:height\" content=\"384\" \/>\n\t<meta property=\"og:image:type\" content=\"image\/png\" \/>\n<meta name=\"twitter:card\" content=\"summary_large_image\" \/>\n<meta name=\"twitter:label1\" content=\"Est. reading time\" \/>\n\t<meta name=\"twitter:data1\" content=\"3 minutes\" \/>\n<script type=\"application\/ld+json\" class=\"yoast-schema-graph\">{\"@context\":\"https:\/\/schema.org\",\"@graph\":[{\"@type\":\"WebPage\",\"@id\":\"https:\/\/go-paint.com\/de\/nachhaltigkeit\/\",\"url\":\"https:\/\/go-paint.com\/de\/nachhaltigkeit\/\",\"name\":\"Nachhaltigkeit | Go!Paint\",\"isPartOf\":{\"@id\":\"https:\/\/go-paint.com\/de\/#website\"},\"primaryImageOfPage\":{\"@id\":\"https:\/\/go-paint.com\/de\/nachhaltigkeit\/#primaryimage\"},\"image\":{\"@id\":\"https:\/\/go-paint.com\/de\/nachhaltigkeit\/#primaryimage\"},\"thumbnailUrl\":\"https:\/\/hildering.prod.pwstaging.tech\/app\/uploads\/sites\/2\/2026\/01\/Sustainability-header.png\",\"datePublished\":\"2026-02-20T11:38:10+00:00\",\"dateModified\":\"2026-03-13T09:46:10+00:00\",\"description\":\"Go!Paint-Produkte werden nachhaltig und verantwortungsbewusst entwickelt und hergestellt. Lesen Sie mehr \u00fcber EPR und den Produktlebenszyklus.\",\"breadcrumb\":{\"@id\":\"https:\/\/go-paint.com\/de\/nachhaltigkeit\/#breadcrumb\"},\"inLanguage\":\"de-DE\",\"potentialAction\":[{\"@type\":\"ReadAction\",\"target\":[\"https:\/\/go-paint.com\/de\/nachhaltigkeit\/\"]}]},{\"@type\":\"ImageObject\",\"inLanguage\":\"de-DE\",\"@id\":\"https:\/\/go-paint.com\/de\/nachhaltigkeit\/#primaryimage\",\"url\":\"https:\/\/hildering.prod.pwstaging.tech\/app\/uploads\/sites\/2\/2026\/01\/Sustainability-header.png\",\"contentUrl\":\"https:\/\/hildering.prod.pwstaging.tech\/app\/uploads\/sites\/2\/2026\/01\/Sustainability-header.png\",\"width\":540,\"height\":384,\"caption\":\"sustainable painting tools\"},{\"@type\":\"BreadcrumbList\",\"@id\":\"https:\/\/go-paint.com\/de\/nachhaltigkeit\/#breadcrumb\",\"itemListElement\":[{\"@type\":\"ListItem\",\"position\":1,\"name\":\"Home\",\"item\":\"https:\/\/go-paint.com\/de\/\"},{\"@type\":\"ListItem\",\"position\":2,\"name\":\"Nachhaltigkeit\"}]},{\"@type\":\"WebSite\",\"@id\":\"https:\/\/go-paint.com\/de\/#website\",\"url\":\"https:\/\/go-paint.com\/de\/\",\"name\":\"Go Paint\",\"description\":\"\",\"potentialAction\":[{\"@type\":\"SearchAction\",\"target\":{\"@type\":\"EntryPoint\",\"urlTemplate\":\"https:\/\/go-paint.com\/de\/?s={search_term_string}\"},\"query-input\":{\"@type\":\"PropertyValueSpecification\",\"valueRequired\":true,\"valueName\":\"search_term_string\"}}],\"inLanguage\":\"de-DE\"}]}<\/script>\n<!-- \/ Yoast SEO plugin. -->","yoast_head_json":{"title":"Nachhaltigkeit | Go!Paint","description":"Go!Paint-Produkte werden nachhaltig und verantwortungsbewusst entwickelt und hergestellt. Lesen Sie mehr \u00fcber EPR und den Produktlebenszyklus.","robots":{"index":"index","follow":"follow","max-snippet":"max-snippet:-1","max-image-preview":"max-image-preview:large","max-video-preview":"max-video-preview:-1"},"canonical":"https:\/\/go-paint.com\/de\/nachhaltigkeit\/","og_locale":"de_DE","og_type":"article","og_title":"Nachhaltigkeit | Go!Paint","og_description":"Go!Paint-Produkte werden nachhaltig und verantwortungsbewusst entwickelt und hergestellt. Lesen Sie mehr \u00fcber EPR und den Produktlebenszyklus.","og_url":"https:\/\/go-paint.com\/de\/nachhaltigkeit\/","og_site_name":"GO Paint","article_modified_time":"2026-03-13T09:46:10+00:00","og_image":[{"width":540,"height":384,"url":"https:\/\/hildering.prod.pwstaging.tech\/app\/uploads\/sites\/2\/2026\/01\/Sustainability-header.png","type":"image\/png"}],"twitter_card":"summary_large_image","twitter_misc":{"Est. reading time":"3 minutes"},"schema":{"@context":"https:\/\/schema.org","@graph":[{"@type":"WebPage","@id":"https:\/\/go-paint.com\/de\/nachhaltigkeit\/","url":"https:\/\/go-paint.com\/de\/nachhaltigkeit\/","name":"Nachhaltigkeit | Go!Paint","isPartOf":{"@id":"https:\/\/go-paint.com\/de\/#website"},"primaryImageOfPage":{"@id":"https:\/\/go-paint.com\/de\/nachhaltigkeit\/#primaryimage"},"image":{"@id":"https:\/\/go-paint.com\/de\/nachhaltigkeit\/#primaryimage"},"thumbnailUrl":"https:\/\/hildering.prod.pwstaging.tech\/app\/uploads\/sites\/2\/2026\/01\/Sustainability-header.png","datePublished":"2026-02-20T11:38:10+00:00","dateModified":"2026-03-13T09:46:10+00:00","description":"Go!Paint-Produkte werden nachhaltig und verantwortungsbewusst entwickelt und hergestellt. Lesen Sie mehr \u00fcber EPR und den Produktlebenszyklus.","breadcrumb":{"@id":"https:\/\/go-paint.com\/de\/nachhaltigkeit\/#breadcrumb"},"inLanguage":"de-DE","potentialAction":[{"@type":"ReadAction","target":["https:\/\/go-paint.com\/de\/nachhaltigkeit\/"]}]},{"@type":"ImageObject","inLanguage":"de-DE","@id":"https:\/\/go-paint.com\/de\/nachhaltigkeit\/#primaryimage","url":"https:\/\/hildering.prod.pwstaging.tech\/app\/uploads\/sites\/2\/2026\/01\/Sustainability-header.png","contentUrl":"https:\/\/hildering.prod.pwstaging.tech\/app\/uploads\/sites\/2\/2026\/01\/Sustainability-header.png","width":540,"height":384,"caption":"sustainable painting tools"},{"@type":"BreadcrumbList","@id":"https:\/\/go-paint.com\/de\/nachhaltigkeit\/#breadcrumb","itemListElement":[{"@type":"ListItem","position":1,"name":"Home","item":"https:\/\/go-paint.com\/de\/"},{"@type":"ListItem","position":2,"name":"Nachhaltigkeit"}]},{"@type":"WebSite","@id":"https:\/\/go-paint.com\/de\/#website","url":"https:\/\/go-paint.com\/de\/","name":"Go Paint","description":"","potentialAction":[{"@type":"SearchAction","target":{"@type":"EntryPoint","urlTemplate":"https:\/\/go-paint.com\/de\/?s={search_term_string}"},"query-input":{"@type":"PropertyValueSpecification","valueRequired":true,"valueName":"search_term_string"}}],"inLanguage":"de-DE"}]}},"_links":{"self":[{"href":"https:\/\/go-paint.com\/de\/wp-json\/wp\/v2\/pages\/84292","targetHints":{"allow":["GET"]}}],"collection":[{"href":"https:\/\/go-paint.com\/de\/wp-json\/wp\/v2\/pages"}],"about":[{"href":"https:\/\/go-paint.com\/de\/wp-json\/wp\/v2\/types\/page"}],"author":[{"embeddable":true,"href":"https:\/\/go-paint.com\/de\/wp-json\/wp\/v2\/users\/1"}],"replies":[{"embeddable":true,"href":"https:\/\/go-paint.com\/de\/wp-json\/wp\/v2\/comments?post=84292"}],"version-history":[{"count":2,"href":"https:\/\/go-paint.com\/de\/wp-json\/wp\/v2\/pages\/84292\/revisions"}],"predecessor-version":[{"id":84880,"href":"https:\/\/go-paint.com\/de\/wp-json\/wp\/v2\/pages\/84292\/revisions\/84880"}],"wp:featuredmedia":[{"embeddable":true,"href":"https:\/\/go-paint.com\/de\/wp-json\/wp\/v2\/media\/68187"}],"wp:attachment":[{"href":"https:\/\/go-paint.com\/de\/wp-json\/wp\/v2\/media?parent=84292"}],"curies":[{"name":"wp","href":"https:\/\/api.w.org\/{rel}","templated":true}]}}