{"id":84344,"date":"2026-03-10T10:51:26","date_gmt":"2026-03-10T10:51:26","guid":{"rendered":"https:\/\/go-paint.com\/uber-uns\/over-hildering\/"},"modified":"2026-03-13T10:01:45","modified_gmt":"2026-03-13T10:01:45","slug":"uber-hildering","status":"publish","type":"page","link":"https:\/\/go-paint.com\/de\/uber-uns\/uber-hildering\/","title":{"rendered":"\u00dcber Hildering"},"content":{"rendered":"\n<section class=\"wp-block-endeavour-wp-blocks-main-banner main-banner\"><div class=\"main-banner__outer main-banner__outer--small-size content-wrapper-max\"><div class=\"main-banner__image-wrapper\"><img decoding=\"async\" class=\"main-banner__image\" src=\"https:\/\/hildering.prod.pwstaging.tech\/app\/uploads\/sites\/2\/2026\/03\/over-hildering-2.png\" alt=\"Banner Image\"\/><\/div><div class=\"main-banner__image-mobile-wrapper\"><img decoding=\"async\" class=\"main-banner__image-mobile\" src=\"https:\/\/hildering.prod.pwstaging.tech\/app\/uploads\/sites\/2\/2026\/03\/hildering-packaging-mobiel-2.png\" alt=\"Banner Image\"\/><\/div><div class=\"wp-block-endeavour-wp-blocks-main-banner main-banner__inner content-wrapper-common\"><\/div><\/div><\/section>\n\n\n\n<div class=\"wp-block-endeavour-wp-blocks-custom-spacer custom-spacer\"><div style=\"height:4rem\" class=\"custom-spacer__mobile\"><\/div><div style=\"height:4rem\" class=\"custom-spacer__desktop\"><\/div><\/div>\n\n\n\n<section class=\"wp-block-endeavour-wp-blocks-content-container content-container\"><div class=\"wp-block-endeavour-wp-blocks-content-container content-container__inner  content-wrapper-small\">\n<p class=\"has-medium-font-size\">Hildering Packaging ist spezialisiert auf Wei\u00dfblechverpackungen f\u00fcr die Farben- und Chemieindustrie. Das 1958 gegr\u00fcndete Unternehmen verf\u00fcgt \u00fcber einen breiten Kundenstamm, zu dem f\u00fchrende Lack- und Farbenhersteller im In- und Ausland z\u00e4hlen.<\/p>\n\n\n\n<div class=\"wp-block-endeavour-wp-blocks-custom-spacer custom-spacer\"><div style=\"height:1rem\" class=\"custom-spacer__mobile\"><\/div><div style=\"height:1rem\" class=\"custom-spacer__desktop\"><\/div><\/div>\n\n\n\n<p>Hildering bietet ein umfassendes Sortiment an (Wei\u00dfblech-)Verpackungen und verf\u00fcgt \u00fcber ein eigenes Designstudio f\u00fcr Etikettierung und Druck. Dank langj\u00e4hriger Erfahrung in der Farben-, Chemie- und anderen Branchen versteht Hildering die Herausforderungen und Bed\u00fcrfnisse der Hersteller.<\/p>\n\n\n\n<div class=\"wp-block-endeavour-wp-blocks-custom-spacer custom-spacer\"><div style=\"height:1rem\" class=\"custom-spacer__mobile\"><\/div><div style=\"height:1rem\" class=\"custom-spacer__desktop\"><\/div><\/div>\n\n\n\n<p>Hildering Innovations hat die Go!Paint-Produkte auf den Markt gebracht, die speziell f\u00fcr den professionellen Maler- und Heimwerkermarkt entwickelt und patentiert wurden. Go!Paint kennt den Markt und die Bed\u00fcrfnisse der Endverbraucher. Durch die \u00dcberwachung der gesamten Lieferkette entwickeln wir gemeinsam einzigartige L\u00f6sungen, die professionellen Malern helfen, schneller, besser und sauberer zu arbeiten.<\/p>\n\n\n\n<div class=\"wp-block-endeavour-wp-blocks-custom-spacer custom-spacer\"><div style=\"height:1rem\" class=\"custom-spacer__mobile\"><\/div><div style=\"height:1rem\" class=\"custom-spacer__desktop\"><\/div><\/div>\n\n\n\n<h2 class=\"wp-block-heading\">Sie m\u00f6chten mehr erfahren?<\/h2>\n\n\n\n<div class=\"wp-block-endeavour-wp-blocks-custom-spacer custom-spacer\"><div style=\"height:1rem\" class=\"custom-spacer__mobile\"><\/div><div style=\"height:1rem\" class=\"custom-spacer__desktop\"><\/div><\/div>\n\n\n\n<p>Sind Sie H\u00e4ndler, Category Manager oder Inhaber einer Farbenmarke? Dann interessieren Sie sich vielleicht f\u00fcr die Vertriebsm\u00f6glichkeiten unserer Produkte. Oder daf\u00fcr, wie Sie sich im Regal abheben k\u00f6nnen, beispielsweise durch die Verwendung Ihrer eigenen Marke auf unseren Produkten. Wir besprechen die M\u00f6glichkeiten gerne mit Ihnen. Kontaktieren Sie uns noch heute \u00fcber das untenstehende Formular.<\/p>\n<\/div><\/section>\n","protected":false},"excerpt":{"rendered":"","protected":false},"author":3,"featured_media":84324,"parent":16753,"menu_order":0,"comment_status":"closed","ping_status":"closed","template":"","meta":{"footnotes":""},"class_list":["post-84344","page","type-page","status-publish","has-post-thumbnail","hentry"],"yoast_head":"<!-- This site is optimized with the Yoast SEO plugin v26.9 - https:\/\/yoast.com\/product\/yoast-seo-wordpress\/ -->\n<title>\u00dcber Hildering und Go!Paint<\/title>\n<meta name=\"description\" content=\"Go!Paint ist Teil von Hildering Packaging. Durch die Kombination unserer Marktkenntnisse bieten wir einzigartige Produkte f\u00fcr professionelle Maler.\" \/>\n<meta name=\"robots\" content=\"index, follow, max-snippet:-1, max-image-preview:large, max-video-preview:-1\" \/>\n<link rel=\"canonical\" href=\"https:\/\/go-paint.com\/de\/uber-uns\/uber-hildering\/\" \/>\n<meta property=\"og:locale\" content=\"de_DE\" \/>\n<meta property=\"og:type\" content=\"article\" \/>\n<meta property=\"og:title\" content=\"\u00dcber Hildering und Go!Paint\" \/>\n<meta property=\"og:description\" content=\"Go!Paint ist Teil von Hildering Packaging. Durch die Kombination unserer Marktkenntnisse bieten wir einzigartige Produkte f\u00fcr professionelle Maler.\" \/>\n<meta property=\"og:url\" content=\"https:\/\/go-paint.com\/de\/uber-uns\/uber-hildering\/\" \/>\n<meta property=\"og:site_name\" content=\"GO Paint\" \/>\n<meta property=\"article:modified_time\" content=\"2026-03-13T10:01:45+00:00\" \/>\n<meta property=\"og:image\" content=\"https:\/\/hildering.prod.pwstaging.tech\/app\/uploads\/sites\/2\/2026\/03\/over-hildering-2.png\" \/>\n\t<meta property=\"og:image:width\" content=\"1280\" \/>\n\t<meta property=\"og:image:height\" content=\"400\" \/>\n\t<meta property=\"og:image:type\" content=\"image\/png\" \/>\n<meta name=\"twitter:card\" content=\"summary_large_image\" \/>\n<meta name=\"twitter:label1\" content=\"Est. reading time\" \/>\n\t<meta name=\"twitter:data1\" content=\"2 minutes\" \/>\n<script type=\"application\/ld+json\" class=\"yoast-schema-graph\">{\"@context\":\"https:\/\/schema.org\",\"@graph\":[{\"@type\":\"WebPage\",\"@id\":\"https:\/\/go-paint.com\/de\/uber-uns\/uber-hildering\/\",\"url\":\"https:\/\/go-paint.com\/de\/uber-uns\/uber-hildering\/\",\"name\":\"\u00dcber Hildering und Go!Paint\",\"isPartOf\":{\"@id\":\"https:\/\/go-paint.com\/de\/#website\"},\"primaryImageOfPage\":{\"@id\":\"https:\/\/go-paint.com\/de\/uber-uns\/uber-hildering\/#primaryimage\"},\"image\":{\"@id\":\"https:\/\/go-paint.com\/de\/uber-uns\/uber-hildering\/#primaryimage\"},\"thumbnailUrl\":\"https:\/\/hildering.prod.pwstaging.tech\/app\/uploads\/sites\/2\/2026\/03\/over-hildering-2.png\",\"datePublished\":\"2026-03-10T10:51:26+00:00\",\"dateModified\":\"2026-03-13T10:01:45+00:00\",\"description\":\"Go!Paint ist Teil von Hildering Packaging. Durch die Kombination unserer Marktkenntnisse bieten wir einzigartige Produkte f\u00fcr professionelle Maler.\",\"breadcrumb\":{\"@id\":\"https:\/\/go-paint.com\/de\/uber-uns\/uber-hildering\/#breadcrumb\"},\"inLanguage\":\"de-DE\",\"potentialAction\":[{\"@type\":\"ReadAction\",\"target\":[\"https:\/\/go-paint.com\/de\/uber-uns\/uber-hildering\/\"]}]},{\"@type\":\"ImageObject\",\"inLanguage\":\"de-DE\",\"@id\":\"https:\/\/go-paint.com\/de\/uber-uns\/uber-hildering\/#primaryimage\",\"url\":\"https:\/\/hildering.prod.pwstaging.tech\/app\/uploads\/sites\/2\/2026\/03\/over-hildering-2.png\",\"contentUrl\":\"https:\/\/hildering.prod.pwstaging.tech\/app\/uploads\/sites\/2\/2026\/03\/over-hildering-2.png\",\"width\":1280,\"height\":400,\"caption\":\"hildering packaging\"},{\"@type\":\"BreadcrumbList\",\"@id\":\"https:\/\/go-paint.com\/de\/uber-uns\/uber-hildering\/#breadcrumb\",\"itemListElement\":[{\"@type\":\"ListItem\",\"position\":1,\"name\":\"Home\",\"item\":\"https:\/\/go-paint.com\/de\/\"},{\"@type\":\"ListItem\",\"position\":2,\"name\":\"\u00dcber uns\",\"item\":\"https:\/\/go-paint.com\/de\/uber-uns\/\"},{\"@type\":\"ListItem\",\"position\":3,\"name\":\"\u00dcber Hildering\"}]},{\"@type\":\"WebSite\",\"@id\":\"https:\/\/go-paint.com\/de\/#website\",\"url\":\"https:\/\/go-paint.com\/de\/\",\"name\":\"Go Paint\",\"description\":\"\",\"potentialAction\":[{\"@type\":\"SearchAction\",\"target\":{\"@type\":\"EntryPoint\",\"urlTemplate\":\"https:\/\/go-paint.com\/de\/?s={search_term_string}\"},\"query-input\":{\"@type\":\"PropertyValueSpecification\",\"valueRequired\":true,\"valueName\":\"search_term_string\"}}],\"inLanguage\":\"de-DE\"}]}<\/script>\n<!-- \/ Yoast SEO plugin. -->","yoast_head_json":{"title":"\u00dcber Hildering und Go!Paint","description":"Go!Paint ist Teil von Hildering Packaging. Durch die Kombination unserer Marktkenntnisse bieten wir einzigartige Produkte f\u00fcr professionelle Maler.","robots":{"index":"index","follow":"follow","max-snippet":"max-snippet:-1","max-image-preview":"max-image-preview:large","max-video-preview":"max-video-preview:-1"},"canonical":"https:\/\/go-paint.com\/de\/uber-uns\/uber-hildering\/","og_locale":"de_DE","og_type":"article","og_title":"\u00dcber Hildering und Go!Paint","og_description":"Go!Paint ist Teil von Hildering Packaging. Durch die Kombination unserer Marktkenntnisse bieten wir einzigartige Produkte f\u00fcr professionelle Maler.","og_url":"https:\/\/go-paint.com\/de\/uber-uns\/uber-hildering\/","og_site_name":"GO Paint","article_modified_time":"2026-03-13T10:01:45+00:00","og_image":[{"width":1280,"height":400,"url":"https:\/\/hildering.prod.pwstaging.tech\/app\/uploads\/sites\/2\/2026\/03\/over-hildering-2.png","type":"image\/png"}],"twitter_card":"summary_large_image","twitter_misc":{"Est. reading time":"2 minutes"},"schema":{"@context":"https:\/\/schema.org","@graph":[{"@type":"WebPage","@id":"https:\/\/go-paint.com\/de\/uber-uns\/uber-hildering\/","url":"https:\/\/go-paint.com\/de\/uber-uns\/uber-hildering\/","name":"\u00dcber Hildering und Go!Paint","isPartOf":{"@id":"https:\/\/go-paint.com\/de\/#website"},"primaryImageOfPage":{"@id":"https:\/\/go-paint.com\/de\/uber-uns\/uber-hildering\/#primaryimage"},"image":{"@id":"https:\/\/go-paint.com\/de\/uber-uns\/uber-hildering\/#primaryimage"},"thumbnailUrl":"https:\/\/hildering.prod.pwstaging.tech\/app\/uploads\/sites\/2\/2026\/03\/over-hildering-2.png","datePublished":"2026-03-10T10:51:26+00:00","dateModified":"2026-03-13T10:01:45+00:00","description":"Go!Paint ist Teil von Hildering Packaging. Durch die Kombination unserer Marktkenntnisse bieten wir einzigartige Produkte f\u00fcr professionelle Maler.","breadcrumb":{"@id":"https:\/\/go-paint.com\/de\/uber-uns\/uber-hildering\/#breadcrumb"},"inLanguage":"de-DE","potentialAction":[{"@type":"ReadAction","target":["https:\/\/go-paint.com\/de\/uber-uns\/uber-hildering\/"]}]},{"@type":"ImageObject","inLanguage":"de-DE","@id":"https:\/\/go-paint.com\/de\/uber-uns\/uber-hildering\/#primaryimage","url":"https:\/\/hildering.prod.pwstaging.tech\/app\/uploads\/sites\/2\/2026\/03\/over-hildering-2.png","contentUrl":"https:\/\/hildering.prod.pwstaging.tech\/app\/uploads\/sites\/2\/2026\/03\/over-hildering-2.png","width":1280,"height":400,"caption":"hildering packaging"},{"@type":"BreadcrumbList","@id":"https:\/\/go-paint.com\/de\/uber-uns\/uber-hildering\/#breadcrumb","itemListElement":[{"@type":"ListItem","position":1,"name":"Home","item":"https:\/\/go-paint.com\/de\/"},{"@type":"ListItem","position":2,"name":"\u00dcber uns","item":"https:\/\/go-paint.com\/de\/uber-uns\/"},{"@type":"ListItem","position":3,"name":"\u00dcber Hildering"}]},{"@type":"WebSite","@id":"https:\/\/go-paint.com\/de\/#website","url":"https:\/\/go-paint.com\/de\/","name":"Go Paint","description":"","potentialAction":[{"@type":"SearchAction","target":{"@type":"EntryPoint","urlTemplate":"https:\/\/go-paint.com\/de\/?s={search_term_string}"},"query-input":{"@type":"PropertyValueSpecification","valueRequired":true,"valueName":"search_term_string"}}],"inLanguage":"de-DE"}]}},"_links":{"self":[{"href":"https:\/\/go-paint.com\/de\/wp-json\/wp\/v2\/pages\/84344","targetHints":{"allow":["GET"]}}],"collection":[{"href":"https:\/\/go-paint.com\/de\/wp-json\/wp\/v2\/pages"}],"about":[{"href":"https:\/\/go-paint.com\/de\/wp-json\/wp\/v2\/types\/page"}],"author":[{"embeddable":true,"href":"https:\/\/go-paint.com\/de\/wp-json\/wp\/v2\/users\/3"}],"replies":[{"embeddable":true,"href":"https:\/\/go-paint.com\/de\/wp-json\/wp\/v2\/comments?post=84344"}],"version-history":[{"count":2,"href":"https:\/\/go-paint.com\/de\/wp-json\/wp\/v2\/pages\/84344\/revisions"}],"predecessor-version":[{"id":84351,"href":"https:\/\/go-paint.com\/de\/wp-json\/wp\/v2\/pages\/84344\/revisions\/84351"}],"up":[{"embeddable":true,"href":"https:\/\/go-paint.com\/de\/wp-json\/wp\/v2\/pages\/16753"}],"wp:featuredmedia":[{"embeddable":true,"href":"https:\/\/go-paint.com\/de\/wp-json\/wp\/v2\/media\/84324"}],"wp:attachment":[{"href":"https:\/\/go-paint.com\/de\/wp-json\/wp\/v2\/media?parent=84344"}],"curies":[{"name":"wp","href":"https:\/\/api.w.org\/{rel}","templated":true}]}}