{"id":69147,"date":"2026-01-26T13:45:15","date_gmt":"2026-01-26T13:45:15","guid":{"rendered":"https:\/\/go-paint.com\/product\/topsheet-10-ltr-eimer\/"},"modified":"2026-05-12T21:15:41","modified_gmt":"2026-05-12T21:15:41","slug":"topsheet-10-l-eimer","status":"publish","type":"product","link":"https:\/\/go-paint.com\/de\/produkte\/30800077\/topsheet-10-l-eimer\/","title":{"rendered":"Topsheet 10 L Eimer"},"content":{"rendered":"<p>Um einen runden Kunststoffeimer w\u00e4hrend des Transports zu sch\u00fctzen, wird dieses Topsheet \u00fcber den Eimer gelegt, nachdem der Eimer mit einem Honeycoamb Board in den passenden Umkarton gestellt wurde. Der Karton wird dann verschlossen. Das Topsheet h\u00e4lt den Farbeimer in der Mitte des Kartons und kann zusammen mit dem Honeycoamb Board den Aufprall eines m\u00f6glichen Sturzes ganz oder gr\u00f6\u00dftenteils absorbieren, wodurch das Risiko von Farbverlusten minimiert wird.<\/p>\n","protected":false},"excerpt":{"rendered":"<p>Um einen runden Kunststoffeimer w\u00e4hrend des Transports zu sch\u00fctzen, wird dieses Topsheet \u00fcber den Eimer gelegt, nachdem der Eimer mit einem Honeycoamb Board in den passenden Umkarton gestellt wurde. Der Karton wird dann verschlossen. Das Topsheet h\u00e4lt den Farbeimer in der Mitte des Kartons und kann zusammen mit dem Honeycoamb Board den Aufprall eines m\u00f6glichen [&hellip;]<\/p>\n","protected":false},"featured_media":37714,"comment_status":"open","ping_status":"closed","template":"","meta":[],"product_brand":[],"product_cat":[11056],"product_tag":[],"markten":[],"class_list":{"0":"post-69147","1":"product","2":"type-product","3":"status-publish","4":"has-post-thumbnail","6":"product_cat-losungen-fur-e-commerce","8":"first","9":"instock","10":"shipping-taxable","11":"purchasable","12":"product-type-simple"},"yoast_head":"<!-- This site is optimized with the Yoast SEO plugin v26.9 - https:\/\/yoast.com\/product\/yoast-seo-wordpress\/ -->\n<title>Topsheet 10 L Eimer - GO Paint<\/title>\n<meta name=\"description\" content=\"Um einen runden Kunststoffeimer w\u00e4hrend des Transports zu sch\u00fctzen, wird dieses Topsheet \u00fcber den Eimer gelegt, nachdem der Eimer mit einem Honeycoamb\" \/>\n<meta name=\"robots\" content=\"index, follow, max-snippet:-1, max-image-preview:large, max-video-preview:-1\" \/>\n<link rel=\"canonical\" href=\"https:\/\/go-paint.com\/de\/produkte\/30800077\/topsheet-10-l-eimer\/\" \/>\n<meta property=\"og:locale\" content=\"de_DE\" \/>\n<meta property=\"og:type\" content=\"article\" \/>\n<meta property=\"og:title\" content=\"Topsheet 10 L Eimer - GO Paint\" \/>\n<meta property=\"og:description\" content=\"Um einen runden Kunststoffeimer w\u00e4hrend des Transports zu sch\u00fctzen, wird dieses Topsheet \u00fcber den Eimer gelegt, nachdem der Eimer mit einem Honeycoamb\" \/>\n<meta property=\"og:url\" content=\"https:\/\/go-paint.com\/de\/produkte\/30800077\/topsheet-10-l-eimer\/\" \/>\n<meta property=\"og:site_name\" content=\"GO Paint\" \/>\n<meta property=\"article:modified_time\" content=\"2026-05-12T21:15:41+00:00\" \/>\n<meta property=\"og:image\" content=\"https:\/\/hildering.prod.pwstaging.tech\/app\/uploads\/sites\/2\/2025\/11\/topsheet-10-ltr-emmer-featured-fdeb78c3-f276-4b92-8792-2e35c92d2fbc.png\" \/>\n\t<meta property=\"og:image:width\" content=\"700\" \/>\n\t<meta property=\"og:image:height\" content=\"700\" \/>\n\t<meta property=\"og:image:type\" content=\"image\/png\" \/>\n<meta name=\"twitter:card\" content=\"summary_large_image\" \/>\n<script type=\"application\/ld+json\" class=\"yoast-schema-graph\">{\"@context\":\"https:\/\/schema.org\",\"@graph\":[{\"@type\":\"WebPage\",\"@id\":\"https:\/\/go-paint.com\/de\/produkte\/30800077\/topsheet-10-l-eimer\/\",\"url\":\"https:\/\/go-paint.com\/de\/produkte\/30800077\/topsheet-10-l-eimer\/\",\"name\":\"Topsheet 10 L Eimer - GO Paint\",\"isPartOf\":{\"@id\":\"https:\/\/go-paint.com\/de\/#website\"},\"primaryImageOfPage\":{\"@id\":\"https:\/\/go-paint.com\/de\/produkte\/30800077\/topsheet-10-l-eimer\/#primaryimage\"},\"image\":{\"@id\":\"https:\/\/go-paint.com\/de\/produkte\/30800077\/topsheet-10-l-eimer\/#primaryimage\"},\"thumbnailUrl\":\"https:\/\/hildering.prod.pwstaging.tech\/app\/uploads\/sites\/2\/2025\/11\/topsheet-10-ltr-emmer-featured-fdeb78c3-f276-4b92-8792-2e35c92d2fbc.png\",\"datePublished\":\"2026-01-26T13:45:15+00:00\",\"dateModified\":\"2026-05-12T21:15:41+00:00\",\"description\":\"Um einen runden Kunststoffeimer w\u00e4hrend des Transports zu sch\u00fctzen, wird dieses Topsheet \u00fcber den Eimer gelegt, nachdem der Eimer mit einem Honeycoamb\",\"breadcrumb\":{\"@id\":\"https:\/\/go-paint.com\/de\/produkte\/30800077\/topsheet-10-l-eimer\/#breadcrumb\"},\"inLanguage\":\"de-DE\",\"potentialAction\":[{\"@type\":\"ReadAction\",\"target\":[\"https:\/\/go-paint.com\/de\/produkte\/30800077\/topsheet-10-l-eimer\/\"]}]},{\"@type\":\"ImageObject\",\"inLanguage\":\"de-DE\",\"@id\":\"https:\/\/go-paint.com\/de\/produkte\/30800077\/topsheet-10-l-eimer\/#primaryimage\",\"url\":\"https:\/\/hildering.prod.pwstaging.tech\/app\/uploads\/sites\/2\/2025\/11\/topsheet-10-ltr-emmer-featured-fdeb78c3-f276-4b92-8792-2e35c92d2fbc.png\",\"contentUrl\":\"https:\/\/hildering.prod.pwstaging.tech\/app\/uploads\/sites\/2\/2025\/11\/topsheet-10-ltr-emmer-featured-fdeb78c3-f276-4b92-8792-2e35c92d2fbc.png\",\"width\":700,\"height\":700},{\"@type\":\"BreadcrumbList\",\"@id\":\"https:\/\/go-paint.com\/de\/produkte\/30800077\/topsheet-10-l-eimer\/#breadcrumb\",\"itemListElement\":[{\"@type\":\"ListItem\",\"position\":1,\"name\":\"Home\",\"item\":\"https:\/\/go-paint.com\/de\/\"},{\"@type\":\"ListItem\",\"position\":2,\"name\":\"Produkte\",\"item\":\"https:\/\/go-paint.com\/de\/shop\/\"},{\"@type\":\"ListItem\",\"position\":3,\"name\":\"Topsheet 10 L Eimer\"}]},{\"@type\":\"WebSite\",\"@id\":\"https:\/\/go-paint.com\/de\/#website\",\"url\":\"https:\/\/go-paint.com\/de\/\",\"name\":\"Go Paint\",\"description\":\"\",\"publisher\":{\"@id\":\"https:\/\/go-paint.com\/de\/#organization\"},\"potentialAction\":[{\"@type\":\"SearchAction\",\"target\":{\"@type\":\"EntryPoint\",\"urlTemplate\":\"https:\/\/go-paint.com\/de\/?s={search_term_string}\"},\"query-input\":{\"@type\":\"PropertyValueSpecification\",\"valueRequired\":true,\"valueName\":\"search_term_string\"}}],\"inLanguage\":\"de-DE\"},{\"@type\":\"Organization\",\"@id\":\"https:\/\/go-paint.com\/de\/#organization\",\"name\":\"Go Paint\",\"url\":\"https:\/\/go-paint.com\/de\/\",\"logo\":{\"@type\":\"ImageObject\",\"inLanguage\":\"de-DE\",\"@id\":\"https:\/\/go-paint.com\/de\/#\/schema\/logo\/image\/\",\"url\":\"https:\/\/hildering.prod.pwstaging.tech\/app\/uploads\/sites\/2\/2026\/03\/GoPaint.svg\",\"contentUrl\":\"https:\/\/hildering.prod.pwstaging.tech\/app\/uploads\/sites\/2\/2026\/03\/GoPaint.svg\",\"width\":1,\"height\":1,\"caption\":\"Go Paint\"},\"image\":{\"@id\":\"https:\/\/go-paint.com\/de\/#\/schema\/logo\/image\/\"}}]}<\/script>\n<!-- \/ Yoast SEO plugin. -->","yoast_head_json":{"title":"Topsheet 10 L Eimer - GO Paint","description":"Um einen runden Kunststoffeimer w\u00e4hrend des Transports zu sch\u00fctzen, wird dieses Topsheet \u00fcber den Eimer gelegt, nachdem der Eimer mit einem Honeycoamb","robots":{"index":"index","follow":"follow","max-snippet":"max-snippet:-1","max-image-preview":"max-image-preview:large","max-video-preview":"max-video-preview:-1"},"canonical":"https:\/\/go-paint.com\/de\/produkte\/30800077\/topsheet-10-l-eimer\/","og_locale":"de_DE","og_type":"article","og_title":"Topsheet 10 L Eimer - GO Paint","og_description":"Um einen runden Kunststoffeimer w\u00e4hrend des Transports zu sch\u00fctzen, wird dieses Topsheet \u00fcber den Eimer gelegt, nachdem der Eimer mit einem Honeycoamb","og_url":"https:\/\/go-paint.com\/de\/produkte\/30800077\/topsheet-10-l-eimer\/","og_site_name":"GO Paint","article_modified_time":"2026-05-12T21:15:41+00:00","og_image":[{"width":700,"height":700,"url":"https:\/\/hildering.prod.pwstaging.tech\/app\/uploads\/sites\/2\/2025\/11\/topsheet-10-ltr-emmer-featured-fdeb78c3-f276-4b92-8792-2e35c92d2fbc.png","type":"image\/png"}],"twitter_card":"summary_large_image","schema":{"@context":"https:\/\/schema.org","@graph":[{"@type":"WebPage","@id":"https:\/\/go-paint.com\/de\/produkte\/30800077\/topsheet-10-l-eimer\/","url":"https:\/\/go-paint.com\/de\/produkte\/30800077\/topsheet-10-l-eimer\/","name":"Topsheet 10 L Eimer - GO Paint","isPartOf":{"@id":"https:\/\/go-paint.com\/de\/#website"},"primaryImageOfPage":{"@id":"https:\/\/go-paint.com\/de\/produkte\/30800077\/topsheet-10-l-eimer\/#primaryimage"},"image":{"@id":"https:\/\/go-paint.com\/de\/produkte\/30800077\/topsheet-10-l-eimer\/#primaryimage"},"thumbnailUrl":"https:\/\/hildering.prod.pwstaging.tech\/app\/uploads\/sites\/2\/2025\/11\/topsheet-10-ltr-emmer-featured-fdeb78c3-f276-4b92-8792-2e35c92d2fbc.png","datePublished":"2026-01-26T13:45:15+00:00","dateModified":"2026-05-12T21:15:41+00:00","description":"Um einen runden Kunststoffeimer w\u00e4hrend des Transports zu sch\u00fctzen, wird dieses Topsheet \u00fcber den Eimer gelegt, nachdem der Eimer mit einem Honeycoamb","breadcrumb":{"@id":"https:\/\/go-paint.com\/de\/produkte\/30800077\/topsheet-10-l-eimer\/#breadcrumb"},"inLanguage":"de-DE","potentialAction":[{"@type":"ReadAction","target":["https:\/\/go-paint.com\/de\/produkte\/30800077\/topsheet-10-l-eimer\/"]}]},{"@type":"ImageObject","inLanguage":"de-DE","@id":"https:\/\/go-paint.com\/de\/produkte\/30800077\/topsheet-10-l-eimer\/#primaryimage","url":"https:\/\/hildering.prod.pwstaging.tech\/app\/uploads\/sites\/2\/2025\/11\/topsheet-10-ltr-emmer-featured-fdeb78c3-f276-4b92-8792-2e35c92d2fbc.png","contentUrl":"https:\/\/hildering.prod.pwstaging.tech\/app\/uploads\/sites\/2\/2025\/11\/topsheet-10-ltr-emmer-featured-fdeb78c3-f276-4b92-8792-2e35c92d2fbc.png","width":700,"height":700},{"@type":"BreadcrumbList","@id":"https:\/\/go-paint.com\/de\/produkte\/30800077\/topsheet-10-l-eimer\/#breadcrumb","itemListElement":[{"@type":"ListItem","position":1,"name":"Home","item":"https:\/\/go-paint.com\/de\/"},{"@type":"ListItem","position":2,"name":"Produkte","item":"https:\/\/go-paint.com\/de\/shop\/"},{"@type":"ListItem","position":3,"name":"Topsheet 10 L Eimer"}]},{"@type":"WebSite","@id":"https:\/\/go-paint.com\/de\/#website","url":"https:\/\/go-paint.com\/de\/","name":"Go Paint","description":"","publisher":{"@id":"https:\/\/go-paint.com\/de\/#organization"},"potentialAction":[{"@type":"SearchAction","target":{"@type":"EntryPoint","urlTemplate":"https:\/\/go-paint.com\/de\/?s={search_term_string}"},"query-input":{"@type":"PropertyValueSpecification","valueRequired":true,"valueName":"search_term_string"}}],"inLanguage":"de-DE"},{"@type":"Organization","@id":"https:\/\/go-paint.com\/de\/#organization","name":"Go Paint","url":"https:\/\/go-paint.com\/de\/","logo":{"@type":"ImageObject","inLanguage":"de-DE","@id":"https:\/\/go-paint.com\/de\/#\/schema\/logo\/image\/","url":"https:\/\/hildering.prod.pwstaging.tech\/app\/uploads\/sites\/2\/2026\/03\/GoPaint.svg","contentUrl":"https:\/\/hildering.prod.pwstaging.tech\/app\/uploads\/sites\/2\/2026\/03\/GoPaint.svg","width":1,"height":1,"caption":"Go Paint"},"image":{"@id":"https:\/\/go-paint.com\/de\/#\/schema\/logo\/image\/"}}]}},"_links":{"self":[{"href":"https:\/\/go-paint.com\/de\/wp-json\/wp\/v2\/product\/69147","targetHints":{"allow":["GET"]}}],"collection":[{"href":"https:\/\/go-paint.com\/de\/wp-json\/wp\/v2\/product"}],"about":[{"href":"https:\/\/go-paint.com\/de\/wp-json\/wp\/v2\/types\/product"}],"replies":[{"embeddable":true,"href":"https:\/\/go-paint.com\/de\/wp-json\/wp\/v2\/comments?post=69147"}],"wp:featuredmedia":[{"embeddable":true,"href":"https:\/\/go-paint.com\/de\/wp-json\/wp\/v2\/media\/37714"}],"wp:attachment":[{"href":"https:\/\/go-paint.com\/de\/wp-json\/wp\/v2\/media?parent=69147"}],"wp:term":[{"taxonomy":"product_brand","embeddable":true,"href":"https:\/\/go-paint.com\/de\/wp-json\/wp\/v2\/product_brand?post=69147"},{"taxonomy":"product_cat","embeddable":true,"href":"https:\/\/go-paint.com\/de\/wp-json\/wp\/v2\/product_cat?post=69147"},{"taxonomy":"product_tag","embeddable":true,"href":"https:\/\/go-paint.com\/de\/wp-json\/wp\/v2\/product_tag?post=69147"},{"taxonomy":"markten","embeddable":true,"href":"https:\/\/go-paint.com\/de\/wp-json\/wp\/v2\/markten?post=69147"}],"curies":[{"name":"wp","href":"https:\/\/api.w.org\/{rel}","templated":true}]}}