{"id":69160,"date":"2026-01-26T13:58:43","date_gmt":"2026-01-26T13:58:43","guid":{"rendered":"https:\/\/go-paint.com\/product\/transport-tray-fur-durchmesser-99-und-108-mm\/"},"modified":"2026-04-08T21:16:04","modified_gmt":"2026-04-08T21:16:04","slug":"transport-tray-fur-durchmesser-99-und-108-mm","status":"publish","type":"product","link":"https:\/\/go-paint.com\/de\/produkte\/30200445\/transport-tray-fur-durchmesser-99-und-108-mm\/","title":{"rendered":"Transport Tray f\u00fcr Durchmesser 99 und 108 mm"},"content":{"rendered":"<p>Das Transport Tray klickt man mit einem Handgriff auf und unter eine Dose mit Durchmesser 99 mm oder 108 mm, den g\u00e4ngigen Dosengr\u00f6\u00dfen f\u00fcr Dosen von 0,5 bis 1,0 Liter. Dank der gestuften Form des Trays passen beide Dosendurchmesser immer perfekt und man kann sie auch ohne hinzusehen schnell platzieren. Anschlie\u00dfend legen Sie das Ganze in den mitgelieferten Karton und verschlie\u00dfen diesen. Nun ist das Paket bereit f\u00fcr den sicheren Versand. Im Falle eines Sturzes fangen die Trays den Aufprall weitgehend ab. Der Empf\u00e4nger kann das obere Tray wiederverwenden, indem er den Dosendeckel beim \u00d6ffnen der Farbe darin verstaut, und das untere kann auf der Dose verbleiben, was die Dose stabiler macht und jeden Tropfen im Tray auff\u00e4ngt und nicht auf der Oberfl\u00e4che. Die Trays sind aus 100% recyceltem PE hergestellt.<\/p>\n","protected":false},"excerpt":{"rendered":"<p>Das Transport Tray klickt man mit einem Handgriff auf und unter eine Dose mit Durchmesser 99 mm oder 108 mm, den g\u00e4ngigen Dosengr\u00f6\u00dfen f\u00fcr Dosen von 0,5 bis 1,0 Liter. Dank der gestuften Form des Trays passen beide Dosendurchmesser immer perfekt und man kann sie auch ohne hinzusehen schnell platzieren. Anschlie\u00dfend legen Sie das Ganze [&hellip;]<\/p>\n","protected":false},"featured_media":37744,"comment_status":"open","ping_status":"closed","template":"","meta":[],"product_brand":[],"product_cat":[11056],"product_tag":[],"markten":[],"class_list":{"0":"post-69160","1":"product","2":"type-product","3":"status-publish","4":"has-post-thumbnail","6":"product_cat-losungen-fur-e-commerce","8":"first","9":"instock","10":"shipping-taxable","11":"purchasable","12":"product-type-simple"},"yoast_head":"<!-- This site is optimized with the Yoast SEO plugin v26.9 - https:\/\/yoast.com\/product\/yoast-seo-wordpress\/ -->\n<title>Transport Tray f\u00fcr Durchmesser 99 und 108 mm - GO Paint<\/title>\n<meta name=\"description\" content=\"Das Transport Tray klickt man mit einem Handgriff auf und unter eine Dose mit Durchmesser 99 mm oder 108 mm, den g\u00e4ngigen Dosengr\u00f6\u00dfen f\u00fcr Dosen von 0,5\" \/>\n<meta name=\"robots\" content=\"index, follow, max-snippet:-1, max-image-preview:large, max-video-preview:-1\" \/>\n<link rel=\"canonical\" href=\"https:\/\/go-paint.com\/de\/produkte\/30200445\/transport-tray-fur-durchmesser-99-und-108-mm\/\" \/>\n<meta property=\"og:locale\" content=\"de_DE\" \/>\n<meta property=\"og:type\" content=\"article\" \/>\n<meta property=\"og:title\" content=\"Transport Tray f\u00fcr Durchmesser 99 und 108 mm - GO Paint\" \/>\n<meta property=\"og:description\" content=\"Das Transport Tray klickt man mit einem Handgriff auf und unter eine Dose mit Durchmesser 99 mm oder 108 mm, den g\u00e4ngigen Dosengr\u00f6\u00dfen f\u00fcr Dosen von 0,5\" \/>\n<meta property=\"og:url\" content=\"https:\/\/go-paint.com\/de\/produkte\/30200445\/transport-tray-fur-durchmesser-99-und-108-mm\/\" \/>\n<meta property=\"og:site_name\" content=\"GO Paint\" \/>\n<meta property=\"article:modified_time\" content=\"2026-04-08T21:16:04+00:00\" \/>\n<meta property=\"og:image\" content=\"https:\/\/hildering.prod.pwstaging.tech\/app\/uploads\/sites\/2\/2025\/11\/transport-tray-o-99-en-108-mm-featured-6501f7ff-645c-47d0-aa89-d8b27f18bed9.png\" \/>\n\t<meta property=\"og:image:width\" content=\"700\" \/>\n\t<meta property=\"og:image:height\" content=\"700\" \/>\n\t<meta property=\"og:image:type\" content=\"image\/png\" \/>\n<meta name=\"twitter:card\" content=\"summary_large_image\" \/>\n<meta name=\"twitter:label1\" content=\"Est. reading time\" \/>\n\t<meta name=\"twitter:data1\" content=\"1 minute\" \/>\n<script type=\"application\/ld+json\" class=\"yoast-schema-graph\">{\"@context\":\"https:\/\/schema.org\",\"@graph\":[{\"@type\":\"WebPage\",\"@id\":\"https:\/\/go-paint.com\/de\/produkte\/30200445\/transport-tray-fur-durchmesser-99-und-108-mm\/\",\"url\":\"https:\/\/go-paint.com\/de\/produkte\/30200445\/transport-tray-fur-durchmesser-99-und-108-mm\/\",\"name\":\"Transport Tray f\u00fcr Durchmesser 99 und 108 mm - GO Paint\",\"isPartOf\":{\"@id\":\"https:\/\/go-paint.com\/de\/#website\"},\"primaryImageOfPage\":{\"@id\":\"https:\/\/go-paint.com\/de\/produkte\/30200445\/transport-tray-fur-durchmesser-99-und-108-mm\/#primaryimage\"},\"image\":{\"@id\":\"https:\/\/go-paint.com\/de\/produkte\/30200445\/transport-tray-fur-durchmesser-99-und-108-mm\/#primaryimage\"},\"thumbnailUrl\":\"https:\/\/hildering.prod.pwstaging.tech\/app\/uploads\/sites\/2\/2025\/11\/transport-tray-o-99-en-108-mm-featured-6501f7ff-645c-47d0-aa89-d8b27f18bed9.png\",\"datePublished\":\"2026-01-26T13:58:43+00:00\",\"dateModified\":\"2026-04-08T21:16:04+00:00\",\"description\":\"Das Transport Tray klickt man mit einem Handgriff auf und unter eine Dose mit Durchmesser 99 mm oder 108 mm, den g\u00e4ngigen Dosengr\u00f6\u00dfen f\u00fcr Dosen von 0,5\",\"breadcrumb\":{\"@id\":\"https:\/\/go-paint.com\/de\/produkte\/30200445\/transport-tray-fur-durchmesser-99-und-108-mm\/#breadcrumb\"},\"inLanguage\":\"de-DE\",\"potentialAction\":[{\"@type\":\"ReadAction\",\"target\":[\"https:\/\/go-paint.com\/de\/produkte\/30200445\/transport-tray-fur-durchmesser-99-und-108-mm\/\"]}]},{\"@type\":\"ImageObject\",\"inLanguage\":\"de-DE\",\"@id\":\"https:\/\/go-paint.com\/de\/produkte\/30200445\/transport-tray-fur-durchmesser-99-und-108-mm\/#primaryimage\",\"url\":\"https:\/\/hildering.prod.pwstaging.tech\/app\/uploads\/sites\/2\/2025\/11\/transport-tray-o-99-en-108-mm-featured-6501f7ff-645c-47d0-aa89-d8b27f18bed9.png\",\"contentUrl\":\"https:\/\/hildering.prod.pwstaging.tech\/app\/uploads\/sites\/2\/2025\/11\/transport-tray-o-99-en-108-mm-featured-6501f7ff-645c-47d0-aa89-d8b27f18bed9.png\",\"width\":700,\"height\":700},{\"@type\":\"BreadcrumbList\",\"@id\":\"https:\/\/go-paint.com\/de\/produkte\/30200445\/transport-tray-fur-durchmesser-99-und-108-mm\/#breadcrumb\",\"itemListElement\":[{\"@type\":\"ListItem\",\"position\":1,\"name\":\"Home\",\"item\":\"https:\/\/go-paint.com\/de\/\"},{\"@type\":\"ListItem\",\"position\":2,\"name\":\"Produkte\",\"item\":\"https:\/\/go-paint.com\/de\/shop\/\"},{\"@type\":\"ListItem\",\"position\":3,\"name\":\"Transport Tray f\u00fcr Durchmesser 99 und 108 mm\"}]},{\"@type\":\"WebSite\",\"@id\":\"https:\/\/go-paint.com\/de\/#website\",\"url\":\"https:\/\/go-paint.com\/de\/\",\"name\":\"GO Paint\",\"description\":\"\",\"potentialAction\":[{\"@type\":\"SearchAction\",\"target\":{\"@type\":\"EntryPoint\",\"urlTemplate\":\"https:\/\/go-paint.com\/de\/?s={search_term_string}\"},\"query-input\":{\"@type\":\"PropertyValueSpecification\",\"valueRequired\":true,\"valueName\":\"search_term_string\"}}],\"inLanguage\":\"de-DE\"}]}<\/script>\n<!-- \/ Yoast SEO plugin. -->","yoast_head_json":{"title":"Transport Tray f\u00fcr Durchmesser 99 und 108 mm - GO Paint","description":"Das Transport Tray klickt man mit einem Handgriff auf und unter eine Dose mit Durchmesser 99 mm oder 108 mm, den g\u00e4ngigen Dosengr\u00f6\u00dfen f\u00fcr Dosen von 0,5","robots":{"index":"index","follow":"follow","max-snippet":"max-snippet:-1","max-image-preview":"max-image-preview:large","max-video-preview":"max-video-preview:-1"},"canonical":"https:\/\/go-paint.com\/de\/produkte\/30200445\/transport-tray-fur-durchmesser-99-und-108-mm\/","og_locale":"de_DE","og_type":"article","og_title":"Transport Tray f\u00fcr Durchmesser 99 und 108 mm - GO Paint","og_description":"Das Transport Tray klickt man mit einem Handgriff auf und unter eine Dose mit Durchmesser 99 mm oder 108 mm, den g\u00e4ngigen Dosengr\u00f6\u00dfen f\u00fcr Dosen von 0,5","og_url":"https:\/\/go-paint.com\/de\/produkte\/30200445\/transport-tray-fur-durchmesser-99-und-108-mm\/","og_site_name":"GO Paint","article_modified_time":"2026-04-08T21:16:04+00:00","og_image":[{"width":700,"height":700,"url":"https:\/\/hildering.prod.pwstaging.tech\/app\/uploads\/sites\/2\/2025\/11\/transport-tray-o-99-en-108-mm-featured-6501f7ff-645c-47d0-aa89-d8b27f18bed9.png","type":"image\/png"}],"twitter_card":"summary_large_image","twitter_misc":{"Est. reading time":"1 minute"},"schema":{"@context":"https:\/\/schema.org","@graph":[{"@type":"WebPage","@id":"https:\/\/go-paint.com\/de\/produkte\/30200445\/transport-tray-fur-durchmesser-99-und-108-mm\/","url":"https:\/\/go-paint.com\/de\/produkte\/30200445\/transport-tray-fur-durchmesser-99-und-108-mm\/","name":"Transport Tray f\u00fcr Durchmesser 99 und 108 mm - GO Paint","isPartOf":{"@id":"https:\/\/go-paint.com\/de\/#website"},"primaryImageOfPage":{"@id":"https:\/\/go-paint.com\/de\/produkte\/30200445\/transport-tray-fur-durchmesser-99-und-108-mm\/#primaryimage"},"image":{"@id":"https:\/\/go-paint.com\/de\/produkte\/30200445\/transport-tray-fur-durchmesser-99-und-108-mm\/#primaryimage"},"thumbnailUrl":"https:\/\/hildering.prod.pwstaging.tech\/app\/uploads\/sites\/2\/2025\/11\/transport-tray-o-99-en-108-mm-featured-6501f7ff-645c-47d0-aa89-d8b27f18bed9.png","datePublished":"2026-01-26T13:58:43+00:00","dateModified":"2026-04-08T21:16:04+00:00","description":"Das Transport Tray klickt man mit einem Handgriff auf und unter eine Dose mit Durchmesser 99 mm oder 108 mm, den g\u00e4ngigen Dosengr\u00f6\u00dfen f\u00fcr Dosen von 0,5","breadcrumb":{"@id":"https:\/\/go-paint.com\/de\/produkte\/30200445\/transport-tray-fur-durchmesser-99-und-108-mm\/#breadcrumb"},"inLanguage":"de-DE","potentialAction":[{"@type":"ReadAction","target":["https:\/\/go-paint.com\/de\/produkte\/30200445\/transport-tray-fur-durchmesser-99-und-108-mm\/"]}]},{"@type":"ImageObject","inLanguage":"de-DE","@id":"https:\/\/go-paint.com\/de\/produkte\/30200445\/transport-tray-fur-durchmesser-99-und-108-mm\/#primaryimage","url":"https:\/\/hildering.prod.pwstaging.tech\/app\/uploads\/sites\/2\/2025\/11\/transport-tray-o-99-en-108-mm-featured-6501f7ff-645c-47d0-aa89-d8b27f18bed9.png","contentUrl":"https:\/\/hildering.prod.pwstaging.tech\/app\/uploads\/sites\/2\/2025\/11\/transport-tray-o-99-en-108-mm-featured-6501f7ff-645c-47d0-aa89-d8b27f18bed9.png","width":700,"height":700},{"@type":"BreadcrumbList","@id":"https:\/\/go-paint.com\/de\/produkte\/30200445\/transport-tray-fur-durchmesser-99-und-108-mm\/#breadcrumb","itemListElement":[{"@type":"ListItem","position":1,"name":"Home","item":"https:\/\/go-paint.com\/de\/"},{"@type":"ListItem","position":2,"name":"Produkte","item":"https:\/\/go-paint.com\/de\/shop\/"},{"@type":"ListItem","position":3,"name":"Transport Tray f\u00fcr Durchmesser 99 und 108 mm"}]},{"@type":"WebSite","@id":"https:\/\/go-paint.com\/de\/#website","url":"https:\/\/go-paint.com\/de\/","name":"GO Paint","description":"","potentialAction":[{"@type":"SearchAction","target":{"@type":"EntryPoint","urlTemplate":"https:\/\/go-paint.com\/de\/?s={search_term_string}"},"query-input":{"@type":"PropertyValueSpecification","valueRequired":true,"valueName":"search_term_string"}}],"inLanguage":"de-DE"}]}},"_links":{"self":[{"href":"https:\/\/go-paint.com\/de\/wp-json\/wp\/v2\/product\/69160","targetHints":{"allow":["GET"]}}],"collection":[{"href":"https:\/\/go-paint.com\/de\/wp-json\/wp\/v2\/product"}],"about":[{"href":"https:\/\/go-paint.com\/de\/wp-json\/wp\/v2\/types\/product"}],"replies":[{"embeddable":true,"href":"https:\/\/go-paint.com\/de\/wp-json\/wp\/v2\/comments?post=69160"}],"wp:featuredmedia":[{"embeddable":true,"href":"https:\/\/go-paint.com\/de\/wp-json\/wp\/v2\/media\/37744"}],"wp:attachment":[{"href":"https:\/\/go-paint.com\/de\/wp-json\/wp\/v2\/media?parent=69160"}],"wp:term":[{"taxonomy":"product_brand","embeddable":true,"href":"https:\/\/go-paint.com\/de\/wp-json\/wp\/v2\/product_brand?post=69160"},{"taxonomy":"product_cat","embeddable":true,"href":"https:\/\/go-paint.com\/de\/wp-json\/wp\/v2\/product_cat?post=69160"},{"taxonomy":"product_tag","embeddable":true,"href":"https:\/\/go-paint.com\/de\/wp-json\/wp\/v2\/product_tag?post=69160"},{"taxonomy":"markten","embeddable":true,"href":"https:\/\/go-paint.com\/de\/wp-json\/wp\/v2\/markten?post=69160"}],"curies":[{"name":"wp","href":"https:\/\/api.w.org\/{rel}","templated":true}]}}