{"id":69166,"date":"2026-01-26T13:58:53","date_gmt":"2026-01-26T13:58:53","guid":{"rendered":"https:\/\/go-paint.com\/product\/transport-tray-fur-durchmesser-153-und-165-mm\/"},"modified":"2026-05-16T21:15:47","modified_gmt":"2026-05-16T21:15:47","slug":"transport-tray-fur-durchmesser-153-und-165-mm","status":"publish","type":"product","link":"https:\/\/go-paint.com\/de\/produkte\/30200446\/transport-tray-fur-durchmesser-153-und-165-mm\/","title":{"rendered":"Transport Tray f\u00fcr Durchmesser 153 und 165 mm"},"content":{"rendered":"<p>Diese Transportverpackung eignet sich f\u00fcr den sicheren und effizienten Transport von Farbdosen mit einem Durchmesser von 153 oder 165 mm per Paketdienst. Dank des abgestuften Aufnahme passen beide Dosengr\u00f6\u00dfen, die oft f\u00fcr etwa 2,5 Liter Farbe verwendet werden, perfekt in die Trays. Einfach einen unten und einen oben einrasten und in den passenden Karton schieben. Zukleben und verschicken.<\/p>\n","protected":false},"excerpt":{"rendered":"<p>Diese Transportverpackung eignet sich f\u00fcr den sicheren und effizienten Transport von Farbdosen mit einem Durchmesser von 153 oder 165 mm per Paketdienst. Dank des abgestuften Aufnahme passen beide Dosengr\u00f6\u00dfen, die oft f\u00fcr etwa 2,5 Liter Farbe verwendet werden, perfekt in die Trays. Einfach einen unten und einen oben einrasten und in den passenden Karton schieben. [&hellip;]<\/p>\n","protected":false},"featured_media":37750,"comment_status":"open","ping_status":"closed","template":"","meta":[],"product_brand":[],"product_cat":[11056],"product_tag":[],"markten":[11119,11125,11092,11110],"class_list":{"0":"post-69166","1":"product","2":"type-product","3":"status-publish","4":"has-post-thumbnail","6":"product_cat-losungen-fur-e-commerce","7":"markten-ol-und-schmiermittel","8":"markten-lebensmittel","9":"markten-autolacke","10":"markten-klebstoffe","12":"first","13":"instock","14":"shipping-taxable","15":"purchasable","16":"product-type-simple"},"yoast_head":"<!-- This site is optimized with the Yoast SEO plugin v26.9 - https:\/\/yoast.com\/product\/yoast-seo-wordpress\/ -->\n<title>Transport Tray f\u00fcr Durchmesser 153 und 165 mm - GO Paint<\/title>\n<meta name=\"description\" content=\"Diese Transportverpackung eignet sich f\u00fcr den sicheren und effizienten Transport von Farbdosen mit einem Durchmesser von 153 oder 165 mm per Paketdienst.\" \/>\n<meta name=\"robots\" content=\"index, follow, max-snippet:-1, max-image-preview:large, max-video-preview:-1\" \/>\n<link rel=\"canonical\" href=\"https:\/\/go-paint.com\/de\/produkte\/30200446\/transport-tray-fur-durchmesser-153-und-165-mm\/\" \/>\n<meta property=\"og:locale\" content=\"de_DE\" \/>\n<meta property=\"og:type\" content=\"article\" \/>\n<meta property=\"og:title\" content=\"Transport Tray f\u00fcr Durchmesser 153 und 165 mm - GO Paint\" \/>\n<meta property=\"og:description\" content=\"Diese Transportverpackung eignet sich f\u00fcr den sicheren und effizienten Transport von Farbdosen mit einem Durchmesser von 153 oder 165 mm per Paketdienst.\" \/>\n<meta property=\"og:url\" content=\"https:\/\/go-paint.com\/de\/produkte\/30200446\/transport-tray-fur-durchmesser-153-und-165-mm\/\" \/>\n<meta property=\"og:site_name\" content=\"GO Paint\" \/>\n<meta property=\"article:modified_time\" content=\"2026-05-16T21:15:47+00:00\" \/>\n<meta property=\"og:image\" content=\"https:\/\/hildering.prod.pwstaging.tech\/app\/uploads\/sites\/2\/2025\/11\/transport-tray-o-153-en-165-mm-featured-ddcbd5a2-8075-4630-b09c-fe3660081c1f.png\" \/>\n\t<meta property=\"og:image:width\" content=\"700\" \/>\n\t<meta property=\"og:image:height\" content=\"700\" \/>\n\t<meta property=\"og:image:type\" content=\"image\/png\" \/>\n<meta name=\"twitter:card\" content=\"summary_large_image\" \/>\n<script type=\"application\/ld+json\" class=\"yoast-schema-graph\">{\"@context\":\"https:\/\/schema.org\",\"@graph\":[{\"@type\":\"WebPage\",\"@id\":\"https:\/\/go-paint.com\/de\/produkte\/30200446\/transport-tray-fur-durchmesser-153-und-165-mm\/\",\"url\":\"https:\/\/go-paint.com\/de\/produkte\/30200446\/transport-tray-fur-durchmesser-153-und-165-mm\/\",\"name\":\"Transport Tray f\u00fcr Durchmesser 153 und 165 mm - GO Paint\",\"isPartOf\":{\"@id\":\"https:\/\/go-paint.com\/de\/#website\"},\"primaryImageOfPage\":{\"@id\":\"https:\/\/go-paint.com\/de\/produkte\/30200446\/transport-tray-fur-durchmesser-153-und-165-mm\/#primaryimage\"},\"image\":{\"@id\":\"https:\/\/go-paint.com\/de\/produkte\/30200446\/transport-tray-fur-durchmesser-153-und-165-mm\/#primaryimage\"},\"thumbnailUrl\":\"https:\/\/hildering.prod.pwstaging.tech\/app\/uploads\/sites\/2\/2025\/11\/transport-tray-o-153-en-165-mm-featured-ddcbd5a2-8075-4630-b09c-fe3660081c1f.png\",\"datePublished\":\"2026-01-26T13:58:53+00:00\",\"dateModified\":\"2026-05-16T21:15:47+00:00\",\"description\":\"Diese Transportverpackung eignet sich f\u00fcr den sicheren und effizienten Transport von Farbdosen mit einem Durchmesser von 153 oder 165 mm per Paketdienst.\",\"breadcrumb\":{\"@id\":\"https:\/\/go-paint.com\/de\/produkte\/30200446\/transport-tray-fur-durchmesser-153-und-165-mm\/#breadcrumb\"},\"inLanguage\":\"de-DE\",\"potentialAction\":[{\"@type\":\"ReadAction\",\"target\":[\"https:\/\/go-paint.com\/de\/produkte\/30200446\/transport-tray-fur-durchmesser-153-und-165-mm\/\"]}]},{\"@type\":\"ImageObject\",\"inLanguage\":\"de-DE\",\"@id\":\"https:\/\/go-paint.com\/de\/produkte\/30200446\/transport-tray-fur-durchmesser-153-und-165-mm\/#primaryimage\",\"url\":\"https:\/\/hildering.prod.pwstaging.tech\/app\/uploads\/sites\/2\/2025\/11\/transport-tray-o-153-en-165-mm-featured-ddcbd5a2-8075-4630-b09c-fe3660081c1f.png\",\"contentUrl\":\"https:\/\/hildering.prod.pwstaging.tech\/app\/uploads\/sites\/2\/2025\/11\/transport-tray-o-153-en-165-mm-featured-ddcbd5a2-8075-4630-b09c-fe3660081c1f.png\",\"width\":700,\"height\":700},{\"@type\":\"BreadcrumbList\",\"@id\":\"https:\/\/go-paint.com\/de\/produkte\/30200446\/transport-tray-fur-durchmesser-153-und-165-mm\/#breadcrumb\",\"itemListElement\":[{\"@type\":\"ListItem\",\"position\":1,\"name\":\"Home\",\"item\":\"https:\/\/go-paint.com\/de\/\"},{\"@type\":\"ListItem\",\"position\":2,\"name\":\"Produkte\",\"item\":\"https:\/\/go-paint.com\/de\/shop\/\"},{\"@type\":\"ListItem\",\"position\":3,\"name\":\"Transport Tray f\u00fcr Durchmesser 153 und 165 mm\"}]},{\"@type\":\"WebSite\",\"@id\":\"https:\/\/go-paint.com\/de\/#website\",\"url\":\"https:\/\/go-paint.com\/de\/\",\"name\":\"Go Paint\",\"description\":\"\",\"publisher\":{\"@id\":\"https:\/\/go-paint.com\/de\/#organization\"},\"potentialAction\":[{\"@type\":\"SearchAction\",\"target\":{\"@type\":\"EntryPoint\",\"urlTemplate\":\"https:\/\/go-paint.com\/de\/?s={search_term_string}\"},\"query-input\":{\"@type\":\"PropertyValueSpecification\",\"valueRequired\":true,\"valueName\":\"search_term_string\"}}],\"inLanguage\":\"de-DE\"},{\"@type\":\"Organization\",\"@id\":\"https:\/\/go-paint.com\/de\/#organization\",\"name\":\"Go Paint\",\"url\":\"https:\/\/go-paint.com\/de\/\",\"logo\":{\"@type\":\"ImageObject\",\"inLanguage\":\"de-DE\",\"@id\":\"https:\/\/go-paint.com\/de\/#\/schema\/logo\/image\/\",\"url\":\"https:\/\/hildering.prod.pwstaging.tech\/app\/uploads\/sites\/2\/2026\/03\/GoPaint.svg\",\"contentUrl\":\"https:\/\/hildering.prod.pwstaging.tech\/app\/uploads\/sites\/2\/2026\/03\/GoPaint.svg\",\"width\":1,\"height\":1,\"caption\":\"Go Paint\"},\"image\":{\"@id\":\"https:\/\/go-paint.com\/de\/#\/schema\/logo\/image\/\"}}]}<\/script>\n<!-- \/ Yoast SEO plugin. -->","yoast_head_json":{"title":"Transport Tray f\u00fcr Durchmesser 153 und 165 mm - GO Paint","description":"Diese Transportverpackung eignet sich f\u00fcr den sicheren und effizienten Transport von Farbdosen mit einem Durchmesser von 153 oder 165 mm per Paketdienst.","robots":{"index":"index","follow":"follow","max-snippet":"max-snippet:-1","max-image-preview":"max-image-preview:large","max-video-preview":"max-video-preview:-1"},"canonical":"https:\/\/go-paint.com\/de\/produkte\/30200446\/transport-tray-fur-durchmesser-153-und-165-mm\/","og_locale":"de_DE","og_type":"article","og_title":"Transport Tray f\u00fcr Durchmesser 153 und 165 mm - GO Paint","og_description":"Diese Transportverpackung eignet sich f\u00fcr den sicheren und effizienten Transport von Farbdosen mit einem Durchmesser von 153 oder 165 mm per Paketdienst.","og_url":"https:\/\/go-paint.com\/de\/produkte\/30200446\/transport-tray-fur-durchmesser-153-und-165-mm\/","og_site_name":"GO Paint","article_modified_time":"2026-05-16T21:15:47+00:00","og_image":[{"width":700,"height":700,"url":"https:\/\/hildering.prod.pwstaging.tech\/app\/uploads\/sites\/2\/2025\/11\/transport-tray-o-153-en-165-mm-featured-ddcbd5a2-8075-4630-b09c-fe3660081c1f.png","type":"image\/png"}],"twitter_card":"summary_large_image","schema":{"@context":"https:\/\/schema.org","@graph":[{"@type":"WebPage","@id":"https:\/\/go-paint.com\/de\/produkte\/30200446\/transport-tray-fur-durchmesser-153-und-165-mm\/","url":"https:\/\/go-paint.com\/de\/produkte\/30200446\/transport-tray-fur-durchmesser-153-und-165-mm\/","name":"Transport Tray f\u00fcr Durchmesser 153 und 165 mm - GO Paint","isPartOf":{"@id":"https:\/\/go-paint.com\/de\/#website"},"primaryImageOfPage":{"@id":"https:\/\/go-paint.com\/de\/produkte\/30200446\/transport-tray-fur-durchmesser-153-und-165-mm\/#primaryimage"},"image":{"@id":"https:\/\/go-paint.com\/de\/produkte\/30200446\/transport-tray-fur-durchmesser-153-und-165-mm\/#primaryimage"},"thumbnailUrl":"https:\/\/hildering.prod.pwstaging.tech\/app\/uploads\/sites\/2\/2025\/11\/transport-tray-o-153-en-165-mm-featured-ddcbd5a2-8075-4630-b09c-fe3660081c1f.png","datePublished":"2026-01-26T13:58:53+00:00","dateModified":"2026-05-16T21:15:47+00:00","description":"Diese Transportverpackung eignet sich f\u00fcr den sicheren und effizienten Transport von Farbdosen mit einem Durchmesser von 153 oder 165 mm per Paketdienst.","breadcrumb":{"@id":"https:\/\/go-paint.com\/de\/produkte\/30200446\/transport-tray-fur-durchmesser-153-und-165-mm\/#breadcrumb"},"inLanguage":"de-DE","potentialAction":[{"@type":"ReadAction","target":["https:\/\/go-paint.com\/de\/produkte\/30200446\/transport-tray-fur-durchmesser-153-und-165-mm\/"]}]},{"@type":"ImageObject","inLanguage":"de-DE","@id":"https:\/\/go-paint.com\/de\/produkte\/30200446\/transport-tray-fur-durchmesser-153-und-165-mm\/#primaryimage","url":"https:\/\/hildering.prod.pwstaging.tech\/app\/uploads\/sites\/2\/2025\/11\/transport-tray-o-153-en-165-mm-featured-ddcbd5a2-8075-4630-b09c-fe3660081c1f.png","contentUrl":"https:\/\/hildering.prod.pwstaging.tech\/app\/uploads\/sites\/2\/2025\/11\/transport-tray-o-153-en-165-mm-featured-ddcbd5a2-8075-4630-b09c-fe3660081c1f.png","width":700,"height":700},{"@type":"BreadcrumbList","@id":"https:\/\/go-paint.com\/de\/produkte\/30200446\/transport-tray-fur-durchmesser-153-und-165-mm\/#breadcrumb","itemListElement":[{"@type":"ListItem","position":1,"name":"Home","item":"https:\/\/go-paint.com\/de\/"},{"@type":"ListItem","position":2,"name":"Produkte","item":"https:\/\/go-paint.com\/de\/shop\/"},{"@type":"ListItem","position":3,"name":"Transport Tray f\u00fcr Durchmesser 153 und 165 mm"}]},{"@type":"WebSite","@id":"https:\/\/go-paint.com\/de\/#website","url":"https:\/\/go-paint.com\/de\/","name":"Go Paint","description":"","publisher":{"@id":"https:\/\/go-paint.com\/de\/#organization"},"potentialAction":[{"@type":"SearchAction","target":{"@type":"EntryPoint","urlTemplate":"https:\/\/go-paint.com\/de\/?s={search_term_string}"},"query-input":{"@type":"PropertyValueSpecification","valueRequired":true,"valueName":"search_term_string"}}],"inLanguage":"de-DE"},{"@type":"Organization","@id":"https:\/\/go-paint.com\/de\/#organization","name":"Go Paint","url":"https:\/\/go-paint.com\/de\/","logo":{"@type":"ImageObject","inLanguage":"de-DE","@id":"https:\/\/go-paint.com\/de\/#\/schema\/logo\/image\/","url":"https:\/\/hildering.prod.pwstaging.tech\/app\/uploads\/sites\/2\/2026\/03\/GoPaint.svg","contentUrl":"https:\/\/hildering.prod.pwstaging.tech\/app\/uploads\/sites\/2\/2026\/03\/GoPaint.svg","width":1,"height":1,"caption":"Go Paint"},"image":{"@id":"https:\/\/go-paint.com\/de\/#\/schema\/logo\/image\/"}}]}},"_links":{"self":[{"href":"https:\/\/go-paint.com\/de\/wp-json\/wp\/v2\/product\/69166","targetHints":{"allow":["GET"]}}],"collection":[{"href":"https:\/\/go-paint.com\/de\/wp-json\/wp\/v2\/product"}],"about":[{"href":"https:\/\/go-paint.com\/de\/wp-json\/wp\/v2\/types\/product"}],"replies":[{"embeddable":true,"href":"https:\/\/go-paint.com\/de\/wp-json\/wp\/v2\/comments?post=69166"}],"wp:featuredmedia":[{"embeddable":true,"href":"https:\/\/go-paint.com\/de\/wp-json\/wp\/v2\/media\/37750"}],"wp:attachment":[{"href":"https:\/\/go-paint.com\/de\/wp-json\/wp\/v2\/media?parent=69166"}],"wp:term":[{"taxonomy":"product_brand","embeddable":true,"href":"https:\/\/go-paint.com\/de\/wp-json\/wp\/v2\/product_brand?post=69166"},{"taxonomy":"product_cat","embeddable":true,"href":"https:\/\/go-paint.com\/de\/wp-json\/wp\/v2\/product_cat?post=69166"},{"taxonomy":"product_tag","embeddable":true,"href":"https:\/\/go-paint.com\/de\/wp-json\/wp\/v2\/product_tag?post=69166"},{"taxonomy":"markten","embeddable":true,"href":"https:\/\/go-paint.com\/de\/wp-json\/wp\/v2\/markten?post=69166"}],"curies":[{"name":"wp","href":"https:\/\/api.w.org\/{rel}","templated":true}]}}