{"id":69169,"date":"2026-01-26T13:58:57","date_gmt":"2026-01-26T13:58:57","guid":{"rendered":"https:\/\/go-paint.com\/product\/transport-tray-o-140-mm\/"},"modified":"2026-04-27T21:16:09","modified_gmt":"2026-04-27T21:16:09","slug":"transport-tray-o-140-mm","status":"publish","type":"product","link":"https:\/\/go-paint.com\/de\/produkte\/30200490\/transport-tray-o-140-mm\/","title":{"rendered":"Transport Tray \u00d8 140 mm"},"content":{"rendered":"<p>Dieser Transport Tray wurde speziell f\u00fcr den sicheren Versand von Farbdosen mit einem Durchmesser von 140 mm entwickelt. Dies ist vor allem in Deutschland ein g\u00e4ngiger Durchmesser f\u00fcr Dosen mit ca. 2-2,5 Liter Inhalt. Diese Transport Trays sind\u00a0auch in einer Doppelversion erh\u00e4ltlich, so dass Sie zwei Dosen gleichzeitig sicher f\u00fcr den Postversand verpacken k\u00f6nnen. Die Trays werden oberhalb und unterhalb der Dose eingeklickt und dann in den passenden Karton gestellt. Die Trays zentrieren die Dose im Karton, so dass sie im Falle eines Sturzes noch weniger anf\u00e4llig ist. Wenn eine Karton fallen gelassen wird, fangen die Trays den gr\u00f6\u00dften Teil des Aufpralls ab, ohne zu brechen oder sich dauerhaft zu verformen. Damit bieten sie einen besseren Schutz als andere Polstermaterialien wie Papier, Luftpolsterfolie oder Polsterchips.<\/p>\n","protected":false},"excerpt":{"rendered":"<p>Dieser Transport Tray wurde speziell f\u00fcr den sicheren Versand von Farbdosen mit einem Durchmesser von 140 mm entwickelt. Dies ist vor allem in Deutschland ein g\u00e4ngiger Durchmesser f\u00fcr Dosen mit ca. 2-2,5 Liter Inhalt. Diese Transport Trays sind\u00a0auch in einer Doppelversion erh\u00e4ltlich, so dass Sie zwei Dosen gleichzeitig sicher f\u00fcr den Postversand verpacken k\u00f6nnen. Die [&hellip;]<\/p>\n","protected":false},"featured_media":37756,"comment_status":"open","ping_status":"closed","template":"","meta":[],"product_brand":[],"product_cat":[11056],"product_tag":[],"markten":[11092,11110,11119,11125],"class_list":{"0":"post-69169","1":"product","2":"type-product","3":"status-publish","4":"has-post-thumbnail","6":"product_cat-losungen-fur-e-commerce","7":"markten-autolacke","8":"markten-klebstoffe","9":"markten-ol-und-schmiermittel","10":"markten-lebensmittel","12":"first","13":"instock","14":"shipping-taxable","15":"purchasable","16":"product-type-simple"},"yoast_head":"<!-- This site is optimized with the Yoast SEO plugin v26.9 - https:\/\/yoast.com\/product\/yoast-seo-wordpress\/ -->\n<title>Transport Tray \u00d8 140 mm - GO Paint<\/title>\n<meta name=\"description\" content=\"Dieser Transport Tray wurde speziell f\u00fcr den sicheren Versand von Farbdosen mit einem Durchmesser von 140 mm entwickelt. Dies ist vor allem in Deutschland\" \/>\n<meta name=\"robots\" content=\"index, follow, max-snippet:-1, max-image-preview:large, max-video-preview:-1\" \/>\n<link rel=\"canonical\" href=\"https:\/\/go-paint.com\/de\/produkte\/30200490\/transport-tray-o-140-mm\/\" \/>\n<meta property=\"og:locale\" content=\"de_DE\" \/>\n<meta property=\"og:type\" content=\"article\" \/>\n<meta property=\"og:title\" content=\"Transport Tray \u00d8 140 mm - GO Paint\" \/>\n<meta property=\"og:description\" content=\"Dieser Transport Tray wurde speziell f\u00fcr den sicheren Versand von Farbdosen mit einem Durchmesser von 140 mm entwickelt. Dies ist vor allem in Deutschland\" \/>\n<meta property=\"og:url\" content=\"https:\/\/go-paint.com\/de\/produkte\/30200490\/transport-tray-o-140-mm\/\" \/>\n<meta property=\"og:site_name\" content=\"GO Paint\" \/>\n<meta property=\"article:modified_time\" content=\"2026-04-27T21:16:09+00:00\" \/>\n<meta property=\"og:image\" content=\"https:\/\/hildering.prod.pwstaging.tech\/app\/uploads\/sites\/2\/2025\/11\/transport-tray-o-140-mm-featured-0ce50892-0076-411b-ba68-204f83f8109a.png\" \/>\n\t<meta property=\"og:image:width\" content=\"700\" \/>\n\t<meta property=\"og:image:height\" content=\"700\" \/>\n\t<meta property=\"og:image:type\" content=\"image\/png\" \/>\n<meta name=\"twitter:card\" content=\"summary_large_image\" \/>\n<meta name=\"twitter:label1\" content=\"Est. reading time\" \/>\n\t<meta name=\"twitter:data1\" content=\"1 minute\" \/>\n<script type=\"application\/ld+json\" class=\"yoast-schema-graph\">{\"@context\":\"https:\/\/schema.org\",\"@graph\":[{\"@type\":\"WebPage\",\"@id\":\"https:\/\/go-paint.com\/de\/produkte\/30200490\/transport-tray-o-140-mm\/\",\"url\":\"https:\/\/go-paint.com\/de\/produkte\/30200490\/transport-tray-o-140-mm\/\",\"name\":\"Transport Tray \u00d8 140 mm - GO Paint\",\"isPartOf\":{\"@id\":\"https:\/\/go-paint.com\/de\/#website\"},\"primaryImageOfPage\":{\"@id\":\"https:\/\/go-paint.com\/de\/produkte\/30200490\/transport-tray-o-140-mm\/#primaryimage\"},\"image\":{\"@id\":\"https:\/\/go-paint.com\/de\/produkte\/30200490\/transport-tray-o-140-mm\/#primaryimage\"},\"thumbnailUrl\":\"https:\/\/hildering.prod.pwstaging.tech\/app\/uploads\/sites\/2\/2025\/11\/transport-tray-o-140-mm-featured-0ce50892-0076-411b-ba68-204f83f8109a.png\",\"datePublished\":\"2026-01-26T13:58:57+00:00\",\"dateModified\":\"2026-04-27T21:16:09+00:00\",\"description\":\"Dieser Transport Tray wurde speziell f\u00fcr den sicheren Versand von Farbdosen mit einem Durchmesser von 140 mm entwickelt. Dies ist vor allem in Deutschland\",\"breadcrumb\":{\"@id\":\"https:\/\/go-paint.com\/de\/produkte\/30200490\/transport-tray-o-140-mm\/#breadcrumb\"},\"inLanguage\":\"de-DE\",\"potentialAction\":[{\"@type\":\"ReadAction\",\"target\":[\"https:\/\/go-paint.com\/de\/produkte\/30200490\/transport-tray-o-140-mm\/\"]}]},{\"@type\":\"ImageObject\",\"inLanguage\":\"de-DE\",\"@id\":\"https:\/\/go-paint.com\/de\/produkte\/30200490\/transport-tray-o-140-mm\/#primaryimage\",\"url\":\"https:\/\/hildering.prod.pwstaging.tech\/app\/uploads\/sites\/2\/2025\/11\/transport-tray-o-140-mm-featured-0ce50892-0076-411b-ba68-204f83f8109a.png\",\"contentUrl\":\"https:\/\/hildering.prod.pwstaging.tech\/app\/uploads\/sites\/2\/2025\/11\/transport-tray-o-140-mm-featured-0ce50892-0076-411b-ba68-204f83f8109a.png\",\"width\":700,\"height\":700},{\"@type\":\"BreadcrumbList\",\"@id\":\"https:\/\/go-paint.com\/de\/produkte\/30200490\/transport-tray-o-140-mm\/#breadcrumb\",\"itemListElement\":[{\"@type\":\"ListItem\",\"position\":1,\"name\":\"Home\",\"item\":\"https:\/\/go-paint.com\/de\/\"},{\"@type\":\"ListItem\",\"position\":2,\"name\":\"Produkte\",\"item\":\"https:\/\/go-paint.com\/de\/shop\/\"},{\"@type\":\"ListItem\",\"position\":3,\"name\":\"Transport Tray \u00d8 140 mm\"}]},{\"@type\":\"WebSite\",\"@id\":\"https:\/\/go-paint.com\/de\/#website\",\"url\":\"https:\/\/go-paint.com\/de\/\",\"name\":\"Go Paint\",\"description\":\"\",\"publisher\":{\"@id\":\"https:\/\/go-paint.com\/de\/#organization\"},\"potentialAction\":[{\"@type\":\"SearchAction\",\"target\":{\"@type\":\"EntryPoint\",\"urlTemplate\":\"https:\/\/go-paint.com\/de\/?s={search_term_string}\"},\"query-input\":{\"@type\":\"PropertyValueSpecification\",\"valueRequired\":true,\"valueName\":\"search_term_string\"}}],\"inLanguage\":\"de-DE\"},{\"@type\":\"Organization\",\"@id\":\"https:\/\/go-paint.com\/de\/#organization\",\"name\":\"Go Paint\",\"url\":\"https:\/\/go-paint.com\/de\/\",\"logo\":{\"@type\":\"ImageObject\",\"inLanguage\":\"de-DE\",\"@id\":\"https:\/\/go-paint.com\/de\/#\/schema\/logo\/image\/\",\"url\":\"https:\/\/hildering.prod.pwstaging.tech\/app\/uploads\/sites\/2\/2026\/03\/GoPaint.svg\",\"contentUrl\":\"https:\/\/hildering.prod.pwstaging.tech\/app\/uploads\/sites\/2\/2026\/03\/GoPaint.svg\",\"width\":1,\"height\":1,\"caption\":\"Go Paint\"},\"image\":{\"@id\":\"https:\/\/go-paint.com\/de\/#\/schema\/logo\/image\/\"}}]}<\/script>\n<!-- \/ Yoast SEO plugin. -->","yoast_head_json":{"title":"Transport Tray \u00d8 140 mm - GO Paint","description":"Dieser Transport Tray wurde speziell f\u00fcr den sicheren Versand von Farbdosen mit einem Durchmesser von 140 mm entwickelt. Dies ist vor allem in Deutschland","robots":{"index":"index","follow":"follow","max-snippet":"max-snippet:-1","max-image-preview":"max-image-preview:large","max-video-preview":"max-video-preview:-1"},"canonical":"https:\/\/go-paint.com\/de\/produkte\/30200490\/transport-tray-o-140-mm\/","og_locale":"de_DE","og_type":"article","og_title":"Transport Tray \u00d8 140 mm - GO Paint","og_description":"Dieser Transport Tray wurde speziell f\u00fcr den sicheren Versand von Farbdosen mit einem Durchmesser von 140 mm entwickelt. Dies ist vor allem in Deutschland","og_url":"https:\/\/go-paint.com\/de\/produkte\/30200490\/transport-tray-o-140-mm\/","og_site_name":"GO Paint","article_modified_time":"2026-04-27T21:16:09+00:00","og_image":[{"width":700,"height":700,"url":"https:\/\/hildering.prod.pwstaging.tech\/app\/uploads\/sites\/2\/2025\/11\/transport-tray-o-140-mm-featured-0ce50892-0076-411b-ba68-204f83f8109a.png","type":"image\/png"}],"twitter_card":"summary_large_image","twitter_misc":{"Est. reading time":"1 minute"},"schema":{"@context":"https:\/\/schema.org","@graph":[{"@type":"WebPage","@id":"https:\/\/go-paint.com\/de\/produkte\/30200490\/transport-tray-o-140-mm\/","url":"https:\/\/go-paint.com\/de\/produkte\/30200490\/transport-tray-o-140-mm\/","name":"Transport Tray \u00d8 140 mm - GO Paint","isPartOf":{"@id":"https:\/\/go-paint.com\/de\/#website"},"primaryImageOfPage":{"@id":"https:\/\/go-paint.com\/de\/produkte\/30200490\/transport-tray-o-140-mm\/#primaryimage"},"image":{"@id":"https:\/\/go-paint.com\/de\/produkte\/30200490\/transport-tray-o-140-mm\/#primaryimage"},"thumbnailUrl":"https:\/\/hildering.prod.pwstaging.tech\/app\/uploads\/sites\/2\/2025\/11\/transport-tray-o-140-mm-featured-0ce50892-0076-411b-ba68-204f83f8109a.png","datePublished":"2026-01-26T13:58:57+00:00","dateModified":"2026-04-27T21:16:09+00:00","description":"Dieser Transport Tray wurde speziell f\u00fcr den sicheren Versand von Farbdosen mit einem Durchmesser von 140 mm entwickelt. Dies ist vor allem in Deutschland","breadcrumb":{"@id":"https:\/\/go-paint.com\/de\/produkte\/30200490\/transport-tray-o-140-mm\/#breadcrumb"},"inLanguage":"de-DE","potentialAction":[{"@type":"ReadAction","target":["https:\/\/go-paint.com\/de\/produkte\/30200490\/transport-tray-o-140-mm\/"]}]},{"@type":"ImageObject","inLanguage":"de-DE","@id":"https:\/\/go-paint.com\/de\/produkte\/30200490\/transport-tray-o-140-mm\/#primaryimage","url":"https:\/\/hildering.prod.pwstaging.tech\/app\/uploads\/sites\/2\/2025\/11\/transport-tray-o-140-mm-featured-0ce50892-0076-411b-ba68-204f83f8109a.png","contentUrl":"https:\/\/hildering.prod.pwstaging.tech\/app\/uploads\/sites\/2\/2025\/11\/transport-tray-o-140-mm-featured-0ce50892-0076-411b-ba68-204f83f8109a.png","width":700,"height":700},{"@type":"BreadcrumbList","@id":"https:\/\/go-paint.com\/de\/produkte\/30200490\/transport-tray-o-140-mm\/#breadcrumb","itemListElement":[{"@type":"ListItem","position":1,"name":"Home","item":"https:\/\/go-paint.com\/de\/"},{"@type":"ListItem","position":2,"name":"Produkte","item":"https:\/\/go-paint.com\/de\/shop\/"},{"@type":"ListItem","position":3,"name":"Transport Tray \u00d8 140 mm"}]},{"@type":"WebSite","@id":"https:\/\/go-paint.com\/de\/#website","url":"https:\/\/go-paint.com\/de\/","name":"Go Paint","description":"","publisher":{"@id":"https:\/\/go-paint.com\/de\/#organization"},"potentialAction":[{"@type":"SearchAction","target":{"@type":"EntryPoint","urlTemplate":"https:\/\/go-paint.com\/de\/?s={search_term_string}"},"query-input":{"@type":"PropertyValueSpecification","valueRequired":true,"valueName":"search_term_string"}}],"inLanguage":"de-DE"},{"@type":"Organization","@id":"https:\/\/go-paint.com\/de\/#organization","name":"Go Paint","url":"https:\/\/go-paint.com\/de\/","logo":{"@type":"ImageObject","inLanguage":"de-DE","@id":"https:\/\/go-paint.com\/de\/#\/schema\/logo\/image\/","url":"https:\/\/hildering.prod.pwstaging.tech\/app\/uploads\/sites\/2\/2026\/03\/GoPaint.svg","contentUrl":"https:\/\/hildering.prod.pwstaging.tech\/app\/uploads\/sites\/2\/2026\/03\/GoPaint.svg","width":1,"height":1,"caption":"Go Paint"},"image":{"@id":"https:\/\/go-paint.com\/de\/#\/schema\/logo\/image\/"}}]}},"_links":{"self":[{"href":"https:\/\/go-paint.com\/de\/wp-json\/wp\/v2\/product\/69169","targetHints":{"allow":["GET"]}}],"collection":[{"href":"https:\/\/go-paint.com\/de\/wp-json\/wp\/v2\/product"}],"about":[{"href":"https:\/\/go-paint.com\/de\/wp-json\/wp\/v2\/types\/product"}],"replies":[{"embeddable":true,"href":"https:\/\/go-paint.com\/de\/wp-json\/wp\/v2\/comments?post=69169"}],"wp:featuredmedia":[{"embeddable":true,"href":"https:\/\/go-paint.com\/de\/wp-json\/wp\/v2\/media\/37756"}],"wp:attachment":[{"href":"https:\/\/go-paint.com\/de\/wp-json\/wp\/v2\/media?parent=69169"}],"wp:term":[{"taxonomy":"product_brand","embeddable":true,"href":"https:\/\/go-paint.com\/de\/wp-json\/wp\/v2\/product_brand?post=69169"},{"taxonomy":"product_cat","embeddable":true,"href":"https:\/\/go-paint.com\/de\/wp-json\/wp\/v2\/product_cat?post=69169"},{"taxonomy":"product_tag","embeddable":true,"href":"https:\/\/go-paint.com\/de\/wp-json\/wp\/v2\/product_tag?post=69169"},{"taxonomy":"markten","embeddable":true,"href":"https:\/\/go-paint.com\/de\/wp-json\/wp\/v2\/markten?post=69169"}],"curies":[{"name":"wp","href":"https:\/\/api.w.org\/{rel}","templated":true}]}}