{"id":69195,"date":"2026-01-26T15:30:14","date_gmt":"2026-01-26T15:30:14","guid":{"rendered":"https:\/\/go-paint.com\/product\/honeycomb-board-fur-10-ltr-eimer\/"},"modified":"2026-04-19T21:30:28","modified_gmt":"2026-04-19T21:30:28","slug":"honeycomb-board-fur-10-l-eimer","status":"publish","type":"product","link":"https:\/\/go-paint.com\/de\/produkte\/30800075\/honeycomb-board-fur-10-l-eimer\/","title":{"rendered":"Honeycomb Board f\u00fcr 10 L Eimer"},"content":{"rendered":"<p>Mit diesem Transportschutz aus Wabenkarton k\u00f6nnen Sie selbst 10-Liter-Kunststoffeimer (Wandfarben) sicher per Post transportieren. Durch die Form des Transportschutzes und des dazugeh\u00f6rige Topsheet bleibt der Farbeimer gut zentriert im Umkarton. Im Falle eines Sturzes f\u00e4ngt der Karton die Kr\u00e4fte weitgehend auf und sch\u00fctzen den Eimer. Wir empfehlen, den Rand des Deckels rundherum mit einem Papierklebeband abzudichten, damit im Falle eines Sturzes kein Farbtropfen durch den Rand austreten kann.<\/p>\n","protected":false},"excerpt":{"rendered":"<p>Mit diesem Transportschutz aus Wabenkarton k\u00f6nnen Sie selbst 10-Liter-Kunststoffeimer (Wandfarben) sicher per Post transportieren. Durch die Form des Transportschutzes und des dazugeh\u00f6rige Topsheet bleibt der Farbeimer gut zentriert im Umkarton. Im Falle eines Sturzes f\u00e4ngt der Karton die Kr\u00e4fte weitgehend auf und sch\u00fctzen den Eimer. Wir empfehlen, den Rand des Deckels rundherum mit einem Papierklebeband [&hellip;]<\/p>\n","protected":false},"featured_media":37849,"comment_status":"open","ping_status":"closed","template":"","meta":[],"product_brand":[],"product_cat":[11056],"product_tag":[],"markten":[],"class_list":{"0":"post-69195","1":"product","2":"type-product","3":"status-publish","4":"has-post-thumbnail","6":"product_cat-losungen-fur-e-commerce","8":"first","9":"instock","10":"shipping-taxable","11":"purchasable","12":"product-type-simple"},"yoast_head":"<!-- This site is optimized with the Yoast SEO plugin v26.9 - https:\/\/yoast.com\/product\/yoast-seo-wordpress\/ -->\n<title>Honeycomb Board f\u00fcr 10 L Eimer - GO Paint<\/title>\n<meta name=\"description\" content=\"Mit diesem Transportschutz aus Wabenkarton k\u00f6nnen Sie selbst 10-Liter-Kunststoffeimer (Wandfarben) sicher per Post transportieren. Durch die Form des\" \/>\n<meta name=\"robots\" content=\"index, follow, max-snippet:-1, max-image-preview:large, max-video-preview:-1\" \/>\n<link rel=\"canonical\" href=\"https:\/\/go-paint.com\/de\/produkte\/30800075\/honeycomb-board-fur-10-l-eimer\/\" \/>\n<meta property=\"og:locale\" content=\"de_DE\" \/>\n<meta property=\"og:type\" content=\"article\" \/>\n<meta property=\"og:title\" content=\"Honeycomb Board f\u00fcr 10 L Eimer - GO Paint\" \/>\n<meta property=\"og:description\" content=\"Mit diesem Transportschutz aus Wabenkarton k\u00f6nnen Sie selbst 10-Liter-Kunststoffeimer (Wandfarben) sicher per Post transportieren. Durch die Form des\" \/>\n<meta property=\"og:url\" content=\"https:\/\/go-paint.com\/de\/produkte\/30800075\/honeycomb-board-fur-10-l-eimer\/\" \/>\n<meta property=\"og:site_name\" content=\"GO Paint\" \/>\n<meta property=\"article:modified_time\" content=\"2026-04-19T21:30:28+00:00\" \/>\n<meta property=\"og:image\" content=\"https:\/\/hildering.prod.pwstaging.tech\/app\/uploads\/sites\/2\/2025\/11\/honeycomb-board-tbv-10-ltr-emmer-featured-978c12d2-4735-427a-82cb-9f29819c3346.png\" \/>\n\t<meta property=\"og:image:width\" content=\"700\" \/>\n\t<meta property=\"og:image:height\" content=\"700\" \/>\n\t<meta property=\"og:image:type\" content=\"image\/png\" \/>\n<meta name=\"twitter:card\" content=\"summary_large_image\" \/>\n<script type=\"application\/ld+json\" class=\"yoast-schema-graph\">{\"@context\":\"https:\/\/schema.org\",\"@graph\":[{\"@type\":\"WebPage\",\"@id\":\"https:\/\/go-paint.com\/de\/produkte\/30800075\/honeycomb-board-fur-10-l-eimer\/\",\"url\":\"https:\/\/go-paint.com\/de\/produkte\/30800075\/honeycomb-board-fur-10-l-eimer\/\",\"name\":\"Honeycomb Board f\u00fcr 10 L Eimer - GO Paint\",\"isPartOf\":{\"@id\":\"https:\/\/go-paint.com\/de\/#website\"},\"primaryImageOfPage\":{\"@id\":\"https:\/\/go-paint.com\/de\/produkte\/30800075\/honeycomb-board-fur-10-l-eimer\/#primaryimage\"},\"image\":{\"@id\":\"https:\/\/go-paint.com\/de\/produkte\/30800075\/honeycomb-board-fur-10-l-eimer\/#primaryimage\"},\"thumbnailUrl\":\"https:\/\/hildering.prod.pwstaging.tech\/app\/uploads\/sites\/2\/2025\/11\/honeycomb-board-tbv-10-ltr-emmer-featured-978c12d2-4735-427a-82cb-9f29819c3346.png\",\"datePublished\":\"2026-01-26T15:30:14+00:00\",\"dateModified\":\"2026-04-19T21:30:28+00:00\",\"description\":\"Mit diesem Transportschutz aus Wabenkarton k\u00f6nnen Sie selbst 10-Liter-Kunststoffeimer (Wandfarben) sicher per Post transportieren. Durch die Form des\",\"breadcrumb\":{\"@id\":\"https:\/\/go-paint.com\/de\/produkte\/30800075\/honeycomb-board-fur-10-l-eimer\/#breadcrumb\"},\"inLanguage\":\"de-DE\",\"potentialAction\":[{\"@type\":\"ReadAction\",\"target\":[\"https:\/\/go-paint.com\/de\/produkte\/30800075\/honeycomb-board-fur-10-l-eimer\/\"]}]},{\"@type\":\"ImageObject\",\"inLanguage\":\"de-DE\",\"@id\":\"https:\/\/go-paint.com\/de\/produkte\/30800075\/honeycomb-board-fur-10-l-eimer\/#primaryimage\",\"url\":\"https:\/\/hildering.prod.pwstaging.tech\/app\/uploads\/sites\/2\/2025\/11\/honeycomb-board-tbv-10-ltr-emmer-featured-978c12d2-4735-427a-82cb-9f29819c3346.png\",\"contentUrl\":\"https:\/\/hildering.prod.pwstaging.tech\/app\/uploads\/sites\/2\/2025\/11\/honeycomb-board-tbv-10-ltr-emmer-featured-978c12d2-4735-427a-82cb-9f29819c3346.png\",\"width\":700,\"height\":700},{\"@type\":\"BreadcrumbList\",\"@id\":\"https:\/\/go-paint.com\/de\/produkte\/30800075\/honeycomb-board-fur-10-l-eimer\/#breadcrumb\",\"itemListElement\":[{\"@type\":\"ListItem\",\"position\":1,\"name\":\"Home\",\"item\":\"https:\/\/go-paint.com\/de\/\"},{\"@type\":\"ListItem\",\"position\":2,\"name\":\"Produkte\",\"item\":\"https:\/\/go-paint.com\/de\/shop\/\"},{\"@type\":\"ListItem\",\"position\":3,\"name\":\"Honeycomb Board f\u00fcr 10 L Eimer\"}]},{\"@type\":\"WebSite\",\"@id\":\"https:\/\/go-paint.com\/de\/#website\",\"url\":\"https:\/\/go-paint.com\/de\/\",\"name\":\"Go Paint\",\"description\":\"\",\"potentialAction\":[{\"@type\":\"SearchAction\",\"target\":{\"@type\":\"EntryPoint\",\"urlTemplate\":\"https:\/\/go-paint.com\/de\/?s={search_term_string}\"},\"query-input\":{\"@type\":\"PropertyValueSpecification\",\"valueRequired\":true,\"valueName\":\"search_term_string\"}}],\"inLanguage\":\"de-DE\"}]}<\/script>\n<!-- \/ Yoast SEO plugin. -->","yoast_head_json":{"title":"Honeycomb Board f\u00fcr 10 L Eimer - GO Paint","description":"Mit diesem Transportschutz aus Wabenkarton k\u00f6nnen Sie selbst 10-Liter-Kunststoffeimer (Wandfarben) sicher per Post transportieren. Durch die Form des","robots":{"index":"index","follow":"follow","max-snippet":"max-snippet:-1","max-image-preview":"max-image-preview:large","max-video-preview":"max-video-preview:-1"},"canonical":"https:\/\/go-paint.com\/de\/produkte\/30800075\/honeycomb-board-fur-10-l-eimer\/","og_locale":"de_DE","og_type":"article","og_title":"Honeycomb Board f\u00fcr 10 L Eimer - GO Paint","og_description":"Mit diesem Transportschutz aus Wabenkarton k\u00f6nnen Sie selbst 10-Liter-Kunststoffeimer (Wandfarben) sicher per Post transportieren. Durch die Form des","og_url":"https:\/\/go-paint.com\/de\/produkte\/30800075\/honeycomb-board-fur-10-l-eimer\/","og_site_name":"GO Paint","article_modified_time":"2026-04-19T21:30:28+00:00","og_image":[{"width":700,"height":700,"url":"https:\/\/hildering.prod.pwstaging.tech\/app\/uploads\/sites\/2\/2025\/11\/honeycomb-board-tbv-10-ltr-emmer-featured-978c12d2-4735-427a-82cb-9f29819c3346.png","type":"image\/png"}],"twitter_card":"summary_large_image","schema":{"@context":"https:\/\/schema.org","@graph":[{"@type":"WebPage","@id":"https:\/\/go-paint.com\/de\/produkte\/30800075\/honeycomb-board-fur-10-l-eimer\/","url":"https:\/\/go-paint.com\/de\/produkte\/30800075\/honeycomb-board-fur-10-l-eimer\/","name":"Honeycomb Board f\u00fcr 10 L Eimer - GO Paint","isPartOf":{"@id":"https:\/\/go-paint.com\/de\/#website"},"primaryImageOfPage":{"@id":"https:\/\/go-paint.com\/de\/produkte\/30800075\/honeycomb-board-fur-10-l-eimer\/#primaryimage"},"image":{"@id":"https:\/\/go-paint.com\/de\/produkte\/30800075\/honeycomb-board-fur-10-l-eimer\/#primaryimage"},"thumbnailUrl":"https:\/\/hildering.prod.pwstaging.tech\/app\/uploads\/sites\/2\/2025\/11\/honeycomb-board-tbv-10-ltr-emmer-featured-978c12d2-4735-427a-82cb-9f29819c3346.png","datePublished":"2026-01-26T15:30:14+00:00","dateModified":"2026-04-19T21:30:28+00:00","description":"Mit diesem Transportschutz aus Wabenkarton k\u00f6nnen Sie selbst 10-Liter-Kunststoffeimer (Wandfarben) sicher per Post transportieren. Durch die Form des","breadcrumb":{"@id":"https:\/\/go-paint.com\/de\/produkte\/30800075\/honeycomb-board-fur-10-l-eimer\/#breadcrumb"},"inLanguage":"de-DE","potentialAction":[{"@type":"ReadAction","target":["https:\/\/go-paint.com\/de\/produkte\/30800075\/honeycomb-board-fur-10-l-eimer\/"]}]},{"@type":"ImageObject","inLanguage":"de-DE","@id":"https:\/\/go-paint.com\/de\/produkte\/30800075\/honeycomb-board-fur-10-l-eimer\/#primaryimage","url":"https:\/\/hildering.prod.pwstaging.tech\/app\/uploads\/sites\/2\/2025\/11\/honeycomb-board-tbv-10-ltr-emmer-featured-978c12d2-4735-427a-82cb-9f29819c3346.png","contentUrl":"https:\/\/hildering.prod.pwstaging.tech\/app\/uploads\/sites\/2\/2025\/11\/honeycomb-board-tbv-10-ltr-emmer-featured-978c12d2-4735-427a-82cb-9f29819c3346.png","width":700,"height":700},{"@type":"BreadcrumbList","@id":"https:\/\/go-paint.com\/de\/produkte\/30800075\/honeycomb-board-fur-10-l-eimer\/#breadcrumb","itemListElement":[{"@type":"ListItem","position":1,"name":"Home","item":"https:\/\/go-paint.com\/de\/"},{"@type":"ListItem","position":2,"name":"Produkte","item":"https:\/\/go-paint.com\/de\/shop\/"},{"@type":"ListItem","position":3,"name":"Honeycomb Board f\u00fcr 10 L Eimer"}]},{"@type":"WebSite","@id":"https:\/\/go-paint.com\/de\/#website","url":"https:\/\/go-paint.com\/de\/","name":"Go Paint","description":"","potentialAction":[{"@type":"SearchAction","target":{"@type":"EntryPoint","urlTemplate":"https:\/\/go-paint.com\/de\/?s={search_term_string}"},"query-input":{"@type":"PropertyValueSpecification","valueRequired":true,"valueName":"search_term_string"}}],"inLanguage":"de-DE"}]}},"_links":{"self":[{"href":"https:\/\/go-paint.com\/de\/wp-json\/wp\/v2\/product\/69195","targetHints":{"allow":["GET"]}}],"collection":[{"href":"https:\/\/go-paint.com\/de\/wp-json\/wp\/v2\/product"}],"about":[{"href":"https:\/\/go-paint.com\/de\/wp-json\/wp\/v2\/types\/product"}],"replies":[{"embeddable":true,"href":"https:\/\/go-paint.com\/de\/wp-json\/wp\/v2\/comments?post=69195"}],"wp:featuredmedia":[{"embeddable":true,"href":"https:\/\/go-paint.com\/de\/wp-json\/wp\/v2\/media\/37849"}],"wp:attachment":[{"href":"https:\/\/go-paint.com\/de\/wp-json\/wp\/v2\/media?parent=69195"}],"wp:term":[{"taxonomy":"product_brand","embeddable":true,"href":"https:\/\/go-paint.com\/de\/wp-json\/wp\/v2\/product_brand?post=69195"},{"taxonomy":"product_cat","embeddable":true,"href":"https:\/\/go-paint.com\/de\/wp-json\/wp\/v2\/product_cat?post=69195"},{"taxonomy":"product_tag","embeddable":true,"href":"https:\/\/go-paint.com\/de\/wp-json\/wp\/v2\/product_tag?post=69195"},{"taxonomy":"markten","embeddable":true,"href":"https:\/\/go-paint.com\/de\/wp-json\/wp\/v2\/markten?post=69195"}],"curies":[{"name":"wp","href":"https:\/\/api.w.org\/{rel}","templated":true}]}}