{"id":69198,"date":"2026-01-26T15:30:17","date_gmt":"2026-01-26T15:30:17","guid":{"rendered":"https:\/\/go-paint.com\/product\/amerikanische-faltschachtel-fur-10-liter-eimer\/"},"modified":"2026-04-18T21:29:00","modified_gmt":"2026-04-18T21:29:00","slug":"amerikanischer-karton-fur-10-liter-eimer","status":"publish","type":"product","link":"https:\/\/go-paint.com\/de\/produkte\/30800076\/amerikanischer-karton-fur-10-liter-eimer\/","title":{"rendered":"Amerikanischer Karton f\u00fcr 10-Liter-Eimer"},"content":{"rendered":"<p>Dieser stabile Au\u00dfenkarton eignet sich f\u00fcr den sicheren und effizienten Transport von 10-Liter-Eimern (Farbe), zusammen mit einemn Honeycomb Board und einem Topsheet, mit dem Paketdienst. Das Honeycoamb Board und das Topsheet sorgen daf\u00fcr, dass der Eimer im Falle eines Sturzes nicht die Wand des Kartons ber\u00fchrt, was die Sicherheir erh\u00f6ht!<\/p>\n","protected":false},"excerpt":{"rendered":"<p>Dieser stabile Au\u00dfenkarton eignet sich f\u00fcr den sicheren und effizienten Transport von 10-Liter-Eimern (Farbe), zusammen mit einemn Honeycomb Board und einem Topsheet, mit dem Paketdienst. Das Honeycoamb Board und das Topsheet sorgen daf\u00fcr, dass der Eimer im Falle eines Sturzes nicht die Wand des Kartons ber\u00fchrt, was die Sicherheir erh\u00f6ht!<\/p>\n","protected":false},"featured_media":78893,"comment_status":"open","ping_status":"closed","template":"","meta":[],"product_brand":[],"product_cat":[11056],"product_tag":[],"markten":[],"class_list":{"0":"post-69198","1":"product","2":"type-product","3":"status-publish","4":"has-post-thumbnail","6":"product_cat-losungen-fur-e-commerce","8":"first","9":"instock","10":"shipping-taxable","11":"purchasable","12":"product-type-simple"},"yoast_head":"<!-- This site is optimized with the Yoast SEO plugin v26.9 - https:\/\/yoast.com\/product\/yoast-seo-wordpress\/ -->\n<title>Amerikanischer Karton f\u00fcr 10-Liter-Eimer - GO Paint<\/title>\n<meta name=\"description\" content=\"Dieser stabile Au\u00dfenkarton eignet sich f\u00fcr den sicheren und effizienten Transport von 10-Liter-Eimern (Farbe), zusammen mit einemn Honeycomb Board und\" \/>\n<meta name=\"robots\" content=\"index, follow, max-snippet:-1, max-image-preview:large, max-video-preview:-1\" \/>\n<link rel=\"canonical\" href=\"https:\/\/go-paint.com\/de\/produkte\/30800076\/amerikanischer-karton-fur-10-liter-eimer\/\" \/>\n<meta property=\"og:locale\" content=\"de_DE\" \/>\n<meta property=\"og:type\" content=\"article\" \/>\n<meta property=\"og:title\" content=\"Amerikanischer Karton f\u00fcr 10-Liter-Eimer - GO Paint\" \/>\n<meta property=\"og:description\" content=\"Dieser stabile Au\u00dfenkarton eignet sich f\u00fcr den sicheren und effizienten Transport von 10-Liter-Eimern (Farbe), zusammen mit einemn Honeycomb Board und\" \/>\n<meta property=\"og:url\" content=\"https:\/\/go-paint.com\/de\/produkte\/30800076\/amerikanischer-karton-fur-10-liter-eimer\/\" \/>\n<meta property=\"og:site_name\" content=\"GO Paint\" \/>\n<meta property=\"article:modified_time\" content=\"2026-04-18T21:29:00+00:00\" \/>\n<meta property=\"og:image\" content=\"https:\/\/hildering.prod.pwstaging.tech\/app\/uploads\/sites\/2\/2026\/02\/amerikaanse-vouwdoos-tbv-10-liter-emmer-featured-98f6711c-8457-4206-bc4a-2027c870034d.png\" \/>\n\t<meta property=\"og:image:width\" content=\"700\" \/>\n\t<meta property=\"og:image:height\" content=\"700\" \/>\n\t<meta property=\"og:image:type\" content=\"image\/png\" \/>\n<meta name=\"twitter:card\" content=\"summary_large_image\" \/>\n<script type=\"application\/ld+json\" class=\"yoast-schema-graph\">{\"@context\":\"https:\/\/schema.org\",\"@graph\":[{\"@type\":\"WebPage\",\"@id\":\"https:\/\/go-paint.com\/de\/produkte\/30800076\/amerikanischer-karton-fur-10-liter-eimer\/\",\"url\":\"https:\/\/go-paint.com\/de\/produkte\/30800076\/amerikanischer-karton-fur-10-liter-eimer\/\",\"name\":\"Amerikanischer Karton f\u00fcr 10-Liter-Eimer - GO Paint\",\"isPartOf\":{\"@id\":\"https:\/\/go-paint.com\/de\/#website\"},\"primaryImageOfPage\":{\"@id\":\"https:\/\/go-paint.com\/de\/produkte\/30800076\/amerikanischer-karton-fur-10-liter-eimer\/#primaryimage\"},\"image\":{\"@id\":\"https:\/\/go-paint.com\/de\/produkte\/30800076\/amerikanischer-karton-fur-10-liter-eimer\/#primaryimage\"},\"thumbnailUrl\":\"https:\/\/hildering.prod.pwstaging.tech\/app\/uploads\/sites\/2\/2026\/02\/amerikaanse-vouwdoos-tbv-10-liter-emmer-featured-98f6711c-8457-4206-bc4a-2027c870034d.png\",\"datePublished\":\"2026-01-26T15:30:17+00:00\",\"dateModified\":\"2026-04-18T21:29:00+00:00\",\"description\":\"Dieser stabile Au\u00dfenkarton eignet sich f\u00fcr den sicheren und effizienten Transport von 10-Liter-Eimern (Farbe), zusammen mit einemn Honeycomb Board und\",\"breadcrumb\":{\"@id\":\"https:\/\/go-paint.com\/de\/produkte\/30800076\/amerikanischer-karton-fur-10-liter-eimer\/#breadcrumb\"},\"inLanguage\":\"de-DE\",\"potentialAction\":[{\"@type\":\"ReadAction\",\"target\":[\"https:\/\/go-paint.com\/de\/produkte\/30800076\/amerikanischer-karton-fur-10-liter-eimer\/\"]}]},{\"@type\":\"ImageObject\",\"inLanguage\":\"de-DE\",\"@id\":\"https:\/\/go-paint.com\/de\/produkte\/30800076\/amerikanischer-karton-fur-10-liter-eimer\/#primaryimage\",\"url\":\"https:\/\/hildering.prod.pwstaging.tech\/app\/uploads\/sites\/2\/2026\/02\/amerikaanse-vouwdoos-tbv-10-liter-emmer-featured-98f6711c-8457-4206-bc4a-2027c870034d.png\",\"contentUrl\":\"https:\/\/hildering.prod.pwstaging.tech\/app\/uploads\/sites\/2\/2026\/02\/amerikaanse-vouwdoos-tbv-10-liter-emmer-featured-98f6711c-8457-4206-bc4a-2027c870034d.png\",\"width\":700,\"height\":700},{\"@type\":\"BreadcrumbList\",\"@id\":\"https:\/\/go-paint.com\/de\/produkte\/30800076\/amerikanischer-karton-fur-10-liter-eimer\/#breadcrumb\",\"itemListElement\":[{\"@type\":\"ListItem\",\"position\":1,\"name\":\"Home\",\"item\":\"https:\/\/go-paint.com\/de\/\"},{\"@type\":\"ListItem\",\"position\":2,\"name\":\"Produkte\",\"item\":\"https:\/\/go-paint.com\/de\/shop\/\"},{\"@type\":\"ListItem\",\"position\":3,\"name\":\"Amerikanischer Karton f\u00fcr 10-Liter-Eimer\"}]},{\"@type\":\"WebSite\",\"@id\":\"https:\/\/go-paint.com\/de\/#website\",\"url\":\"https:\/\/go-paint.com\/de\/\",\"name\":\"Go Paint\",\"description\":\"\",\"potentialAction\":[{\"@type\":\"SearchAction\",\"target\":{\"@type\":\"EntryPoint\",\"urlTemplate\":\"https:\/\/go-paint.com\/de\/?s={search_term_string}\"},\"query-input\":{\"@type\":\"PropertyValueSpecification\",\"valueRequired\":true,\"valueName\":\"search_term_string\"}}],\"inLanguage\":\"de-DE\"}]}<\/script>\n<!-- \/ Yoast SEO plugin. -->","yoast_head_json":{"title":"Amerikanischer Karton f\u00fcr 10-Liter-Eimer - GO Paint","description":"Dieser stabile Au\u00dfenkarton eignet sich f\u00fcr den sicheren und effizienten Transport von 10-Liter-Eimern (Farbe), zusammen mit einemn Honeycomb Board und","robots":{"index":"index","follow":"follow","max-snippet":"max-snippet:-1","max-image-preview":"max-image-preview:large","max-video-preview":"max-video-preview:-1"},"canonical":"https:\/\/go-paint.com\/de\/produkte\/30800076\/amerikanischer-karton-fur-10-liter-eimer\/","og_locale":"de_DE","og_type":"article","og_title":"Amerikanischer Karton f\u00fcr 10-Liter-Eimer - GO Paint","og_description":"Dieser stabile Au\u00dfenkarton eignet sich f\u00fcr den sicheren und effizienten Transport von 10-Liter-Eimern (Farbe), zusammen mit einemn Honeycomb Board und","og_url":"https:\/\/go-paint.com\/de\/produkte\/30800076\/amerikanischer-karton-fur-10-liter-eimer\/","og_site_name":"GO Paint","article_modified_time":"2026-04-18T21:29:00+00:00","og_image":[{"width":700,"height":700,"url":"https:\/\/hildering.prod.pwstaging.tech\/app\/uploads\/sites\/2\/2026\/02\/amerikaanse-vouwdoos-tbv-10-liter-emmer-featured-98f6711c-8457-4206-bc4a-2027c870034d.png","type":"image\/png"}],"twitter_card":"summary_large_image","schema":{"@context":"https:\/\/schema.org","@graph":[{"@type":"WebPage","@id":"https:\/\/go-paint.com\/de\/produkte\/30800076\/amerikanischer-karton-fur-10-liter-eimer\/","url":"https:\/\/go-paint.com\/de\/produkte\/30800076\/amerikanischer-karton-fur-10-liter-eimer\/","name":"Amerikanischer Karton f\u00fcr 10-Liter-Eimer - GO Paint","isPartOf":{"@id":"https:\/\/go-paint.com\/de\/#website"},"primaryImageOfPage":{"@id":"https:\/\/go-paint.com\/de\/produkte\/30800076\/amerikanischer-karton-fur-10-liter-eimer\/#primaryimage"},"image":{"@id":"https:\/\/go-paint.com\/de\/produkte\/30800076\/amerikanischer-karton-fur-10-liter-eimer\/#primaryimage"},"thumbnailUrl":"https:\/\/hildering.prod.pwstaging.tech\/app\/uploads\/sites\/2\/2026\/02\/amerikaanse-vouwdoos-tbv-10-liter-emmer-featured-98f6711c-8457-4206-bc4a-2027c870034d.png","datePublished":"2026-01-26T15:30:17+00:00","dateModified":"2026-04-18T21:29:00+00:00","description":"Dieser stabile Au\u00dfenkarton eignet sich f\u00fcr den sicheren und effizienten Transport von 10-Liter-Eimern (Farbe), zusammen mit einemn Honeycomb Board und","breadcrumb":{"@id":"https:\/\/go-paint.com\/de\/produkte\/30800076\/amerikanischer-karton-fur-10-liter-eimer\/#breadcrumb"},"inLanguage":"de-DE","potentialAction":[{"@type":"ReadAction","target":["https:\/\/go-paint.com\/de\/produkte\/30800076\/amerikanischer-karton-fur-10-liter-eimer\/"]}]},{"@type":"ImageObject","inLanguage":"de-DE","@id":"https:\/\/go-paint.com\/de\/produkte\/30800076\/amerikanischer-karton-fur-10-liter-eimer\/#primaryimage","url":"https:\/\/hildering.prod.pwstaging.tech\/app\/uploads\/sites\/2\/2026\/02\/amerikaanse-vouwdoos-tbv-10-liter-emmer-featured-98f6711c-8457-4206-bc4a-2027c870034d.png","contentUrl":"https:\/\/hildering.prod.pwstaging.tech\/app\/uploads\/sites\/2\/2026\/02\/amerikaanse-vouwdoos-tbv-10-liter-emmer-featured-98f6711c-8457-4206-bc4a-2027c870034d.png","width":700,"height":700},{"@type":"BreadcrumbList","@id":"https:\/\/go-paint.com\/de\/produkte\/30800076\/amerikanischer-karton-fur-10-liter-eimer\/#breadcrumb","itemListElement":[{"@type":"ListItem","position":1,"name":"Home","item":"https:\/\/go-paint.com\/de\/"},{"@type":"ListItem","position":2,"name":"Produkte","item":"https:\/\/go-paint.com\/de\/shop\/"},{"@type":"ListItem","position":3,"name":"Amerikanischer Karton f\u00fcr 10-Liter-Eimer"}]},{"@type":"WebSite","@id":"https:\/\/go-paint.com\/de\/#website","url":"https:\/\/go-paint.com\/de\/","name":"Go Paint","description":"","potentialAction":[{"@type":"SearchAction","target":{"@type":"EntryPoint","urlTemplate":"https:\/\/go-paint.com\/de\/?s={search_term_string}"},"query-input":{"@type":"PropertyValueSpecification","valueRequired":true,"valueName":"search_term_string"}}],"inLanguage":"de-DE"}]}},"_links":{"self":[{"href":"https:\/\/go-paint.com\/de\/wp-json\/wp\/v2\/product\/69198","targetHints":{"allow":["GET"]}}],"collection":[{"href":"https:\/\/go-paint.com\/de\/wp-json\/wp\/v2\/product"}],"about":[{"href":"https:\/\/go-paint.com\/de\/wp-json\/wp\/v2\/types\/product"}],"replies":[{"embeddable":true,"href":"https:\/\/go-paint.com\/de\/wp-json\/wp\/v2\/comments?post=69198"}],"wp:featuredmedia":[{"embeddable":true,"href":"https:\/\/go-paint.com\/de\/wp-json\/wp\/v2\/media\/78893"}],"wp:attachment":[{"href":"https:\/\/go-paint.com\/de\/wp-json\/wp\/v2\/media?parent=69198"}],"wp:term":[{"taxonomy":"product_brand","embeddable":true,"href":"https:\/\/go-paint.com\/de\/wp-json\/wp\/v2\/product_brand?post=69198"},{"taxonomy":"product_cat","embeddable":true,"href":"https:\/\/go-paint.com\/de\/wp-json\/wp\/v2\/product_cat?post=69198"},{"taxonomy":"product_tag","embeddable":true,"href":"https:\/\/go-paint.com\/de\/wp-json\/wp\/v2\/product_tag?post=69198"},{"taxonomy":"markten","embeddable":true,"href":"https:\/\/go-paint.com\/de\/wp-json\/wp\/v2\/markten?post=69198"}],"curies":[{"name":"wp","href":"https:\/\/api.w.org\/{rel}","templated":true}]}}