{"id":69224,"date":"2026-01-26T18:44:08","date_gmt":"2026-01-26T18:44:08","guid":{"rendered":"https:\/\/go-paint.com\/product\/malereimer\/"},"modified":"2026-03-05T21:31:06","modified_gmt":"2026-03-05T21:31:06","slug":"malereimer","status":"publish","type":"product","link":"https:\/\/go-paint.com\/de\/produkte\/40400003\/malereimer\/","title":{"rendered":"Malereimer"},"content":{"rendered":"<p>Der Malereimer geh\u00f6rt zur Ausr\u00fcstung eines jeden niederl\u00e4ndischen Profi-Malers und erfreut sich auch im \u00fcbrigen Europa immer gr\u00f6\u00dferer Beliebtheit. Es handelt sich um eine leichte, hochwertiger Wei\u00dfblecheimer, die mit unseren Einstellbeh\u00e4ltern oder unseren extra d\u00fcnnen Linern mit Riffelung verwendet wird. Sie hat eine gr\u00f6\u00dfere \u00d6ffnung als eine Farbdose, was das Malen aus ihr noch einfacher macht. Das Ausgie\u00dfen von Farbe aus der Verpackung in einen Malereimer\u00a0hat den zus\u00e4tzlichen Vorteil, dass Sie nur die ben\u00f6tigte Farbmenge aus der Originalverpackung entnehmen. Der Rest bleibt sauber in der Farbdose aufbewahrt. Diese Eimer sind blank, wei\u00df, schwarz, bedruckt und\/oder etikettiert erh\u00e4ltlich, also auch mit Ihrem eigenen Farbmarken- oder Malerbetriebslogo m\u00f6glich. Fragen Sie uns nach den M\u00f6glichkeiten.<\/p>\n","protected":false},"excerpt":{"rendered":"<p>Der Malereimer geh\u00f6rt zur Ausr\u00fcstung eines jeden niederl\u00e4ndischen Profi-Malers und erfreut sich auch im \u00fcbrigen Europa immer gr\u00f6\u00dferer Beliebtheit. Es handelt sich um eine leichte, hochwertiger Wei\u00dfblecheimer, die mit unseren Einstellbeh\u00e4ltern oder unseren extra d\u00fcnnen Linern mit Riffelung verwendet wird. Sie hat eine gr\u00f6\u00dfere \u00d6ffnung als eine Farbdose, was das Malen aus ihr noch einfacher [&hellip;]<\/p>\n","protected":false},"featured_media":36837,"comment_status":"open","ping_status":"closed","template":"","meta":[],"product_brand":[],"product_cat":[11041],"product_tag":[],"markten":[11092,11095,11104,11107,11110,11113,11116,11119,11125],"class_list":{"0":"post-69224","1":"product","2":"type-product","3":"status-publish","4":"has-post-thumbnail","6":"product_cat-malereimer-und-einstellbehalter","7":"markten-autolacke","8":"markten-beizen-und-lacke","9":"markten-industrielacke","10":"markten-inkt","11":"markten-klebstoffe","12":"markten-marine-coatings","13":"markten-wandfarben","14":"markten-ol-und-schmiermittel","15":"markten-lebensmittel","17":"first","18":"instock","19":"shipping-taxable","20":"purchasable","21":"product-type-simple"},"yoast_head":"<!-- This site is optimized with the Yoast SEO plugin v26.9 - https:\/\/yoast.com\/product\/yoast-seo-wordpress\/ -->\n<title>Malereimer - GO Paint<\/title>\n<meta name=\"description\" content=\"Der Malereimer geh\u00f6rt zur Ausr\u00fcstung eines jeden niederl\u00e4ndischen Profi-Malers und erfreut sich auch im \u00fcbrigen Europa immer gr\u00f6\u00dferer Beliebtheit. Es\" \/>\n<meta name=\"robots\" content=\"index, follow, max-snippet:-1, max-image-preview:large, max-video-preview:-1\" \/>\n<link rel=\"canonical\" href=\"https:\/\/go-paint.com\/de\/produkte\/40400003\/malereimer\/\" \/>\n<meta property=\"og:locale\" content=\"de_DE\" \/>\n<meta property=\"og:type\" content=\"article\" \/>\n<meta property=\"og:title\" content=\"Malereimer - GO Paint\" \/>\n<meta property=\"og:description\" content=\"Der Malereimer geh\u00f6rt zur Ausr\u00fcstung eines jeden niederl\u00e4ndischen Profi-Malers und erfreut sich auch im \u00fcbrigen Europa immer gr\u00f6\u00dferer Beliebtheit. Es\" \/>\n<meta property=\"og:url\" content=\"https:\/\/go-paint.com\/de\/produkte\/40400003\/malereimer\/\" \/>\n<meta property=\"og:site_name\" content=\"GO Paint\" \/>\n<meta property=\"article:modified_time\" content=\"2026-03-05T21:31:06+00:00\" \/>\n<meta property=\"og:image\" content=\"https:\/\/hildering.prod.pwstaging.tech\/app\/uploads\/sites\/2\/2025\/11\/strijkvaatje-featured-2816fdb7-6a15-4408-b2cf-3c31c0f13400.png\" \/>\n\t<meta property=\"og:image:width\" content=\"700\" \/>\n\t<meta property=\"og:image:height\" content=\"700\" \/>\n\t<meta property=\"og:image:type\" content=\"image\/png\" \/>\n<meta name=\"twitter:card\" content=\"summary_large_image\" \/>\n<meta name=\"twitter:label1\" content=\"Est. reading time\" \/>\n\t<meta name=\"twitter:data1\" content=\"1 minute\" \/>\n<script type=\"application\/ld+json\" class=\"yoast-schema-graph\">{\"@context\":\"https:\/\/schema.org\",\"@graph\":[{\"@type\":\"WebPage\",\"@id\":\"https:\/\/go-paint.com\/de\/produkte\/40400003\/malereimer\/\",\"url\":\"https:\/\/go-paint.com\/de\/produkte\/40400003\/malereimer\/\",\"name\":\"Malereimer - GO Paint\",\"isPartOf\":{\"@id\":\"https:\/\/go-paint.com\/de\/#website\"},\"primaryImageOfPage\":{\"@id\":\"https:\/\/go-paint.com\/de\/produkte\/40400003\/malereimer\/#primaryimage\"},\"image\":{\"@id\":\"https:\/\/go-paint.com\/de\/produkte\/40400003\/malereimer\/#primaryimage\"},\"thumbnailUrl\":\"https:\/\/hildering.prod.pwstaging.tech\/app\/uploads\/sites\/2\/2025\/11\/strijkvaatje-featured-2816fdb7-6a15-4408-b2cf-3c31c0f13400.png\",\"datePublished\":\"2026-01-26T18:44:08+00:00\",\"dateModified\":\"2026-03-05T21:31:06+00:00\",\"description\":\"Der Malereimer geh\u00f6rt zur Ausr\u00fcstung eines jeden niederl\u00e4ndischen Profi-Malers und erfreut sich auch im \u00fcbrigen Europa immer gr\u00f6\u00dferer Beliebtheit. Es\",\"breadcrumb\":{\"@id\":\"https:\/\/go-paint.com\/de\/produkte\/40400003\/malereimer\/#breadcrumb\"},\"inLanguage\":\"de-DE\",\"potentialAction\":[{\"@type\":\"ReadAction\",\"target\":[\"https:\/\/go-paint.com\/de\/produkte\/40400003\/malereimer\/\"]}]},{\"@type\":\"ImageObject\",\"inLanguage\":\"de-DE\",\"@id\":\"https:\/\/go-paint.com\/de\/produkte\/40400003\/malereimer\/#primaryimage\",\"url\":\"https:\/\/hildering.prod.pwstaging.tech\/app\/uploads\/sites\/2\/2025\/11\/strijkvaatje-featured-2816fdb7-6a15-4408-b2cf-3c31c0f13400.png\",\"contentUrl\":\"https:\/\/hildering.prod.pwstaging.tech\/app\/uploads\/sites\/2\/2025\/11\/strijkvaatje-featured-2816fdb7-6a15-4408-b2cf-3c31c0f13400.png\",\"width\":700,\"height\":700},{\"@type\":\"BreadcrumbList\",\"@id\":\"https:\/\/go-paint.com\/de\/produkte\/40400003\/malereimer\/#breadcrumb\",\"itemListElement\":[{\"@type\":\"ListItem\",\"position\":1,\"name\":\"Home\",\"item\":\"https:\/\/go-paint.com\/de\/\"},{\"@type\":\"ListItem\",\"position\":2,\"name\":\"Produkte\",\"item\":\"https:\/\/go-paint.com\/de\/shop\/\"},{\"@type\":\"ListItem\",\"position\":3,\"name\":\"Malereimer\"}]},{\"@type\":\"WebSite\",\"@id\":\"https:\/\/go-paint.com\/de\/#website\",\"url\":\"https:\/\/go-paint.com\/de\/\",\"name\":\"GO Paint\",\"description\":\"\",\"potentialAction\":[{\"@type\":\"SearchAction\",\"target\":{\"@type\":\"EntryPoint\",\"urlTemplate\":\"https:\/\/go-paint.com\/de\/?s={search_term_string}\"},\"query-input\":{\"@type\":\"PropertyValueSpecification\",\"valueRequired\":true,\"valueName\":\"search_term_string\"}}],\"inLanguage\":\"de-DE\"}]}<\/script>\n<!-- \/ Yoast SEO plugin. -->","yoast_head_json":{"title":"Malereimer - GO Paint","description":"Der Malereimer geh\u00f6rt zur Ausr\u00fcstung eines jeden niederl\u00e4ndischen Profi-Malers und erfreut sich auch im \u00fcbrigen Europa immer gr\u00f6\u00dferer Beliebtheit. Es","robots":{"index":"index","follow":"follow","max-snippet":"max-snippet:-1","max-image-preview":"max-image-preview:large","max-video-preview":"max-video-preview:-1"},"canonical":"https:\/\/go-paint.com\/de\/produkte\/40400003\/malereimer\/","og_locale":"de_DE","og_type":"article","og_title":"Malereimer - GO Paint","og_description":"Der Malereimer geh\u00f6rt zur Ausr\u00fcstung eines jeden niederl\u00e4ndischen Profi-Malers und erfreut sich auch im \u00fcbrigen Europa immer gr\u00f6\u00dferer Beliebtheit. Es","og_url":"https:\/\/go-paint.com\/de\/produkte\/40400003\/malereimer\/","og_site_name":"GO Paint","article_modified_time":"2026-03-05T21:31:06+00:00","og_image":[{"width":700,"height":700,"url":"https:\/\/hildering.prod.pwstaging.tech\/app\/uploads\/sites\/2\/2025\/11\/strijkvaatje-featured-2816fdb7-6a15-4408-b2cf-3c31c0f13400.png","type":"image\/png"}],"twitter_card":"summary_large_image","twitter_misc":{"Est. reading time":"1 minute"},"schema":{"@context":"https:\/\/schema.org","@graph":[{"@type":"WebPage","@id":"https:\/\/go-paint.com\/de\/produkte\/40400003\/malereimer\/","url":"https:\/\/go-paint.com\/de\/produkte\/40400003\/malereimer\/","name":"Malereimer - GO Paint","isPartOf":{"@id":"https:\/\/go-paint.com\/de\/#website"},"primaryImageOfPage":{"@id":"https:\/\/go-paint.com\/de\/produkte\/40400003\/malereimer\/#primaryimage"},"image":{"@id":"https:\/\/go-paint.com\/de\/produkte\/40400003\/malereimer\/#primaryimage"},"thumbnailUrl":"https:\/\/hildering.prod.pwstaging.tech\/app\/uploads\/sites\/2\/2025\/11\/strijkvaatje-featured-2816fdb7-6a15-4408-b2cf-3c31c0f13400.png","datePublished":"2026-01-26T18:44:08+00:00","dateModified":"2026-03-05T21:31:06+00:00","description":"Der Malereimer geh\u00f6rt zur Ausr\u00fcstung eines jeden niederl\u00e4ndischen Profi-Malers und erfreut sich auch im \u00fcbrigen Europa immer gr\u00f6\u00dferer Beliebtheit. Es","breadcrumb":{"@id":"https:\/\/go-paint.com\/de\/produkte\/40400003\/malereimer\/#breadcrumb"},"inLanguage":"de-DE","potentialAction":[{"@type":"ReadAction","target":["https:\/\/go-paint.com\/de\/produkte\/40400003\/malereimer\/"]}]},{"@type":"ImageObject","inLanguage":"de-DE","@id":"https:\/\/go-paint.com\/de\/produkte\/40400003\/malereimer\/#primaryimage","url":"https:\/\/hildering.prod.pwstaging.tech\/app\/uploads\/sites\/2\/2025\/11\/strijkvaatje-featured-2816fdb7-6a15-4408-b2cf-3c31c0f13400.png","contentUrl":"https:\/\/hildering.prod.pwstaging.tech\/app\/uploads\/sites\/2\/2025\/11\/strijkvaatje-featured-2816fdb7-6a15-4408-b2cf-3c31c0f13400.png","width":700,"height":700},{"@type":"BreadcrumbList","@id":"https:\/\/go-paint.com\/de\/produkte\/40400003\/malereimer\/#breadcrumb","itemListElement":[{"@type":"ListItem","position":1,"name":"Home","item":"https:\/\/go-paint.com\/de\/"},{"@type":"ListItem","position":2,"name":"Produkte","item":"https:\/\/go-paint.com\/de\/shop\/"},{"@type":"ListItem","position":3,"name":"Malereimer"}]},{"@type":"WebSite","@id":"https:\/\/go-paint.com\/de\/#website","url":"https:\/\/go-paint.com\/de\/","name":"GO Paint","description":"","potentialAction":[{"@type":"SearchAction","target":{"@type":"EntryPoint","urlTemplate":"https:\/\/go-paint.com\/de\/?s={search_term_string}"},"query-input":{"@type":"PropertyValueSpecification","valueRequired":true,"valueName":"search_term_string"}}],"inLanguage":"de-DE"}]}},"_links":{"self":[{"href":"https:\/\/go-paint.com\/de\/wp-json\/wp\/v2\/product\/69224","targetHints":{"allow":["GET"]}}],"collection":[{"href":"https:\/\/go-paint.com\/de\/wp-json\/wp\/v2\/product"}],"about":[{"href":"https:\/\/go-paint.com\/de\/wp-json\/wp\/v2\/types\/product"}],"replies":[{"embeddable":true,"href":"https:\/\/go-paint.com\/de\/wp-json\/wp\/v2\/comments?post=69224"}],"wp:featuredmedia":[{"embeddable":true,"href":"https:\/\/go-paint.com\/de\/wp-json\/wp\/v2\/media\/36837"}],"wp:attachment":[{"href":"https:\/\/go-paint.com\/de\/wp-json\/wp\/v2\/media?parent=69224"}],"wp:term":[{"taxonomy":"product_brand","embeddable":true,"href":"https:\/\/go-paint.com\/de\/wp-json\/wp\/v2\/product_brand?post=69224"},{"taxonomy":"product_cat","embeddable":true,"href":"https:\/\/go-paint.com\/de\/wp-json\/wp\/v2\/product_cat?post=69224"},{"taxonomy":"product_tag","embeddable":true,"href":"https:\/\/go-paint.com\/de\/wp-json\/wp\/v2\/product_tag?post=69224"},{"taxonomy":"markten","embeddable":true,"href":"https:\/\/go-paint.com\/de\/wp-json\/wp\/v2\/markten?post=69224"}],"curies":[{"name":"wp","href":"https:\/\/api.w.org\/{rel}","templated":true}]}}