{"id":69233,"date":"2026-01-26T19:13:18","date_gmt":"2026-01-26T19:13:18","guid":{"rendered":"https:\/\/go-paint.com\/product\/einstellbehalter\/"},"modified":"2026-04-15T22:00:27","modified_gmt":"2026-04-15T22:00:27","slug":"einstellbehalter","status":"publish","type":"product","link":"https:\/\/go-paint.com\/de\/produkte\/40410007\/einstellbehalter\/","title":{"rendered":"Einstellbeh\u00e4lter"},"content":{"rendered":"<p>Die meisten professionellen Maler verwenden ein\u00a0Malereimer mit einem Kunststoff-Einstellbeh\u00e4lter, um die Farbe gleichm\u00e4\u00dfig zu verteilen und zu mischen.\u202fSo k\u00f6nnen Sie schnell zwischen Farben oder Farbtypen wechseln. Dank des extra breiten Abstreifrands arbeiten Sie\u00a0noch angenehmer. Der Malereimer bleibt sauber, und sie sparen viel Zeit!<\/p>\n","protected":false},"excerpt":{"rendered":"<p>Die meisten professionellen Maler verwenden ein\u00a0Malereimer mit einem Kunststoff-Einstellbeh\u00e4lter, um die Farbe gleichm\u00e4\u00dfig zu verteilen und zu mischen.\u202fSo k\u00f6nnen Sie schnell zwischen Farben oder Farbtypen wechseln. Dank des extra breiten Abstreifrands arbeiten Sie\u00a0noch angenehmer. Der Malereimer bleibt sauber, und sie sparen viel Zeit!<\/p>\n","protected":false},"featured_media":37525,"comment_status":"open","ping_status":"closed","template":"","meta":[],"product_brand":[],"product_cat":[11044,11041],"product_tag":[],"markten":[11125,11092,11110,11119],"class_list":{"0":"post-69233","1":"product","2":"type-product","3":"status-publish","4":"has-post-thumbnail","6":"product_cat-liners","7":"product_cat-malereimer-und-einstellbehalter","8":"markten-lebensmittel","9":"markten-autolacke","10":"markten-klebstoffe","11":"markten-ol-und-schmiermittel","13":"first","14":"instock","15":"shipping-taxable","16":"purchasable","17":"product-type-simple"},"yoast_head":"<!-- This site is optimized with the Yoast SEO plugin v26.9 - https:\/\/yoast.com\/product\/yoast-seo-wordpress\/ -->\n<title>Einstellbeh\u00e4lter - GO Paint<\/title>\n<meta name=\"description\" content=\"Die meisten professionellen Maler verwenden ein\u00a0Malereimer mit einem Kunststoff-Einstellbeh\u00e4lter, um die Farbe gleichm\u00e4\u00dfig zu verteilen und zu mischen.\u202fSo\" \/>\n<meta name=\"robots\" content=\"index, follow, max-snippet:-1, max-image-preview:large, max-video-preview:-1\" \/>\n<link rel=\"canonical\" href=\"https:\/\/go-paint.com\/de\/produkte\/40410007\/einstellbehalter\/\" \/>\n<meta property=\"og:locale\" content=\"de_DE\" \/>\n<meta property=\"og:type\" content=\"article\" \/>\n<meta property=\"og:title\" content=\"Einstellbeh\u00e4lter - GO Paint\" \/>\n<meta property=\"og:description\" content=\"Die meisten professionellen Maler verwenden ein\u00a0Malereimer mit einem Kunststoff-Einstellbeh\u00e4lter, um die Farbe gleichm\u00e4\u00dfig zu verteilen und zu mischen.\u202fSo\" \/>\n<meta property=\"og:url\" content=\"https:\/\/go-paint.com\/de\/produkte\/40410007\/einstellbehalter\/\" \/>\n<meta property=\"og:site_name\" content=\"GO Paint\" \/>\n<meta property=\"article:modified_time\" content=\"2026-04-15T22:00:27+00:00\" \/>\n<meta property=\"og:image\" content=\"https:\/\/hildering.prod.pwstaging.tech\/app\/uploads\/sites\/2\/2025\/11\/inzetvaatje-featured-46347985-86fc-43ba-9e11-389298c20797.png\" \/>\n\t<meta property=\"og:image:width\" content=\"700\" \/>\n\t<meta property=\"og:image:height\" content=\"700\" \/>\n\t<meta property=\"og:image:type\" content=\"image\/png\" \/>\n<meta name=\"twitter:card\" content=\"summary_large_image\" \/>\n<script type=\"application\/ld+json\" class=\"yoast-schema-graph\">{\"@context\":\"https:\/\/schema.org\",\"@graph\":[{\"@type\":\"WebPage\",\"@id\":\"https:\/\/go-paint.com\/de\/produkte\/40410007\/einstellbehalter\/\",\"url\":\"https:\/\/go-paint.com\/de\/produkte\/40410007\/einstellbehalter\/\",\"name\":\"Einstellbeh\u00e4lter - GO Paint\",\"isPartOf\":{\"@id\":\"https:\/\/go-paint.com\/de\/#website\"},\"primaryImageOfPage\":{\"@id\":\"https:\/\/go-paint.com\/de\/produkte\/40410007\/einstellbehalter\/#primaryimage\"},\"image\":{\"@id\":\"https:\/\/go-paint.com\/de\/produkte\/40410007\/einstellbehalter\/#primaryimage\"},\"thumbnailUrl\":\"https:\/\/hildering.prod.pwstaging.tech\/app\/uploads\/sites\/2\/2025\/11\/inzetvaatje-featured-46347985-86fc-43ba-9e11-389298c20797.png\",\"datePublished\":\"2026-01-26T19:13:18+00:00\",\"dateModified\":\"2026-04-15T22:00:27+00:00\",\"description\":\"Die meisten professionellen Maler verwenden ein\u00a0Malereimer mit einem Kunststoff-Einstellbeh\u00e4lter, um die Farbe gleichm\u00e4\u00dfig zu verteilen und zu mischen.\u202fSo\",\"breadcrumb\":{\"@id\":\"https:\/\/go-paint.com\/de\/produkte\/40410007\/einstellbehalter\/#breadcrumb\"},\"inLanguage\":\"de-DE\",\"potentialAction\":[{\"@type\":\"ReadAction\",\"target\":[\"https:\/\/go-paint.com\/de\/produkte\/40410007\/einstellbehalter\/\"]}]},{\"@type\":\"ImageObject\",\"inLanguage\":\"de-DE\",\"@id\":\"https:\/\/go-paint.com\/de\/produkte\/40410007\/einstellbehalter\/#primaryimage\",\"url\":\"https:\/\/hildering.prod.pwstaging.tech\/app\/uploads\/sites\/2\/2025\/11\/inzetvaatje-featured-46347985-86fc-43ba-9e11-389298c20797.png\",\"contentUrl\":\"https:\/\/hildering.prod.pwstaging.tech\/app\/uploads\/sites\/2\/2025\/11\/inzetvaatje-featured-46347985-86fc-43ba-9e11-389298c20797.png\",\"width\":700,\"height\":700},{\"@type\":\"BreadcrumbList\",\"@id\":\"https:\/\/go-paint.com\/de\/produkte\/40410007\/einstellbehalter\/#breadcrumb\",\"itemListElement\":[{\"@type\":\"ListItem\",\"position\":1,\"name\":\"Home\",\"item\":\"https:\/\/go-paint.com\/de\/\"},{\"@type\":\"ListItem\",\"position\":2,\"name\":\"Produkte\",\"item\":\"https:\/\/go-paint.com\/de\/shop\/\"},{\"@type\":\"ListItem\",\"position\":3,\"name\":\"Einstellbeh\u00e4lter\"}]},{\"@type\":\"WebSite\",\"@id\":\"https:\/\/go-paint.com\/de\/#website\",\"url\":\"https:\/\/go-paint.com\/de\/\",\"name\":\"Go Paint\",\"description\":\"\",\"potentialAction\":[{\"@type\":\"SearchAction\",\"target\":{\"@type\":\"EntryPoint\",\"urlTemplate\":\"https:\/\/go-paint.com\/de\/?s={search_term_string}\"},\"query-input\":{\"@type\":\"PropertyValueSpecification\",\"valueRequired\":true,\"valueName\":\"search_term_string\"}}],\"inLanguage\":\"de-DE\"}]}<\/script>\n<!-- \/ Yoast SEO plugin. -->","yoast_head_json":{"title":"Einstellbeh\u00e4lter - GO Paint","description":"Die meisten professionellen Maler verwenden ein\u00a0Malereimer mit einem Kunststoff-Einstellbeh\u00e4lter, um die Farbe gleichm\u00e4\u00dfig zu verteilen und zu mischen.\u202fSo","robots":{"index":"index","follow":"follow","max-snippet":"max-snippet:-1","max-image-preview":"max-image-preview:large","max-video-preview":"max-video-preview:-1"},"canonical":"https:\/\/go-paint.com\/de\/produkte\/40410007\/einstellbehalter\/","og_locale":"de_DE","og_type":"article","og_title":"Einstellbeh\u00e4lter - GO Paint","og_description":"Die meisten professionellen Maler verwenden ein\u00a0Malereimer mit einem Kunststoff-Einstellbeh\u00e4lter, um die Farbe gleichm\u00e4\u00dfig zu verteilen und zu mischen.\u202fSo","og_url":"https:\/\/go-paint.com\/de\/produkte\/40410007\/einstellbehalter\/","og_site_name":"GO Paint","article_modified_time":"2026-04-15T22:00:27+00:00","og_image":[{"width":700,"height":700,"url":"https:\/\/hildering.prod.pwstaging.tech\/app\/uploads\/sites\/2\/2025\/11\/inzetvaatje-featured-46347985-86fc-43ba-9e11-389298c20797.png","type":"image\/png"}],"twitter_card":"summary_large_image","schema":{"@context":"https:\/\/schema.org","@graph":[{"@type":"WebPage","@id":"https:\/\/go-paint.com\/de\/produkte\/40410007\/einstellbehalter\/","url":"https:\/\/go-paint.com\/de\/produkte\/40410007\/einstellbehalter\/","name":"Einstellbeh\u00e4lter - GO Paint","isPartOf":{"@id":"https:\/\/go-paint.com\/de\/#website"},"primaryImageOfPage":{"@id":"https:\/\/go-paint.com\/de\/produkte\/40410007\/einstellbehalter\/#primaryimage"},"image":{"@id":"https:\/\/go-paint.com\/de\/produkte\/40410007\/einstellbehalter\/#primaryimage"},"thumbnailUrl":"https:\/\/hildering.prod.pwstaging.tech\/app\/uploads\/sites\/2\/2025\/11\/inzetvaatje-featured-46347985-86fc-43ba-9e11-389298c20797.png","datePublished":"2026-01-26T19:13:18+00:00","dateModified":"2026-04-15T22:00:27+00:00","description":"Die meisten professionellen Maler verwenden ein\u00a0Malereimer mit einem Kunststoff-Einstellbeh\u00e4lter, um die Farbe gleichm\u00e4\u00dfig zu verteilen und zu mischen.\u202fSo","breadcrumb":{"@id":"https:\/\/go-paint.com\/de\/produkte\/40410007\/einstellbehalter\/#breadcrumb"},"inLanguage":"de-DE","potentialAction":[{"@type":"ReadAction","target":["https:\/\/go-paint.com\/de\/produkte\/40410007\/einstellbehalter\/"]}]},{"@type":"ImageObject","inLanguage":"de-DE","@id":"https:\/\/go-paint.com\/de\/produkte\/40410007\/einstellbehalter\/#primaryimage","url":"https:\/\/hildering.prod.pwstaging.tech\/app\/uploads\/sites\/2\/2025\/11\/inzetvaatje-featured-46347985-86fc-43ba-9e11-389298c20797.png","contentUrl":"https:\/\/hildering.prod.pwstaging.tech\/app\/uploads\/sites\/2\/2025\/11\/inzetvaatje-featured-46347985-86fc-43ba-9e11-389298c20797.png","width":700,"height":700},{"@type":"BreadcrumbList","@id":"https:\/\/go-paint.com\/de\/produkte\/40410007\/einstellbehalter\/#breadcrumb","itemListElement":[{"@type":"ListItem","position":1,"name":"Home","item":"https:\/\/go-paint.com\/de\/"},{"@type":"ListItem","position":2,"name":"Produkte","item":"https:\/\/go-paint.com\/de\/shop\/"},{"@type":"ListItem","position":3,"name":"Einstellbeh\u00e4lter"}]},{"@type":"WebSite","@id":"https:\/\/go-paint.com\/de\/#website","url":"https:\/\/go-paint.com\/de\/","name":"Go Paint","description":"","potentialAction":[{"@type":"SearchAction","target":{"@type":"EntryPoint","urlTemplate":"https:\/\/go-paint.com\/de\/?s={search_term_string}"},"query-input":{"@type":"PropertyValueSpecification","valueRequired":true,"valueName":"search_term_string"}}],"inLanguage":"de-DE"}]}},"_links":{"self":[{"href":"https:\/\/go-paint.com\/de\/wp-json\/wp\/v2\/product\/69233","targetHints":{"allow":["GET"]}}],"collection":[{"href":"https:\/\/go-paint.com\/de\/wp-json\/wp\/v2\/product"}],"about":[{"href":"https:\/\/go-paint.com\/de\/wp-json\/wp\/v2\/types\/product"}],"replies":[{"embeddable":true,"href":"https:\/\/go-paint.com\/de\/wp-json\/wp\/v2\/comments?post=69233"}],"wp:featuredmedia":[{"embeddable":true,"href":"https:\/\/go-paint.com\/de\/wp-json\/wp\/v2\/media\/37525"}],"wp:attachment":[{"href":"https:\/\/go-paint.com\/de\/wp-json\/wp\/v2\/media?parent=69233"}],"wp:term":[{"taxonomy":"product_brand","embeddable":true,"href":"https:\/\/go-paint.com\/de\/wp-json\/wp\/v2\/product_brand?post=69233"},{"taxonomy":"product_cat","embeddable":true,"href":"https:\/\/go-paint.com\/de\/wp-json\/wp\/v2\/product_cat?post=69233"},{"taxonomy":"product_tag","embeddable":true,"href":"https:\/\/go-paint.com\/de\/wp-json\/wp\/v2\/product_tag?post=69233"},{"taxonomy":"markten","embeddable":true,"href":"https:\/\/go-paint.com\/de\/wp-json\/wp\/v2\/markten?post=69233"}],"curies":[{"name":"wp","href":"https:\/\/api.w.org\/{rel}","templated":true}]}}