{"id":69239,"date":"2026-01-27T09:15:28","date_gmt":"2026-01-27T09:15:28","guid":{"rendered":"https:\/\/go-paint.com\/product\/flow-control\/"},"modified":"2026-03-05T21:15:20","modified_gmt":"2026-03-05T21:15:20","slug":"flow-control","status":"publish","type":"product","link":"https:\/\/go-paint.com\/de\/produkte\/40250002\/flow-control\/","title":{"rendered":"Flow Control"},"content":{"rendered":"<p>Der FlowControl bringt Ihre Farbe auf die ideale Verarbeitungstemperatur. Dadurch k\u00f6nnen Sie die Farbe mit dem perfekten Glanz und optimalem Schutz verarbeiten, genau wie vom Farbhersteller vorgesehen. Sie nutzten die Qualit\u00e4t Ihrer Farbe maximal aus, ganz ohne Zus\u00e4tze. Und da Sie auch bei niedrigeren Temperaturen sofort mit der Arbeit beginnen k\u00f6nnen, sparen Sie viel Zeit.<\/p>\n","protected":false},"excerpt":{"rendered":"<p>Der FlowControl bringt Ihre Farbe auf die ideale Verarbeitungstemperatur. Dadurch k\u00f6nnen Sie die Farbe mit dem perfekten Glanz und optimalem Schutz verarbeiten, genau wie vom Farbhersteller vorgesehen. Sie nutzten die Qualit\u00e4t Ihrer Farbe maximal aus, ganz ohne Zus\u00e4tze. Und da Sie auch bei niedrigeren Temperaturen sofort mit der Arbeit beginnen k\u00f6nnen, sparen Sie viel Zeit.<\/p>\n","protected":false},"featured_media":37636,"comment_status":"open","ping_status":"closed","template":"","meta":[],"product_brand":[],"product_cat":[11062],"product_tag":[],"markten":[],"class_list":{"0":"post-69239","1":"product","2":"type-product","3":"status-publish","4":"has-post-thumbnail","6":"product_cat-beheizte-malereimer","8":"first","9":"instock","10":"shipping-taxable","11":"purchasable","12":"product-type-simple"},"yoast_head":"<!-- This site is optimized with the Yoast SEO plugin v26.9 - https:\/\/yoast.com\/product\/yoast-seo-wordpress\/ -->\n<title>Flow Control - GO Paint<\/title>\n<meta name=\"description\" content=\"Der FlowControl bringt Ihre Farbe auf die ideale Verarbeitungstemperatur. Dadurch k\u00f6nnen Sie die Farbe mit dem perfekten Glanz und optimalem Schutz\" \/>\n<meta name=\"robots\" content=\"index, follow, max-snippet:-1, max-image-preview:large, max-video-preview:-1\" \/>\n<link rel=\"canonical\" href=\"https:\/\/go-paint.com\/de\/produkte\/40250002\/flow-control\/\" \/>\n<meta property=\"og:locale\" content=\"de_DE\" \/>\n<meta property=\"og:type\" content=\"article\" \/>\n<meta property=\"og:title\" content=\"Flow Control - GO Paint\" \/>\n<meta property=\"og:description\" content=\"Der FlowControl bringt Ihre Farbe auf die ideale Verarbeitungstemperatur. Dadurch k\u00f6nnen Sie die Farbe mit dem perfekten Glanz und optimalem Schutz\" \/>\n<meta property=\"og:url\" content=\"https:\/\/go-paint.com\/de\/produkte\/40250002\/flow-control\/\" \/>\n<meta property=\"og:site_name\" content=\"GO Paint\" \/>\n<meta property=\"article:modified_time\" content=\"2026-03-05T21:15:20+00:00\" \/>\n<meta property=\"og:image\" content=\"https:\/\/hildering.prod.pwstaging.tech\/app\/uploads\/sites\/2\/2025\/11\/flow-control-featured-e1c2dabc-d849-476c-a080-90f333c95ded.png\" \/>\n\t<meta property=\"og:image:width\" content=\"700\" \/>\n\t<meta property=\"og:image:height\" content=\"700\" \/>\n\t<meta property=\"og:image:type\" content=\"image\/png\" \/>\n<meta name=\"twitter:card\" content=\"summary_large_image\" \/>\n<script type=\"application\/ld+json\" class=\"yoast-schema-graph\">{\"@context\":\"https:\/\/schema.org\",\"@graph\":[{\"@type\":\"WebPage\",\"@id\":\"https:\/\/go-paint.com\/de\/produkte\/40250002\/flow-control\/\",\"url\":\"https:\/\/go-paint.com\/de\/produkte\/40250002\/flow-control\/\",\"name\":\"Flow Control - GO Paint\",\"isPartOf\":{\"@id\":\"https:\/\/go-paint.com\/de\/#website\"},\"primaryImageOfPage\":{\"@id\":\"https:\/\/go-paint.com\/de\/produkte\/40250002\/flow-control\/#primaryimage\"},\"image\":{\"@id\":\"https:\/\/go-paint.com\/de\/produkte\/40250002\/flow-control\/#primaryimage\"},\"thumbnailUrl\":\"https:\/\/hildering.prod.pwstaging.tech\/app\/uploads\/sites\/2\/2025\/11\/flow-control-featured-e1c2dabc-d849-476c-a080-90f333c95ded.png\",\"datePublished\":\"2026-01-27T09:15:28+00:00\",\"dateModified\":\"2026-03-05T21:15:20+00:00\",\"description\":\"Der FlowControl bringt Ihre Farbe auf die ideale Verarbeitungstemperatur. Dadurch k\u00f6nnen Sie die Farbe mit dem perfekten Glanz und optimalem Schutz\",\"breadcrumb\":{\"@id\":\"https:\/\/go-paint.com\/de\/produkte\/40250002\/flow-control\/#breadcrumb\"},\"inLanguage\":\"de-DE\",\"potentialAction\":[{\"@type\":\"ReadAction\",\"target\":[\"https:\/\/go-paint.com\/de\/produkte\/40250002\/flow-control\/\"]}]},{\"@type\":\"ImageObject\",\"inLanguage\":\"de-DE\",\"@id\":\"https:\/\/go-paint.com\/de\/produkte\/40250002\/flow-control\/#primaryimage\",\"url\":\"https:\/\/hildering.prod.pwstaging.tech\/app\/uploads\/sites\/2\/2025\/11\/flow-control-featured-e1c2dabc-d849-476c-a080-90f333c95ded.png\",\"contentUrl\":\"https:\/\/hildering.prod.pwstaging.tech\/app\/uploads\/sites\/2\/2025\/11\/flow-control-featured-e1c2dabc-d849-476c-a080-90f333c95ded.png\",\"width\":700,\"height\":700},{\"@type\":\"BreadcrumbList\",\"@id\":\"https:\/\/go-paint.com\/de\/produkte\/40250002\/flow-control\/#breadcrumb\",\"itemListElement\":[{\"@type\":\"ListItem\",\"position\":1,\"name\":\"Home\",\"item\":\"https:\/\/go-paint.com\/de\/\"},{\"@type\":\"ListItem\",\"position\":2,\"name\":\"Produkte\",\"item\":\"https:\/\/go-paint.com\/de\/shop\/\"},{\"@type\":\"ListItem\",\"position\":3,\"name\":\"Flow Control\"}]},{\"@type\":\"WebSite\",\"@id\":\"https:\/\/go-paint.com\/de\/#website\",\"url\":\"https:\/\/go-paint.com\/de\/\",\"name\":\"Go Paint\",\"description\":\"\",\"potentialAction\":[{\"@type\":\"SearchAction\",\"target\":{\"@type\":\"EntryPoint\",\"urlTemplate\":\"https:\/\/go-paint.com\/de\/?s={search_term_string}\"},\"query-input\":{\"@type\":\"PropertyValueSpecification\",\"valueRequired\":true,\"valueName\":\"search_term_string\"}}],\"inLanguage\":\"de-DE\"}]}<\/script>\n<!-- \/ Yoast SEO plugin. -->","yoast_head_json":{"title":"Flow Control - GO Paint","description":"Der FlowControl bringt Ihre Farbe auf die ideale Verarbeitungstemperatur. Dadurch k\u00f6nnen Sie die Farbe mit dem perfekten Glanz und optimalem Schutz","robots":{"index":"index","follow":"follow","max-snippet":"max-snippet:-1","max-image-preview":"max-image-preview:large","max-video-preview":"max-video-preview:-1"},"canonical":"https:\/\/go-paint.com\/de\/produkte\/40250002\/flow-control\/","og_locale":"de_DE","og_type":"article","og_title":"Flow Control - GO Paint","og_description":"Der FlowControl bringt Ihre Farbe auf die ideale Verarbeitungstemperatur. Dadurch k\u00f6nnen Sie die Farbe mit dem perfekten Glanz und optimalem Schutz","og_url":"https:\/\/go-paint.com\/de\/produkte\/40250002\/flow-control\/","og_site_name":"GO Paint","article_modified_time":"2026-03-05T21:15:20+00:00","og_image":[{"width":700,"height":700,"url":"https:\/\/hildering.prod.pwstaging.tech\/app\/uploads\/sites\/2\/2025\/11\/flow-control-featured-e1c2dabc-d849-476c-a080-90f333c95ded.png","type":"image\/png"}],"twitter_card":"summary_large_image","schema":{"@context":"https:\/\/schema.org","@graph":[{"@type":"WebPage","@id":"https:\/\/go-paint.com\/de\/produkte\/40250002\/flow-control\/","url":"https:\/\/go-paint.com\/de\/produkte\/40250002\/flow-control\/","name":"Flow Control - GO Paint","isPartOf":{"@id":"https:\/\/go-paint.com\/de\/#website"},"primaryImageOfPage":{"@id":"https:\/\/go-paint.com\/de\/produkte\/40250002\/flow-control\/#primaryimage"},"image":{"@id":"https:\/\/go-paint.com\/de\/produkte\/40250002\/flow-control\/#primaryimage"},"thumbnailUrl":"https:\/\/hildering.prod.pwstaging.tech\/app\/uploads\/sites\/2\/2025\/11\/flow-control-featured-e1c2dabc-d849-476c-a080-90f333c95ded.png","datePublished":"2026-01-27T09:15:28+00:00","dateModified":"2026-03-05T21:15:20+00:00","description":"Der FlowControl bringt Ihre Farbe auf die ideale Verarbeitungstemperatur. Dadurch k\u00f6nnen Sie die Farbe mit dem perfekten Glanz und optimalem Schutz","breadcrumb":{"@id":"https:\/\/go-paint.com\/de\/produkte\/40250002\/flow-control\/#breadcrumb"},"inLanguage":"de-DE","potentialAction":[{"@type":"ReadAction","target":["https:\/\/go-paint.com\/de\/produkte\/40250002\/flow-control\/"]}]},{"@type":"ImageObject","inLanguage":"de-DE","@id":"https:\/\/go-paint.com\/de\/produkte\/40250002\/flow-control\/#primaryimage","url":"https:\/\/hildering.prod.pwstaging.tech\/app\/uploads\/sites\/2\/2025\/11\/flow-control-featured-e1c2dabc-d849-476c-a080-90f333c95ded.png","contentUrl":"https:\/\/hildering.prod.pwstaging.tech\/app\/uploads\/sites\/2\/2025\/11\/flow-control-featured-e1c2dabc-d849-476c-a080-90f333c95ded.png","width":700,"height":700},{"@type":"BreadcrumbList","@id":"https:\/\/go-paint.com\/de\/produkte\/40250002\/flow-control\/#breadcrumb","itemListElement":[{"@type":"ListItem","position":1,"name":"Home","item":"https:\/\/go-paint.com\/de\/"},{"@type":"ListItem","position":2,"name":"Produkte","item":"https:\/\/go-paint.com\/de\/shop\/"},{"@type":"ListItem","position":3,"name":"Flow Control"}]},{"@type":"WebSite","@id":"https:\/\/go-paint.com\/de\/#website","url":"https:\/\/go-paint.com\/de\/","name":"Go Paint","description":"","potentialAction":[{"@type":"SearchAction","target":{"@type":"EntryPoint","urlTemplate":"https:\/\/go-paint.com\/de\/?s={search_term_string}"},"query-input":{"@type":"PropertyValueSpecification","valueRequired":true,"valueName":"search_term_string"}}],"inLanguage":"de-DE"}]}},"_links":{"self":[{"href":"https:\/\/go-paint.com\/de\/wp-json\/wp\/v2\/product\/69239","targetHints":{"allow":["GET"]}}],"collection":[{"href":"https:\/\/go-paint.com\/de\/wp-json\/wp\/v2\/product"}],"about":[{"href":"https:\/\/go-paint.com\/de\/wp-json\/wp\/v2\/types\/product"}],"replies":[{"embeddable":true,"href":"https:\/\/go-paint.com\/de\/wp-json\/wp\/v2\/comments?post=69239"}],"wp:featuredmedia":[{"embeddable":true,"href":"https:\/\/go-paint.com\/de\/wp-json\/wp\/v2\/media\/37636"}],"wp:attachment":[{"href":"https:\/\/go-paint.com\/de\/wp-json\/wp\/v2\/media?parent=69239"}],"wp:term":[{"taxonomy":"product_brand","embeddable":true,"href":"https:\/\/go-paint.com\/de\/wp-json\/wp\/v2\/product_brand?post=69239"},{"taxonomy":"product_cat","embeddable":true,"href":"https:\/\/go-paint.com\/de\/wp-json\/wp\/v2\/product_cat?post=69239"},{"taxonomy":"product_tag","embeddable":true,"href":"https:\/\/go-paint.com\/de\/wp-json\/wp\/v2\/product_tag?post=69239"},{"taxonomy":"markten","embeddable":true,"href":"https:\/\/go-paint.com\/de\/wp-json\/wp\/v2\/markten?post=69239"}],"curies":[{"name":"wp","href":"https:\/\/api.w.org\/{rel}","templated":true}]}}