{"id":69248,"date":"2026-01-27T09:15:31","date_gmt":"2026-01-27T09:15:31","guid":{"rendered":"https:\/\/go-paint.com\/product\/ladegerat\/"},"modified":"2026-03-09T21:15:16","modified_gmt":"2026-03-09T21:15:16","slug":"ladegerat","status":"publish","type":"product","link":"https:\/\/go-paint.com\/de\/produkte\/40250003\/ladegerat\/","title":{"rendered":"Ladeger\u00e4t"},"content":{"rendered":"<p>Ladeger\u00e4t f\u00fcr den Akku des FlowControl. Die Ladezeit des Akkus betr\u00e4gt 6-8 Stunden.<\/p>\n","protected":false},"excerpt":{"rendered":"<p>Ladeger\u00e4t f\u00fcr den Akku des FlowControl. Die Ladezeit des Akkus betr\u00e4gt 6-8 Stunden.<\/p>\n","protected":false},"featured_media":37663,"comment_status":"open","ping_status":"closed","template":"","meta":[],"product_brand":[],"product_cat":[11062],"product_tag":[],"markten":[],"class_list":{"0":"post-69248","1":"product","2":"type-product","3":"status-publish","4":"has-post-thumbnail","6":"product_cat-beheizte-malereimer","8":"first","9":"instock","10":"shipping-taxable","11":"purchasable","12":"product-type-simple"},"yoast_head":"<!-- This site is optimized with the Yoast SEO plugin v26.9 - https:\/\/yoast.com\/product\/yoast-seo-wordpress\/ -->\n<title>Ladeger\u00e4t - GO Paint<\/title>\n<meta name=\"description\" content=\"Ladeger\u00e4t f\u00fcr den Akku des FlowControl. Die Ladezeit des Akkus betr\u00e4gt 6-8 Stunden.\" \/>\n<meta name=\"robots\" content=\"index, follow, max-snippet:-1, max-image-preview:large, max-video-preview:-1\" \/>\n<link rel=\"canonical\" href=\"https:\/\/go-paint.com\/de\/produkte\/40250003\/ladegerat\/\" \/>\n<meta property=\"og:locale\" content=\"de_DE\" \/>\n<meta property=\"og:type\" content=\"article\" \/>\n<meta property=\"og:title\" content=\"Ladeger\u00e4t - GO Paint\" \/>\n<meta property=\"og:description\" content=\"Ladeger\u00e4t f\u00fcr den Akku des FlowControl. Die Ladezeit des Akkus betr\u00e4gt 6-8 Stunden.\" \/>\n<meta property=\"og:url\" content=\"https:\/\/go-paint.com\/de\/produkte\/40250003\/ladegerat\/\" \/>\n<meta property=\"og:site_name\" content=\"GO Paint\" \/>\n<meta property=\"article:modified_time\" content=\"2026-03-09T21:15:16+00:00\" \/>\n<meta property=\"og:image\" content=\"https:\/\/hildering.prod.pwstaging.tech\/app\/uploads\/sites\/2\/2025\/11\/oplader-featured-fac7ab0e-5905-4afe-b52d-fa83a1eeaa22.png\" \/>\n\t<meta property=\"og:image:width\" content=\"700\" \/>\n\t<meta property=\"og:image:height\" content=\"467\" \/>\n\t<meta property=\"og:image:type\" content=\"image\/png\" \/>\n<meta name=\"twitter:card\" content=\"summary_large_image\" \/>\n<script type=\"application\/ld+json\" class=\"yoast-schema-graph\">{\"@context\":\"https:\/\/schema.org\",\"@graph\":[{\"@type\":\"WebPage\",\"@id\":\"https:\/\/go-paint.com\/de\/produkte\/40250003\/ladegerat\/\",\"url\":\"https:\/\/go-paint.com\/de\/produkte\/40250003\/ladegerat\/\",\"name\":\"Ladeger\u00e4t - GO Paint\",\"isPartOf\":{\"@id\":\"https:\/\/go-paint.com\/de\/#website\"},\"primaryImageOfPage\":{\"@id\":\"https:\/\/go-paint.com\/de\/produkte\/40250003\/ladegerat\/#primaryimage\"},\"image\":{\"@id\":\"https:\/\/go-paint.com\/de\/produkte\/40250003\/ladegerat\/#primaryimage\"},\"thumbnailUrl\":\"https:\/\/hildering.prod.pwstaging.tech\/app\/uploads\/sites\/2\/2025\/11\/oplader-featured-fac7ab0e-5905-4afe-b52d-fa83a1eeaa22.png\",\"datePublished\":\"2026-01-27T09:15:31+00:00\",\"dateModified\":\"2026-03-09T21:15:16+00:00\",\"description\":\"Ladeger\u00e4t f\u00fcr den Akku des FlowControl. Die Ladezeit des Akkus betr\u00e4gt 6-8 Stunden.\",\"breadcrumb\":{\"@id\":\"https:\/\/go-paint.com\/de\/produkte\/40250003\/ladegerat\/#breadcrumb\"},\"inLanguage\":\"de-DE\",\"potentialAction\":[{\"@type\":\"ReadAction\",\"target\":[\"https:\/\/go-paint.com\/de\/produkte\/40250003\/ladegerat\/\"]}]},{\"@type\":\"ImageObject\",\"inLanguage\":\"de-DE\",\"@id\":\"https:\/\/go-paint.com\/de\/produkte\/40250003\/ladegerat\/#primaryimage\",\"url\":\"https:\/\/hildering.prod.pwstaging.tech\/app\/uploads\/sites\/2\/2025\/11\/oplader-featured-fac7ab0e-5905-4afe-b52d-fa83a1eeaa22.png\",\"contentUrl\":\"https:\/\/hildering.prod.pwstaging.tech\/app\/uploads\/sites\/2\/2025\/11\/oplader-featured-fac7ab0e-5905-4afe-b52d-fa83a1eeaa22.png\",\"width\":700,\"height\":467},{\"@type\":\"BreadcrumbList\",\"@id\":\"https:\/\/go-paint.com\/de\/produkte\/40250003\/ladegerat\/#breadcrumb\",\"itemListElement\":[{\"@type\":\"ListItem\",\"position\":1,\"name\":\"Home\",\"item\":\"https:\/\/go-paint.com\/de\/\"},{\"@type\":\"ListItem\",\"position\":2,\"name\":\"Produkte\",\"item\":\"https:\/\/go-paint.com\/de\/shop\/\"},{\"@type\":\"ListItem\",\"position\":3,\"name\":\"Ladeger\u00e4t\"}]},{\"@type\":\"WebSite\",\"@id\":\"https:\/\/go-paint.com\/de\/#website\",\"url\":\"https:\/\/go-paint.com\/de\/\",\"name\":\"Go Paint\",\"description\":\"\",\"potentialAction\":[{\"@type\":\"SearchAction\",\"target\":{\"@type\":\"EntryPoint\",\"urlTemplate\":\"https:\/\/go-paint.com\/de\/?s={search_term_string}\"},\"query-input\":{\"@type\":\"PropertyValueSpecification\",\"valueRequired\":true,\"valueName\":\"search_term_string\"}}],\"inLanguage\":\"de-DE\"}]}<\/script>\n<!-- \/ Yoast SEO plugin. -->","yoast_head_json":{"title":"Ladeger\u00e4t - GO Paint","description":"Ladeger\u00e4t f\u00fcr den Akku des FlowControl. Die Ladezeit des Akkus betr\u00e4gt 6-8 Stunden.","robots":{"index":"index","follow":"follow","max-snippet":"max-snippet:-1","max-image-preview":"max-image-preview:large","max-video-preview":"max-video-preview:-1"},"canonical":"https:\/\/go-paint.com\/de\/produkte\/40250003\/ladegerat\/","og_locale":"de_DE","og_type":"article","og_title":"Ladeger\u00e4t - GO Paint","og_description":"Ladeger\u00e4t f\u00fcr den Akku des FlowControl. Die Ladezeit des Akkus betr\u00e4gt 6-8 Stunden.","og_url":"https:\/\/go-paint.com\/de\/produkte\/40250003\/ladegerat\/","og_site_name":"GO Paint","article_modified_time":"2026-03-09T21:15:16+00:00","og_image":[{"width":700,"height":467,"url":"https:\/\/hildering.prod.pwstaging.tech\/app\/uploads\/sites\/2\/2025\/11\/oplader-featured-fac7ab0e-5905-4afe-b52d-fa83a1eeaa22.png","type":"image\/png"}],"twitter_card":"summary_large_image","schema":{"@context":"https:\/\/schema.org","@graph":[{"@type":"WebPage","@id":"https:\/\/go-paint.com\/de\/produkte\/40250003\/ladegerat\/","url":"https:\/\/go-paint.com\/de\/produkte\/40250003\/ladegerat\/","name":"Ladeger\u00e4t - GO Paint","isPartOf":{"@id":"https:\/\/go-paint.com\/de\/#website"},"primaryImageOfPage":{"@id":"https:\/\/go-paint.com\/de\/produkte\/40250003\/ladegerat\/#primaryimage"},"image":{"@id":"https:\/\/go-paint.com\/de\/produkte\/40250003\/ladegerat\/#primaryimage"},"thumbnailUrl":"https:\/\/hildering.prod.pwstaging.tech\/app\/uploads\/sites\/2\/2025\/11\/oplader-featured-fac7ab0e-5905-4afe-b52d-fa83a1eeaa22.png","datePublished":"2026-01-27T09:15:31+00:00","dateModified":"2026-03-09T21:15:16+00:00","description":"Ladeger\u00e4t f\u00fcr den Akku des FlowControl. Die Ladezeit des Akkus betr\u00e4gt 6-8 Stunden.","breadcrumb":{"@id":"https:\/\/go-paint.com\/de\/produkte\/40250003\/ladegerat\/#breadcrumb"},"inLanguage":"de-DE","potentialAction":[{"@type":"ReadAction","target":["https:\/\/go-paint.com\/de\/produkte\/40250003\/ladegerat\/"]}]},{"@type":"ImageObject","inLanguage":"de-DE","@id":"https:\/\/go-paint.com\/de\/produkte\/40250003\/ladegerat\/#primaryimage","url":"https:\/\/hildering.prod.pwstaging.tech\/app\/uploads\/sites\/2\/2025\/11\/oplader-featured-fac7ab0e-5905-4afe-b52d-fa83a1eeaa22.png","contentUrl":"https:\/\/hildering.prod.pwstaging.tech\/app\/uploads\/sites\/2\/2025\/11\/oplader-featured-fac7ab0e-5905-4afe-b52d-fa83a1eeaa22.png","width":700,"height":467},{"@type":"BreadcrumbList","@id":"https:\/\/go-paint.com\/de\/produkte\/40250003\/ladegerat\/#breadcrumb","itemListElement":[{"@type":"ListItem","position":1,"name":"Home","item":"https:\/\/go-paint.com\/de\/"},{"@type":"ListItem","position":2,"name":"Produkte","item":"https:\/\/go-paint.com\/de\/shop\/"},{"@type":"ListItem","position":3,"name":"Ladeger\u00e4t"}]},{"@type":"WebSite","@id":"https:\/\/go-paint.com\/de\/#website","url":"https:\/\/go-paint.com\/de\/","name":"Go Paint","description":"","potentialAction":[{"@type":"SearchAction","target":{"@type":"EntryPoint","urlTemplate":"https:\/\/go-paint.com\/de\/?s={search_term_string}"},"query-input":{"@type":"PropertyValueSpecification","valueRequired":true,"valueName":"search_term_string"}}],"inLanguage":"de-DE"}]}},"_links":{"self":[{"href":"https:\/\/go-paint.com\/de\/wp-json\/wp\/v2\/product\/69248","targetHints":{"allow":["GET"]}}],"collection":[{"href":"https:\/\/go-paint.com\/de\/wp-json\/wp\/v2\/product"}],"about":[{"href":"https:\/\/go-paint.com\/de\/wp-json\/wp\/v2\/types\/product"}],"replies":[{"embeddable":true,"href":"https:\/\/go-paint.com\/de\/wp-json\/wp\/v2\/comments?post=69248"}],"wp:featuredmedia":[{"embeddable":true,"href":"https:\/\/go-paint.com\/de\/wp-json\/wp\/v2\/media\/37663"}],"wp:attachment":[{"href":"https:\/\/go-paint.com\/de\/wp-json\/wp\/v2\/media?parent=69248"}],"wp:term":[{"taxonomy":"product_brand","embeddable":true,"href":"https:\/\/go-paint.com\/de\/wp-json\/wp\/v2\/product_brand?post=69248"},{"taxonomy":"product_cat","embeddable":true,"href":"https:\/\/go-paint.com\/de\/wp-json\/wp\/v2\/product_cat?post=69248"},{"taxonomy":"product_tag","embeddable":true,"href":"https:\/\/go-paint.com\/de\/wp-json\/wp\/v2\/product_tag?post=69248"},{"taxonomy":"markten","embeddable":true,"href":"https:\/\/go-paint.com\/de\/wp-json\/wp\/v2\/markten?post=69248"}],"curies":[{"name":"wp","href":"https:\/\/api.w.org\/{rel}","templated":true}]}}