{"id":69266,"date":"2026-01-27T09:15:36","date_gmt":"2026-01-27T09:15:36","guid":{"rendered":"https:\/\/go-paint.com\/product\/roll-and-go-bucket-38\/"},"modified":"2026-04-08T21:15:31","modified_gmt":"2026-04-08T21:15:31","slug":"roll-and-go-bucket-38","status":"publish","type":"product","link":"https:\/\/go-paint.com\/de\/produkte\/40220042\/roll-and-go-bucket-38\/","title":{"rendered":"Roll and Go Bucket 38"},"content":{"rendered":"<p>Wenn Sie wirklich schnell arbeiten wollen, schnappen Sie sich einen Bucket 38. Dieser robuste Farbeimer ist f\u00fcr alle Arten von Farb- und Lackwalzen mit einer Breite von bis zu 38 cm (15 Zoll) geeignet. Eine so breite Rolle ist ideal, wenn Sie schnell gro\u00dfe Fl\u00e4chen wie B\u00f6den, W\u00e4nde und sogar Decken streichen wollen. Mit etwas Fingerspitzengef\u00fchl sind Sie sogar schneller als beim Spr\u00fchen. Die recycelten Einlagen aus PET halten allen Arten von Farben stand, einschlie\u00dflich 2K-Systemen f\u00fcr besonders harte Bodenfarben.<\/p>\n","protected":false},"excerpt":{"rendered":"<p>Wenn Sie wirklich schnell arbeiten wollen, schnappen Sie sich einen Bucket 38. Dieser robuste Farbeimer ist f\u00fcr alle Arten von Farb- und Lackwalzen mit einer Breite von bis zu 38 cm (15 Zoll) geeignet. Eine so breite Rolle ist ideal, wenn Sie schnell gro\u00dfe Fl\u00e4chen wie B\u00f6den, W\u00e4nde und sogar Decken streichen wollen. Mit etwas [&hellip;]<\/p>\n","protected":false},"featured_media":37047,"comment_status":"open","ping_status":"closed","template":"","meta":[],"product_brand":[],"product_cat":[11032],"product_tag":[],"markten":[],"class_list":{"0":"post-69266","1":"product","2":"type-product","3":"status-publish","4":"has-post-thumbnail","6":"product_cat-eimer","8":"first","9":"instock","10":"shipping-taxable","11":"purchasable","12":"product-type-simple"},"yoast_head":"<!-- This site is optimized with the Yoast SEO plugin v26.9 - https:\/\/yoast.com\/product\/yoast-seo-wordpress\/ -->\n<title>Roll and Go Bucket 38 - GO Paint<\/title>\n<meta name=\"description\" content=\"Wenn Sie wirklich schnell arbeiten wollen, schnappen Sie sich einen Bucket 38. Dieser robuste Farbeimer ist f\u00fcr alle Arten von Farb- und Lackwalzen mit\" \/>\n<meta name=\"robots\" content=\"index, follow, max-snippet:-1, max-image-preview:large, max-video-preview:-1\" \/>\n<link rel=\"canonical\" href=\"https:\/\/go-paint.com\/de\/produkte\/40220042\/roll-and-go-bucket-38\/\" \/>\n<meta property=\"og:locale\" content=\"de_DE\" \/>\n<meta property=\"og:type\" content=\"article\" \/>\n<meta property=\"og:title\" content=\"Roll and Go Bucket 38 - GO Paint\" \/>\n<meta property=\"og:description\" content=\"Wenn Sie wirklich schnell arbeiten wollen, schnappen Sie sich einen Bucket 38. Dieser robuste Farbeimer ist f\u00fcr alle Arten von Farb- und Lackwalzen mit\" \/>\n<meta property=\"og:url\" content=\"https:\/\/go-paint.com\/de\/produkte\/40220042\/roll-and-go-bucket-38\/\" \/>\n<meta property=\"og:site_name\" content=\"GO Paint\" \/>\n<meta property=\"article:modified_time\" content=\"2026-04-08T21:15:31+00:00\" \/>\n<meta property=\"og:image\" content=\"https:\/\/hildering.prod.pwstaging.tech\/app\/uploads\/sites\/2\/2025\/11\/roll-and-go-bucket-38-featured-cbe2d8e9-dbc3-4d79-aa2a-505e08538b44.png\" \/>\n\t<meta property=\"og:image:width\" content=\"700\" \/>\n\t<meta property=\"og:image:height\" content=\"506\" \/>\n\t<meta property=\"og:image:type\" content=\"image\/png\" \/>\n<meta name=\"twitter:card\" content=\"summary_large_image\" \/>\n<script type=\"application\/ld+json\" class=\"yoast-schema-graph\">{\"@context\":\"https:\/\/schema.org\",\"@graph\":[{\"@type\":\"WebPage\",\"@id\":\"https:\/\/go-paint.com\/de\/produkte\/40220042\/roll-and-go-bucket-38\/\",\"url\":\"https:\/\/go-paint.com\/de\/produkte\/40220042\/roll-and-go-bucket-38\/\",\"name\":\"Roll and Go Bucket 38 - GO Paint\",\"isPartOf\":{\"@id\":\"https:\/\/go-paint.com\/de\/#website\"},\"primaryImageOfPage\":{\"@id\":\"https:\/\/go-paint.com\/de\/produkte\/40220042\/roll-and-go-bucket-38\/#primaryimage\"},\"image\":{\"@id\":\"https:\/\/go-paint.com\/de\/produkte\/40220042\/roll-and-go-bucket-38\/#primaryimage\"},\"thumbnailUrl\":\"https:\/\/hildering.prod.pwstaging.tech\/app\/uploads\/sites\/2\/2025\/11\/roll-and-go-bucket-38-featured-cbe2d8e9-dbc3-4d79-aa2a-505e08538b44.png\",\"datePublished\":\"2026-01-27T09:15:36+00:00\",\"dateModified\":\"2026-04-08T21:15:31+00:00\",\"description\":\"Wenn Sie wirklich schnell arbeiten wollen, schnappen Sie sich einen Bucket 38. Dieser robuste Farbeimer ist f\u00fcr alle Arten von Farb- und Lackwalzen mit\",\"breadcrumb\":{\"@id\":\"https:\/\/go-paint.com\/de\/produkte\/40220042\/roll-and-go-bucket-38\/#breadcrumb\"},\"inLanguage\":\"de-DE\",\"potentialAction\":[{\"@type\":\"ReadAction\",\"target\":[\"https:\/\/go-paint.com\/de\/produkte\/40220042\/roll-and-go-bucket-38\/\"]}]},{\"@type\":\"ImageObject\",\"inLanguage\":\"de-DE\",\"@id\":\"https:\/\/go-paint.com\/de\/produkte\/40220042\/roll-and-go-bucket-38\/#primaryimage\",\"url\":\"https:\/\/hildering.prod.pwstaging.tech\/app\/uploads\/sites\/2\/2025\/11\/roll-and-go-bucket-38-featured-cbe2d8e9-dbc3-4d79-aa2a-505e08538b44.png\",\"contentUrl\":\"https:\/\/hildering.prod.pwstaging.tech\/app\/uploads\/sites\/2\/2025\/11\/roll-and-go-bucket-38-featured-cbe2d8e9-dbc3-4d79-aa2a-505e08538b44.png\",\"width\":700,\"height\":506},{\"@type\":\"BreadcrumbList\",\"@id\":\"https:\/\/go-paint.com\/de\/produkte\/40220042\/roll-and-go-bucket-38\/#breadcrumb\",\"itemListElement\":[{\"@type\":\"ListItem\",\"position\":1,\"name\":\"Home\",\"item\":\"https:\/\/go-paint.com\/de\/\"},{\"@type\":\"ListItem\",\"position\":2,\"name\":\"Produkte\",\"item\":\"https:\/\/go-paint.com\/de\/shop\/\"},{\"@type\":\"ListItem\",\"position\":3,\"name\":\"Roll and Go Bucket 38\"}]},{\"@type\":\"WebSite\",\"@id\":\"https:\/\/go-paint.com\/de\/#website\",\"url\":\"https:\/\/go-paint.com\/de\/\",\"name\":\"GO Paint\",\"description\":\"\",\"potentialAction\":[{\"@type\":\"SearchAction\",\"target\":{\"@type\":\"EntryPoint\",\"urlTemplate\":\"https:\/\/go-paint.com\/de\/?s={search_term_string}\"},\"query-input\":{\"@type\":\"PropertyValueSpecification\",\"valueRequired\":true,\"valueName\":\"search_term_string\"}}],\"inLanguage\":\"de-DE\"}]}<\/script>\n<!-- \/ Yoast SEO plugin. -->","yoast_head_json":{"title":"Roll and Go Bucket 38 - GO Paint","description":"Wenn Sie wirklich schnell arbeiten wollen, schnappen Sie sich einen Bucket 38. Dieser robuste Farbeimer ist f\u00fcr alle Arten von Farb- und Lackwalzen mit","robots":{"index":"index","follow":"follow","max-snippet":"max-snippet:-1","max-image-preview":"max-image-preview:large","max-video-preview":"max-video-preview:-1"},"canonical":"https:\/\/go-paint.com\/de\/produkte\/40220042\/roll-and-go-bucket-38\/","og_locale":"de_DE","og_type":"article","og_title":"Roll and Go Bucket 38 - GO Paint","og_description":"Wenn Sie wirklich schnell arbeiten wollen, schnappen Sie sich einen Bucket 38. Dieser robuste Farbeimer ist f\u00fcr alle Arten von Farb- und Lackwalzen mit","og_url":"https:\/\/go-paint.com\/de\/produkte\/40220042\/roll-and-go-bucket-38\/","og_site_name":"GO Paint","article_modified_time":"2026-04-08T21:15:31+00:00","og_image":[{"width":700,"height":506,"url":"https:\/\/hildering.prod.pwstaging.tech\/app\/uploads\/sites\/2\/2025\/11\/roll-and-go-bucket-38-featured-cbe2d8e9-dbc3-4d79-aa2a-505e08538b44.png","type":"image\/png"}],"twitter_card":"summary_large_image","schema":{"@context":"https:\/\/schema.org","@graph":[{"@type":"WebPage","@id":"https:\/\/go-paint.com\/de\/produkte\/40220042\/roll-and-go-bucket-38\/","url":"https:\/\/go-paint.com\/de\/produkte\/40220042\/roll-and-go-bucket-38\/","name":"Roll and Go Bucket 38 - GO Paint","isPartOf":{"@id":"https:\/\/go-paint.com\/de\/#website"},"primaryImageOfPage":{"@id":"https:\/\/go-paint.com\/de\/produkte\/40220042\/roll-and-go-bucket-38\/#primaryimage"},"image":{"@id":"https:\/\/go-paint.com\/de\/produkte\/40220042\/roll-and-go-bucket-38\/#primaryimage"},"thumbnailUrl":"https:\/\/hildering.prod.pwstaging.tech\/app\/uploads\/sites\/2\/2025\/11\/roll-and-go-bucket-38-featured-cbe2d8e9-dbc3-4d79-aa2a-505e08538b44.png","datePublished":"2026-01-27T09:15:36+00:00","dateModified":"2026-04-08T21:15:31+00:00","description":"Wenn Sie wirklich schnell arbeiten wollen, schnappen Sie sich einen Bucket 38. Dieser robuste Farbeimer ist f\u00fcr alle Arten von Farb- und Lackwalzen mit","breadcrumb":{"@id":"https:\/\/go-paint.com\/de\/produkte\/40220042\/roll-and-go-bucket-38\/#breadcrumb"},"inLanguage":"de-DE","potentialAction":[{"@type":"ReadAction","target":["https:\/\/go-paint.com\/de\/produkte\/40220042\/roll-and-go-bucket-38\/"]}]},{"@type":"ImageObject","inLanguage":"de-DE","@id":"https:\/\/go-paint.com\/de\/produkte\/40220042\/roll-and-go-bucket-38\/#primaryimage","url":"https:\/\/hildering.prod.pwstaging.tech\/app\/uploads\/sites\/2\/2025\/11\/roll-and-go-bucket-38-featured-cbe2d8e9-dbc3-4d79-aa2a-505e08538b44.png","contentUrl":"https:\/\/hildering.prod.pwstaging.tech\/app\/uploads\/sites\/2\/2025\/11\/roll-and-go-bucket-38-featured-cbe2d8e9-dbc3-4d79-aa2a-505e08538b44.png","width":700,"height":506},{"@type":"BreadcrumbList","@id":"https:\/\/go-paint.com\/de\/produkte\/40220042\/roll-and-go-bucket-38\/#breadcrumb","itemListElement":[{"@type":"ListItem","position":1,"name":"Home","item":"https:\/\/go-paint.com\/de\/"},{"@type":"ListItem","position":2,"name":"Produkte","item":"https:\/\/go-paint.com\/de\/shop\/"},{"@type":"ListItem","position":3,"name":"Roll and Go Bucket 38"}]},{"@type":"WebSite","@id":"https:\/\/go-paint.com\/de\/#website","url":"https:\/\/go-paint.com\/de\/","name":"GO Paint","description":"","potentialAction":[{"@type":"SearchAction","target":{"@type":"EntryPoint","urlTemplate":"https:\/\/go-paint.com\/de\/?s={search_term_string}"},"query-input":{"@type":"PropertyValueSpecification","valueRequired":true,"valueName":"search_term_string"}}],"inLanguage":"de-DE"}]}},"_links":{"self":[{"href":"https:\/\/go-paint.com\/de\/wp-json\/wp\/v2\/product\/69266","targetHints":{"allow":["GET"]}}],"collection":[{"href":"https:\/\/go-paint.com\/de\/wp-json\/wp\/v2\/product"}],"about":[{"href":"https:\/\/go-paint.com\/de\/wp-json\/wp\/v2\/types\/product"}],"replies":[{"embeddable":true,"href":"https:\/\/go-paint.com\/de\/wp-json\/wp\/v2\/comments?post=69266"}],"wp:featuredmedia":[{"embeddable":true,"href":"https:\/\/go-paint.com\/de\/wp-json\/wp\/v2\/media\/37047"}],"wp:attachment":[{"href":"https:\/\/go-paint.com\/de\/wp-json\/wp\/v2\/media?parent=69266"}],"wp:term":[{"taxonomy":"product_brand","embeddable":true,"href":"https:\/\/go-paint.com\/de\/wp-json\/wp\/v2\/product_brand?post=69266"},{"taxonomy":"product_cat","embeddable":true,"href":"https:\/\/go-paint.com\/de\/wp-json\/wp\/v2\/product_cat?post=69266"},{"taxonomy":"product_tag","embeddable":true,"href":"https:\/\/go-paint.com\/de\/wp-json\/wp\/v2\/product_tag?post=69266"},{"taxonomy":"markten","embeddable":true,"href":"https:\/\/go-paint.com\/de\/wp-json\/wp\/v2\/markten?post=69266"}],"curies":[{"name":"wp","href":"https:\/\/api.w.org\/{rel}","templated":true}]}}