{"id":69290,"date":"2026-01-27T09:15:44","date_gmt":"2026-01-27T09:15:44","guid":{"rendered":"https:\/\/go-paint.com\/product\/farbwannen-25-x-36-cm\/"},"modified":"2026-04-29T21:15:51","modified_gmt":"2026-04-29T21:15:51","slug":"farbwannen-25-x-36-cm","status":"publish","type":"product","link":"https:\/\/go-paint.com\/de\/produkte\/40270008\/farbwannen-25-x-36-cm\/","title":{"rendered":"Farbwannen 25 x 36 cm"},"content":{"rendered":"<p>Eine Standard-Farbwanne, aber mit tieferem Farbbeh\u00e4lter und l\u00e4ngerer und steilerer Rollfl\u00e4che. Die Farbwanne 25 x 36 cm ist f\u00fcr alle Arten von Farb- und Lackrollen bis einschlie\u00dflich 18 cm Breite geeignet. F\u00fcr alle kleinen bis mittleren Malerarbeiten mit Pinsel und Rolle. Die abgewinkelte Rollfl\u00e4che sorgt f\u00fcr eine perfekte Farbverteilung auf der Walze und \u00fcbersch\u00fcssige Farbe flie\u00dft automatisch in den Beh\u00e4lter zur\u00fcck. Er fasst 1 Liter Farbe und l\u00e4sst die gesamte Walzenfl\u00e4che zum Rollen frei. Das macht das Rollen bequemer und verhindert Spritzer.<\/p>\n","protected":false},"excerpt":{"rendered":"<p>Eine Standard-Farbwanne, aber mit tieferem Farbbeh\u00e4lter und l\u00e4ngerer und steilerer Rollfl\u00e4che. Die Farbwanne 25 x 36 cm ist f\u00fcr alle Arten von Farb- und Lackrollen bis einschlie\u00dflich 18 cm Breite geeignet. F\u00fcr alle kleinen bis mittleren Malerarbeiten mit Pinsel und Rolle. Die abgewinkelte Rollfl\u00e4che sorgt f\u00fcr eine perfekte Farbverteilung auf der Walze und \u00fcbersch\u00fcssige Farbe [&hellip;]<\/p>\n","protected":false},"featured_media":37074,"comment_status":"open","ping_status":"closed","template":"","meta":[],"product_brand":[],"product_cat":[11035],"product_tag":[],"markten":[],"class_list":{"0":"post-69290","1":"product","2":"type-product","3":"status-publish","4":"has-post-thumbnail","6":"product_cat-farbwannen","8":"first","9":"instock","10":"shipping-taxable","11":"purchasable","12":"product-type-simple"},"yoast_head":"<!-- This site is optimized with the Yoast SEO plugin v26.9 - https:\/\/yoast.com\/product\/yoast-seo-wordpress\/ -->\n<title>Farbwannen 25 x 36 cm - GO Paint<\/title>\n<meta name=\"description\" content=\"Eine Standard-Farbwanne, aber mit tieferem Farbbeh\u00e4lter und l\u00e4ngerer und steilerer Rollfl\u00e4che. Die Farbwanne 25 x 36 cm ist f\u00fcr alle Arten von Farb- und\" \/>\n<meta name=\"robots\" content=\"index, follow, max-snippet:-1, max-image-preview:large, max-video-preview:-1\" \/>\n<link rel=\"canonical\" href=\"https:\/\/go-paint.com\/de\/produkte\/40270008\/farbwannen-25-x-36-cm\/\" \/>\n<meta property=\"og:locale\" content=\"de_DE\" \/>\n<meta property=\"og:type\" content=\"article\" \/>\n<meta property=\"og:title\" content=\"Farbwannen 25 x 36 cm - GO Paint\" \/>\n<meta property=\"og:description\" content=\"Eine Standard-Farbwanne, aber mit tieferem Farbbeh\u00e4lter und l\u00e4ngerer und steilerer Rollfl\u00e4che. Die Farbwanne 25 x 36 cm ist f\u00fcr alle Arten von Farb- und\" \/>\n<meta property=\"og:url\" content=\"https:\/\/go-paint.com\/de\/produkte\/40270008\/farbwannen-25-x-36-cm\/\" \/>\n<meta property=\"og:site_name\" content=\"GO Paint\" \/>\n<meta property=\"article:modified_time\" content=\"2026-04-29T21:15:51+00:00\" \/>\n<meta property=\"og:image\" content=\"https:\/\/hildering.prod.pwstaging.tech\/app\/uploads\/sites\/2\/2025\/11\/verfbakje-middel-25-x-36-cm-featured-ea1390cf-6d51-4bd3-be5e-45ba867ecb02.png\" \/>\n\t<meta property=\"og:image:width\" content=\"700\" \/>\n\t<meta property=\"og:image:height\" content=\"465\" \/>\n\t<meta property=\"og:image:type\" content=\"image\/png\" \/>\n<meta name=\"twitter:card\" content=\"summary_large_image\" \/>\n<script type=\"application\/ld+json\" class=\"yoast-schema-graph\">{\"@context\":\"https:\/\/schema.org\",\"@graph\":[{\"@type\":\"WebPage\",\"@id\":\"https:\/\/go-paint.com\/de\/produkte\/40270008\/farbwannen-25-x-36-cm\/\",\"url\":\"https:\/\/go-paint.com\/de\/produkte\/40270008\/farbwannen-25-x-36-cm\/\",\"name\":\"Farbwannen 25 x 36 cm - GO Paint\",\"isPartOf\":{\"@id\":\"https:\/\/go-paint.com\/de\/#website\"},\"primaryImageOfPage\":{\"@id\":\"https:\/\/go-paint.com\/de\/produkte\/40270008\/farbwannen-25-x-36-cm\/#primaryimage\"},\"image\":{\"@id\":\"https:\/\/go-paint.com\/de\/produkte\/40270008\/farbwannen-25-x-36-cm\/#primaryimage\"},\"thumbnailUrl\":\"https:\/\/hildering.prod.pwstaging.tech\/app\/uploads\/sites\/2\/2025\/11\/verfbakje-middel-25-x-36-cm-featured-ea1390cf-6d51-4bd3-be5e-45ba867ecb02.png\",\"datePublished\":\"2026-01-27T09:15:44+00:00\",\"dateModified\":\"2026-04-29T21:15:51+00:00\",\"description\":\"Eine Standard-Farbwanne, aber mit tieferem Farbbeh\u00e4lter und l\u00e4ngerer und steilerer Rollfl\u00e4che. Die Farbwanne 25 x 36 cm ist f\u00fcr alle Arten von Farb- und\",\"breadcrumb\":{\"@id\":\"https:\/\/go-paint.com\/de\/produkte\/40270008\/farbwannen-25-x-36-cm\/#breadcrumb\"},\"inLanguage\":\"de-DE\",\"potentialAction\":[{\"@type\":\"ReadAction\",\"target\":[\"https:\/\/go-paint.com\/de\/produkte\/40270008\/farbwannen-25-x-36-cm\/\"]}]},{\"@type\":\"ImageObject\",\"inLanguage\":\"de-DE\",\"@id\":\"https:\/\/go-paint.com\/de\/produkte\/40270008\/farbwannen-25-x-36-cm\/#primaryimage\",\"url\":\"https:\/\/hildering.prod.pwstaging.tech\/app\/uploads\/sites\/2\/2025\/11\/verfbakje-middel-25-x-36-cm-featured-ea1390cf-6d51-4bd3-be5e-45ba867ecb02.png\",\"contentUrl\":\"https:\/\/hildering.prod.pwstaging.tech\/app\/uploads\/sites\/2\/2025\/11\/verfbakje-middel-25-x-36-cm-featured-ea1390cf-6d51-4bd3-be5e-45ba867ecb02.png\",\"width\":700,\"height\":465},{\"@type\":\"BreadcrumbList\",\"@id\":\"https:\/\/go-paint.com\/de\/produkte\/40270008\/farbwannen-25-x-36-cm\/#breadcrumb\",\"itemListElement\":[{\"@type\":\"ListItem\",\"position\":1,\"name\":\"Home\",\"item\":\"https:\/\/go-paint.com\/de\/\"},{\"@type\":\"ListItem\",\"position\":2,\"name\":\"Produkte\",\"item\":\"https:\/\/go-paint.com\/de\/shop\/\"},{\"@type\":\"ListItem\",\"position\":3,\"name\":\"Farbwannen 25 x 36 cm\"}]},{\"@type\":\"WebSite\",\"@id\":\"https:\/\/go-paint.com\/de\/#website\",\"url\":\"https:\/\/go-paint.com\/de\/\",\"name\":\"Go Paint\",\"description\":\"\",\"publisher\":{\"@id\":\"https:\/\/go-paint.com\/de\/#organization\"},\"potentialAction\":[{\"@type\":\"SearchAction\",\"target\":{\"@type\":\"EntryPoint\",\"urlTemplate\":\"https:\/\/go-paint.com\/de\/?s={search_term_string}\"},\"query-input\":{\"@type\":\"PropertyValueSpecification\",\"valueRequired\":true,\"valueName\":\"search_term_string\"}}],\"inLanguage\":\"de-DE\"},{\"@type\":\"Organization\",\"@id\":\"https:\/\/go-paint.com\/de\/#organization\",\"name\":\"Go Paint\",\"url\":\"https:\/\/go-paint.com\/de\/\",\"logo\":{\"@type\":\"ImageObject\",\"inLanguage\":\"de-DE\",\"@id\":\"https:\/\/go-paint.com\/de\/#\/schema\/logo\/image\/\",\"url\":\"https:\/\/hildering.prod.pwstaging.tech\/app\/uploads\/sites\/2\/2026\/03\/GoPaint.svg\",\"contentUrl\":\"https:\/\/hildering.prod.pwstaging.tech\/app\/uploads\/sites\/2\/2026\/03\/GoPaint.svg\",\"width\":1,\"height\":1,\"caption\":\"Go Paint\"},\"image\":{\"@id\":\"https:\/\/go-paint.com\/de\/#\/schema\/logo\/image\/\"}}]}<\/script>\n<!-- \/ Yoast SEO plugin. -->","yoast_head_json":{"title":"Farbwannen 25 x 36 cm - GO Paint","description":"Eine Standard-Farbwanne, aber mit tieferem Farbbeh\u00e4lter und l\u00e4ngerer und steilerer Rollfl\u00e4che. Die Farbwanne 25 x 36 cm ist f\u00fcr alle Arten von Farb- und","robots":{"index":"index","follow":"follow","max-snippet":"max-snippet:-1","max-image-preview":"max-image-preview:large","max-video-preview":"max-video-preview:-1"},"canonical":"https:\/\/go-paint.com\/de\/produkte\/40270008\/farbwannen-25-x-36-cm\/","og_locale":"de_DE","og_type":"article","og_title":"Farbwannen 25 x 36 cm - GO Paint","og_description":"Eine Standard-Farbwanne, aber mit tieferem Farbbeh\u00e4lter und l\u00e4ngerer und steilerer Rollfl\u00e4che. Die Farbwanne 25 x 36 cm ist f\u00fcr alle Arten von Farb- und","og_url":"https:\/\/go-paint.com\/de\/produkte\/40270008\/farbwannen-25-x-36-cm\/","og_site_name":"GO Paint","article_modified_time":"2026-04-29T21:15:51+00:00","og_image":[{"width":700,"height":465,"url":"https:\/\/hildering.prod.pwstaging.tech\/app\/uploads\/sites\/2\/2025\/11\/verfbakje-middel-25-x-36-cm-featured-ea1390cf-6d51-4bd3-be5e-45ba867ecb02.png","type":"image\/png"}],"twitter_card":"summary_large_image","schema":{"@context":"https:\/\/schema.org","@graph":[{"@type":"WebPage","@id":"https:\/\/go-paint.com\/de\/produkte\/40270008\/farbwannen-25-x-36-cm\/","url":"https:\/\/go-paint.com\/de\/produkte\/40270008\/farbwannen-25-x-36-cm\/","name":"Farbwannen 25 x 36 cm - GO Paint","isPartOf":{"@id":"https:\/\/go-paint.com\/de\/#website"},"primaryImageOfPage":{"@id":"https:\/\/go-paint.com\/de\/produkte\/40270008\/farbwannen-25-x-36-cm\/#primaryimage"},"image":{"@id":"https:\/\/go-paint.com\/de\/produkte\/40270008\/farbwannen-25-x-36-cm\/#primaryimage"},"thumbnailUrl":"https:\/\/hildering.prod.pwstaging.tech\/app\/uploads\/sites\/2\/2025\/11\/verfbakje-middel-25-x-36-cm-featured-ea1390cf-6d51-4bd3-be5e-45ba867ecb02.png","datePublished":"2026-01-27T09:15:44+00:00","dateModified":"2026-04-29T21:15:51+00:00","description":"Eine Standard-Farbwanne, aber mit tieferem Farbbeh\u00e4lter und l\u00e4ngerer und steilerer Rollfl\u00e4che. Die Farbwanne 25 x 36 cm ist f\u00fcr alle Arten von Farb- und","breadcrumb":{"@id":"https:\/\/go-paint.com\/de\/produkte\/40270008\/farbwannen-25-x-36-cm\/#breadcrumb"},"inLanguage":"de-DE","potentialAction":[{"@type":"ReadAction","target":["https:\/\/go-paint.com\/de\/produkte\/40270008\/farbwannen-25-x-36-cm\/"]}]},{"@type":"ImageObject","inLanguage":"de-DE","@id":"https:\/\/go-paint.com\/de\/produkte\/40270008\/farbwannen-25-x-36-cm\/#primaryimage","url":"https:\/\/hildering.prod.pwstaging.tech\/app\/uploads\/sites\/2\/2025\/11\/verfbakje-middel-25-x-36-cm-featured-ea1390cf-6d51-4bd3-be5e-45ba867ecb02.png","contentUrl":"https:\/\/hildering.prod.pwstaging.tech\/app\/uploads\/sites\/2\/2025\/11\/verfbakje-middel-25-x-36-cm-featured-ea1390cf-6d51-4bd3-be5e-45ba867ecb02.png","width":700,"height":465},{"@type":"BreadcrumbList","@id":"https:\/\/go-paint.com\/de\/produkte\/40270008\/farbwannen-25-x-36-cm\/#breadcrumb","itemListElement":[{"@type":"ListItem","position":1,"name":"Home","item":"https:\/\/go-paint.com\/de\/"},{"@type":"ListItem","position":2,"name":"Produkte","item":"https:\/\/go-paint.com\/de\/shop\/"},{"@type":"ListItem","position":3,"name":"Farbwannen 25 x 36 cm"}]},{"@type":"WebSite","@id":"https:\/\/go-paint.com\/de\/#website","url":"https:\/\/go-paint.com\/de\/","name":"Go Paint","description":"","publisher":{"@id":"https:\/\/go-paint.com\/de\/#organization"},"potentialAction":[{"@type":"SearchAction","target":{"@type":"EntryPoint","urlTemplate":"https:\/\/go-paint.com\/de\/?s={search_term_string}"},"query-input":{"@type":"PropertyValueSpecification","valueRequired":true,"valueName":"search_term_string"}}],"inLanguage":"de-DE"},{"@type":"Organization","@id":"https:\/\/go-paint.com\/de\/#organization","name":"Go Paint","url":"https:\/\/go-paint.com\/de\/","logo":{"@type":"ImageObject","inLanguage":"de-DE","@id":"https:\/\/go-paint.com\/de\/#\/schema\/logo\/image\/","url":"https:\/\/hildering.prod.pwstaging.tech\/app\/uploads\/sites\/2\/2026\/03\/GoPaint.svg","contentUrl":"https:\/\/hildering.prod.pwstaging.tech\/app\/uploads\/sites\/2\/2026\/03\/GoPaint.svg","width":1,"height":1,"caption":"Go Paint"},"image":{"@id":"https:\/\/go-paint.com\/de\/#\/schema\/logo\/image\/"}}]}},"_links":{"self":[{"href":"https:\/\/go-paint.com\/de\/wp-json\/wp\/v2\/product\/69290","targetHints":{"allow":["GET"]}}],"collection":[{"href":"https:\/\/go-paint.com\/de\/wp-json\/wp\/v2\/product"}],"about":[{"href":"https:\/\/go-paint.com\/de\/wp-json\/wp\/v2\/types\/product"}],"replies":[{"embeddable":true,"href":"https:\/\/go-paint.com\/de\/wp-json\/wp\/v2\/comments?post=69290"}],"wp:featuredmedia":[{"embeddable":true,"href":"https:\/\/go-paint.com\/de\/wp-json\/wp\/v2\/media\/37074"}],"wp:attachment":[{"href":"https:\/\/go-paint.com\/de\/wp-json\/wp\/v2\/media?parent=69290"}],"wp:term":[{"taxonomy":"product_brand","embeddable":true,"href":"https:\/\/go-paint.com\/de\/wp-json\/wp\/v2\/product_brand?post=69290"},{"taxonomy":"product_cat","embeddable":true,"href":"https:\/\/go-paint.com\/de\/wp-json\/wp\/v2\/product_cat?post=69290"},{"taxonomy":"product_tag","embeddable":true,"href":"https:\/\/go-paint.com\/de\/wp-json\/wp\/v2\/product_tag?post=69290"},{"taxonomy":"markten","embeddable":true,"href":"https:\/\/go-paint.com\/de\/wp-json\/wp\/v2\/markten?post=69290"}],"curies":[{"name":"wp","href":"https:\/\/api.w.org\/{rel}","templated":true}]}}