{"id":69296,"date":"2026-01-27T09:15:47","date_gmt":"2026-01-27T09:15:47","guid":{"rendered":"https:\/\/go-paint.com\/product\/amerikanische-faltschachtel-fur-transport-tray-o-140\/"},"modified":"2026-04-27T21:15:51","modified_gmt":"2026-04-27T21:15:51","slug":"amerikanischer-karton-fur-transport-tray-o-140","status":"publish","type":"product","link":"https:\/\/go-paint.com\/de\/produkte\/30800072\/amerikanischer-karton-fur-transport-tray-o-140\/","title":{"rendered":"Amerikanischer Karton f\u00fcr Transport Tray \u00d8 140"},"content":{"rendered":"<p>Dieser robuste Umkarton eignet sich f\u00fcr den sicheren und effizienten Transport einer Farbdose mit einem Durchmesser von 140 mm, die in einen Satz Transport Trays \u00d8 140 mm eingeklipst ist, per Paketdienst. Die Trays sorgen daf\u00fcr, dass sich die Dosen im Falle eines Sturzes weder gegenseitig noch die W\u00e4nde der Karton ber\u00fchren, was die Sicherheit erh\u00f6ht!<\/p>\n","protected":false},"excerpt":{"rendered":"<p>Dieser robuste Umkarton eignet sich f\u00fcr den sicheren und effizienten Transport einer Farbdose mit einem Durchmesser von 140 mm, die in einen Satz Transport Trays \u00d8 140 mm eingeklipst ist, per Paketdienst. Die Trays sorgen daf\u00fcr, dass sich die Dosen im Falle eines Sturzes weder gegenseitig noch die W\u00e4nde der Karton ber\u00fchren, was die Sicherheit [&hellip;]<\/p>\n","protected":false},"featured_media":78887,"comment_status":"open","ping_status":"closed","template":"","meta":[],"product_brand":[],"product_cat":[11056],"product_tag":[],"markten":[],"class_list":{"0":"post-69296","1":"product","2":"type-product","3":"status-publish","4":"has-post-thumbnail","6":"product_cat-losungen-fur-e-commerce","8":"first","9":"instock","10":"shipping-taxable","11":"purchasable","12":"product-type-simple"},"yoast_head":"<!-- This site is optimized with the Yoast SEO plugin v26.9 - https:\/\/yoast.com\/product\/yoast-seo-wordpress\/ -->\n<title>Amerikanischer Karton f\u00fcr Transport Tray \u00d8 140 - GO Paint<\/title>\n<meta name=\"description\" content=\"Dieser robuste Umkarton eignet sich f\u00fcr den sicheren und effizienten Transport einer Farbdose mit einem Durchmesser von 140 mm, die in einen Satz\" \/>\n<meta name=\"robots\" content=\"index, follow, max-snippet:-1, max-image-preview:large, max-video-preview:-1\" \/>\n<link rel=\"canonical\" href=\"https:\/\/go-paint.com\/de\/produkte\/30800072\/amerikanischer-karton-fur-transport-tray-o-140\/\" \/>\n<meta property=\"og:locale\" content=\"de_DE\" \/>\n<meta property=\"og:type\" content=\"article\" \/>\n<meta property=\"og:title\" content=\"Amerikanischer Karton f\u00fcr Transport Tray \u00d8 140 - GO Paint\" \/>\n<meta property=\"og:description\" content=\"Dieser robuste Umkarton eignet sich f\u00fcr den sicheren und effizienten Transport einer Farbdose mit einem Durchmesser von 140 mm, die in einen Satz\" \/>\n<meta property=\"og:url\" content=\"https:\/\/go-paint.com\/de\/produkte\/30800072\/amerikanischer-karton-fur-transport-tray-o-140\/\" \/>\n<meta property=\"og:site_name\" content=\"GO Paint\" \/>\n<meta property=\"article:modified_time\" content=\"2026-04-27T21:15:51+00:00\" \/>\n<meta property=\"og:image\" content=\"https:\/\/hildering.prod.pwstaging.tech\/app\/uploads\/sites\/2\/2026\/02\/amerikaanse-vouwdoos-tbv-transport-tray-o-140-featured-9469839c-4cbe-4b57-bbbf-8428a946fc58.png\" \/>\n\t<meta property=\"og:image:width\" content=\"700\" \/>\n\t<meta property=\"og:image:height\" content=\"700\" \/>\n\t<meta property=\"og:image:type\" content=\"image\/png\" \/>\n<meta name=\"twitter:card\" content=\"summary_large_image\" \/>\n<script type=\"application\/ld+json\" class=\"yoast-schema-graph\">{\"@context\":\"https:\/\/schema.org\",\"@graph\":[{\"@type\":\"WebPage\",\"@id\":\"https:\/\/go-paint.com\/de\/produkte\/30800072\/amerikanischer-karton-fur-transport-tray-o-140\/\",\"url\":\"https:\/\/go-paint.com\/de\/produkte\/30800072\/amerikanischer-karton-fur-transport-tray-o-140\/\",\"name\":\"Amerikanischer Karton f\u00fcr Transport Tray \u00d8 140 - GO Paint\",\"isPartOf\":{\"@id\":\"https:\/\/go-paint.com\/de\/#website\"},\"primaryImageOfPage\":{\"@id\":\"https:\/\/go-paint.com\/de\/produkte\/30800072\/amerikanischer-karton-fur-transport-tray-o-140\/#primaryimage\"},\"image\":{\"@id\":\"https:\/\/go-paint.com\/de\/produkte\/30800072\/amerikanischer-karton-fur-transport-tray-o-140\/#primaryimage\"},\"thumbnailUrl\":\"https:\/\/hildering.prod.pwstaging.tech\/app\/uploads\/sites\/2\/2026\/02\/amerikaanse-vouwdoos-tbv-transport-tray-o-140-featured-9469839c-4cbe-4b57-bbbf-8428a946fc58.png\",\"datePublished\":\"2026-01-27T09:15:47+00:00\",\"dateModified\":\"2026-04-27T21:15:51+00:00\",\"description\":\"Dieser robuste Umkarton eignet sich f\u00fcr den sicheren und effizienten Transport einer Farbdose mit einem Durchmesser von 140 mm, die in einen Satz\",\"breadcrumb\":{\"@id\":\"https:\/\/go-paint.com\/de\/produkte\/30800072\/amerikanischer-karton-fur-transport-tray-o-140\/#breadcrumb\"},\"inLanguage\":\"de-DE\",\"potentialAction\":[{\"@type\":\"ReadAction\",\"target\":[\"https:\/\/go-paint.com\/de\/produkte\/30800072\/amerikanischer-karton-fur-transport-tray-o-140\/\"]}]},{\"@type\":\"ImageObject\",\"inLanguage\":\"de-DE\",\"@id\":\"https:\/\/go-paint.com\/de\/produkte\/30800072\/amerikanischer-karton-fur-transport-tray-o-140\/#primaryimage\",\"url\":\"https:\/\/hildering.prod.pwstaging.tech\/app\/uploads\/sites\/2\/2026\/02\/amerikaanse-vouwdoos-tbv-transport-tray-o-140-featured-9469839c-4cbe-4b57-bbbf-8428a946fc58.png\",\"contentUrl\":\"https:\/\/hildering.prod.pwstaging.tech\/app\/uploads\/sites\/2\/2026\/02\/amerikaanse-vouwdoos-tbv-transport-tray-o-140-featured-9469839c-4cbe-4b57-bbbf-8428a946fc58.png\",\"width\":700,\"height\":700},{\"@type\":\"BreadcrumbList\",\"@id\":\"https:\/\/go-paint.com\/de\/produkte\/30800072\/amerikanischer-karton-fur-transport-tray-o-140\/#breadcrumb\",\"itemListElement\":[{\"@type\":\"ListItem\",\"position\":1,\"name\":\"Home\",\"item\":\"https:\/\/go-paint.com\/de\/\"},{\"@type\":\"ListItem\",\"position\":2,\"name\":\"Produkte\",\"item\":\"https:\/\/go-paint.com\/de\/shop\/\"},{\"@type\":\"ListItem\",\"position\":3,\"name\":\"Amerikanischer Karton f\u00fcr Transport Tray \u00d8 140\"}]},{\"@type\":\"WebSite\",\"@id\":\"https:\/\/go-paint.com\/de\/#website\",\"url\":\"https:\/\/go-paint.com\/de\/\",\"name\":\"Go Paint\",\"description\":\"\",\"publisher\":{\"@id\":\"https:\/\/go-paint.com\/de\/#organization\"},\"potentialAction\":[{\"@type\":\"SearchAction\",\"target\":{\"@type\":\"EntryPoint\",\"urlTemplate\":\"https:\/\/go-paint.com\/de\/?s={search_term_string}\"},\"query-input\":{\"@type\":\"PropertyValueSpecification\",\"valueRequired\":true,\"valueName\":\"search_term_string\"}}],\"inLanguage\":\"de-DE\"},{\"@type\":\"Organization\",\"@id\":\"https:\/\/go-paint.com\/de\/#organization\",\"name\":\"Go Paint\",\"url\":\"https:\/\/go-paint.com\/de\/\",\"logo\":{\"@type\":\"ImageObject\",\"inLanguage\":\"de-DE\",\"@id\":\"https:\/\/go-paint.com\/de\/#\/schema\/logo\/image\/\",\"url\":\"https:\/\/hildering.prod.pwstaging.tech\/app\/uploads\/sites\/2\/2026\/03\/GoPaint.svg\",\"contentUrl\":\"https:\/\/hildering.prod.pwstaging.tech\/app\/uploads\/sites\/2\/2026\/03\/GoPaint.svg\",\"width\":1,\"height\":1,\"caption\":\"Go Paint\"},\"image\":{\"@id\":\"https:\/\/go-paint.com\/de\/#\/schema\/logo\/image\/\"}}]}<\/script>\n<!-- \/ Yoast SEO plugin. -->","yoast_head_json":{"title":"Amerikanischer Karton f\u00fcr Transport Tray \u00d8 140 - GO Paint","description":"Dieser robuste Umkarton eignet sich f\u00fcr den sicheren und effizienten Transport einer Farbdose mit einem Durchmesser von 140 mm, die in einen Satz","robots":{"index":"index","follow":"follow","max-snippet":"max-snippet:-1","max-image-preview":"max-image-preview:large","max-video-preview":"max-video-preview:-1"},"canonical":"https:\/\/go-paint.com\/de\/produkte\/30800072\/amerikanischer-karton-fur-transport-tray-o-140\/","og_locale":"de_DE","og_type":"article","og_title":"Amerikanischer Karton f\u00fcr Transport Tray \u00d8 140 - GO Paint","og_description":"Dieser robuste Umkarton eignet sich f\u00fcr den sicheren und effizienten Transport einer Farbdose mit einem Durchmesser von 140 mm, die in einen Satz","og_url":"https:\/\/go-paint.com\/de\/produkte\/30800072\/amerikanischer-karton-fur-transport-tray-o-140\/","og_site_name":"GO Paint","article_modified_time":"2026-04-27T21:15:51+00:00","og_image":[{"width":700,"height":700,"url":"https:\/\/hildering.prod.pwstaging.tech\/app\/uploads\/sites\/2\/2026\/02\/amerikaanse-vouwdoos-tbv-transport-tray-o-140-featured-9469839c-4cbe-4b57-bbbf-8428a946fc58.png","type":"image\/png"}],"twitter_card":"summary_large_image","schema":{"@context":"https:\/\/schema.org","@graph":[{"@type":"WebPage","@id":"https:\/\/go-paint.com\/de\/produkte\/30800072\/amerikanischer-karton-fur-transport-tray-o-140\/","url":"https:\/\/go-paint.com\/de\/produkte\/30800072\/amerikanischer-karton-fur-transport-tray-o-140\/","name":"Amerikanischer Karton f\u00fcr Transport Tray \u00d8 140 - GO Paint","isPartOf":{"@id":"https:\/\/go-paint.com\/de\/#website"},"primaryImageOfPage":{"@id":"https:\/\/go-paint.com\/de\/produkte\/30800072\/amerikanischer-karton-fur-transport-tray-o-140\/#primaryimage"},"image":{"@id":"https:\/\/go-paint.com\/de\/produkte\/30800072\/amerikanischer-karton-fur-transport-tray-o-140\/#primaryimage"},"thumbnailUrl":"https:\/\/hildering.prod.pwstaging.tech\/app\/uploads\/sites\/2\/2026\/02\/amerikaanse-vouwdoos-tbv-transport-tray-o-140-featured-9469839c-4cbe-4b57-bbbf-8428a946fc58.png","datePublished":"2026-01-27T09:15:47+00:00","dateModified":"2026-04-27T21:15:51+00:00","description":"Dieser robuste Umkarton eignet sich f\u00fcr den sicheren und effizienten Transport einer Farbdose mit einem Durchmesser von 140 mm, die in einen Satz","breadcrumb":{"@id":"https:\/\/go-paint.com\/de\/produkte\/30800072\/amerikanischer-karton-fur-transport-tray-o-140\/#breadcrumb"},"inLanguage":"de-DE","potentialAction":[{"@type":"ReadAction","target":["https:\/\/go-paint.com\/de\/produkte\/30800072\/amerikanischer-karton-fur-transport-tray-o-140\/"]}]},{"@type":"ImageObject","inLanguage":"de-DE","@id":"https:\/\/go-paint.com\/de\/produkte\/30800072\/amerikanischer-karton-fur-transport-tray-o-140\/#primaryimage","url":"https:\/\/hildering.prod.pwstaging.tech\/app\/uploads\/sites\/2\/2026\/02\/amerikaanse-vouwdoos-tbv-transport-tray-o-140-featured-9469839c-4cbe-4b57-bbbf-8428a946fc58.png","contentUrl":"https:\/\/hildering.prod.pwstaging.tech\/app\/uploads\/sites\/2\/2026\/02\/amerikaanse-vouwdoos-tbv-transport-tray-o-140-featured-9469839c-4cbe-4b57-bbbf-8428a946fc58.png","width":700,"height":700},{"@type":"BreadcrumbList","@id":"https:\/\/go-paint.com\/de\/produkte\/30800072\/amerikanischer-karton-fur-transport-tray-o-140\/#breadcrumb","itemListElement":[{"@type":"ListItem","position":1,"name":"Home","item":"https:\/\/go-paint.com\/de\/"},{"@type":"ListItem","position":2,"name":"Produkte","item":"https:\/\/go-paint.com\/de\/shop\/"},{"@type":"ListItem","position":3,"name":"Amerikanischer Karton f\u00fcr Transport Tray \u00d8 140"}]},{"@type":"WebSite","@id":"https:\/\/go-paint.com\/de\/#website","url":"https:\/\/go-paint.com\/de\/","name":"Go Paint","description":"","publisher":{"@id":"https:\/\/go-paint.com\/de\/#organization"},"potentialAction":[{"@type":"SearchAction","target":{"@type":"EntryPoint","urlTemplate":"https:\/\/go-paint.com\/de\/?s={search_term_string}"},"query-input":{"@type":"PropertyValueSpecification","valueRequired":true,"valueName":"search_term_string"}}],"inLanguage":"de-DE"},{"@type":"Organization","@id":"https:\/\/go-paint.com\/de\/#organization","name":"Go Paint","url":"https:\/\/go-paint.com\/de\/","logo":{"@type":"ImageObject","inLanguage":"de-DE","@id":"https:\/\/go-paint.com\/de\/#\/schema\/logo\/image\/","url":"https:\/\/hildering.prod.pwstaging.tech\/app\/uploads\/sites\/2\/2026\/03\/GoPaint.svg","contentUrl":"https:\/\/hildering.prod.pwstaging.tech\/app\/uploads\/sites\/2\/2026\/03\/GoPaint.svg","width":1,"height":1,"caption":"Go Paint"},"image":{"@id":"https:\/\/go-paint.com\/de\/#\/schema\/logo\/image\/"}}]}},"_links":{"self":[{"href":"https:\/\/go-paint.com\/de\/wp-json\/wp\/v2\/product\/69296","targetHints":{"allow":["GET"]}}],"collection":[{"href":"https:\/\/go-paint.com\/de\/wp-json\/wp\/v2\/product"}],"about":[{"href":"https:\/\/go-paint.com\/de\/wp-json\/wp\/v2\/types\/product"}],"replies":[{"embeddable":true,"href":"https:\/\/go-paint.com\/de\/wp-json\/wp\/v2\/comments?post=69296"}],"wp:featuredmedia":[{"embeddable":true,"href":"https:\/\/go-paint.com\/de\/wp-json\/wp\/v2\/media\/78887"}],"wp:attachment":[{"href":"https:\/\/go-paint.com\/de\/wp-json\/wp\/v2\/media?parent=69296"}],"wp:term":[{"taxonomy":"product_brand","embeddable":true,"href":"https:\/\/go-paint.com\/de\/wp-json\/wp\/v2\/product_brand?post=69296"},{"taxonomy":"product_cat","embeddable":true,"href":"https:\/\/go-paint.com\/de\/wp-json\/wp\/v2\/product_cat?post=69296"},{"taxonomy":"product_tag","embeddable":true,"href":"https:\/\/go-paint.com\/de\/wp-json\/wp\/v2\/product_tag?post=69296"},{"taxonomy":"markten","embeddable":true,"href":"https:\/\/go-paint.com\/de\/wp-json\/wp\/v2\/markten?post=69296"}],"curies":[{"name":"wp","href":"https:\/\/api.w.org\/{rel}","templated":true}]}}