{"id":69380,"date":"2026-01-27T09:30:21","date_gmt":"2026-01-27T09:30:21","guid":{"rendered":"https:\/\/go-paint.com\/product\/deckel-roll-and-go-bucket-18\/"},"modified":"2026-03-05T21:30:34","modified_gmt":"2026-03-05T21:30:34","slug":"deckel-roll-and-go-bucket-18","status":"publish","type":"product","link":"https:\/\/go-paint.com\/de\/produkte\/40220002\/deckel-roll-and-go-bucket-18\/","title":{"rendered":"Deckel Roll and Go Bucket 18"},"content":{"rendered":"<p>Mit dem Roll and Go Deckel bleibt die Farbe frisch, staubfrei und einsatzbereit. Dieser transparente Deckel passt auf den Bucket18 und Sie k\u00f6nnen Ihren Roller sogar f\u00fcr kurze Zeit im Eimer aufbewahren. Au\u00dferdem besteht unser Deckel aus 100 % recyceltem Material. Kurz gesagt, weniger verschwendete Farbe und Sie k\u00f6nnen schnell wieder an die Arbeit gehen.<\/p>\n","protected":false},"excerpt":{"rendered":"<p>Mit dem Roll and Go Deckel bleibt die Farbe frisch, staubfrei und einsatzbereit. Dieser transparente Deckel passt auf den Bucket18 und Sie k\u00f6nnen Ihren Roller sogar f\u00fcr kurze Zeit im Eimer aufbewahren. Au\u00dferdem besteht unser Deckel aus 100 % recyceltem Material. Kurz gesagt, weniger verschwendete Farbe und Sie k\u00f6nnen schnell wieder an die Arbeit gehen.<\/p>\n","protected":false},"featured_media":37891,"comment_status":"open","ping_status":"closed","template":"","meta":[],"product_brand":[],"product_cat":[11047],"product_tag":[],"markten":[],"class_list":{"0":"post-69380","1":"product","2":"type-product","3":"status-publish","4":"has-post-thumbnail","6":"product_cat-deckel","8":"first","9":"instock","10":"shipping-taxable","11":"purchasable","12":"product-type-simple"},"yoast_head":"<!-- This site is optimized with the Yoast SEO plugin v26.9 - https:\/\/yoast.com\/product\/yoast-seo-wordpress\/ -->\n<title>Deckel Roll and Go Bucket 18 - GO Paint<\/title>\n<meta name=\"description\" content=\"Mit dem Roll and Go Deckel bleibt die Farbe frisch, staubfrei und einsatzbereit. Dieser transparente Deckel passt auf den Bucket18 und Sie k\u00f6nnen Ihren\" \/>\n<meta name=\"robots\" content=\"index, follow, max-snippet:-1, max-image-preview:large, max-video-preview:-1\" \/>\n<link rel=\"canonical\" href=\"https:\/\/go-paint.com\/de\/produkte\/40220002\/deckel-roll-and-go-bucket-18\/\" \/>\n<meta property=\"og:locale\" content=\"de_DE\" \/>\n<meta property=\"og:type\" content=\"article\" \/>\n<meta property=\"og:title\" content=\"Deckel Roll and Go Bucket 18 - GO Paint\" \/>\n<meta property=\"og:description\" content=\"Mit dem Roll and Go Deckel bleibt die Farbe frisch, staubfrei und einsatzbereit. Dieser transparente Deckel passt auf den Bucket18 und Sie k\u00f6nnen Ihren\" \/>\n<meta property=\"og:url\" content=\"https:\/\/go-paint.com\/de\/produkte\/40220002\/deckel-roll-and-go-bucket-18\/\" \/>\n<meta property=\"og:site_name\" content=\"GO Paint\" \/>\n<meta property=\"article:modified_time\" content=\"2026-03-05T21:30:34+00:00\" \/>\n<meta property=\"og:image\" content=\"https:\/\/hildering.prod.pwstaging.tech\/app\/uploads\/sites\/2\/2025\/11\/deksel-roll-and-go-bucket-18-featured-96df161d-e8f9-4b64-94e6-19a9dd30e26d.png\" \/>\n\t<meta property=\"og:image:width\" content=\"700\" \/>\n\t<meta property=\"og:image:height\" content=\"556\" \/>\n\t<meta property=\"og:image:type\" content=\"image\/png\" \/>\n<meta name=\"twitter:card\" content=\"summary_large_image\" \/>\n<script type=\"application\/ld+json\" class=\"yoast-schema-graph\">{\"@context\":\"https:\/\/schema.org\",\"@graph\":[{\"@type\":\"WebPage\",\"@id\":\"https:\/\/go-paint.com\/de\/produkte\/40220002\/deckel-roll-and-go-bucket-18\/\",\"url\":\"https:\/\/go-paint.com\/de\/produkte\/40220002\/deckel-roll-and-go-bucket-18\/\",\"name\":\"Deckel Roll and Go Bucket 18 - GO Paint\",\"isPartOf\":{\"@id\":\"https:\/\/go-paint.com\/de\/#website\"},\"primaryImageOfPage\":{\"@id\":\"https:\/\/go-paint.com\/de\/produkte\/40220002\/deckel-roll-and-go-bucket-18\/#primaryimage\"},\"image\":{\"@id\":\"https:\/\/go-paint.com\/de\/produkte\/40220002\/deckel-roll-and-go-bucket-18\/#primaryimage\"},\"thumbnailUrl\":\"https:\/\/hildering.prod.pwstaging.tech\/app\/uploads\/sites\/2\/2025\/11\/deksel-roll-and-go-bucket-18-featured-96df161d-e8f9-4b64-94e6-19a9dd30e26d.png\",\"datePublished\":\"2026-01-27T09:30:21+00:00\",\"dateModified\":\"2026-03-05T21:30:34+00:00\",\"description\":\"Mit dem Roll and Go Deckel bleibt die Farbe frisch, staubfrei und einsatzbereit. Dieser transparente Deckel passt auf den Bucket18 und Sie k\u00f6nnen Ihren\",\"breadcrumb\":{\"@id\":\"https:\/\/go-paint.com\/de\/produkte\/40220002\/deckel-roll-and-go-bucket-18\/#breadcrumb\"},\"inLanguage\":\"de-DE\",\"potentialAction\":[{\"@type\":\"ReadAction\",\"target\":[\"https:\/\/go-paint.com\/de\/produkte\/40220002\/deckel-roll-and-go-bucket-18\/\"]}]},{\"@type\":\"ImageObject\",\"inLanguage\":\"de-DE\",\"@id\":\"https:\/\/go-paint.com\/de\/produkte\/40220002\/deckel-roll-and-go-bucket-18\/#primaryimage\",\"url\":\"https:\/\/hildering.prod.pwstaging.tech\/app\/uploads\/sites\/2\/2025\/11\/deksel-roll-and-go-bucket-18-featured-96df161d-e8f9-4b64-94e6-19a9dd30e26d.png\",\"contentUrl\":\"https:\/\/hildering.prod.pwstaging.tech\/app\/uploads\/sites\/2\/2025\/11\/deksel-roll-and-go-bucket-18-featured-96df161d-e8f9-4b64-94e6-19a9dd30e26d.png\",\"width\":700,\"height\":556},{\"@type\":\"BreadcrumbList\",\"@id\":\"https:\/\/go-paint.com\/de\/produkte\/40220002\/deckel-roll-and-go-bucket-18\/#breadcrumb\",\"itemListElement\":[{\"@type\":\"ListItem\",\"position\":1,\"name\":\"Home\",\"item\":\"https:\/\/go-paint.com\/de\/\"},{\"@type\":\"ListItem\",\"position\":2,\"name\":\"Produkte\",\"item\":\"https:\/\/go-paint.com\/de\/shop\/\"},{\"@type\":\"ListItem\",\"position\":3,\"name\":\"Deckel Roll and Go Bucket 18\"}]},{\"@type\":\"WebSite\",\"@id\":\"https:\/\/go-paint.com\/de\/#website\",\"url\":\"https:\/\/go-paint.com\/de\/\",\"name\":\"Go Paint\",\"description\":\"\",\"potentialAction\":[{\"@type\":\"SearchAction\",\"target\":{\"@type\":\"EntryPoint\",\"urlTemplate\":\"https:\/\/go-paint.com\/de\/?s={search_term_string}\"},\"query-input\":{\"@type\":\"PropertyValueSpecification\",\"valueRequired\":true,\"valueName\":\"search_term_string\"}}],\"inLanguage\":\"de-DE\"}]}<\/script>\n<!-- \/ Yoast SEO plugin. -->","yoast_head_json":{"title":"Deckel Roll and Go Bucket 18 - GO Paint","description":"Mit dem Roll and Go Deckel bleibt die Farbe frisch, staubfrei und einsatzbereit. Dieser transparente Deckel passt auf den Bucket18 und Sie k\u00f6nnen Ihren","robots":{"index":"index","follow":"follow","max-snippet":"max-snippet:-1","max-image-preview":"max-image-preview:large","max-video-preview":"max-video-preview:-1"},"canonical":"https:\/\/go-paint.com\/de\/produkte\/40220002\/deckel-roll-and-go-bucket-18\/","og_locale":"de_DE","og_type":"article","og_title":"Deckel Roll and Go Bucket 18 - GO Paint","og_description":"Mit dem Roll and Go Deckel bleibt die Farbe frisch, staubfrei und einsatzbereit. Dieser transparente Deckel passt auf den Bucket18 und Sie k\u00f6nnen Ihren","og_url":"https:\/\/go-paint.com\/de\/produkte\/40220002\/deckel-roll-and-go-bucket-18\/","og_site_name":"GO Paint","article_modified_time":"2026-03-05T21:30:34+00:00","og_image":[{"width":700,"height":556,"url":"https:\/\/hildering.prod.pwstaging.tech\/app\/uploads\/sites\/2\/2025\/11\/deksel-roll-and-go-bucket-18-featured-96df161d-e8f9-4b64-94e6-19a9dd30e26d.png","type":"image\/png"}],"twitter_card":"summary_large_image","schema":{"@context":"https:\/\/schema.org","@graph":[{"@type":"WebPage","@id":"https:\/\/go-paint.com\/de\/produkte\/40220002\/deckel-roll-and-go-bucket-18\/","url":"https:\/\/go-paint.com\/de\/produkte\/40220002\/deckel-roll-and-go-bucket-18\/","name":"Deckel Roll and Go Bucket 18 - GO Paint","isPartOf":{"@id":"https:\/\/go-paint.com\/de\/#website"},"primaryImageOfPage":{"@id":"https:\/\/go-paint.com\/de\/produkte\/40220002\/deckel-roll-and-go-bucket-18\/#primaryimage"},"image":{"@id":"https:\/\/go-paint.com\/de\/produkte\/40220002\/deckel-roll-and-go-bucket-18\/#primaryimage"},"thumbnailUrl":"https:\/\/hildering.prod.pwstaging.tech\/app\/uploads\/sites\/2\/2025\/11\/deksel-roll-and-go-bucket-18-featured-96df161d-e8f9-4b64-94e6-19a9dd30e26d.png","datePublished":"2026-01-27T09:30:21+00:00","dateModified":"2026-03-05T21:30:34+00:00","description":"Mit dem Roll and Go Deckel bleibt die Farbe frisch, staubfrei und einsatzbereit. Dieser transparente Deckel passt auf den Bucket18 und Sie k\u00f6nnen Ihren","breadcrumb":{"@id":"https:\/\/go-paint.com\/de\/produkte\/40220002\/deckel-roll-and-go-bucket-18\/#breadcrumb"},"inLanguage":"de-DE","potentialAction":[{"@type":"ReadAction","target":["https:\/\/go-paint.com\/de\/produkte\/40220002\/deckel-roll-and-go-bucket-18\/"]}]},{"@type":"ImageObject","inLanguage":"de-DE","@id":"https:\/\/go-paint.com\/de\/produkte\/40220002\/deckel-roll-and-go-bucket-18\/#primaryimage","url":"https:\/\/hildering.prod.pwstaging.tech\/app\/uploads\/sites\/2\/2025\/11\/deksel-roll-and-go-bucket-18-featured-96df161d-e8f9-4b64-94e6-19a9dd30e26d.png","contentUrl":"https:\/\/hildering.prod.pwstaging.tech\/app\/uploads\/sites\/2\/2025\/11\/deksel-roll-and-go-bucket-18-featured-96df161d-e8f9-4b64-94e6-19a9dd30e26d.png","width":700,"height":556},{"@type":"BreadcrumbList","@id":"https:\/\/go-paint.com\/de\/produkte\/40220002\/deckel-roll-and-go-bucket-18\/#breadcrumb","itemListElement":[{"@type":"ListItem","position":1,"name":"Home","item":"https:\/\/go-paint.com\/de\/"},{"@type":"ListItem","position":2,"name":"Produkte","item":"https:\/\/go-paint.com\/de\/shop\/"},{"@type":"ListItem","position":3,"name":"Deckel Roll and Go Bucket 18"}]},{"@type":"WebSite","@id":"https:\/\/go-paint.com\/de\/#website","url":"https:\/\/go-paint.com\/de\/","name":"Go Paint","description":"","potentialAction":[{"@type":"SearchAction","target":{"@type":"EntryPoint","urlTemplate":"https:\/\/go-paint.com\/de\/?s={search_term_string}"},"query-input":{"@type":"PropertyValueSpecification","valueRequired":true,"valueName":"search_term_string"}}],"inLanguage":"de-DE"}]}},"_links":{"self":[{"href":"https:\/\/go-paint.com\/de\/wp-json\/wp\/v2\/product\/69380","targetHints":{"allow":["GET"]}}],"collection":[{"href":"https:\/\/go-paint.com\/de\/wp-json\/wp\/v2\/product"}],"about":[{"href":"https:\/\/go-paint.com\/de\/wp-json\/wp\/v2\/types\/product"}],"replies":[{"embeddable":true,"href":"https:\/\/go-paint.com\/de\/wp-json\/wp\/v2\/comments?post=69380"}],"wp:featuredmedia":[{"embeddable":true,"href":"https:\/\/go-paint.com\/de\/wp-json\/wp\/v2\/media\/37891"}],"wp:attachment":[{"href":"https:\/\/go-paint.com\/de\/wp-json\/wp\/v2\/media?parent=69380"}],"wp:term":[{"taxonomy":"product_brand","embeddable":true,"href":"https:\/\/go-paint.com\/de\/wp-json\/wp\/v2\/product_brand?post=69380"},{"taxonomy":"product_cat","embeddable":true,"href":"https:\/\/go-paint.com\/de\/wp-json\/wp\/v2\/product_cat?post=69380"},{"taxonomy":"product_tag","embeddable":true,"href":"https:\/\/go-paint.com\/de\/wp-json\/wp\/v2\/product_tag?post=69380"},{"taxonomy":"markten","embeddable":true,"href":"https:\/\/go-paint.com\/de\/wp-json\/wp\/v2\/markten?post=69380"}],"curies":[{"name":"wp","href":"https:\/\/api.w.org\/{rel}","templated":true}]}}