{"id":69395,"date":"2026-01-27T09:30:22","date_gmt":"2026-01-27T09:30:22","guid":{"rendered":"https:\/\/go-paint.com\/product\/roll-and-go-tray-25\/"},"modified":"2026-04-08T21:30:46","modified_gmt":"2026-04-08T21:30:46","slug":"roll-and-go-tray-25","status":"publish","type":"product","link":"https:\/\/go-paint.com\/de\/produkte\/40230008\/roll-and-go-tray-25\/","title":{"rendered":"Roll and Go Tray 25"},"content":{"rendered":"<p>Das Roll and Go Tray 25 ist ein handliches Kraftpaket f\u00fcr alle pr\u00e4zisen Malerarbeiten von T\u00fcren, B\u00f6den und Treppen bis hin zu W\u00e4nden und sogar Wandmalereien mit Farb- und Lackrollen bis einschlie\u00dflich 25 cm Breite. Weniger Schlierenbildung, gute Zug\u00e4nglichkeit des Inhalts, keine Spritzer und ein ger\u00e4umiges zweites Fach, in dem Sie Pinsel oder Rolle ablegen oder einen Schwamm oder Lappen mitnehmen k\u00f6nnen. Die schr\u00e4ge Rollfl\u00e4che sorgt f\u00fcr eine perfekte Verteilung der Farbe auf der Walze und \u00fcbersch\u00fcssige Farbe flie\u00dft automatisch in den tiefen Beh\u00e4lter zur\u00fcck, der einen ganzen Liter Farbe fasst. Auf der erh\u00f6hten Kante am oberen Rand der Walzenfl\u00e4che l\u00e4sst sich der Griff der Walze bequem ablegen. Die passenden Eins\u00e4tze halten den Beh\u00e4lter sauber und sorgen daf\u00fcr, dass Sie den Inhalt blitzschnell wechseln k\u00f6nnen, weshalb diese Beh\u00e4lter auch von Malern, die mit vielen verschiedenen Farben arbeiten, gerne verwendet werden.<\/p>\n","protected":false},"excerpt":{"rendered":"<p>Das Roll and Go Tray 25 ist ein handliches Kraftpaket f\u00fcr alle pr\u00e4zisen Malerarbeiten von T\u00fcren, B\u00f6den und Treppen bis hin zu W\u00e4nden und sogar Wandmalereien mit Farb- und Lackrollen bis einschlie\u00dflich 25 cm Breite. Weniger Schlierenbildung, gute Zug\u00e4nglichkeit des Inhalts, keine Spritzer und ein ger\u00e4umiges zweites Fach, in dem Sie Pinsel oder Rolle ablegen [&hellip;]<\/p>\n","protected":false},"featured_media":37924,"comment_status":"open","ping_status":"closed","template":"","meta":[],"product_brand":[],"product_cat":[11035],"product_tag":[],"markten":[],"class_list":{"0":"post-69395","1":"product","2":"type-product","3":"status-publish","4":"has-post-thumbnail","6":"product_cat-farbwannen","8":"first","9":"instock","10":"shipping-taxable","11":"purchasable","12":"product-type-simple"},"yoast_head":"<!-- This site is optimized with the Yoast SEO plugin v26.9 - https:\/\/yoast.com\/product\/yoast-seo-wordpress\/ -->\n<title>Roll and Go Tray 25 - GO Paint<\/title>\n<meta name=\"description\" content=\"Das Roll and Go Tray 25 ist ein handliches Kraftpaket f\u00fcr alle pr\u00e4zisen Malerarbeiten von T\u00fcren, B\u00f6den und Treppen bis hin zu W\u00e4nden und sogar\" \/>\n<meta name=\"robots\" content=\"index, follow, max-snippet:-1, max-image-preview:large, max-video-preview:-1\" \/>\n<link rel=\"canonical\" href=\"https:\/\/go-paint.com\/de\/produkte\/40230008\/roll-and-go-tray-25\/\" \/>\n<meta property=\"og:locale\" content=\"de_DE\" \/>\n<meta property=\"og:type\" content=\"article\" \/>\n<meta property=\"og:title\" content=\"Roll and Go Tray 25 - GO Paint\" \/>\n<meta property=\"og:description\" content=\"Das Roll and Go Tray 25 ist ein handliches Kraftpaket f\u00fcr alle pr\u00e4zisen Malerarbeiten von T\u00fcren, B\u00f6den und Treppen bis hin zu W\u00e4nden und sogar\" \/>\n<meta property=\"og:url\" content=\"https:\/\/go-paint.com\/de\/produkte\/40230008\/roll-and-go-tray-25\/\" \/>\n<meta property=\"og:site_name\" content=\"GO Paint\" \/>\n<meta property=\"article:modified_time\" content=\"2026-04-08T21:30:46+00:00\" \/>\n<meta property=\"og:image\" content=\"https:\/\/hildering.prod.pwstaging.tech\/app\/uploads\/sites\/2\/2025\/11\/roll-and-go-tray-25-featured-26aee1f1-5142-412c-8c22-08ab00a48552.png\" \/>\n\t<meta property=\"og:image:width\" content=\"700\" \/>\n\t<meta property=\"og:image:height\" content=\"700\" \/>\n\t<meta property=\"og:image:type\" content=\"image\/png\" \/>\n<meta name=\"twitter:card\" content=\"summary_large_image\" \/>\n<meta name=\"twitter:label1\" content=\"Est. reading time\" \/>\n\t<meta name=\"twitter:data1\" content=\"1 minute\" \/>\n<script type=\"application\/ld+json\" class=\"yoast-schema-graph\">{\"@context\":\"https:\/\/schema.org\",\"@graph\":[{\"@type\":\"WebPage\",\"@id\":\"https:\/\/go-paint.com\/de\/produkte\/40230008\/roll-and-go-tray-25\/\",\"url\":\"https:\/\/go-paint.com\/de\/produkte\/40230008\/roll-and-go-tray-25\/\",\"name\":\"Roll and Go Tray 25 - GO Paint\",\"isPartOf\":{\"@id\":\"https:\/\/go-paint.com\/de\/#website\"},\"primaryImageOfPage\":{\"@id\":\"https:\/\/go-paint.com\/de\/produkte\/40230008\/roll-and-go-tray-25\/#primaryimage\"},\"image\":{\"@id\":\"https:\/\/go-paint.com\/de\/produkte\/40230008\/roll-and-go-tray-25\/#primaryimage\"},\"thumbnailUrl\":\"https:\/\/hildering.prod.pwstaging.tech\/app\/uploads\/sites\/2\/2025\/11\/roll-and-go-tray-25-featured-26aee1f1-5142-412c-8c22-08ab00a48552.png\",\"datePublished\":\"2026-01-27T09:30:22+00:00\",\"dateModified\":\"2026-04-08T21:30:46+00:00\",\"description\":\"Das Roll and Go Tray 25 ist ein handliches Kraftpaket f\u00fcr alle pr\u00e4zisen Malerarbeiten von T\u00fcren, B\u00f6den und Treppen bis hin zu W\u00e4nden und sogar\",\"breadcrumb\":{\"@id\":\"https:\/\/go-paint.com\/de\/produkte\/40230008\/roll-and-go-tray-25\/#breadcrumb\"},\"inLanguage\":\"de-DE\",\"potentialAction\":[{\"@type\":\"ReadAction\",\"target\":[\"https:\/\/go-paint.com\/de\/produkte\/40230008\/roll-and-go-tray-25\/\"]}]},{\"@type\":\"ImageObject\",\"inLanguage\":\"de-DE\",\"@id\":\"https:\/\/go-paint.com\/de\/produkte\/40230008\/roll-and-go-tray-25\/#primaryimage\",\"url\":\"https:\/\/hildering.prod.pwstaging.tech\/app\/uploads\/sites\/2\/2025\/11\/roll-and-go-tray-25-featured-26aee1f1-5142-412c-8c22-08ab00a48552.png\",\"contentUrl\":\"https:\/\/hildering.prod.pwstaging.tech\/app\/uploads\/sites\/2\/2025\/11\/roll-and-go-tray-25-featured-26aee1f1-5142-412c-8c22-08ab00a48552.png\",\"width\":700,\"height\":700},{\"@type\":\"BreadcrumbList\",\"@id\":\"https:\/\/go-paint.com\/de\/produkte\/40230008\/roll-and-go-tray-25\/#breadcrumb\",\"itemListElement\":[{\"@type\":\"ListItem\",\"position\":1,\"name\":\"Home\",\"item\":\"https:\/\/go-paint.com\/de\/\"},{\"@type\":\"ListItem\",\"position\":2,\"name\":\"Produkte\",\"item\":\"https:\/\/go-paint.com\/de\/shop\/\"},{\"@type\":\"ListItem\",\"position\":3,\"name\":\"Roll and Go Tray 25\"}]},{\"@type\":\"WebSite\",\"@id\":\"https:\/\/go-paint.com\/de\/#website\",\"url\":\"https:\/\/go-paint.com\/de\/\",\"name\":\"GO Paint\",\"description\":\"\",\"potentialAction\":[{\"@type\":\"SearchAction\",\"target\":{\"@type\":\"EntryPoint\",\"urlTemplate\":\"https:\/\/go-paint.com\/de\/?s={search_term_string}\"},\"query-input\":{\"@type\":\"PropertyValueSpecification\",\"valueRequired\":true,\"valueName\":\"search_term_string\"}}],\"inLanguage\":\"de-DE\"}]}<\/script>\n<!-- \/ Yoast SEO plugin. -->","yoast_head_json":{"title":"Roll and Go Tray 25 - GO Paint","description":"Das Roll and Go Tray 25 ist ein handliches Kraftpaket f\u00fcr alle pr\u00e4zisen Malerarbeiten von T\u00fcren, B\u00f6den und Treppen bis hin zu W\u00e4nden und sogar","robots":{"index":"index","follow":"follow","max-snippet":"max-snippet:-1","max-image-preview":"max-image-preview:large","max-video-preview":"max-video-preview:-1"},"canonical":"https:\/\/go-paint.com\/de\/produkte\/40230008\/roll-and-go-tray-25\/","og_locale":"de_DE","og_type":"article","og_title":"Roll and Go Tray 25 - GO Paint","og_description":"Das Roll and Go Tray 25 ist ein handliches Kraftpaket f\u00fcr alle pr\u00e4zisen Malerarbeiten von T\u00fcren, B\u00f6den und Treppen bis hin zu W\u00e4nden und sogar","og_url":"https:\/\/go-paint.com\/de\/produkte\/40230008\/roll-and-go-tray-25\/","og_site_name":"GO Paint","article_modified_time":"2026-04-08T21:30:46+00:00","og_image":[{"width":700,"height":700,"url":"https:\/\/hildering.prod.pwstaging.tech\/app\/uploads\/sites\/2\/2025\/11\/roll-and-go-tray-25-featured-26aee1f1-5142-412c-8c22-08ab00a48552.png","type":"image\/png"}],"twitter_card":"summary_large_image","twitter_misc":{"Est. reading time":"1 minute"},"schema":{"@context":"https:\/\/schema.org","@graph":[{"@type":"WebPage","@id":"https:\/\/go-paint.com\/de\/produkte\/40230008\/roll-and-go-tray-25\/","url":"https:\/\/go-paint.com\/de\/produkte\/40230008\/roll-and-go-tray-25\/","name":"Roll and Go Tray 25 - GO Paint","isPartOf":{"@id":"https:\/\/go-paint.com\/de\/#website"},"primaryImageOfPage":{"@id":"https:\/\/go-paint.com\/de\/produkte\/40230008\/roll-and-go-tray-25\/#primaryimage"},"image":{"@id":"https:\/\/go-paint.com\/de\/produkte\/40230008\/roll-and-go-tray-25\/#primaryimage"},"thumbnailUrl":"https:\/\/hildering.prod.pwstaging.tech\/app\/uploads\/sites\/2\/2025\/11\/roll-and-go-tray-25-featured-26aee1f1-5142-412c-8c22-08ab00a48552.png","datePublished":"2026-01-27T09:30:22+00:00","dateModified":"2026-04-08T21:30:46+00:00","description":"Das Roll and Go Tray 25 ist ein handliches Kraftpaket f\u00fcr alle pr\u00e4zisen Malerarbeiten von T\u00fcren, B\u00f6den und Treppen bis hin zu W\u00e4nden und sogar","breadcrumb":{"@id":"https:\/\/go-paint.com\/de\/produkte\/40230008\/roll-and-go-tray-25\/#breadcrumb"},"inLanguage":"de-DE","potentialAction":[{"@type":"ReadAction","target":["https:\/\/go-paint.com\/de\/produkte\/40230008\/roll-and-go-tray-25\/"]}]},{"@type":"ImageObject","inLanguage":"de-DE","@id":"https:\/\/go-paint.com\/de\/produkte\/40230008\/roll-and-go-tray-25\/#primaryimage","url":"https:\/\/hildering.prod.pwstaging.tech\/app\/uploads\/sites\/2\/2025\/11\/roll-and-go-tray-25-featured-26aee1f1-5142-412c-8c22-08ab00a48552.png","contentUrl":"https:\/\/hildering.prod.pwstaging.tech\/app\/uploads\/sites\/2\/2025\/11\/roll-and-go-tray-25-featured-26aee1f1-5142-412c-8c22-08ab00a48552.png","width":700,"height":700},{"@type":"BreadcrumbList","@id":"https:\/\/go-paint.com\/de\/produkte\/40230008\/roll-and-go-tray-25\/#breadcrumb","itemListElement":[{"@type":"ListItem","position":1,"name":"Home","item":"https:\/\/go-paint.com\/de\/"},{"@type":"ListItem","position":2,"name":"Produkte","item":"https:\/\/go-paint.com\/de\/shop\/"},{"@type":"ListItem","position":3,"name":"Roll and Go Tray 25"}]},{"@type":"WebSite","@id":"https:\/\/go-paint.com\/de\/#website","url":"https:\/\/go-paint.com\/de\/","name":"GO Paint","description":"","potentialAction":[{"@type":"SearchAction","target":{"@type":"EntryPoint","urlTemplate":"https:\/\/go-paint.com\/de\/?s={search_term_string}"},"query-input":{"@type":"PropertyValueSpecification","valueRequired":true,"valueName":"search_term_string"}}],"inLanguage":"de-DE"}]}},"_links":{"self":[{"href":"https:\/\/go-paint.com\/de\/wp-json\/wp\/v2\/product\/69395","targetHints":{"allow":["GET"]}}],"collection":[{"href":"https:\/\/go-paint.com\/de\/wp-json\/wp\/v2\/product"}],"about":[{"href":"https:\/\/go-paint.com\/de\/wp-json\/wp\/v2\/types\/product"}],"replies":[{"embeddable":true,"href":"https:\/\/go-paint.com\/de\/wp-json\/wp\/v2\/comments?post=69395"}],"wp:featuredmedia":[{"embeddable":true,"href":"https:\/\/go-paint.com\/de\/wp-json\/wp\/v2\/media\/37924"}],"wp:attachment":[{"href":"https:\/\/go-paint.com\/de\/wp-json\/wp\/v2\/media?parent=69395"}],"wp:term":[{"taxonomy":"product_brand","embeddable":true,"href":"https:\/\/go-paint.com\/de\/wp-json\/wp\/v2\/product_brand?post=69395"},{"taxonomy":"product_cat","embeddable":true,"href":"https:\/\/go-paint.com\/de\/wp-json\/wp\/v2\/product_cat?post=69395"},{"taxonomy":"product_tag","embeddable":true,"href":"https:\/\/go-paint.com\/de\/wp-json\/wp\/v2\/product_tag?post=69395"},{"taxonomy":"markten","embeddable":true,"href":"https:\/\/go-paint.com\/de\/wp-json\/wp\/v2\/markten?post=69395"}],"curies":[{"name":"wp","href":"https:\/\/api.w.org\/{rel}","templated":true}]}}