{"id":69419,"date":"2026-01-27T09:30:29","date_gmt":"2026-01-27T09:30:29","guid":{"rendered":"https:\/\/go-paint.com\/product\/store-and-go\/"},"modified":"2026-04-21T14:38:42","modified_gmt":"2026-04-21T14:38:42","slug":"store-and-go","status":"publish","type":"product","link":"https:\/\/go-paint.com\/de\/produkte\/40110012\/store-and-go\/","title":{"rendered":"Store and Go"},"content":{"rendered":"<p>Das Store and Go ist ein bio-basiertes Gel, in dem Sie einen Pinsel einweichen oder sogar \u00fcber Monate hinweg aufbewahren k\u00f6nnen. Das Gel schlie\u00dft die Pinselhaare von der Au\u00dfenluft ab, sodass sie nicht austrocknen und flexibel bleiben. Wenn Sie weiter malen wollen,\u00a0wischen Sie\u00a0einfach den Pinsel mit einem Tuch ab und Sie k\u00f6nnen sofort weiterarbeiten.<\/p>\n","protected":false},"excerpt":{"rendered":"<p>Das Store and Go ist ein bio-basiertes Gel, in dem Sie einen Pinsel einweichen oder sogar \u00fcber Monate hinweg aufbewahren k\u00f6nnen. Das Gel schlie\u00dft die Pinselhaare von der Au\u00dfenluft ab, sodass sie nicht austrocknen und flexibel bleiben. Wenn Sie weiter malen wollen,\u00a0wischen Sie\u00a0einfach den Pinsel mit einem Tuch ab und Sie k\u00f6nnen sofort weiterarbeiten.<\/p>\n","protected":false},"featured_media":37962,"comment_status":"open","ping_status":"closed","template":"","meta":[],"product_brand":[],"product_cat":[11050],"product_tag":[],"markten":[],"class_list":{"0":"post-69419","1":"product","2":"type-product","3":"status-publish","4":"has-post-thumbnail","6":"product_cat-pinsel-pflegen","8":"first","9":"instock","10":"shipping-taxable","11":"purchasable","12":"product-type-simple"},"yoast_head":"<!-- This site is optimized with the Yoast SEO plugin v26.9 - https:\/\/yoast.com\/product\/yoast-seo-wordpress\/ -->\n<title>Store and Go | Bio-basiertes Gel, einfach Ihre Pinsel abstellen<\/title>\n<meta name=\"description\" content=\"Das Store and Go ist ein bio-basiertes Gel, in dem Sie einen Pinsel einweichen oder sogar \u00fcber Monate hinweg aufbewahren k\u00f6nnen. Das Gel schlie\u00dft die\" \/>\n<meta name=\"robots\" content=\"index, follow, max-snippet:-1, max-image-preview:large, max-video-preview:-1\" \/>\n<link rel=\"canonical\" href=\"https:\/\/go-paint.com\/de\/produkte\/40110012\/store-and-go\/\" \/>\n<meta property=\"og:locale\" content=\"de_DE\" \/>\n<meta property=\"og:type\" content=\"article\" \/>\n<meta property=\"og:title\" content=\"Store and Go | Bio-basiertes Gel, einfach Ihre Pinsel abstellen\" \/>\n<meta property=\"og:description\" content=\"Das Store and Go ist ein bio-basiertes Gel, in dem Sie einen Pinsel einweichen oder sogar \u00fcber Monate hinweg aufbewahren k\u00f6nnen. Das Gel schlie\u00dft die\" \/>\n<meta property=\"og:url\" content=\"https:\/\/go-paint.com\/de\/produkte\/40110012\/store-and-go\/\" \/>\n<meta property=\"og:site_name\" content=\"GO Paint\" \/>\n<meta property=\"article:modified_time\" content=\"2026-04-21T14:38:42+00:00\" \/>\n<meta property=\"og:image\" content=\"https:\/\/hildering.prod.pwstaging.tech\/app\/uploads\/sites\/2\/2025\/11\/store-and-go-featured-8c898cbd-6965-4d44-92ba-6ea25e52d834.png\" \/>\n\t<meta property=\"og:image:width\" content=\"441\" \/>\n\t<meta property=\"og:image:height\" content=\"700\" \/>\n\t<meta property=\"og:image:type\" content=\"image\/png\" \/>\n<meta name=\"twitter:card\" content=\"summary_large_image\" \/>\n<meta name=\"twitter:label1\" content=\"Est. reading time\" \/>\n\t<meta name=\"twitter:data1\" content=\"1 minute\" \/>\n<script type=\"application\/ld+json\" class=\"yoast-schema-graph\">{\"@context\":\"https:\/\/schema.org\",\"@graph\":[{\"@type\":\"WebPage\",\"@id\":\"https:\/\/go-paint.com\/de\/produkte\/40110012\/store-and-go\/\",\"url\":\"https:\/\/go-paint.com\/de\/produkte\/40110012\/store-and-go\/\",\"name\":\"Store and Go | Bio-basiertes Gel, einfach Ihre Pinsel abstellen\",\"isPartOf\":{\"@id\":\"https:\/\/go-paint.com\/de\/#website\"},\"primaryImageOfPage\":{\"@id\":\"https:\/\/go-paint.com\/de\/produkte\/40110012\/store-and-go\/#primaryimage\"},\"image\":{\"@id\":\"https:\/\/go-paint.com\/de\/produkte\/40110012\/store-and-go\/#primaryimage\"},\"thumbnailUrl\":\"https:\/\/hildering.prod.pwstaging.tech\/app\/uploads\/sites\/2\/2025\/11\/store-and-go-featured-8c898cbd-6965-4d44-92ba-6ea25e52d834.png\",\"datePublished\":\"2026-01-27T09:30:29+00:00\",\"dateModified\":\"2026-04-21T14:38:42+00:00\",\"description\":\"Das Store and Go ist ein bio-basiertes Gel, in dem Sie einen Pinsel einweichen oder sogar \u00fcber Monate hinweg aufbewahren k\u00f6nnen. Das Gel schlie\u00dft die\",\"breadcrumb\":{\"@id\":\"https:\/\/go-paint.com\/de\/produkte\/40110012\/store-and-go\/#breadcrumb\"},\"inLanguage\":\"de-DE\",\"potentialAction\":[{\"@type\":\"ReadAction\",\"target\":[\"https:\/\/go-paint.com\/de\/produkte\/40110012\/store-and-go\/\"]}]},{\"@type\":\"ImageObject\",\"inLanguage\":\"de-DE\",\"@id\":\"https:\/\/go-paint.com\/de\/produkte\/40110012\/store-and-go\/#primaryimage\",\"url\":\"https:\/\/hildering.prod.pwstaging.tech\/app\/uploads\/sites\/2\/2025\/11\/store-and-go-featured-8c898cbd-6965-4d44-92ba-6ea25e52d834.png\",\"contentUrl\":\"https:\/\/hildering.prod.pwstaging.tech\/app\/uploads\/sites\/2\/2025\/11\/store-and-go-featured-8c898cbd-6965-4d44-92ba-6ea25e52d834.png\",\"width\":441,\"height\":700},{\"@type\":\"BreadcrumbList\",\"@id\":\"https:\/\/go-paint.com\/de\/produkte\/40110012\/store-and-go\/#breadcrumb\",\"itemListElement\":[{\"@type\":\"ListItem\",\"position\":1,\"name\":\"Home\",\"item\":\"https:\/\/go-paint.com\/de\/\"},{\"@type\":\"ListItem\",\"position\":2,\"name\":\"Produkte\",\"item\":\"https:\/\/go-paint.com\/de\/shop\/\"},{\"@type\":\"ListItem\",\"position\":3,\"name\":\"Store and Go\"}]},{\"@type\":\"WebSite\",\"@id\":\"https:\/\/go-paint.com\/de\/#website\",\"url\":\"https:\/\/go-paint.com\/de\/\",\"name\":\"Go Paint\",\"description\":\"\",\"publisher\":{\"@id\":\"https:\/\/go-paint.com\/de\/#organization\"},\"potentialAction\":[{\"@type\":\"SearchAction\",\"target\":{\"@type\":\"EntryPoint\",\"urlTemplate\":\"https:\/\/go-paint.com\/de\/?s={search_term_string}\"},\"query-input\":{\"@type\":\"PropertyValueSpecification\",\"valueRequired\":true,\"valueName\":\"search_term_string\"}}],\"inLanguage\":\"de-DE\"},{\"@type\":\"Organization\",\"@id\":\"https:\/\/go-paint.com\/de\/#organization\",\"name\":\"Go Paint\",\"url\":\"https:\/\/go-paint.com\/de\/\",\"logo\":{\"@type\":\"ImageObject\",\"inLanguage\":\"de-DE\",\"@id\":\"https:\/\/go-paint.com\/de\/#\/schema\/logo\/image\/\",\"url\":\"https:\/\/hildering.prod.pwstaging.tech\/app\/uploads\/sites\/2\/2026\/03\/GoPaint.svg\",\"contentUrl\":\"https:\/\/hildering.prod.pwstaging.tech\/app\/uploads\/sites\/2\/2026\/03\/GoPaint.svg\",\"width\":1,\"height\":1,\"caption\":\"Go Paint\"},\"image\":{\"@id\":\"https:\/\/go-paint.com\/de\/#\/schema\/logo\/image\/\"}}]}<\/script>\n<!-- \/ Yoast SEO plugin. -->","yoast_head_json":{"title":"Store and Go | Bio-basiertes Gel, einfach Ihre Pinsel abstellen","description":"Das Store and Go ist ein bio-basiertes Gel, in dem Sie einen Pinsel einweichen oder sogar \u00fcber Monate hinweg aufbewahren k\u00f6nnen. Das Gel schlie\u00dft die","robots":{"index":"index","follow":"follow","max-snippet":"max-snippet:-1","max-image-preview":"max-image-preview:large","max-video-preview":"max-video-preview:-1"},"canonical":"https:\/\/go-paint.com\/de\/produkte\/40110012\/store-and-go\/","og_locale":"de_DE","og_type":"article","og_title":"Store and Go | Bio-basiertes Gel, einfach Ihre Pinsel abstellen","og_description":"Das Store and Go ist ein bio-basiertes Gel, in dem Sie einen Pinsel einweichen oder sogar \u00fcber Monate hinweg aufbewahren k\u00f6nnen. Das Gel schlie\u00dft die","og_url":"https:\/\/go-paint.com\/de\/produkte\/40110012\/store-and-go\/","og_site_name":"GO Paint","article_modified_time":"2026-04-21T14:38:42+00:00","og_image":[{"width":441,"height":700,"url":"https:\/\/hildering.prod.pwstaging.tech\/app\/uploads\/sites\/2\/2025\/11\/store-and-go-featured-8c898cbd-6965-4d44-92ba-6ea25e52d834.png","type":"image\/png"}],"twitter_card":"summary_large_image","twitter_misc":{"Est. reading time":"1 minute"},"schema":{"@context":"https:\/\/schema.org","@graph":[{"@type":"WebPage","@id":"https:\/\/go-paint.com\/de\/produkte\/40110012\/store-and-go\/","url":"https:\/\/go-paint.com\/de\/produkte\/40110012\/store-and-go\/","name":"Store and Go | Bio-basiertes Gel, einfach Ihre Pinsel abstellen","isPartOf":{"@id":"https:\/\/go-paint.com\/de\/#website"},"primaryImageOfPage":{"@id":"https:\/\/go-paint.com\/de\/produkte\/40110012\/store-and-go\/#primaryimage"},"image":{"@id":"https:\/\/go-paint.com\/de\/produkte\/40110012\/store-and-go\/#primaryimage"},"thumbnailUrl":"https:\/\/hildering.prod.pwstaging.tech\/app\/uploads\/sites\/2\/2025\/11\/store-and-go-featured-8c898cbd-6965-4d44-92ba-6ea25e52d834.png","datePublished":"2026-01-27T09:30:29+00:00","dateModified":"2026-04-21T14:38:42+00:00","description":"Das Store and Go ist ein bio-basiertes Gel, in dem Sie einen Pinsel einweichen oder sogar \u00fcber Monate hinweg aufbewahren k\u00f6nnen. Das Gel schlie\u00dft die","breadcrumb":{"@id":"https:\/\/go-paint.com\/de\/produkte\/40110012\/store-and-go\/#breadcrumb"},"inLanguage":"de-DE","potentialAction":[{"@type":"ReadAction","target":["https:\/\/go-paint.com\/de\/produkte\/40110012\/store-and-go\/"]}]},{"@type":"ImageObject","inLanguage":"de-DE","@id":"https:\/\/go-paint.com\/de\/produkte\/40110012\/store-and-go\/#primaryimage","url":"https:\/\/hildering.prod.pwstaging.tech\/app\/uploads\/sites\/2\/2025\/11\/store-and-go-featured-8c898cbd-6965-4d44-92ba-6ea25e52d834.png","contentUrl":"https:\/\/hildering.prod.pwstaging.tech\/app\/uploads\/sites\/2\/2025\/11\/store-and-go-featured-8c898cbd-6965-4d44-92ba-6ea25e52d834.png","width":441,"height":700},{"@type":"BreadcrumbList","@id":"https:\/\/go-paint.com\/de\/produkte\/40110012\/store-and-go\/#breadcrumb","itemListElement":[{"@type":"ListItem","position":1,"name":"Home","item":"https:\/\/go-paint.com\/de\/"},{"@type":"ListItem","position":2,"name":"Produkte","item":"https:\/\/go-paint.com\/de\/shop\/"},{"@type":"ListItem","position":3,"name":"Store and Go"}]},{"@type":"WebSite","@id":"https:\/\/go-paint.com\/de\/#website","url":"https:\/\/go-paint.com\/de\/","name":"Go Paint","description":"","publisher":{"@id":"https:\/\/go-paint.com\/de\/#organization"},"potentialAction":[{"@type":"SearchAction","target":{"@type":"EntryPoint","urlTemplate":"https:\/\/go-paint.com\/de\/?s={search_term_string}"},"query-input":{"@type":"PropertyValueSpecification","valueRequired":true,"valueName":"search_term_string"}}],"inLanguage":"de-DE"},{"@type":"Organization","@id":"https:\/\/go-paint.com\/de\/#organization","name":"Go Paint","url":"https:\/\/go-paint.com\/de\/","logo":{"@type":"ImageObject","inLanguage":"de-DE","@id":"https:\/\/go-paint.com\/de\/#\/schema\/logo\/image\/","url":"https:\/\/hildering.prod.pwstaging.tech\/app\/uploads\/sites\/2\/2026\/03\/GoPaint.svg","contentUrl":"https:\/\/hildering.prod.pwstaging.tech\/app\/uploads\/sites\/2\/2026\/03\/GoPaint.svg","width":1,"height":1,"caption":"Go Paint"},"image":{"@id":"https:\/\/go-paint.com\/de\/#\/schema\/logo\/image\/"}}]}},"_links":{"self":[{"href":"https:\/\/go-paint.com\/de\/wp-json\/wp\/v2\/product\/69419","targetHints":{"allow":["GET"]}}],"collection":[{"href":"https:\/\/go-paint.com\/de\/wp-json\/wp\/v2\/product"}],"about":[{"href":"https:\/\/go-paint.com\/de\/wp-json\/wp\/v2\/types\/product"}],"replies":[{"embeddable":true,"href":"https:\/\/go-paint.com\/de\/wp-json\/wp\/v2\/comments?post=69419"}],"wp:featuredmedia":[{"embeddable":true,"href":"https:\/\/go-paint.com\/de\/wp-json\/wp\/v2\/media\/37962"}],"wp:attachment":[{"href":"https:\/\/go-paint.com\/de\/wp-json\/wp\/v2\/media?parent=69419"}],"wp:term":[{"taxonomy":"product_brand","embeddable":true,"href":"https:\/\/go-paint.com\/de\/wp-json\/wp\/v2\/product_brand?post=69419"},{"taxonomy":"product_cat","embeddable":true,"href":"https:\/\/go-paint.com\/de\/wp-json\/wp\/v2\/product_cat?post=69419"},{"taxonomy":"product_tag","embeddable":true,"href":"https:\/\/go-paint.com\/de\/wp-json\/wp\/v2\/product_tag?post=69419"},{"taxonomy":"markten","embeddable":true,"href":"https:\/\/go-paint.com\/de\/wp-json\/wp\/v2\/markten?post=69419"}],"curies":[{"name":"wp","href":"https:\/\/api.w.org\/{rel}","templated":true}]}}