{"id":69449,"date":"2026-01-27T09:30:42","date_gmt":"2026-01-27T09:30:42","guid":{"rendered":"https:\/\/go-paint.com\/product\/multi-opener\/"},"modified":"2026-03-02T21:30:49","modified_gmt":"2026-03-02T21:30:49","slug":"multi-opener","status":"publish","type":"product","link":"https:\/\/go-paint.com\/de\/produkte\/40500040\/multi-opener\/","title":{"rendered":"Multi Opener"},"content":{"rendered":"<p>Der Multi Opener ist ein Universalwerkzeug zum \u00d6ffnen aller g\u00e4ngigen Wei\u00dfblechverpackungen. Mit ihm k\u00f6nnen sowohl normale Farbdosen als auch maschinell verschlossene Eimer mit Ringverschl\u00fcssen und Lappendeckeln einfach ge\u00f6ffnet werden. Dieser praktische \u00d6ffner darf an Ihrem Arbeitsplatz nicht fehlen.<\/p>\n","protected":false},"excerpt":{"rendered":"<p>Der Multi Opener ist ein Universalwerkzeug zum \u00d6ffnen aller g\u00e4ngigen Wei\u00dfblechverpackungen. Mit ihm k\u00f6nnen sowohl normale Farbdosen als auch maschinell verschlossene Eimer mit Ringverschl\u00fcssen und Lappendeckeln einfach ge\u00f6ffnet werden. Dieser praktische \u00d6ffner darf an Ihrem Arbeitsplatz nicht fehlen.<\/p>\n","protected":false},"featured_media":38020,"comment_status":"open","ping_status":"closed","template":"","meta":[],"product_brand":[],"product_cat":[11059],"product_tag":[],"markten":[],"class_list":{"0":"post-69449","1":"product","2":"type-product","3":"status-publish","4":"has-post-thumbnail","6":"product_cat-zubehor","8":"first","9":"instock","10":"shipping-taxable","11":"purchasable","12":"product-type-simple"},"yoast_head":"<!-- This site is optimized with the Yoast SEO plugin v26.9 - https:\/\/yoast.com\/product\/yoast-seo-wordpress\/ -->\n<title>Multi Opener - GO Paint<\/title>\n<meta name=\"description\" content=\"Der Multi Opener ist ein Universalwerkzeug zum \u00d6ffnen aller g\u00e4ngigen Wei\u00dfblechverpackungen. Mit ihm k\u00f6nnen sowohl normale Farbdosen als auch maschinell\" \/>\n<meta name=\"robots\" content=\"index, follow, max-snippet:-1, max-image-preview:large, max-video-preview:-1\" \/>\n<link rel=\"canonical\" href=\"https:\/\/go-paint.com\/de\/produkte\/40500040\/multi-opener\/\" \/>\n<meta property=\"og:locale\" content=\"de_DE\" \/>\n<meta property=\"og:type\" content=\"article\" \/>\n<meta property=\"og:title\" content=\"Multi Opener - GO Paint\" \/>\n<meta property=\"og:description\" content=\"Der Multi Opener ist ein Universalwerkzeug zum \u00d6ffnen aller g\u00e4ngigen Wei\u00dfblechverpackungen. Mit ihm k\u00f6nnen sowohl normale Farbdosen als auch maschinell\" \/>\n<meta property=\"og:url\" content=\"https:\/\/go-paint.com\/de\/produkte\/40500040\/multi-opener\/\" \/>\n<meta property=\"og:site_name\" content=\"GO Paint\" \/>\n<meta property=\"article:modified_time\" content=\"2026-03-02T21:30:49+00:00\" \/>\n<meta property=\"og:image\" content=\"https:\/\/hildering.prod.pwstaging.tech\/app\/uploads\/sites\/2\/2025\/11\/multi-opener-featured-6510745a-6116-48c2-b900-90289d82e627.png\" \/>\n\t<meta property=\"og:image:width\" content=\"700\" \/>\n\t<meta property=\"og:image:height\" content=\"467\" \/>\n\t<meta property=\"og:image:type\" content=\"image\/png\" \/>\n<meta name=\"twitter:card\" content=\"summary_large_image\" \/>\n<script type=\"application\/ld+json\" class=\"yoast-schema-graph\">{\"@context\":\"https:\/\/schema.org\",\"@graph\":[{\"@type\":\"WebPage\",\"@id\":\"https:\/\/go-paint.com\/de\/produkte\/40500040\/multi-opener\/\",\"url\":\"https:\/\/go-paint.com\/de\/produkte\/40500040\/multi-opener\/\",\"name\":\"Multi Opener - GO Paint\",\"isPartOf\":{\"@id\":\"https:\/\/go-paint.com\/de\/#website\"},\"primaryImageOfPage\":{\"@id\":\"https:\/\/go-paint.com\/de\/produkte\/40500040\/multi-opener\/#primaryimage\"},\"image\":{\"@id\":\"https:\/\/go-paint.com\/de\/produkte\/40500040\/multi-opener\/#primaryimage\"},\"thumbnailUrl\":\"https:\/\/hildering.prod.pwstaging.tech\/app\/uploads\/sites\/2\/2025\/11\/multi-opener-featured-6510745a-6116-48c2-b900-90289d82e627.png\",\"datePublished\":\"2026-01-27T09:30:42+00:00\",\"dateModified\":\"2026-03-02T21:30:49+00:00\",\"description\":\"Der Multi Opener ist ein Universalwerkzeug zum \u00d6ffnen aller g\u00e4ngigen Wei\u00dfblechverpackungen. Mit ihm k\u00f6nnen sowohl normale Farbdosen als auch maschinell\",\"breadcrumb\":{\"@id\":\"https:\/\/go-paint.com\/de\/produkte\/40500040\/multi-opener\/#breadcrumb\"},\"inLanguage\":\"de-DE\",\"potentialAction\":[{\"@type\":\"ReadAction\",\"target\":[\"https:\/\/go-paint.com\/de\/produkte\/40500040\/multi-opener\/\"]}]},{\"@type\":\"ImageObject\",\"inLanguage\":\"de-DE\",\"@id\":\"https:\/\/go-paint.com\/de\/produkte\/40500040\/multi-opener\/#primaryimage\",\"url\":\"https:\/\/hildering.prod.pwstaging.tech\/app\/uploads\/sites\/2\/2025\/11\/multi-opener-featured-6510745a-6116-48c2-b900-90289d82e627.png\",\"contentUrl\":\"https:\/\/hildering.prod.pwstaging.tech\/app\/uploads\/sites\/2\/2025\/11\/multi-opener-featured-6510745a-6116-48c2-b900-90289d82e627.png\",\"width\":700,\"height\":467},{\"@type\":\"BreadcrumbList\",\"@id\":\"https:\/\/go-paint.com\/de\/produkte\/40500040\/multi-opener\/#breadcrumb\",\"itemListElement\":[{\"@type\":\"ListItem\",\"position\":1,\"name\":\"Home\",\"item\":\"https:\/\/go-paint.com\/de\/\"},{\"@type\":\"ListItem\",\"position\":2,\"name\":\"Produkte\",\"item\":\"https:\/\/go-paint.com\/de\/shop\/\"},{\"@type\":\"ListItem\",\"position\":3,\"name\":\"Multi Opener\"}]},{\"@type\":\"WebSite\",\"@id\":\"https:\/\/go-paint.com\/de\/#website\",\"url\":\"https:\/\/go-paint.com\/de\/\",\"name\":\"Go Paint\",\"description\":\"\",\"publisher\":{\"@id\":\"https:\/\/go-paint.com\/de\/#organization\"},\"potentialAction\":[{\"@type\":\"SearchAction\",\"target\":{\"@type\":\"EntryPoint\",\"urlTemplate\":\"https:\/\/go-paint.com\/de\/?s={search_term_string}\"},\"query-input\":{\"@type\":\"PropertyValueSpecification\",\"valueRequired\":true,\"valueName\":\"search_term_string\"}}],\"inLanguage\":\"de-DE\"},{\"@type\":\"Organization\",\"@id\":\"https:\/\/go-paint.com\/de\/#organization\",\"name\":\"Go Paint\",\"url\":\"https:\/\/go-paint.com\/de\/\",\"logo\":{\"@type\":\"ImageObject\",\"inLanguage\":\"de-DE\",\"@id\":\"https:\/\/go-paint.com\/de\/#\/schema\/logo\/image\/\",\"url\":\"https:\/\/hildering.prod.pwstaging.tech\/app\/uploads\/sites\/2\/2026\/03\/GoPaint.svg\",\"contentUrl\":\"https:\/\/hildering.prod.pwstaging.tech\/app\/uploads\/sites\/2\/2026\/03\/GoPaint.svg\",\"width\":1,\"height\":1,\"caption\":\"Go Paint\"},\"image\":{\"@id\":\"https:\/\/go-paint.com\/de\/#\/schema\/logo\/image\/\"}}]}<\/script>\n<!-- \/ Yoast SEO plugin. -->","yoast_head_json":{"title":"Multi Opener - GO Paint","description":"Der Multi Opener ist ein Universalwerkzeug zum \u00d6ffnen aller g\u00e4ngigen Wei\u00dfblechverpackungen. Mit ihm k\u00f6nnen sowohl normale Farbdosen als auch maschinell","robots":{"index":"index","follow":"follow","max-snippet":"max-snippet:-1","max-image-preview":"max-image-preview:large","max-video-preview":"max-video-preview:-1"},"canonical":"https:\/\/go-paint.com\/de\/produkte\/40500040\/multi-opener\/","og_locale":"de_DE","og_type":"article","og_title":"Multi Opener - GO Paint","og_description":"Der Multi Opener ist ein Universalwerkzeug zum \u00d6ffnen aller g\u00e4ngigen Wei\u00dfblechverpackungen. Mit ihm k\u00f6nnen sowohl normale Farbdosen als auch maschinell","og_url":"https:\/\/go-paint.com\/de\/produkte\/40500040\/multi-opener\/","og_site_name":"GO Paint","article_modified_time":"2026-03-02T21:30:49+00:00","og_image":[{"width":700,"height":467,"url":"https:\/\/hildering.prod.pwstaging.tech\/app\/uploads\/sites\/2\/2025\/11\/multi-opener-featured-6510745a-6116-48c2-b900-90289d82e627.png","type":"image\/png"}],"twitter_card":"summary_large_image","schema":{"@context":"https:\/\/schema.org","@graph":[{"@type":"WebPage","@id":"https:\/\/go-paint.com\/de\/produkte\/40500040\/multi-opener\/","url":"https:\/\/go-paint.com\/de\/produkte\/40500040\/multi-opener\/","name":"Multi Opener - GO Paint","isPartOf":{"@id":"https:\/\/go-paint.com\/de\/#website"},"primaryImageOfPage":{"@id":"https:\/\/go-paint.com\/de\/produkte\/40500040\/multi-opener\/#primaryimage"},"image":{"@id":"https:\/\/go-paint.com\/de\/produkte\/40500040\/multi-opener\/#primaryimage"},"thumbnailUrl":"https:\/\/hildering.prod.pwstaging.tech\/app\/uploads\/sites\/2\/2025\/11\/multi-opener-featured-6510745a-6116-48c2-b900-90289d82e627.png","datePublished":"2026-01-27T09:30:42+00:00","dateModified":"2026-03-02T21:30:49+00:00","description":"Der Multi Opener ist ein Universalwerkzeug zum \u00d6ffnen aller g\u00e4ngigen Wei\u00dfblechverpackungen. Mit ihm k\u00f6nnen sowohl normale Farbdosen als auch maschinell","breadcrumb":{"@id":"https:\/\/go-paint.com\/de\/produkte\/40500040\/multi-opener\/#breadcrumb"},"inLanguage":"de-DE","potentialAction":[{"@type":"ReadAction","target":["https:\/\/go-paint.com\/de\/produkte\/40500040\/multi-opener\/"]}]},{"@type":"ImageObject","inLanguage":"de-DE","@id":"https:\/\/go-paint.com\/de\/produkte\/40500040\/multi-opener\/#primaryimage","url":"https:\/\/hildering.prod.pwstaging.tech\/app\/uploads\/sites\/2\/2025\/11\/multi-opener-featured-6510745a-6116-48c2-b900-90289d82e627.png","contentUrl":"https:\/\/hildering.prod.pwstaging.tech\/app\/uploads\/sites\/2\/2025\/11\/multi-opener-featured-6510745a-6116-48c2-b900-90289d82e627.png","width":700,"height":467},{"@type":"BreadcrumbList","@id":"https:\/\/go-paint.com\/de\/produkte\/40500040\/multi-opener\/#breadcrumb","itemListElement":[{"@type":"ListItem","position":1,"name":"Home","item":"https:\/\/go-paint.com\/de\/"},{"@type":"ListItem","position":2,"name":"Produkte","item":"https:\/\/go-paint.com\/de\/shop\/"},{"@type":"ListItem","position":3,"name":"Multi Opener"}]},{"@type":"WebSite","@id":"https:\/\/go-paint.com\/de\/#website","url":"https:\/\/go-paint.com\/de\/","name":"Go Paint","description":"","publisher":{"@id":"https:\/\/go-paint.com\/de\/#organization"},"potentialAction":[{"@type":"SearchAction","target":{"@type":"EntryPoint","urlTemplate":"https:\/\/go-paint.com\/de\/?s={search_term_string}"},"query-input":{"@type":"PropertyValueSpecification","valueRequired":true,"valueName":"search_term_string"}}],"inLanguage":"de-DE"},{"@type":"Organization","@id":"https:\/\/go-paint.com\/de\/#organization","name":"Go Paint","url":"https:\/\/go-paint.com\/de\/","logo":{"@type":"ImageObject","inLanguage":"de-DE","@id":"https:\/\/go-paint.com\/de\/#\/schema\/logo\/image\/","url":"https:\/\/hildering.prod.pwstaging.tech\/app\/uploads\/sites\/2\/2026\/03\/GoPaint.svg","contentUrl":"https:\/\/hildering.prod.pwstaging.tech\/app\/uploads\/sites\/2\/2026\/03\/GoPaint.svg","width":1,"height":1,"caption":"Go Paint"},"image":{"@id":"https:\/\/go-paint.com\/de\/#\/schema\/logo\/image\/"}}]}},"_links":{"self":[{"href":"https:\/\/go-paint.com\/de\/wp-json\/wp\/v2\/product\/69449","targetHints":{"allow":["GET"]}}],"collection":[{"href":"https:\/\/go-paint.com\/de\/wp-json\/wp\/v2\/product"}],"about":[{"href":"https:\/\/go-paint.com\/de\/wp-json\/wp\/v2\/types\/product"}],"replies":[{"embeddable":true,"href":"https:\/\/go-paint.com\/de\/wp-json\/wp\/v2\/comments?post=69449"}],"wp:featuredmedia":[{"embeddable":true,"href":"https:\/\/go-paint.com\/de\/wp-json\/wp\/v2\/media\/38020"}],"wp:attachment":[{"href":"https:\/\/go-paint.com\/de\/wp-json\/wp\/v2\/media?parent=69449"}],"wp:term":[{"taxonomy":"product_brand","embeddable":true,"href":"https:\/\/go-paint.com\/de\/wp-json\/wp\/v2\/product_brand?post=69449"},{"taxonomy":"product_cat","embeddable":true,"href":"https:\/\/go-paint.com\/de\/wp-json\/wp\/v2\/product_cat?post=69449"},{"taxonomy":"product_tag","embeddable":true,"href":"https:\/\/go-paint.com\/de\/wp-json\/wp\/v2\/product_tag?post=69449"},{"taxonomy":"markten","embeddable":true,"href":"https:\/\/go-paint.com\/de\/wp-json\/wp\/v2\/markten?post=69449"}],"curies":[{"name":"wp","href":"https:\/\/api.w.org\/{rel}","templated":true}]}}