{"id":69488,"date":"2026-01-27T09:30:51","date_gmt":"2026-01-27T09:30:51","guid":{"rendered":"https:\/\/go-paint.com\/product\/tool-tray\/"},"modified":"2026-03-05T21:30:47","modified_gmt":"2026-03-05T21:30:47","slug":"tool-tray","status":"publish","type":"product","link":"https:\/\/go-paint.com\/de\/produkte\/40240015\/tool-tray\/","title":{"rendered":"Tool Tray"},"content":{"rendered":"<p>Mit dem vielseitigen ToolTray f\u00fcr Farbdosen und Werkzeuge arbeiten Sie sicherer auf Ger\u00fcsten, Leitern oder Hubarbeitsb\u00fchnen. Der Beh\u00e4lter hat stabile Aufh\u00e4ngearme, damit Sie bei Arbeiten in der H\u00f6he alle Ihre Werkzeuge und Farben sicher aufh\u00e4ngen k\u00f6nnen. Keine losen Teile mehr auf dem Ger\u00fcst, sondern alles fein s\u00e4uberlich im ToolTray. Mit zwei beweglichen Trennw\u00e4nden k\u00f6nnen Sie die Ablage nach Belieben in 1, 2 oder 3 F\u00e4cher unterteilen. Genug Platz f\u00fcr zwei 2,5-Liter-Dosen oder eine 5-Liter-Dose oder einen Farbeimer. Dank des komplett geschlossenen Bodens auch zum Bef\u00fcllen mit Seifenlauge, Schwamm und Abzieher zum Lackieren (oder Fensterputzen!) geeignet.<\/p>\n","protected":false},"excerpt":{"rendered":"<p>Mit dem vielseitigen ToolTray f\u00fcr Farbdosen und Werkzeuge arbeiten Sie sicherer auf Ger\u00fcsten, Leitern oder Hubarbeitsb\u00fchnen. Der Beh\u00e4lter hat stabile Aufh\u00e4ngearme, damit Sie bei Arbeiten in der H\u00f6he alle Ihre Werkzeuge und Farben sicher aufh\u00e4ngen k\u00f6nnen. Keine losen Teile mehr auf dem Ger\u00fcst, sondern alles fein s\u00e4uberlich im ToolTray. Mit zwei beweglichen Trennw\u00e4nden k\u00f6nnen Sie [&hellip;]<\/p>\n","protected":false},"featured_media":38074,"comment_status":"open","ping_status":"closed","template":"","meta":[],"product_brand":[],"product_cat":[11038],"product_tag":[],"markten":[],"class_list":{"0":"post-69488","1":"product","2":"type-product","3":"status-publish","4":"has-post-thumbnail","6":"product_cat-tooltrays","8":"first","9":"instock","10":"shipping-taxable","11":"purchasable","12":"product-type-simple"},"yoast_head":"<!-- This site is optimized with the Yoast SEO plugin v26.9 - https:\/\/yoast.com\/product\/yoast-seo-wordpress\/ -->\n<title>Tool Tray - GO Paint<\/title>\n<meta name=\"description\" content=\"Mit dem vielseitigen ToolTray f\u00fcr Farbdosen und Werkzeuge arbeiten Sie sicherer auf Ger\u00fcsten, Leitern oder Hubarbeitsb\u00fchnen. Der Beh\u00e4lter hat stabile\" \/>\n<meta name=\"robots\" content=\"index, follow, max-snippet:-1, max-image-preview:large, max-video-preview:-1\" \/>\n<link rel=\"canonical\" href=\"https:\/\/go-paint.com\/de\/produkte\/40240015\/tool-tray\/\" \/>\n<meta property=\"og:locale\" content=\"de_DE\" \/>\n<meta property=\"og:type\" content=\"article\" \/>\n<meta property=\"og:title\" content=\"Tool Tray - GO Paint\" \/>\n<meta property=\"og:description\" content=\"Mit dem vielseitigen ToolTray f\u00fcr Farbdosen und Werkzeuge arbeiten Sie sicherer auf Ger\u00fcsten, Leitern oder Hubarbeitsb\u00fchnen. Der Beh\u00e4lter hat stabile\" \/>\n<meta property=\"og:url\" content=\"https:\/\/go-paint.com\/de\/produkte\/40240015\/tool-tray\/\" \/>\n<meta property=\"og:site_name\" content=\"GO Paint\" \/>\n<meta property=\"article:modified_time\" content=\"2026-03-05T21:30:47+00:00\" \/>\n<meta property=\"og:image\" content=\"https:\/\/hildering.prod.pwstaging.tech\/app\/uploads\/sites\/2\/2025\/11\/steigerbak-featured-030e8afd-5268-466a-8c1e-a21799a8f0cb.png\" \/>\n\t<meta property=\"og:image:width\" content=\"700\" \/>\n\t<meta property=\"og:image:height\" content=\"592\" \/>\n\t<meta property=\"og:image:type\" content=\"image\/png\" \/>\n<meta name=\"twitter:card\" content=\"summary_large_image\" \/>\n<meta name=\"twitter:label1\" content=\"Est. reading time\" \/>\n\t<meta name=\"twitter:data1\" content=\"1 minute\" \/>\n<script type=\"application\/ld+json\" class=\"yoast-schema-graph\">{\"@context\":\"https:\/\/schema.org\",\"@graph\":[{\"@type\":\"WebPage\",\"@id\":\"https:\/\/go-paint.com\/de\/produkte\/40240015\/tool-tray\/\",\"url\":\"https:\/\/go-paint.com\/de\/produkte\/40240015\/tool-tray\/\",\"name\":\"Tool Tray - GO Paint\",\"isPartOf\":{\"@id\":\"https:\/\/go-paint.com\/de\/#website\"},\"primaryImageOfPage\":{\"@id\":\"https:\/\/go-paint.com\/de\/produkte\/40240015\/tool-tray\/#primaryimage\"},\"image\":{\"@id\":\"https:\/\/go-paint.com\/de\/produkte\/40240015\/tool-tray\/#primaryimage\"},\"thumbnailUrl\":\"https:\/\/hildering.prod.pwstaging.tech\/app\/uploads\/sites\/2\/2025\/11\/steigerbak-featured-030e8afd-5268-466a-8c1e-a21799a8f0cb.png\",\"datePublished\":\"2026-01-27T09:30:51+00:00\",\"dateModified\":\"2026-03-05T21:30:47+00:00\",\"description\":\"Mit dem vielseitigen ToolTray f\u00fcr Farbdosen und Werkzeuge arbeiten Sie sicherer auf Ger\u00fcsten, Leitern oder Hubarbeitsb\u00fchnen. Der Beh\u00e4lter hat stabile\",\"breadcrumb\":{\"@id\":\"https:\/\/go-paint.com\/de\/produkte\/40240015\/tool-tray\/#breadcrumb\"},\"inLanguage\":\"de-DE\",\"potentialAction\":[{\"@type\":\"ReadAction\",\"target\":[\"https:\/\/go-paint.com\/de\/produkte\/40240015\/tool-tray\/\"]}]},{\"@type\":\"ImageObject\",\"inLanguage\":\"de-DE\",\"@id\":\"https:\/\/go-paint.com\/de\/produkte\/40240015\/tool-tray\/#primaryimage\",\"url\":\"https:\/\/hildering.prod.pwstaging.tech\/app\/uploads\/sites\/2\/2025\/11\/steigerbak-featured-030e8afd-5268-466a-8c1e-a21799a8f0cb.png\",\"contentUrl\":\"https:\/\/hildering.prod.pwstaging.tech\/app\/uploads\/sites\/2\/2025\/11\/steigerbak-featured-030e8afd-5268-466a-8c1e-a21799a8f0cb.png\",\"width\":700,\"height\":592},{\"@type\":\"BreadcrumbList\",\"@id\":\"https:\/\/go-paint.com\/de\/produkte\/40240015\/tool-tray\/#breadcrumb\",\"itemListElement\":[{\"@type\":\"ListItem\",\"position\":1,\"name\":\"Home\",\"item\":\"https:\/\/go-paint.com\/de\/\"},{\"@type\":\"ListItem\",\"position\":2,\"name\":\"Produkte\",\"item\":\"https:\/\/go-paint.com\/de\/shop\/\"},{\"@type\":\"ListItem\",\"position\":3,\"name\":\"Tool Tray\"}]},{\"@type\":\"WebSite\",\"@id\":\"https:\/\/go-paint.com\/de\/#website\",\"url\":\"https:\/\/go-paint.com\/de\/\",\"name\":\"Go Paint\",\"description\":\"\",\"potentialAction\":[{\"@type\":\"SearchAction\",\"target\":{\"@type\":\"EntryPoint\",\"urlTemplate\":\"https:\/\/go-paint.com\/de\/?s={search_term_string}\"},\"query-input\":{\"@type\":\"PropertyValueSpecification\",\"valueRequired\":true,\"valueName\":\"search_term_string\"}}],\"inLanguage\":\"de-DE\"}]}<\/script>\n<!-- \/ Yoast SEO plugin. -->","yoast_head_json":{"title":"Tool Tray - GO Paint","description":"Mit dem vielseitigen ToolTray f\u00fcr Farbdosen und Werkzeuge arbeiten Sie sicherer auf Ger\u00fcsten, Leitern oder Hubarbeitsb\u00fchnen. Der Beh\u00e4lter hat stabile","robots":{"index":"index","follow":"follow","max-snippet":"max-snippet:-1","max-image-preview":"max-image-preview:large","max-video-preview":"max-video-preview:-1"},"canonical":"https:\/\/go-paint.com\/de\/produkte\/40240015\/tool-tray\/","og_locale":"de_DE","og_type":"article","og_title":"Tool Tray - GO Paint","og_description":"Mit dem vielseitigen ToolTray f\u00fcr Farbdosen und Werkzeuge arbeiten Sie sicherer auf Ger\u00fcsten, Leitern oder Hubarbeitsb\u00fchnen. Der Beh\u00e4lter hat stabile","og_url":"https:\/\/go-paint.com\/de\/produkte\/40240015\/tool-tray\/","og_site_name":"GO Paint","article_modified_time":"2026-03-05T21:30:47+00:00","og_image":[{"width":700,"height":592,"url":"https:\/\/hildering.prod.pwstaging.tech\/app\/uploads\/sites\/2\/2025\/11\/steigerbak-featured-030e8afd-5268-466a-8c1e-a21799a8f0cb.png","type":"image\/png"}],"twitter_card":"summary_large_image","twitter_misc":{"Est. reading time":"1 minute"},"schema":{"@context":"https:\/\/schema.org","@graph":[{"@type":"WebPage","@id":"https:\/\/go-paint.com\/de\/produkte\/40240015\/tool-tray\/","url":"https:\/\/go-paint.com\/de\/produkte\/40240015\/tool-tray\/","name":"Tool Tray - GO Paint","isPartOf":{"@id":"https:\/\/go-paint.com\/de\/#website"},"primaryImageOfPage":{"@id":"https:\/\/go-paint.com\/de\/produkte\/40240015\/tool-tray\/#primaryimage"},"image":{"@id":"https:\/\/go-paint.com\/de\/produkte\/40240015\/tool-tray\/#primaryimage"},"thumbnailUrl":"https:\/\/hildering.prod.pwstaging.tech\/app\/uploads\/sites\/2\/2025\/11\/steigerbak-featured-030e8afd-5268-466a-8c1e-a21799a8f0cb.png","datePublished":"2026-01-27T09:30:51+00:00","dateModified":"2026-03-05T21:30:47+00:00","description":"Mit dem vielseitigen ToolTray f\u00fcr Farbdosen und Werkzeuge arbeiten Sie sicherer auf Ger\u00fcsten, Leitern oder Hubarbeitsb\u00fchnen. Der Beh\u00e4lter hat stabile","breadcrumb":{"@id":"https:\/\/go-paint.com\/de\/produkte\/40240015\/tool-tray\/#breadcrumb"},"inLanguage":"de-DE","potentialAction":[{"@type":"ReadAction","target":["https:\/\/go-paint.com\/de\/produkte\/40240015\/tool-tray\/"]}]},{"@type":"ImageObject","inLanguage":"de-DE","@id":"https:\/\/go-paint.com\/de\/produkte\/40240015\/tool-tray\/#primaryimage","url":"https:\/\/hildering.prod.pwstaging.tech\/app\/uploads\/sites\/2\/2025\/11\/steigerbak-featured-030e8afd-5268-466a-8c1e-a21799a8f0cb.png","contentUrl":"https:\/\/hildering.prod.pwstaging.tech\/app\/uploads\/sites\/2\/2025\/11\/steigerbak-featured-030e8afd-5268-466a-8c1e-a21799a8f0cb.png","width":700,"height":592},{"@type":"BreadcrumbList","@id":"https:\/\/go-paint.com\/de\/produkte\/40240015\/tool-tray\/#breadcrumb","itemListElement":[{"@type":"ListItem","position":1,"name":"Home","item":"https:\/\/go-paint.com\/de\/"},{"@type":"ListItem","position":2,"name":"Produkte","item":"https:\/\/go-paint.com\/de\/shop\/"},{"@type":"ListItem","position":3,"name":"Tool Tray"}]},{"@type":"WebSite","@id":"https:\/\/go-paint.com\/de\/#website","url":"https:\/\/go-paint.com\/de\/","name":"Go Paint","description":"","potentialAction":[{"@type":"SearchAction","target":{"@type":"EntryPoint","urlTemplate":"https:\/\/go-paint.com\/de\/?s={search_term_string}"},"query-input":{"@type":"PropertyValueSpecification","valueRequired":true,"valueName":"search_term_string"}}],"inLanguage":"de-DE"}]}},"_links":{"self":[{"href":"https:\/\/go-paint.com\/de\/wp-json\/wp\/v2\/product\/69488","targetHints":{"allow":["GET"]}}],"collection":[{"href":"https:\/\/go-paint.com\/de\/wp-json\/wp\/v2\/product"}],"about":[{"href":"https:\/\/go-paint.com\/de\/wp-json\/wp\/v2\/types\/product"}],"replies":[{"embeddable":true,"href":"https:\/\/go-paint.com\/de\/wp-json\/wp\/v2\/comments?post=69488"}],"wp:featuredmedia":[{"embeddable":true,"href":"https:\/\/go-paint.com\/de\/wp-json\/wp\/v2\/media\/38074"}],"wp:attachment":[{"href":"https:\/\/go-paint.com\/de\/wp-json\/wp\/v2\/media?parent=69488"}],"wp:term":[{"taxonomy":"product_brand","embeddable":true,"href":"https:\/\/go-paint.com\/de\/wp-json\/wp\/v2\/product_brand?post=69488"},{"taxonomy":"product_cat","embeddable":true,"href":"https:\/\/go-paint.com\/de\/wp-json\/wp\/v2\/product_cat?post=69488"},{"taxonomy":"product_tag","embeddable":true,"href":"https:\/\/go-paint.com\/de\/wp-json\/wp\/v2\/product_tag?post=69488"},{"taxonomy":"markten","embeddable":true,"href":"https:\/\/go-paint.com\/de\/wp-json\/wp\/v2\/markten?post=69488"}],"curies":[{"name":"wp","href":"https:\/\/api.w.org\/{rel}","templated":true}]}}