{"id":69521,"date":"2026-01-27T09:45:14","date_gmt":"2026-01-27T09:45:14","guid":{"rendered":"https:\/\/go-paint.com\/product\/roll-and-go-s\/"},"modified":"2026-04-08T21:45:22","modified_gmt":"2026-04-08T21:45:22","slug":"roll-and-go-s","status":"publish","type":"product","link":"https:\/\/go-paint.com\/de\/produkte\/40200005\/roll-and-go-s\/","title":{"rendered":"Roll and Go S"},"content":{"rendered":"<p>Vielseitig einsetzbar und \u00e4u\u00dferst handlich, ist der Roll and Go S ein unverzichtbarer Bestandteil einer professionellen Malerausr\u00fcstung. Der Roll and Go S ist sch\u00f6n tief, hat eine robuste Rollfl\u00e4che und l\u00e4sst sich auf verschiedene Arten angenehm halten. Das macht den Roll and Go S besonders praktisch f\u00fcr Malerarbeiten, bei denen man sich viel bewegen oder in schwierigen Positionen arbeiten muss. Sie haben Farbe, Rolle und Pinsel in einer Hand. Wenn Sie den Pinsel nehmen wollen, stecken Sie die Rolle in den hohlen Griff. Oder andersherum. Ideal f\u00fcr intensive Arbeiten und schwer zug\u00e4ngliche Stellen. Denken Sie zum Beispiel an Arbeiten im Aussenbereich und an die Bemalung von\u00a0M\u00f6beln, K\u00fcchenschr\u00e4nken und T\u00fcren. Dank der Eins\u00e4tze wechseln Sie den Inhalt blitzschnell.<\/p>\n","protected":false},"excerpt":{"rendered":"<p>Vielseitig einsetzbar und \u00e4u\u00dferst handlich, ist der Roll and Go S ein unverzichtbarer Bestandteil einer professionellen Malerausr\u00fcstung. Der Roll and Go S ist sch\u00f6n tief, hat eine robuste Rollfl\u00e4che und l\u00e4sst sich auf verschiedene Arten angenehm halten. Das macht den Roll and Go S besonders praktisch f\u00fcr Malerarbeiten, bei denen man sich viel bewegen oder [&hellip;]<\/p>\n","protected":false},"featured_media":36885,"comment_status":"open","ping_status":"closed","template":"","meta":[],"product_brand":[],"product_cat":[11035],"product_tag":[],"markten":[],"class_list":{"0":"post-69521","1":"product","2":"type-product","3":"status-publish","4":"has-post-thumbnail","6":"product_cat-farbwannen","8":"first","9":"instock","10":"shipping-taxable","11":"purchasable","12":"product-type-simple"},"yoast_head":"<!-- This site is optimized with the Yoast SEO plugin v26.9 - https:\/\/yoast.com\/product\/yoast-seo-wordpress\/ -->\n<title>Roll and Go S - GO Paint<\/title>\n<meta name=\"description\" content=\"Vielseitig einsetzbar und \u00e4u\u00dferst handlich, ist der Roll and Go S ein unverzichtbarer Bestandteil einer professionellen Malerausr\u00fcstung. Der Roll and Go S\" \/>\n<meta name=\"robots\" content=\"index, follow, max-snippet:-1, max-image-preview:large, max-video-preview:-1\" \/>\n<link rel=\"canonical\" href=\"https:\/\/go-paint.com\/de\/produkte\/40200005\/roll-and-go-s\/\" \/>\n<meta property=\"og:locale\" content=\"de_DE\" \/>\n<meta property=\"og:type\" content=\"article\" \/>\n<meta property=\"og:title\" content=\"Roll and Go S - GO Paint\" \/>\n<meta property=\"og:description\" content=\"Vielseitig einsetzbar und \u00e4u\u00dferst handlich, ist der Roll and Go S ein unverzichtbarer Bestandteil einer professionellen Malerausr\u00fcstung. Der Roll and Go S\" \/>\n<meta property=\"og:url\" content=\"https:\/\/go-paint.com\/de\/produkte\/40200005\/roll-and-go-s\/\" \/>\n<meta property=\"og:site_name\" content=\"GO Paint\" \/>\n<meta property=\"article:modified_time\" content=\"2026-04-08T21:45:22+00:00\" \/>\n<meta property=\"og:image\" content=\"https:\/\/hildering.prod.pwstaging.tech\/app\/uploads\/sites\/2\/2025\/11\/roll-and-go-s-featured-f9ddcc85-0a94-4895-a832-90ffd6c0f05d.png\" \/>\n\t<meta property=\"og:image:width\" content=\"637\" \/>\n\t<meta property=\"og:image:height\" content=\"700\" \/>\n\t<meta property=\"og:image:type\" content=\"image\/png\" \/>\n<meta name=\"twitter:card\" content=\"summary_large_image\" \/>\n<meta name=\"twitter:label1\" content=\"Est. reading time\" \/>\n\t<meta name=\"twitter:data1\" content=\"1 minute\" \/>\n<script type=\"application\/ld+json\" class=\"yoast-schema-graph\">{\"@context\":\"https:\/\/schema.org\",\"@graph\":[{\"@type\":\"WebPage\",\"@id\":\"https:\/\/go-paint.com\/de\/produkte\/40200005\/roll-and-go-s\/\",\"url\":\"https:\/\/go-paint.com\/de\/produkte\/40200005\/roll-and-go-s\/\",\"name\":\"Roll and Go S - GO Paint\",\"isPartOf\":{\"@id\":\"https:\/\/go-paint.com\/de\/#website\"},\"primaryImageOfPage\":{\"@id\":\"https:\/\/go-paint.com\/de\/produkte\/40200005\/roll-and-go-s\/#primaryimage\"},\"image\":{\"@id\":\"https:\/\/go-paint.com\/de\/produkte\/40200005\/roll-and-go-s\/#primaryimage\"},\"thumbnailUrl\":\"https:\/\/hildering.prod.pwstaging.tech\/app\/uploads\/sites\/2\/2025\/11\/roll-and-go-s-featured-f9ddcc85-0a94-4895-a832-90ffd6c0f05d.png\",\"datePublished\":\"2026-01-27T09:45:14+00:00\",\"dateModified\":\"2026-04-08T21:45:22+00:00\",\"description\":\"Vielseitig einsetzbar und \u00e4u\u00dferst handlich, ist der Roll and Go S ein unverzichtbarer Bestandteil einer professionellen Malerausr\u00fcstung. Der Roll and Go S\",\"breadcrumb\":{\"@id\":\"https:\/\/go-paint.com\/de\/produkte\/40200005\/roll-and-go-s\/#breadcrumb\"},\"inLanguage\":\"de-DE\",\"potentialAction\":[{\"@type\":\"ReadAction\",\"target\":[\"https:\/\/go-paint.com\/de\/produkte\/40200005\/roll-and-go-s\/\"]}]},{\"@type\":\"ImageObject\",\"inLanguage\":\"de-DE\",\"@id\":\"https:\/\/go-paint.com\/de\/produkte\/40200005\/roll-and-go-s\/#primaryimage\",\"url\":\"https:\/\/hildering.prod.pwstaging.tech\/app\/uploads\/sites\/2\/2025\/11\/roll-and-go-s-featured-f9ddcc85-0a94-4895-a832-90ffd6c0f05d.png\",\"contentUrl\":\"https:\/\/hildering.prod.pwstaging.tech\/app\/uploads\/sites\/2\/2025\/11\/roll-and-go-s-featured-f9ddcc85-0a94-4895-a832-90ffd6c0f05d.png\",\"width\":637,\"height\":700},{\"@type\":\"BreadcrumbList\",\"@id\":\"https:\/\/go-paint.com\/de\/produkte\/40200005\/roll-and-go-s\/#breadcrumb\",\"itemListElement\":[{\"@type\":\"ListItem\",\"position\":1,\"name\":\"Home\",\"item\":\"https:\/\/go-paint.com\/de\/\"},{\"@type\":\"ListItem\",\"position\":2,\"name\":\"Produkte\",\"item\":\"https:\/\/go-paint.com\/de\/shop\/\"},{\"@type\":\"ListItem\",\"position\":3,\"name\":\"Roll and Go S\"}]},{\"@type\":\"WebSite\",\"@id\":\"https:\/\/go-paint.com\/de\/#website\",\"url\":\"https:\/\/go-paint.com\/de\/\",\"name\":\"GO Paint\",\"description\":\"\",\"potentialAction\":[{\"@type\":\"SearchAction\",\"target\":{\"@type\":\"EntryPoint\",\"urlTemplate\":\"https:\/\/go-paint.com\/de\/?s={search_term_string}\"},\"query-input\":{\"@type\":\"PropertyValueSpecification\",\"valueRequired\":true,\"valueName\":\"search_term_string\"}}],\"inLanguage\":\"de-DE\"}]}<\/script>\n<!-- \/ Yoast SEO plugin. -->","yoast_head_json":{"title":"Roll and Go S - GO Paint","description":"Vielseitig einsetzbar und \u00e4u\u00dferst handlich, ist der Roll and Go S ein unverzichtbarer Bestandteil einer professionellen Malerausr\u00fcstung. Der Roll and Go S","robots":{"index":"index","follow":"follow","max-snippet":"max-snippet:-1","max-image-preview":"max-image-preview:large","max-video-preview":"max-video-preview:-1"},"canonical":"https:\/\/go-paint.com\/de\/produkte\/40200005\/roll-and-go-s\/","og_locale":"de_DE","og_type":"article","og_title":"Roll and Go S - GO Paint","og_description":"Vielseitig einsetzbar und \u00e4u\u00dferst handlich, ist der Roll and Go S ein unverzichtbarer Bestandteil einer professionellen Malerausr\u00fcstung. Der Roll and Go S","og_url":"https:\/\/go-paint.com\/de\/produkte\/40200005\/roll-and-go-s\/","og_site_name":"GO Paint","article_modified_time":"2026-04-08T21:45:22+00:00","og_image":[{"width":637,"height":700,"url":"https:\/\/hildering.prod.pwstaging.tech\/app\/uploads\/sites\/2\/2025\/11\/roll-and-go-s-featured-f9ddcc85-0a94-4895-a832-90ffd6c0f05d.png","type":"image\/png"}],"twitter_card":"summary_large_image","twitter_misc":{"Est. reading time":"1 minute"},"schema":{"@context":"https:\/\/schema.org","@graph":[{"@type":"WebPage","@id":"https:\/\/go-paint.com\/de\/produkte\/40200005\/roll-and-go-s\/","url":"https:\/\/go-paint.com\/de\/produkte\/40200005\/roll-and-go-s\/","name":"Roll and Go S - GO Paint","isPartOf":{"@id":"https:\/\/go-paint.com\/de\/#website"},"primaryImageOfPage":{"@id":"https:\/\/go-paint.com\/de\/produkte\/40200005\/roll-and-go-s\/#primaryimage"},"image":{"@id":"https:\/\/go-paint.com\/de\/produkte\/40200005\/roll-and-go-s\/#primaryimage"},"thumbnailUrl":"https:\/\/hildering.prod.pwstaging.tech\/app\/uploads\/sites\/2\/2025\/11\/roll-and-go-s-featured-f9ddcc85-0a94-4895-a832-90ffd6c0f05d.png","datePublished":"2026-01-27T09:45:14+00:00","dateModified":"2026-04-08T21:45:22+00:00","description":"Vielseitig einsetzbar und \u00e4u\u00dferst handlich, ist der Roll and Go S ein unverzichtbarer Bestandteil einer professionellen Malerausr\u00fcstung. Der Roll and Go S","breadcrumb":{"@id":"https:\/\/go-paint.com\/de\/produkte\/40200005\/roll-and-go-s\/#breadcrumb"},"inLanguage":"de-DE","potentialAction":[{"@type":"ReadAction","target":["https:\/\/go-paint.com\/de\/produkte\/40200005\/roll-and-go-s\/"]}]},{"@type":"ImageObject","inLanguage":"de-DE","@id":"https:\/\/go-paint.com\/de\/produkte\/40200005\/roll-and-go-s\/#primaryimage","url":"https:\/\/hildering.prod.pwstaging.tech\/app\/uploads\/sites\/2\/2025\/11\/roll-and-go-s-featured-f9ddcc85-0a94-4895-a832-90ffd6c0f05d.png","contentUrl":"https:\/\/hildering.prod.pwstaging.tech\/app\/uploads\/sites\/2\/2025\/11\/roll-and-go-s-featured-f9ddcc85-0a94-4895-a832-90ffd6c0f05d.png","width":637,"height":700},{"@type":"BreadcrumbList","@id":"https:\/\/go-paint.com\/de\/produkte\/40200005\/roll-and-go-s\/#breadcrumb","itemListElement":[{"@type":"ListItem","position":1,"name":"Home","item":"https:\/\/go-paint.com\/de\/"},{"@type":"ListItem","position":2,"name":"Produkte","item":"https:\/\/go-paint.com\/de\/shop\/"},{"@type":"ListItem","position":3,"name":"Roll and Go S"}]},{"@type":"WebSite","@id":"https:\/\/go-paint.com\/de\/#website","url":"https:\/\/go-paint.com\/de\/","name":"GO Paint","description":"","potentialAction":[{"@type":"SearchAction","target":{"@type":"EntryPoint","urlTemplate":"https:\/\/go-paint.com\/de\/?s={search_term_string}"},"query-input":{"@type":"PropertyValueSpecification","valueRequired":true,"valueName":"search_term_string"}}],"inLanguage":"de-DE"}]}},"_links":{"self":[{"href":"https:\/\/go-paint.com\/de\/wp-json\/wp\/v2\/product\/69521","targetHints":{"allow":["GET"]}}],"collection":[{"href":"https:\/\/go-paint.com\/de\/wp-json\/wp\/v2\/product"}],"about":[{"href":"https:\/\/go-paint.com\/de\/wp-json\/wp\/v2\/types\/product"}],"replies":[{"embeddable":true,"href":"https:\/\/go-paint.com\/de\/wp-json\/wp\/v2\/comments?post=69521"}],"wp:featuredmedia":[{"embeddable":true,"href":"https:\/\/go-paint.com\/de\/wp-json\/wp\/v2\/media\/36885"}],"wp:attachment":[{"href":"https:\/\/go-paint.com\/de\/wp-json\/wp\/v2\/media?parent=69521"}],"wp:term":[{"taxonomy":"product_brand","embeddable":true,"href":"https:\/\/go-paint.com\/de\/wp-json\/wp\/v2\/product_brand?post=69521"},{"taxonomy":"product_cat","embeddable":true,"href":"https:\/\/go-paint.com\/de\/wp-json\/wp\/v2\/product_cat?post=69521"},{"taxonomy":"product_tag","embeddable":true,"href":"https:\/\/go-paint.com\/de\/wp-json\/wp\/v2\/product_tag?post=69521"},{"taxonomy":"markten","embeddable":true,"href":"https:\/\/go-paint.com\/de\/wp-json\/wp\/v2\/markten?post=69521"}],"curies":[{"name":"wp","href":"https:\/\/api.w.org\/{rel}","templated":true}]}}