{"id":69569,"date":"2026-01-27T09:45:30","date_gmt":"2026-01-27T09:45:30","guid":{"rendered":"https:\/\/go-paint.com\/product\/roll-and-go-xl\/"},"modified":"2026-04-08T21:45:37","modified_gmt":"2026-04-08T21:45:37","slug":"roll-and-go-xl","status":"publish","type":"product","link":"https:\/\/go-paint.com\/de\/produkte\/40210012\/roll-and-go-xl\/","title":{"rendered":"Roll and Go XL"},"content":{"rendered":"<p>Der Roll and Go XL ist die stabilste Farbwanne auf dem Markt. Es hat zwei F\u00e4cher: eines f\u00fcr das Rollen von Farbe und eines f\u00fcr andere Materialien oder um den Roller mit Verl\u00e4ngerungsgriff aufrecht zu stellen, ohne dass das Beh\u00e4lter umkippt. Der Roll and Go XL ist so stabil, dass Sie ihn einfach durch den Raum schieben k\u00f6nnen, ohne sich b\u00fccken zu m\u00fcssen. Unverzichtbar f\u00fcr jede gro\u00dfe Arbeit. H\u00e4lt sehr lange, dank der Eins\u00e4tze, die auch daf\u00fcr sorgen, dass der Beh\u00e4lter sauber bleibt. Also sehr schnelles Arbeiten!<\/p>\n","protected":false},"excerpt":{"rendered":"<p>Der Roll and Go XL ist die stabilste Farbwanne auf dem Markt. Es hat zwei F\u00e4cher: eines f\u00fcr das Rollen von Farbe und eines f\u00fcr andere Materialien oder um den Roller mit Verl\u00e4ngerungsgriff aufrecht zu stellen, ohne dass das Beh\u00e4lter umkippt. Der Roll and Go XL ist so stabil, dass Sie ihn einfach durch den [&hellip;]<\/p>\n","protected":false},"featured_media":36807,"comment_status":"open","ping_status":"closed","template":"","meta":[],"product_brand":[],"product_cat":[11032],"product_tag":[],"markten":[],"class_list":{"0":"post-69569","1":"product","2":"type-product","3":"status-publish","4":"has-post-thumbnail","6":"product_cat-eimer","8":"first","9":"instock","10":"shipping-taxable","11":"purchasable","12":"product-type-simple"},"yoast_head":"<!-- This site is optimized with the Yoast SEO plugin v26.9 - https:\/\/yoast.com\/product\/yoast-seo-wordpress\/ -->\n<title>Roll and Go XL - GO Paint<\/title>\n<meta name=\"description\" content=\"Der Roll and Go XL ist die stabilste Farbwanne auf dem Markt. Es hat zwei F\u00e4cher: eines f\u00fcr das Rollen von Farbe und eines f\u00fcr andere Materialien oder um\" \/>\n<meta name=\"robots\" content=\"index, follow, max-snippet:-1, max-image-preview:large, max-video-preview:-1\" \/>\n<link rel=\"canonical\" href=\"https:\/\/go-paint.com\/de\/produkte\/40210012\/roll-and-go-xl\/\" \/>\n<meta property=\"og:locale\" content=\"de_DE\" \/>\n<meta property=\"og:type\" content=\"article\" \/>\n<meta property=\"og:title\" content=\"Roll and Go XL - GO Paint\" \/>\n<meta property=\"og:description\" content=\"Der Roll and Go XL ist die stabilste Farbwanne auf dem Markt. Es hat zwei F\u00e4cher: eines f\u00fcr das Rollen von Farbe und eines f\u00fcr andere Materialien oder um\" \/>\n<meta property=\"og:url\" content=\"https:\/\/go-paint.com\/de\/produkte\/40210012\/roll-and-go-xl\/\" \/>\n<meta property=\"og:site_name\" content=\"GO Paint\" \/>\n<meta property=\"article:modified_time\" content=\"2026-04-08T21:45:37+00:00\" \/>\n<meta property=\"og:image\" content=\"https:\/\/hildering.prod.pwstaging.tech\/app\/uploads\/sites\/2\/2025\/11\/roll-and-go-xl-featured-27a8f032-3147-4621-88d6-521a15a02900.png\" \/>\n\t<meta property=\"og:image:width\" content=\"700\" \/>\n\t<meta property=\"og:image:height\" content=\"521\" \/>\n\t<meta property=\"og:image:type\" content=\"image\/png\" \/>\n<meta name=\"twitter:card\" content=\"summary_large_image\" \/>\n<meta name=\"twitter:label1\" content=\"Est. reading time\" \/>\n\t<meta name=\"twitter:data1\" content=\"1 minute\" \/>\n<script type=\"application\/ld+json\" class=\"yoast-schema-graph\">{\"@context\":\"https:\/\/schema.org\",\"@graph\":[{\"@type\":\"WebPage\",\"@id\":\"https:\/\/go-paint.com\/de\/produkte\/40210012\/roll-and-go-xl\/\",\"url\":\"https:\/\/go-paint.com\/de\/produkte\/40210012\/roll-and-go-xl\/\",\"name\":\"Roll and Go XL - GO Paint\",\"isPartOf\":{\"@id\":\"https:\/\/go-paint.com\/de\/#website\"},\"primaryImageOfPage\":{\"@id\":\"https:\/\/go-paint.com\/de\/produkte\/40210012\/roll-and-go-xl\/#primaryimage\"},\"image\":{\"@id\":\"https:\/\/go-paint.com\/de\/produkte\/40210012\/roll-and-go-xl\/#primaryimage\"},\"thumbnailUrl\":\"https:\/\/hildering.prod.pwstaging.tech\/app\/uploads\/sites\/2\/2025\/11\/roll-and-go-xl-featured-27a8f032-3147-4621-88d6-521a15a02900.png\",\"datePublished\":\"2026-01-27T09:45:30+00:00\",\"dateModified\":\"2026-04-08T21:45:37+00:00\",\"description\":\"Der Roll and Go XL ist die stabilste Farbwanne auf dem Markt. Es hat zwei F\u00e4cher: eines f\u00fcr das Rollen von Farbe und eines f\u00fcr andere Materialien oder um\",\"breadcrumb\":{\"@id\":\"https:\/\/go-paint.com\/de\/produkte\/40210012\/roll-and-go-xl\/#breadcrumb\"},\"inLanguage\":\"de-DE\",\"potentialAction\":[{\"@type\":\"ReadAction\",\"target\":[\"https:\/\/go-paint.com\/de\/produkte\/40210012\/roll-and-go-xl\/\"]}]},{\"@type\":\"ImageObject\",\"inLanguage\":\"de-DE\",\"@id\":\"https:\/\/go-paint.com\/de\/produkte\/40210012\/roll-and-go-xl\/#primaryimage\",\"url\":\"https:\/\/hildering.prod.pwstaging.tech\/app\/uploads\/sites\/2\/2025\/11\/roll-and-go-xl-featured-27a8f032-3147-4621-88d6-521a15a02900.png\",\"contentUrl\":\"https:\/\/hildering.prod.pwstaging.tech\/app\/uploads\/sites\/2\/2025\/11\/roll-and-go-xl-featured-27a8f032-3147-4621-88d6-521a15a02900.png\",\"width\":700,\"height\":521},{\"@type\":\"BreadcrumbList\",\"@id\":\"https:\/\/go-paint.com\/de\/produkte\/40210012\/roll-and-go-xl\/#breadcrumb\",\"itemListElement\":[{\"@type\":\"ListItem\",\"position\":1,\"name\":\"Home\",\"item\":\"https:\/\/go-paint.com\/de\/\"},{\"@type\":\"ListItem\",\"position\":2,\"name\":\"Produkte\",\"item\":\"https:\/\/go-paint.com\/de\/shop\/\"},{\"@type\":\"ListItem\",\"position\":3,\"name\":\"Roll and Go XL\"}]},{\"@type\":\"WebSite\",\"@id\":\"https:\/\/go-paint.com\/de\/#website\",\"url\":\"https:\/\/go-paint.com\/de\/\",\"name\":\"GO Paint\",\"description\":\"\",\"potentialAction\":[{\"@type\":\"SearchAction\",\"target\":{\"@type\":\"EntryPoint\",\"urlTemplate\":\"https:\/\/go-paint.com\/de\/?s={search_term_string}\"},\"query-input\":{\"@type\":\"PropertyValueSpecification\",\"valueRequired\":true,\"valueName\":\"search_term_string\"}}],\"inLanguage\":\"de-DE\"}]}<\/script>\n<!-- \/ Yoast SEO plugin. -->","yoast_head_json":{"title":"Roll and Go XL - GO Paint","description":"Der Roll and Go XL ist die stabilste Farbwanne auf dem Markt. Es hat zwei F\u00e4cher: eines f\u00fcr das Rollen von Farbe und eines f\u00fcr andere Materialien oder um","robots":{"index":"index","follow":"follow","max-snippet":"max-snippet:-1","max-image-preview":"max-image-preview:large","max-video-preview":"max-video-preview:-1"},"canonical":"https:\/\/go-paint.com\/de\/produkte\/40210012\/roll-and-go-xl\/","og_locale":"de_DE","og_type":"article","og_title":"Roll and Go XL - GO Paint","og_description":"Der Roll and Go XL ist die stabilste Farbwanne auf dem Markt. Es hat zwei F\u00e4cher: eines f\u00fcr das Rollen von Farbe und eines f\u00fcr andere Materialien oder um","og_url":"https:\/\/go-paint.com\/de\/produkte\/40210012\/roll-and-go-xl\/","og_site_name":"GO Paint","article_modified_time":"2026-04-08T21:45:37+00:00","og_image":[{"width":700,"height":521,"url":"https:\/\/hildering.prod.pwstaging.tech\/app\/uploads\/sites\/2\/2025\/11\/roll-and-go-xl-featured-27a8f032-3147-4621-88d6-521a15a02900.png","type":"image\/png"}],"twitter_card":"summary_large_image","twitter_misc":{"Est. reading time":"1 minute"},"schema":{"@context":"https:\/\/schema.org","@graph":[{"@type":"WebPage","@id":"https:\/\/go-paint.com\/de\/produkte\/40210012\/roll-and-go-xl\/","url":"https:\/\/go-paint.com\/de\/produkte\/40210012\/roll-and-go-xl\/","name":"Roll and Go XL - GO Paint","isPartOf":{"@id":"https:\/\/go-paint.com\/de\/#website"},"primaryImageOfPage":{"@id":"https:\/\/go-paint.com\/de\/produkte\/40210012\/roll-and-go-xl\/#primaryimage"},"image":{"@id":"https:\/\/go-paint.com\/de\/produkte\/40210012\/roll-and-go-xl\/#primaryimage"},"thumbnailUrl":"https:\/\/hildering.prod.pwstaging.tech\/app\/uploads\/sites\/2\/2025\/11\/roll-and-go-xl-featured-27a8f032-3147-4621-88d6-521a15a02900.png","datePublished":"2026-01-27T09:45:30+00:00","dateModified":"2026-04-08T21:45:37+00:00","description":"Der Roll and Go XL ist die stabilste Farbwanne auf dem Markt. Es hat zwei F\u00e4cher: eines f\u00fcr das Rollen von Farbe und eines f\u00fcr andere Materialien oder um","breadcrumb":{"@id":"https:\/\/go-paint.com\/de\/produkte\/40210012\/roll-and-go-xl\/#breadcrumb"},"inLanguage":"de-DE","potentialAction":[{"@type":"ReadAction","target":["https:\/\/go-paint.com\/de\/produkte\/40210012\/roll-and-go-xl\/"]}]},{"@type":"ImageObject","inLanguage":"de-DE","@id":"https:\/\/go-paint.com\/de\/produkte\/40210012\/roll-and-go-xl\/#primaryimage","url":"https:\/\/hildering.prod.pwstaging.tech\/app\/uploads\/sites\/2\/2025\/11\/roll-and-go-xl-featured-27a8f032-3147-4621-88d6-521a15a02900.png","contentUrl":"https:\/\/hildering.prod.pwstaging.tech\/app\/uploads\/sites\/2\/2025\/11\/roll-and-go-xl-featured-27a8f032-3147-4621-88d6-521a15a02900.png","width":700,"height":521},{"@type":"BreadcrumbList","@id":"https:\/\/go-paint.com\/de\/produkte\/40210012\/roll-and-go-xl\/#breadcrumb","itemListElement":[{"@type":"ListItem","position":1,"name":"Home","item":"https:\/\/go-paint.com\/de\/"},{"@type":"ListItem","position":2,"name":"Produkte","item":"https:\/\/go-paint.com\/de\/shop\/"},{"@type":"ListItem","position":3,"name":"Roll and Go XL"}]},{"@type":"WebSite","@id":"https:\/\/go-paint.com\/de\/#website","url":"https:\/\/go-paint.com\/de\/","name":"GO Paint","description":"","potentialAction":[{"@type":"SearchAction","target":{"@type":"EntryPoint","urlTemplate":"https:\/\/go-paint.com\/de\/?s={search_term_string}"},"query-input":{"@type":"PropertyValueSpecification","valueRequired":true,"valueName":"search_term_string"}}],"inLanguage":"de-DE"}]}},"_links":{"self":[{"href":"https:\/\/go-paint.com\/de\/wp-json\/wp\/v2\/product\/69569","targetHints":{"allow":["GET"]}}],"collection":[{"href":"https:\/\/go-paint.com\/de\/wp-json\/wp\/v2\/product"}],"about":[{"href":"https:\/\/go-paint.com\/de\/wp-json\/wp\/v2\/types\/product"}],"replies":[{"embeddable":true,"href":"https:\/\/go-paint.com\/de\/wp-json\/wp\/v2\/comments?post=69569"}],"wp:featuredmedia":[{"embeddable":true,"href":"https:\/\/go-paint.com\/de\/wp-json\/wp\/v2\/media\/36807"}],"wp:attachment":[{"href":"https:\/\/go-paint.com\/de\/wp-json\/wp\/v2\/media?parent=69569"}],"wp:term":[{"taxonomy":"product_brand","embeddable":true,"href":"https:\/\/go-paint.com\/de\/wp-json\/wp\/v2\/product_brand?post=69569"},{"taxonomy":"product_cat","embeddable":true,"href":"https:\/\/go-paint.com\/de\/wp-json\/wp\/v2\/product_cat?post=69569"},{"taxonomy":"product_tag","embeddable":true,"href":"https:\/\/go-paint.com\/de\/wp-json\/wp\/v2\/product_tag?post=69569"},{"taxonomy":"markten","embeddable":true,"href":"https:\/\/go-paint.com\/de\/wp-json\/wp\/v2\/markten?post=69569"}],"curies":[{"name":"wp","href":"https:\/\/api.w.org\/{rel}","templated":true}]}}