{"id":69611,"date":"2026-01-27T09:45:46","date_gmt":"2026-01-27T09:45:46","guid":{"rendered":"https:\/\/go-paint.com\/product\/clean-and-go-nachfullset\/"},"modified":"2026-03-02T21:31:15","modified_gmt":"2026-03-02T21:31:15","slug":"clean-and-go-nachfullset","status":"publish","type":"product","link":"https:\/\/go-paint.com\/de\/produkte\/40100003\/clean-and-go-nachfullset\/","title":{"rendered":"Clean and Go Nachf\u00fcllset"},"content":{"rendered":"<p>Nachf\u00fcllset f\u00fcr den Clean and Go. Sobald Farbreste die Siebfl\u00e4che des Clean and Go erreichen, entfernen Sie den Filterbeutel mit Sieb und Bodenring. Lassen Sie ihn trocknen und entsorgen Sie ihn auf den Vorschriften entsprechend.<\/p>\n","protected":false},"excerpt":{"rendered":"<p>Nachf\u00fcllset f\u00fcr den Clean and Go. Sobald Farbreste die Siebfl\u00e4che des Clean and Go erreichen, entfernen Sie den Filterbeutel mit Sieb und Bodenring. Lassen Sie ihn trocknen und entsorgen Sie ihn auf den Vorschriften entsprechend.<\/p>\n","protected":false},"featured_media":38203,"comment_status":"open","ping_status":"closed","template":"","meta":[],"product_brand":[],"product_cat":[11059],"product_tag":[],"markten":[],"class_list":{"0":"post-69611","1":"product","2":"type-product","3":"status-publish","4":"has-post-thumbnail","6":"product_cat-zubehor","8":"first","9":"instock","10":"shipping-taxable","11":"purchasable","12":"product-type-simple"},"yoast_head":"<!-- This site is optimized with the Yoast SEO plugin v26.9 - https:\/\/yoast.com\/product\/yoast-seo-wordpress\/ -->\n<title>Clean and Go Nachf\u00fcllset - GO Paint<\/title>\n<meta name=\"description\" content=\"Nachf\u00fcllset f\u00fcr den Clean and Go. Sobald Farbreste die Siebfl\u00e4che des Clean and Go erreichen, entfernen Sie den Filterbeutel mit Sieb und Bodenring.\" \/>\n<meta name=\"robots\" content=\"index, follow, max-snippet:-1, max-image-preview:large, max-video-preview:-1\" \/>\n<link rel=\"canonical\" href=\"https:\/\/go-paint.com\/de\/produkte\/40100003\/clean-and-go-nachfullset\/\" \/>\n<meta property=\"og:locale\" content=\"de_DE\" \/>\n<meta property=\"og:type\" content=\"article\" \/>\n<meta property=\"og:title\" content=\"Clean and Go Nachf\u00fcllset - GO Paint\" \/>\n<meta property=\"og:description\" content=\"Nachf\u00fcllset f\u00fcr den Clean and Go. Sobald Farbreste die Siebfl\u00e4che des Clean and Go erreichen, entfernen Sie den Filterbeutel mit Sieb und Bodenring.\" \/>\n<meta property=\"og:url\" content=\"https:\/\/go-paint.com\/de\/produkte\/40100003\/clean-and-go-nachfullset\/\" \/>\n<meta property=\"og:site_name\" content=\"GO Paint\" \/>\n<meta property=\"article:modified_time\" content=\"2026-03-02T21:31:15+00:00\" \/>\n<meta property=\"og:image\" content=\"https:\/\/hildering.prod.pwstaging.tech\/app\/uploads\/sites\/2\/2025\/11\/clean-and-go-navulset-featured-b721f7fb-83e6-4cd7-9be8-df856087d4b1.png\" \/>\n\t<meta property=\"og:image:width\" content=\"621\" \/>\n\t<meta property=\"og:image:height\" content=\"700\" \/>\n\t<meta property=\"og:image:type\" content=\"image\/png\" \/>\n<meta name=\"twitter:card\" content=\"summary_large_image\" \/>\n<script type=\"application\/ld+json\" class=\"yoast-schema-graph\">{\"@context\":\"https:\/\/schema.org\",\"@graph\":[{\"@type\":\"WebPage\",\"@id\":\"https:\/\/go-paint.com\/de\/produkte\/40100003\/clean-and-go-nachfullset\/\",\"url\":\"https:\/\/go-paint.com\/de\/produkte\/40100003\/clean-and-go-nachfullset\/\",\"name\":\"Clean and Go Nachf\u00fcllset - GO Paint\",\"isPartOf\":{\"@id\":\"https:\/\/go-paint.com\/de\/#website\"},\"primaryImageOfPage\":{\"@id\":\"https:\/\/go-paint.com\/de\/produkte\/40100003\/clean-and-go-nachfullset\/#primaryimage\"},\"image\":{\"@id\":\"https:\/\/go-paint.com\/de\/produkte\/40100003\/clean-and-go-nachfullset\/#primaryimage\"},\"thumbnailUrl\":\"https:\/\/hildering.prod.pwstaging.tech\/app\/uploads\/sites\/2\/2025\/11\/clean-and-go-navulset-featured-b721f7fb-83e6-4cd7-9be8-df856087d4b1.png\",\"datePublished\":\"2026-01-27T09:45:46+00:00\",\"dateModified\":\"2026-03-02T21:31:15+00:00\",\"description\":\"Nachf\u00fcllset f\u00fcr den Clean and Go. Sobald Farbreste die Siebfl\u00e4che des Clean and Go erreichen, entfernen Sie den Filterbeutel mit Sieb und Bodenring.\",\"breadcrumb\":{\"@id\":\"https:\/\/go-paint.com\/de\/produkte\/40100003\/clean-and-go-nachfullset\/#breadcrumb\"},\"inLanguage\":\"de-DE\",\"potentialAction\":[{\"@type\":\"ReadAction\",\"target\":[\"https:\/\/go-paint.com\/de\/produkte\/40100003\/clean-and-go-nachfullset\/\"]}]},{\"@type\":\"ImageObject\",\"inLanguage\":\"de-DE\",\"@id\":\"https:\/\/go-paint.com\/de\/produkte\/40100003\/clean-and-go-nachfullset\/#primaryimage\",\"url\":\"https:\/\/hildering.prod.pwstaging.tech\/app\/uploads\/sites\/2\/2025\/11\/clean-and-go-navulset-featured-b721f7fb-83e6-4cd7-9be8-df856087d4b1.png\",\"contentUrl\":\"https:\/\/hildering.prod.pwstaging.tech\/app\/uploads\/sites\/2\/2025\/11\/clean-and-go-navulset-featured-b721f7fb-83e6-4cd7-9be8-df856087d4b1.png\",\"width\":621,\"height\":700},{\"@type\":\"BreadcrumbList\",\"@id\":\"https:\/\/go-paint.com\/de\/produkte\/40100003\/clean-and-go-nachfullset\/#breadcrumb\",\"itemListElement\":[{\"@type\":\"ListItem\",\"position\":1,\"name\":\"Home\",\"item\":\"https:\/\/go-paint.com\/de\/\"},{\"@type\":\"ListItem\",\"position\":2,\"name\":\"Produkte\",\"item\":\"https:\/\/go-paint.com\/de\/shop\/\"},{\"@type\":\"ListItem\",\"position\":3,\"name\":\"Clean and Go Nachf\u00fcllset\"}]},{\"@type\":\"WebSite\",\"@id\":\"https:\/\/go-paint.com\/de\/#website\",\"url\":\"https:\/\/go-paint.com\/de\/\",\"name\":\"Go Paint\",\"description\":\"\",\"potentialAction\":[{\"@type\":\"SearchAction\",\"target\":{\"@type\":\"EntryPoint\",\"urlTemplate\":\"https:\/\/go-paint.com\/de\/?s={search_term_string}\"},\"query-input\":{\"@type\":\"PropertyValueSpecification\",\"valueRequired\":true,\"valueName\":\"search_term_string\"}}],\"inLanguage\":\"de-DE\"}]}<\/script>\n<!-- \/ Yoast SEO plugin. -->","yoast_head_json":{"title":"Clean and Go Nachf\u00fcllset - GO Paint","description":"Nachf\u00fcllset f\u00fcr den Clean and Go. Sobald Farbreste die Siebfl\u00e4che des Clean and Go erreichen, entfernen Sie den Filterbeutel mit Sieb und Bodenring.","robots":{"index":"index","follow":"follow","max-snippet":"max-snippet:-1","max-image-preview":"max-image-preview:large","max-video-preview":"max-video-preview:-1"},"canonical":"https:\/\/go-paint.com\/de\/produkte\/40100003\/clean-and-go-nachfullset\/","og_locale":"de_DE","og_type":"article","og_title":"Clean and Go Nachf\u00fcllset - GO Paint","og_description":"Nachf\u00fcllset f\u00fcr den Clean and Go. Sobald Farbreste die Siebfl\u00e4che des Clean and Go erreichen, entfernen Sie den Filterbeutel mit Sieb und Bodenring.","og_url":"https:\/\/go-paint.com\/de\/produkte\/40100003\/clean-and-go-nachfullset\/","og_site_name":"GO Paint","article_modified_time":"2026-03-02T21:31:15+00:00","og_image":[{"width":621,"height":700,"url":"https:\/\/hildering.prod.pwstaging.tech\/app\/uploads\/sites\/2\/2025\/11\/clean-and-go-navulset-featured-b721f7fb-83e6-4cd7-9be8-df856087d4b1.png","type":"image\/png"}],"twitter_card":"summary_large_image","schema":{"@context":"https:\/\/schema.org","@graph":[{"@type":"WebPage","@id":"https:\/\/go-paint.com\/de\/produkte\/40100003\/clean-and-go-nachfullset\/","url":"https:\/\/go-paint.com\/de\/produkte\/40100003\/clean-and-go-nachfullset\/","name":"Clean and Go Nachf\u00fcllset - GO Paint","isPartOf":{"@id":"https:\/\/go-paint.com\/de\/#website"},"primaryImageOfPage":{"@id":"https:\/\/go-paint.com\/de\/produkte\/40100003\/clean-and-go-nachfullset\/#primaryimage"},"image":{"@id":"https:\/\/go-paint.com\/de\/produkte\/40100003\/clean-and-go-nachfullset\/#primaryimage"},"thumbnailUrl":"https:\/\/hildering.prod.pwstaging.tech\/app\/uploads\/sites\/2\/2025\/11\/clean-and-go-navulset-featured-b721f7fb-83e6-4cd7-9be8-df856087d4b1.png","datePublished":"2026-01-27T09:45:46+00:00","dateModified":"2026-03-02T21:31:15+00:00","description":"Nachf\u00fcllset f\u00fcr den Clean and Go. Sobald Farbreste die Siebfl\u00e4che des Clean and Go erreichen, entfernen Sie den Filterbeutel mit Sieb und Bodenring.","breadcrumb":{"@id":"https:\/\/go-paint.com\/de\/produkte\/40100003\/clean-and-go-nachfullset\/#breadcrumb"},"inLanguage":"de-DE","potentialAction":[{"@type":"ReadAction","target":["https:\/\/go-paint.com\/de\/produkte\/40100003\/clean-and-go-nachfullset\/"]}]},{"@type":"ImageObject","inLanguage":"de-DE","@id":"https:\/\/go-paint.com\/de\/produkte\/40100003\/clean-and-go-nachfullset\/#primaryimage","url":"https:\/\/hildering.prod.pwstaging.tech\/app\/uploads\/sites\/2\/2025\/11\/clean-and-go-navulset-featured-b721f7fb-83e6-4cd7-9be8-df856087d4b1.png","contentUrl":"https:\/\/hildering.prod.pwstaging.tech\/app\/uploads\/sites\/2\/2025\/11\/clean-and-go-navulset-featured-b721f7fb-83e6-4cd7-9be8-df856087d4b1.png","width":621,"height":700},{"@type":"BreadcrumbList","@id":"https:\/\/go-paint.com\/de\/produkte\/40100003\/clean-and-go-nachfullset\/#breadcrumb","itemListElement":[{"@type":"ListItem","position":1,"name":"Home","item":"https:\/\/go-paint.com\/de\/"},{"@type":"ListItem","position":2,"name":"Produkte","item":"https:\/\/go-paint.com\/de\/shop\/"},{"@type":"ListItem","position":3,"name":"Clean and Go Nachf\u00fcllset"}]},{"@type":"WebSite","@id":"https:\/\/go-paint.com\/de\/#website","url":"https:\/\/go-paint.com\/de\/","name":"Go Paint","description":"","potentialAction":[{"@type":"SearchAction","target":{"@type":"EntryPoint","urlTemplate":"https:\/\/go-paint.com\/de\/?s={search_term_string}"},"query-input":{"@type":"PropertyValueSpecification","valueRequired":true,"valueName":"search_term_string"}}],"inLanguage":"de-DE"}]}},"_links":{"self":[{"href":"https:\/\/go-paint.com\/de\/wp-json\/wp\/v2\/product\/69611","targetHints":{"allow":["GET"]}}],"collection":[{"href":"https:\/\/go-paint.com\/de\/wp-json\/wp\/v2\/product"}],"about":[{"href":"https:\/\/go-paint.com\/de\/wp-json\/wp\/v2\/types\/product"}],"replies":[{"embeddable":true,"href":"https:\/\/go-paint.com\/de\/wp-json\/wp\/v2\/comments?post=69611"}],"wp:featuredmedia":[{"embeddable":true,"href":"https:\/\/go-paint.com\/de\/wp-json\/wp\/v2\/media\/38203"}],"wp:attachment":[{"href":"https:\/\/go-paint.com\/de\/wp-json\/wp\/v2\/media?parent=69611"}],"wp:term":[{"taxonomy":"product_brand","embeddable":true,"href":"https:\/\/go-paint.com\/de\/wp-json\/wp\/v2\/product_brand?post=69611"},{"taxonomy":"product_cat","embeddable":true,"href":"https:\/\/go-paint.com\/de\/wp-json\/wp\/v2\/product_cat?post=69611"},{"taxonomy":"product_tag","embeddable":true,"href":"https:\/\/go-paint.com\/de\/wp-json\/wp\/v2\/product_tag?post=69611"},{"taxonomy":"markten","embeddable":true,"href":"https:\/\/go-paint.com\/de\/wp-json\/wp\/v2\/markten?post=69611"}],"curies":[{"name":"wp","href":"https:\/\/api.w.org\/{rel}","templated":true}]}}