{"id":69644,"date":"2026-01-27T09:45:54","date_gmt":"2026-01-27T09:45:54","guid":{"rendered":"https:\/\/go-paint.com\/product\/roll-and-go-bucket-18\/"},"modified":"2026-04-17T21:45:55","modified_gmt":"2026-04-17T21:45:55","slug":"roll-and-go-bucket-18","status":"publish","type":"product","link":"https:\/\/go-paint.com\/de\/produkte\/40220012\/roll-and-go-bucket-18\/","title":{"rendered":"Roll and Go Bucket 18"},"content":{"rendered":"<p>Der Eimer 18 ist f\u00fcr alle Arten von Farb- und Lackrollen bis einschlie\u00dflich 18 cm Breite geeignet. Ein handlicher, stabiler Eimer mit integrierter, abgewinkelter Rollfl\u00e4che mit starken Rillen. Das macht ein separates Rollgitter \u00fcberfl\u00fcssig! Und damit auch keine Spritzer oder angetrockneten Farbpartikel mehr. Dank der passenden Eins\u00e4tze m\u00fcssen Sie den Bucket 18 nie wieder reinigen. Der Bucket hat au\u00dferdem einen breiten Boden, der ihn sehr stabil macht, auch wenn die Farbrolle \u00fcber die Rollfl\u00e4che rollt.<\/p>\n","protected":false},"excerpt":{"rendered":"<p>Der Eimer 18 ist f\u00fcr alle Arten von Farb- und Lackrollen bis einschlie\u00dflich 18 cm Breite geeignet. Ein handlicher, stabiler Eimer mit integrierter, abgewinkelter Rollfl\u00e4che mit starken Rillen. Das macht ein separates Rollgitter \u00fcberfl\u00fcssig! Und damit auch keine Spritzer oder angetrockneten Farbpartikel mehr. Dank der passenden Eins\u00e4tze m\u00fcssen Sie den Bucket 18 nie wieder reinigen. [&hellip;]<\/p>\n","protected":false},"featured_media":37173,"comment_status":"open","ping_status":"closed","template":"","meta":[],"product_brand":[],"product_cat":[11032],"product_tag":[],"markten":[],"class_list":{"0":"post-69644","1":"product","2":"type-product","3":"status-publish","4":"has-post-thumbnail","6":"product_cat-eimer","8":"first","9":"instock","10":"shipping-taxable","11":"purchasable","12":"product-type-simple"},"yoast_head":"<!-- This site is optimized with the Yoast SEO plugin v26.9 - https:\/\/yoast.com\/product\/yoast-seo-wordpress\/ -->\n<title>Roll and Go Bucket 18 | Eimer f\u00fcr 18 cm breite Farbroller<\/title>\n<meta name=\"description\" content=\"Der Eimer 18 ist f\u00fcr alle Arten von Farb- und Lackrollen bis einschlie\u00dflich 18 cm Breite geeignet. Ein handlicher, stabiler Eimer mit integrierter,\" \/>\n<meta name=\"robots\" content=\"index, follow, max-snippet:-1, max-image-preview:large, max-video-preview:-1\" \/>\n<link rel=\"canonical\" href=\"https:\/\/go-paint.com\/de\/produkte\/40220012\/roll-and-go-bucket-18\/\" \/>\n<meta property=\"og:locale\" content=\"de_DE\" \/>\n<meta property=\"og:type\" content=\"article\" \/>\n<meta property=\"og:title\" content=\"Roll and Go Bucket 18 | Eimer f\u00fcr 18 cm breite Farbroller\" \/>\n<meta property=\"og:description\" content=\"Der Eimer 18 ist f\u00fcr alle Arten von Farb- und Lackrollen bis einschlie\u00dflich 18 cm Breite geeignet. Ein handlicher, stabiler Eimer mit integrierter,\" \/>\n<meta property=\"og:url\" content=\"https:\/\/go-paint.com\/de\/produkte\/40220012\/roll-and-go-bucket-18\/\" \/>\n<meta property=\"og:site_name\" content=\"GO Paint\" \/>\n<meta property=\"article:modified_time\" content=\"2026-04-17T21:45:55+00:00\" \/>\n<meta property=\"og:image\" content=\"https:\/\/hildering.prod.pwstaging.tech\/app\/uploads\/sites\/2\/2025\/11\/roll-and-go-bucket-18-featured-9477ed61-2396-476f-9815-8d347d52c83d.png\" \/>\n\t<meta property=\"og:image:width\" content=\"700\" \/>\n\t<meta property=\"og:image:height\" content=\"556\" \/>\n\t<meta property=\"og:image:type\" content=\"image\/png\" \/>\n<meta name=\"twitter:card\" content=\"summary_large_image\" \/>\n<meta name=\"twitter:label1\" content=\"Est. reading time\" \/>\n\t<meta name=\"twitter:data1\" content=\"1 minute\" \/>\n<script type=\"application\/ld+json\" class=\"yoast-schema-graph\">{\"@context\":\"https:\/\/schema.org\",\"@graph\":[{\"@type\":\"WebPage\",\"@id\":\"https:\/\/go-paint.com\/de\/produkte\/40220012\/roll-and-go-bucket-18\/\",\"url\":\"https:\/\/go-paint.com\/de\/produkte\/40220012\/roll-and-go-bucket-18\/\",\"name\":\"Roll and Go Bucket 18 | Eimer f\u00fcr 18 cm breite Farbroller\",\"isPartOf\":{\"@id\":\"https:\/\/go-paint.com\/de\/#website\"},\"primaryImageOfPage\":{\"@id\":\"https:\/\/go-paint.com\/de\/produkte\/40220012\/roll-and-go-bucket-18\/#primaryimage\"},\"image\":{\"@id\":\"https:\/\/go-paint.com\/de\/produkte\/40220012\/roll-and-go-bucket-18\/#primaryimage\"},\"thumbnailUrl\":\"https:\/\/hildering.prod.pwstaging.tech\/app\/uploads\/sites\/2\/2025\/11\/roll-and-go-bucket-18-featured-9477ed61-2396-476f-9815-8d347d52c83d.png\",\"datePublished\":\"2026-01-27T09:45:54+00:00\",\"dateModified\":\"2026-04-17T21:45:55+00:00\",\"description\":\"Der Eimer 18 ist f\u00fcr alle Arten von Farb- und Lackrollen bis einschlie\u00dflich 18 cm Breite geeignet. Ein handlicher, stabiler Eimer mit integrierter,\",\"breadcrumb\":{\"@id\":\"https:\/\/go-paint.com\/de\/produkte\/40220012\/roll-and-go-bucket-18\/#breadcrumb\"},\"inLanguage\":\"de-DE\",\"potentialAction\":[{\"@type\":\"ReadAction\",\"target\":[\"https:\/\/go-paint.com\/de\/produkte\/40220012\/roll-and-go-bucket-18\/\"]}]},{\"@type\":\"ImageObject\",\"inLanguage\":\"de-DE\",\"@id\":\"https:\/\/go-paint.com\/de\/produkte\/40220012\/roll-and-go-bucket-18\/#primaryimage\",\"url\":\"https:\/\/hildering.prod.pwstaging.tech\/app\/uploads\/sites\/2\/2025\/11\/roll-and-go-bucket-18-featured-9477ed61-2396-476f-9815-8d347d52c83d.png\",\"contentUrl\":\"https:\/\/hildering.prod.pwstaging.tech\/app\/uploads\/sites\/2\/2025\/11\/roll-and-go-bucket-18-featured-9477ed61-2396-476f-9815-8d347d52c83d.png\",\"width\":700,\"height\":556},{\"@type\":\"BreadcrumbList\",\"@id\":\"https:\/\/go-paint.com\/de\/produkte\/40220012\/roll-and-go-bucket-18\/#breadcrumb\",\"itemListElement\":[{\"@type\":\"ListItem\",\"position\":1,\"name\":\"Home\",\"item\":\"https:\/\/go-paint.com\/de\/\"},{\"@type\":\"ListItem\",\"position\":2,\"name\":\"Produkte\",\"item\":\"https:\/\/go-paint.com\/de\/shop\/\"},{\"@type\":\"ListItem\",\"position\":3,\"name\":\"Roll and Go Bucket 18\"}]},{\"@type\":\"WebSite\",\"@id\":\"https:\/\/go-paint.com\/de\/#website\",\"url\":\"https:\/\/go-paint.com\/de\/\",\"name\":\"Go Paint\",\"description\":\"\",\"potentialAction\":[{\"@type\":\"SearchAction\",\"target\":{\"@type\":\"EntryPoint\",\"urlTemplate\":\"https:\/\/go-paint.com\/de\/?s={search_term_string}\"},\"query-input\":{\"@type\":\"PropertyValueSpecification\",\"valueRequired\":true,\"valueName\":\"search_term_string\"}}],\"inLanguage\":\"de-DE\"}]}<\/script>\n<!-- \/ Yoast SEO plugin. -->","yoast_head_json":{"title":"Roll and Go Bucket 18 | Eimer f\u00fcr 18 cm breite Farbroller","description":"Der Eimer 18 ist f\u00fcr alle Arten von Farb- und Lackrollen bis einschlie\u00dflich 18 cm Breite geeignet. Ein handlicher, stabiler Eimer mit integrierter,","robots":{"index":"index","follow":"follow","max-snippet":"max-snippet:-1","max-image-preview":"max-image-preview:large","max-video-preview":"max-video-preview:-1"},"canonical":"https:\/\/go-paint.com\/de\/produkte\/40220012\/roll-and-go-bucket-18\/","og_locale":"de_DE","og_type":"article","og_title":"Roll and Go Bucket 18 | Eimer f\u00fcr 18 cm breite Farbroller","og_description":"Der Eimer 18 ist f\u00fcr alle Arten von Farb- und Lackrollen bis einschlie\u00dflich 18 cm Breite geeignet. Ein handlicher, stabiler Eimer mit integrierter,","og_url":"https:\/\/go-paint.com\/de\/produkte\/40220012\/roll-and-go-bucket-18\/","og_site_name":"GO Paint","article_modified_time":"2026-04-17T21:45:55+00:00","og_image":[{"width":700,"height":556,"url":"https:\/\/hildering.prod.pwstaging.tech\/app\/uploads\/sites\/2\/2025\/11\/roll-and-go-bucket-18-featured-9477ed61-2396-476f-9815-8d347d52c83d.png","type":"image\/png"}],"twitter_card":"summary_large_image","twitter_misc":{"Est. reading time":"1 minute"},"schema":{"@context":"https:\/\/schema.org","@graph":[{"@type":"WebPage","@id":"https:\/\/go-paint.com\/de\/produkte\/40220012\/roll-and-go-bucket-18\/","url":"https:\/\/go-paint.com\/de\/produkte\/40220012\/roll-and-go-bucket-18\/","name":"Roll and Go Bucket 18 | Eimer f\u00fcr 18 cm breite Farbroller","isPartOf":{"@id":"https:\/\/go-paint.com\/de\/#website"},"primaryImageOfPage":{"@id":"https:\/\/go-paint.com\/de\/produkte\/40220012\/roll-and-go-bucket-18\/#primaryimage"},"image":{"@id":"https:\/\/go-paint.com\/de\/produkte\/40220012\/roll-and-go-bucket-18\/#primaryimage"},"thumbnailUrl":"https:\/\/hildering.prod.pwstaging.tech\/app\/uploads\/sites\/2\/2025\/11\/roll-and-go-bucket-18-featured-9477ed61-2396-476f-9815-8d347d52c83d.png","datePublished":"2026-01-27T09:45:54+00:00","dateModified":"2026-04-17T21:45:55+00:00","description":"Der Eimer 18 ist f\u00fcr alle Arten von Farb- und Lackrollen bis einschlie\u00dflich 18 cm Breite geeignet. Ein handlicher, stabiler Eimer mit integrierter,","breadcrumb":{"@id":"https:\/\/go-paint.com\/de\/produkte\/40220012\/roll-and-go-bucket-18\/#breadcrumb"},"inLanguage":"de-DE","potentialAction":[{"@type":"ReadAction","target":["https:\/\/go-paint.com\/de\/produkte\/40220012\/roll-and-go-bucket-18\/"]}]},{"@type":"ImageObject","inLanguage":"de-DE","@id":"https:\/\/go-paint.com\/de\/produkte\/40220012\/roll-and-go-bucket-18\/#primaryimage","url":"https:\/\/hildering.prod.pwstaging.tech\/app\/uploads\/sites\/2\/2025\/11\/roll-and-go-bucket-18-featured-9477ed61-2396-476f-9815-8d347d52c83d.png","contentUrl":"https:\/\/hildering.prod.pwstaging.tech\/app\/uploads\/sites\/2\/2025\/11\/roll-and-go-bucket-18-featured-9477ed61-2396-476f-9815-8d347d52c83d.png","width":700,"height":556},{"@type":"BreadcrumbList","@id":"https:\/\/go-paint.com\/de\/produkte\/40220012\/roll-and-go-bucket-18\/#breadcrumb","itemListElement":[{"@type":"ListItem","position":1,"name":"Home","item":"https:\/\/go-paint.com\/de\/"},{"@type":"ListItem","position":2,"name":"Produkte","item":"https:\/\/go-paint.com\/de\/shop\/"},{"@type":"ListItem","position":3,"name":"Roll and Go Bucket 18"}]},{"@type":"WebSite","@id":"https:\/\/go-paint.com\/de\/#website","url":"https:\/\/go-paint.com\/de\/","name":"Go Paint","description":"","potentialAction":[{"@type":"SearchAction","target":{"@type":"EntryPoint","urlTemplate":"https:\/\/go-paint.com\/de\/?s={search_term_string}"},"query-input":{"@type":"PropertyValueSpecification","valueRequired":true,"valueName":"search_term_string"}}],"inLanguage":"de-DE"}]}},"_links":{"self":[{"href":"https:\/\/go-paint.com\/de\/wp-json\/wp\/v2\/product\/69644","targetHints":{"allow":["GET"]}}],"collection":[{"href":"https:\/\/go-paint.com\/de\/wp-json\/wp\/v2\/product"}],"about":[{"href":"https:\/\/go-paint.com\/de\/wp-json\/wp\/v2\/types\/product"}],"replies":[{"embeddable":true,"href":"https:\/\/go-paint.com\/de\/wp-json\/wp\/v2\/comments?post=69644"}],"wp:featuredmedia":[{"embeddable":true,"href":"https:\/\/go-paint.com\/de\/wp-json\/wp\/v2\/media\/37173"}],"wp:attachment":[{"href":"https:\/\/go-paint.com\/de\/wp-json\/wp\/v2\/media?parent=69644"}],"wp:term":[{"taxonomy":"product_brand","embeddable":true,"href":"https:\/\/go-paint.com\/de\/wp-json\/wp\/v2\/product_brand?post=69644"},{"taxonomy":"product_cat","embeddable":true,"href":"https:\/\/go-paint.com\/de\/wp-json\/wp\/v2\/product_cat?post=69644"},{"taxonomy":"product_tag","embeddable":true,"href":"https:\/\/go-paint.com\/de\/wp-json\/wp\/v2\/product_tag?post=69644"},{"taxonomy":"markten","embeddable":true,"href":"https:\/\/go-paint.com\/de\/wp-json\/wp\/v2\/markten?post=69644"}],"curies":[{"name":"wp","href":"https:\/\/api.w.org\/{rel}","templated":true}]}}