{"id":69656,"date":"2026-01-27T09:45:57","date_gmt":"2026-01-27T09:45:57","guid":{"rendered":"https:\/\/go-paint.com\/product\/roll-and-go-bucket-25\/"},"modified":"2026-04-29T21:45:57","modified_gmt":"2026-04-29T21:45:57","slug":"roll-and-go-bucket-25","status":"publish","type":"product","link":"https:\/\/go-paint.com\/de\/produkte\/40220017\/roll-and-go-bucket-25\/","title":{"rendered":"Roll and Go Bucket 25"},"content":{"rendered":"<p>Der Bucket 25 ist f\u00fcr alle Arten von Farb- und Lackrollen bis einschlie\u00dflich 25 cm Breite geeignet. Ein handlicher, stabiler Eimer mit integrierter, abgewinkelter Rollfl\u00e4che, die etwas \u00fcber den Eimer hinausragt. Das macht ein separates Rollgitter \u00fcberfl\u00fcssig und erm\u00f6glicht es Ihnen trotzdem, die Rolle sch\u00f6n hoch aufzuh\u00e4ngen! So gibt es keine Spritzer oder angetrocknete Farbpartikel. Verwenden Sie die Abdeckungen f\u00fcr schnelle Reinigungen oder Farbwechsel. Der Beh\u00e4lter bleibt sauber und ist bereit f\u00fcr die n\u00e4chste Arbeit. Verwenden Sie den Deckel, um eine Walze in der Farbe aufzubewahren und so Zeit und Geld zu sparen.<\/p>\n","protected":false},"excerpt":{"rendered":"<p>Der Bucket 25 ist f\u00fcr alle Arten von Farb- und Lackrollen bis einschlie\u00dflich 25 cm Breite geeignet. Ein handlicher, stabiler Eimer mit integrierter, abgewinkelter Rollfl\u00e4che, die etwas \u00fcber den Eimer hinausragt. Das macht ein separates Rollgitter \u00fcberfl\u00fcssig und erm\u00f6glicht es Ihnen trotzdem, die Rolle sch\u00f6n hoch aufzuh\u00e4ngen! So gibt es keine Spritzer oder angetrocknete Farbpartikel. [&hellip;]<\/p>\n","protected":false},"featured_media":37197,"comment_status":"open","ping_status":"closed","template":"","meta":[],"product_brand":[],"product_cat":[11032],"product_tag":[],"markten":[],"class_list":{"0":"post-69656","1":"product","2":"type-product","3":"status-publish","4":"has-post-thumbnail","6":"product_cat-eimer","8":"first","9":"instock","10":"shipping-taxable","11":"purchasable","12":"product-type-simple"},"yoast_head":"<!-- This site is optimized with the Yoast SEO plugin v26.9 - https:\/\/yoast.com\/product\/yoast-seo-wordpress\/ -->\n<title>Roll and Go Bucket 25 - GO Paint<\/title>\n<meta name=\"description\" content=\"Der Bucket 25 ist f\u00fcr alle Arten von Farb- und Lackrollen bis einschlie\u00dflich 25 cm Breite geeignet. Ein handlicher, stabiler Eimer mit integrierter,\" \/>\n<meta name=\"robots\" content=\"index, follow, max-snippet:-1, max-image-preview:large, max-video-preview:-1\" \/>\n<link rel=\"canonical\" href=\"https:\/\/go-paint.com\/de\/produkte\/40220017\/roll-and-go-bucket-25\/\" \/>\n<meta property=\"og:locale\" content=\"de_DE\" \/>\n<meta property=\"og:type\" content=\"article\" \/>\n<meta property=\"og:title\" content=\"Roll and Go Bucket 25 - GO Paint\" \/>\n<meta property=\"og:description\" content=\"Der Bucket 25 ist f\u00fcr alle Arten von Farb- und Lackrollen bis einschlie\u00dflich 25 cm Breite geeignet. Ein handlicher, stabiler Eimer mit integrierter,\" \/>\n<meta property=\"og:url\" content=\"https:\/\/go-paint.com\/de\/produkte\/40220017\/roll-and-go-bucket-25\/\" \/>\n<meta property=\"og:site_name\" content=\"GO Paint\" \/>\n<meta property=\"article:modified_time\" content=\"2026-04-29T21:45:57+00:00\" \/>\n<meta property=\"og:image\" content=\"https:\/\/hildering.prod.pwstaging.tech\/app\/uploads\/sites\/2\/2025\/11\/roll-and-go-bucket-25-featured-acda257e-ce0b-49c0-9b00-16a3c8347ea8.png\" \/>\n\t<meta property=\"og:image:width\" content=\"700\" \/>\n\t<meta property=\"og:image:height\" content=\"609\" \/>\n\t<meta property=\"og:image:type\" content=\"image\/png\" \/>\n<meta name=\"twitter:card\" content=\"summary_large_image\" \/>\n<meta name=\"twitter:label1\" content=\"Est. reading time\" \/>\n\t<meta name=\"twitter:data1\" content=\"1 minute\" \/>\n<script type=\"application\/ld+json\" class=\"yoast-schema-graph\">{\"@context\":\"https:\/\/schema.org\",\"@graph\":[{\"@type\":\"WebPage\",\"@id\":\"https:\/\/go-paint.com\/de\/produkte\/40220017\/roll-and-go-bucket-25\/\",\"url\":\"https:\/\/go-paint.com\/de\/produkte\/40220017\/roll-and-go-bucket-25\/\",\"name\":\"Roll and Go Bucket 25 - GO Paint\",\"isPartOf\":{\"@id\":\"https:\/\/go-paint.com\/de\/#website\"},\"primaryImageOfPage\":{\"@id\":\"https:\/\/go-paint.com\/de\/produkte\/40220017\/roll-and-go-bucket-25\/#primaryimage\"},\"image\":{\"@id\":\"https:\/\/go-paint.com\/de\/produkte\/40220017\/roll-and-go-bucket-25\/#primaryimage\"},\"thumbnailUrl\":\"https:\/\/hildering.prod.pwstaging.tech\/app\/uploads\/sites\/2\/2025\/11\/roll-and-go-bucket-25-featured-acda257e-ce0b-49c0-9b00-16a3c8347ea8.png\",\"datePublished\":\"2026-01-27T09:45:57+00:00\",\"dateModified\":\"2026-04-29T21:45:57+00:00\",\"description\":\"Der Bucket 25 ist f\u00fcr alle Arten von Farb- und Lackrollen bis einschlie\u00dflich 25 cm Breite geeignet. Ein handlicher, stabiler Eimer mit integrierter,\",\"breadcrumb\":{\"@id\":\"https:\/\/go-paint.com\/de\/produkte\/40220017\/roll-and-go-bucket-25\/#breadcrumb\"},\"inLanguage\":\"de-DE\",\"potentialAction\":[{\"@type\":\"ReadAction\",\"target\":[\"https:\/\/go-paint.com\/de\/produkte\/40220017\/roll-and-go-bucket-25\/\"]}]},{\"@type\":\"ImageObject\",\"inLanguage\":\"de-DE\",\"@id\":\"https:\/\/go-paint.com\/de\/produkte\/40220017\/roll-and-go-bucket-25\/#primaryimage\",\"url\":\"https:\/\/hildering.prod.pwstaging.tech\/app\/uploads\/sites\/2\/2025\/11\/roll-and-go-bucket-25-featured-acda257e-ce0b-49c0-9b00-16a3c8347ea8.png\",\"contentUrl\":\"https:\/\/hildering.prod.pwstaging.tech\/app\/uploads\/sites\/2\/2025\/11\/roll-and-go-bucket-25-featured-acda257e-ce0b-49c0-9b00-16a3c8347ea8.png\",\"width\":700,\"height\":609},{\"@type\":\"BreadcrumbList\",\"@id\":\"https:\/\/go-paint.com\/de\/produkte\/40220017\/roll-and-go-bucket-25\/#breadcrumb\",\"itemListElement\":[{\"@type\":\"ListItem\",\"position\":1,\"name\":\"Home\",\"item\":\"https:\/\/go-paint.com\/de\/\"},{\"@type\":\"ListItem\",\"position\":2,\"name\":\"Produkte\",\"item\":\"https:\/\/go-paint.com\/de\/shop\/\"},{\"@type\":\"ListItem\",\"position\":3,\"name\":\"Roll and Go Bucket 25\"}]},{\"@type\":\"WebSite\",\"@id\":\"https:\/\/go-paint.com\/de\/#website\",\"url\":\"https:\/\/go-paint.com\/de\/\",\"name\":\"Go Paint\",\"description\":\"\",\"publisher\":{\"@id\":\"https:\/\/go-paint.com\/de\/#organization\"},\"potentialAction\":[{\"@type\":\"SearchAction\",\"target\":{\"@type\":\"EntryPoint\",\"urlTemplate\":\"https:\/\/go-paint.com\/de\/?s={search_term_string}\"},\"query-input\":{\"@type\":\"PropertyValueSpecification\",\"valueRequired\":true,\"valueName\":\"search_term_string\"}}],\"inLanguage\":\"de-DE\"},{\"@type\":\"Organization\",\"@id\":\"https:\/\/go-paint.com\/de\/#organization\",\"name\":\"Go Paint\",\"url\":\"https:\/\/go-paint.com\/de\/\",\"logo\":{\"@type\":\"ImageObject\",\"inLanguage\":\"de-DE\",\"@id\":\"https:\/\/go-paint.com\/de\/#\/schema\/logo\/image\/\",\"url\":\"https:\/\/hildering.prod.pwstaging.tech\/app\/uploads\/sites\/2\/2026\/03\/GoPaint.svg\",\"contentUrl\":\"https:\/\/hildering.prod.pwstaging.tech\/app\/uploads\/sites\/2\/2026\/03\/GoPaint.svg\",\"width\":1,\"height\":1,\"caption\":\"Go Paint\"},\"image\":{\"@id\":\"https:\/\/go-paint.com\/de\/#\/schema\/logo\/image\/\"}}]}<\/script>\n<!-- \/ Yoast SEO plugin. -->","yoast_head_json":{"title":"Roll and Go Bucket 25 - GO Paint","description":"Der Bucket 25 ist f\u00fcr alle Arten von Farb- und Lackrollen bis einschlie\u00dflich 25 cm Breite geeignet. Ein handlicher, stabiler Eimer mit integrierter,","robots":{"index":"index","follow":"follow","max-snippet":"max-snippet:-1","max-image-preview":"max-image-preview:large","max-video-preview":"max-video-preview:-1"},"canonical":"https:\/\/go-paint.com\/de\/produkte\/40220017\/roll-and-go-bucket-25\/","og_locale":"de_DE","og_type":"article","og_title":"Roll and Go Bucket 25 - GO Paint","og_description":"Der Bucket 25 ist f\u00fcr alle Arten von Farb- und Lackrollen bis einschlie\u00dflich 25 cm Breite geeignet. Ein handlicher, stabiler Eimer mit integrierter,","og_url":"https:\/\/go-paint.com\/de\/produkte\/40220017\/roll-and-go-bucket-25\/","og_site_name":"GO Paint","article_modified_time":"2026-04-29T21:45:57+00:00","og_image":[{"width":700,"height":609,"url":"https:\/\/hildering.prod.pwstaging.tech\/app\/uploads\/sites\/2\/2025\/11\/roll-and-go-bucket-25-featured-acda257e-ce0b-49c0-9b00-16a3c8347ea8.png","type":"image\/png"}],"twitter_card":"summary_large_image","twitter_misc":{"Est. reading time":"1 minute"},"schema":{"@context":"https:\/\/schema.org","@graph":[{"@type":"WebPage","@id":"https:\/\/go-paint.com\/de\/produkte\/40220017\/roll-and-go-bucket-25\/","url":"https:\/\/go-paint.com\/de\/produkte\/40220017\/roll-and-go-bucket-25\/","name":"Roll and Go Bucket 25 - GO Paint","isPartOf":{"@id":"https:\/\/go-paint.com\/de\/#website"},"primaryImageOfPage":{"@id":"https:\/\/go-paint.com\/de\/produkte\/40220017\/roll-and-go-bucket-25\/#primaryimage"},"image":{"@id":"https:\/\/go-paint.com\/de\/produkte\/40220017\/roll-and-go-bucket-25\/#primaryimage"},"thumbnailUrl":"https:\/\/hildering.prod.pwstaging.tech\/app\/uploads\/sites\/2\/2025\/11\/roll-and-go-bucket-25-featured-acda257e-ce0b-49c0-9b00-16a3c8347ea8.png","datePublished":"2026-01-27T09:45:57+00:00","dateModified":"2026-04-29T21:45:57+00:00","description":"Der Bucket 25 ist f\u00fcr alle Arten von Farb- und Lackrollen bis einschlie\u00dflich 25 cm Breite geeignet. Ein handlicher, stabiler Eimer mit integrierter,","breadcrumb":{"@id":"https:\/\/go-paint.com\/de\/produkte\/40220017\/roll-and-go-bucket-25\/#breadcrumb"},"inLanguage":"de-DE","potentialAction":[{"@type":"ReadAction","target":["https:\/\/go-paint.com\/de\/produkte\/40220017\/roll-and-go-bucket-25\/"]}]},{"@type":"ImageObject","inLanguage":"de-DE","@id":"https:\/\/go-paint.com\/de\/produkte\/40220017\/roll-and-go-bucket-25\/#primaryimage","url":"https:\/\/hildering.prod.pwstaging.tech\/app\/uploads\/sites\/2\/2025\/11\/roll-and-go-bucket-25-featured-acda257e-ce0b-49c0-9b00-16a3c8347ea8.png","contentUrl":"https:\/\/hildering.prod.pwstaging.tech\/app\/uploads\/sites\/2\/2025\/11\/roll-and-go-bucket-25-featured-acda257e-ce0b-49c0-9b00-16a3c8347ea8.png","width":700,"height":609},{"@type":"BreadcrumbList","@id":"https:\/\/go-paint.com\/de\/produkte\/40220017\/roll-and-go-bucket-25\/#breadcrumb","itemListElement":[{"@type":"ListItem","position":1,"name":"Home","item":"https:\/\/go-paint.com\/de\/"},{"@type":"ListItem","position":2,"name":"Produkte","item":"https:\/\/go-paint.com\/de\/shop\/"},{"@type":"ListItem","position":3,"name":"Roll and Go Bucket 25"}]},{"@type":"WebSite","@id":"https:\/\/go-paint.com\/de\/#website","url":"https:\/\/go-paint.com\/de\/","name":"Go Paint","description":"","publisher":{"@id":"https:\/\/go-paint.com\/de\/#organization"},"potentialAction":[{"@type":"SearchAction","target":{"@type":"EntryPoint","urlTemplate":"https:\/\/go-paint.com\/de\/?s={search_term_string}"},"query-input":{"@type":"PropertyValueSpecification","valueRequired":true,"valueName":"search_term_string"}}],"inLanguage":"de-DE"},{"@type":"Organization","@id":"https:\/\/go-paint.com\/de\/#organization","name":"Go Paint","url":"https:\/\/go-paint.com\/de\/","logo":{"@type":"ImageObject","inLanguage":"de-DE","@id":"https:\/\/go-paint.com\/de\/#\/schema\/logo\/image\/","url":"https:\/\/hildering.prod.pwstaging.tech\/app\/uploads\/sites\/2\/2026\/03\/GoPaint.svg","contentUrl":"https:\/\/hildering.prod.pwstaging.tech\/app\/uploads\/sites\/2\/2026\/03\/GoPaint.svg","width":1,"height":1,"caption":"Go Paint"},"image":{"@id":"https:\/\/go-paint.com\/de\/#\/schema\/logo\/image\/"}}]}},"_links":{"self":[{"href":"https:\/\/go-paint.com\/de\/wp-json\/wp\/v2\/product\/69656","targetHints":{"allow":["GET"]}}],"collection":[{"href":"https:\/\/go-paint.com\/de\/wp-json\/wp\/v2\/product"}],"about":[{"href":"https:\/\/go-paint.com\/de\/wp-json\/wp\/v2\/types\/product"}],"replies":[{"embeddable":true,"href":"https:\/\/go-paint.com\/de\/wp-json\/wp\/v2\/comments?post=69656"}],"wp:featuredmedia":[{"embeddable":true,"href":"https:\/\/go-paint.com\/de\/wp-json\/wp\/v2\/media\/37197"}],"wp:attachment":[{"href":"https:\/\/go-paint.com\/de\/wp-json\/wp\/v2\/media?parent=69656"}],"wp:term":[{"taxonomy":"product_brand","embeddable":true,"href":"https:\/\/go-paint.com\/de\/wp-json\/wp\/v2\/product_brand?post=69656"},{"taxonomy":"product_cat","embeddable":true,"href":"https:\/\/go-paint.com\/de\/wp-json\/wp\/v2\/product_cat?post=69656"},{"taxonomy":"product_tag","embeddable":true,"href":"https:\/\/go-paint.com\/de\/wp-json\/wp\/v2\/product_tag?post=69656"},{"taxonomy":"markten","embeddable":true,"href":"https:\/\/go-paint.com\/de\/wp-json\/wp\/v2\/markten?post=69656"}],"curies":[{"name":"wp","href":"https:\/\/api.w.org\/{rel}","templated":true}]}}