{"id":69662,"date":"2026-01-27T09:46:00","date_gmt":"2026-01-27T09:46:00","guid":{"rendered":"https:\/\/go-paint.com\/product\/roll-and-go-tray-12\/"},"modified":"2026-04-29T21:46:00","modified_gmt":"2026-04-29T21:46:00","slug":"roll-and-go-tray-12","status":"publish","type":"product","link":"https:\/\/go-paint.com\/de\/produkte\/40230001\/roll-and-go-tray-12\/","title":{"rendered":"Roll and Go Tray 12"},"content":{"rendered":"<p>Das Tray 12 ist eine handliche und sehr stabile Farbwanne, die f\u00fcr alle Arten von Farb- und Lackrollen bis einschlie\u00dflich 12 cm Breite geeignet ist. F\u00fcr jede kleine Malerarbeit mit Pinsel und Rolle. Das Tray 12 ist sehr stabil dank des zweiten Fachs, in das Sie Pinsel, B\u00fcrste, Rolle oder einen Schwamm oder Lappen legen k\u00f6nnen. Dank seiner starken und kompakten Form liegt der Beh\u00e4lter sehr gut in der Hand. Dadurch eignet er sich hervorragend f\u00fcr Arbeiten, die Konzentration erfordern, wie z. B. das Streichen von Fensterrahmen und M\u00f6beln, Restaurierungsarbeiten oder das Auftragen von Farbfl\u00e4chen an W\u00e4nden. Die abgewinkelte Rollfl\u00e4che sorgt f\u00fcr eine perfekte Farbverteilung auf der Walze und \u00fcbersch\u00fcssige Farbe flie\u00dft automatisch in den Beh\u00e4lter zur\u00fcck. Wenn Sie diese Farbwanne einmal benutzt haben, werden Sie nie wieder einen anderen wollen. Dank der Eins\u00e4tze m\u00fcssen Sie das auch nicht, denn er h\u00e4lt unglaublich lange!<\/p>\n","protected":false},"excerpt":{"rendered":"<p>Das Tray 12 ist eine handliche und sehr stabile Farbwanne, die f\u00fcr alle Arten von Farb- und Lackrollen bis einschlie\u00dflich 12 cm Breite geeignet ist. F\u00fcr jede kleine Malerarbeit mit Pinsel und Rolle. Das Tray 12 ist sehr stabil dank des zweiten Fachs, in das Sie Pinsel, B\u00fcrste, Rolle oder einen Schwamm oder Lappen legen [&hellip;]<\/p>\n","protected":false},"featured_media":38263,"comment_status":"open","ping_status":"closed","template":"","meta":[],"product_brand":[],"product_cat":[11035],"product_tag":[],"markten":[],"class_list":{"0":"post-69662","1":"product","2":"type-product","3":"status-publish","4":"has-post-thumbnail","6":"product_cat-farbwannen","8":"first","9":"instock","10":"shipping-taxable","11":"purchasable","12":"product-type-simple"},"yoast_head":"<!-- This site is optimized with the Yoast SEO plugin v26.9 - https:\/\/yoast.com\/product\/yoast-seo-wordpress\/ -->\n<title>Roll and Go Tray 12 | praktischer Farbwanne f\u00fcr Rollenbreite 12cm<\/title>\n<meta name=\"description\" content=\"Das Tray 12 ist eine handliche und sehr stabile Farbwanne, die f\u00fcr alle Arten von Farb- und Lackrollen bis einschlie\u00dflich 12 cm Breite geeignet ist. F\u00fcr\" \/>\n<meta name=\"robots\" content=\"index, follow, max-snippet:-1, max-image-preview:large, max-video-preview:-1\" \/>\n<link rel=\"canonical\" href=\"https:\/\/go-paint.com\/de\/produkte\/40230001\/roll-and-go-tray-12\/\" \/>\n<meta property=\"og:locale\" content=\"de_DE\" \/>\n<meta property=\"og:type\" content=\"article\" \/>\n<meta property=\"og:title\" content=\"Roll and Go Tray 12 | praktischer Farbwanne f\u00fcr Rollenbreite 12cm\" \/>\n<meta property=\"og:description\" content=\"Das Tray 12 ist eine handliche und sehr stabile Farbwanne, die f\u00fcr alle Arten von Farb- und Lackrollen bis einschlie\u00dflich 12 cm Breite geeignet ist. F\u00fcr\" \/>\n<meta property=\"og:url\" content=\"https:\/\/go-paint.com\/de\/produkte\/40230001\/roll-and-go-tray-12\/\" \/>\n<meta property=\"og:site_name\" content=\"GO Paint\" \/>\n<meta property=\"article:modified_time\" content=\"2026-04-29T21:46:00+00:00\" \/>\n<meta property=\"og:image\" content=\"https:\/\/hildering.prod.pwstaging.tech\/app\/uploads\/sites\/2\/2025\/11\/roll-and-go-tray-12-featured-8e932065-b5bf-41f1-bda2-328b9d250327.png\" \/>\n\t<meta property=\"og:image:width\" content=\"700\" \/>\n\t<meta property=\"og:image:height\" content=\"365\" \/>\n\t<meta property=\"og:image:type\" content=\"image\/png\" \/>\n<meta name=\"twitter:card\" content=\"summary_large_image\" \/>\n<meta name=\"twitter:label1\" content=\"Est. reading time\" \/>\n\t<meta name=\"twitter:data1\" content=\"1 minute\" \/>\n<script type=\"application\/ld+json\" class=\"yoast-schema-graph\">{\"@context\":\"https:\/\/schema.org\",\"@graph\":[{\"@type\":\"WebPage\",\"@id\":\"https:\/\/go-paint.com\/de\/produkte\/40230001\/roll-and-go-tray-12\/\",\"url\":\"https:\/\/go-paint.com\/de\/produkte\/40230001\/roll-and-go-tray-12\/\",\"name\":\"Roll and Go Tray 12 | praktischer Farbwanne f\u00fcr Rollenbreite 12cm\",\"isPartOf\":{\"@id\":\"https:\/\/go-paint.com\/de\/#website\"},\"primaryImageOfPage\":{\"@id\":\"https:\/\/go-paint.com\/de\/produkte\/40230001\/roll-and-go-tray-12\/#primaryimage\"},\"image\":{\"@id\":\"https:\/\/go-paint.com\/de\/produkte\/40230001\/roll-and-go-tray-12\/#primaryimage\"},\"thumbnailUrl\":\"https:\/\/hildering.prod.pwstaging.tech\/app\/uploads\/sites\/2\/2025\/11\/roll-and-go-tray-12-featured-8e932065-b5bf-41f1-bda2-328b9d250327.png\",\"datePublished\":\"2026-01-27T09:46:00+00:00\",\"dateModified\":\"2026-04-29T21:46:00+00:00\",\"description\":\"Das Tray 12 ist eine handliche und sehr stabile Farbwanne, die f\u00fcr alle Arten von Farb- und Lackrollen bis einschlie\u00dflich 12 cm Breite geeignet ist. F\u00fcr\",\"breadcrumb\":{\"@id\":\"https:\/\/go-paint.com\/de\/produkte\/40230001\/roll-and-go-tray-12\/#breadcrumb\"},\"inLanguage\":\"de-DE\",\"potentialAction\":[{\"@type\":\"ReadAction\",\"target\":[\"https:\/\/go-paint.com\/de\/produkte\/40230001\/roll-and-go-tray-12\/\"]}]},{\"@type\":\"ImageObject\",\"inLanguage\":\"de-DE\",\"@id\":\"https:\/\/go-paint.com\/de\/produkte\/40230001\/roll-and-go-tray-12\/#primaryimage\",\"url\":\"https:\/\/hildering.prod.pwstaging.tech\/app\/uploads\/sites\/2\/2025\/11\/roll-and-go-tray-12-featured-8e932065-b5bf-41f1-bda2-328b9d250327.png\",\"contentUrl\":\"https:\/\/hildering.prod.pwstaging.tech\/app\/uploads\/sites\/2\/2025\/11\/roll-and-go-tray-12-featured-8e932065-b5bf-41f1-bda2-328b9d250327.png\",\"width\":700,\"height\":365},{\"@type\":\"BreadcrumbList\",\"@id\":\"https:\/\/go-paint.com\/de\/produkte\/40230001\/roll-and-go-tray-12\/#breadcrumb\",\"itemListElement\":[{\"@type\":\"ListItem\",\"position\":1,\"name\":\"Home\",\"item\":\"https:\/\/go-paint.com\/de\/\"},{\"@type\":\"ListItem\",\"position\":2,\"name\":\"Produkte\",\"item\":\"https:\/\/go-paint.com\/de\/shop\/\"},{\"@type\":\"ListItem\",\"position\":3,\"name\":\"Roll and Go Tray 12\"}]},{\"@type\":\"WebSite\",\"@id\":\"https:\/\/go-paint.com\/de\/#website\",\"url\":\"https:\/\/go-paint.com\/de\/\",\"name\":\"Go Paint\",\"description\":\"\",\"publisher\":{\"@id\":\"https:\/\/go-paint.com\/de\/#organization\"},\"potentialAction\":[{\"@type\":\"SearchAction\",\"target\":{\"@type\":\"EntryPoint\",\"urlTemplate\":\"https:\/\/go-paint.com\/de\/?s={search_term_string}\"},\"query-input\":{\"@type\":\"PropertyValueSpecification\",\"valueRequired\":true,\"valueName\":\"search_term_string\"}}],\"inLanguage\":\"de-DE\"},{\"@type\":\"Organization\",\"@id\":\"https:\/\/go-paint.com\/de\/#organization\",\"name\":\"Go Paint\",\"url\":\"https:\/\/go-paint.com\/de\/\",\"logo\":{\"@type\":\"ImageObject\",\"inLanguage\":\"de-DE\",\"@id\":\"https:\/\/go-paint.com\/de\/#\/schema\/logo\/image\/\",\"url\":\"https:\/\/hildering.prod.pwstaging.tech\/app\/uploads\/sites\/2\/2026\/03\/GoPaint.svg\",\"contentUrl\":\"https:\/\/hildering.prod.pwstaging.tech\/app\/uploads\/sites\/2\/2026\/03\/GoPaint.svg\",\"width\":1,\"height\":1,\"caption\":\"Go Paint\"},\"image\":{\"@id\":\"https:\/\/go-paint.com\/de\/#\/schema\/logo\/image\/\"}}]}<\/script>\n<!-- \/ Yoast SEO plugin. -->","yoast_head_json":{"title":"Roll and Go Tray 12 | praktischer Farbwanne f\u00fcr Rollenbreite 12cm","description":"Das Tray 12 ist eine handliche und sehr stabile Farbwanne, die f\u00fcr alle Arten von Farb- und Lackrollen bis einschlie\u00dflich 12 cm Breite geeignet ist. F\u00fcr","robots":{"index":"index","follow":"follow","max-snippet":"max-snippet:-1","max-image-preview":"max-image-preview:large","max-video-preview":"max-video-preview:-1"},"canonical":"https:\/\/go-paint.com\/de\/produkte\/40230001\/roll-and-go-tray-12\/","og_locale":"de_DE","og_type":"article","og_title":"Roll and Go Tray 12 | praktischer Farbwanne f\u00fcr Rollenbreite 12cm","og_description":"Das Tray 12 ist eine handliche und sehr stabile Farbwanne, die f\u00fcr alle Arten von Farb- und Lackrollen bis einschlie\u00dflich 12 cm Breite geeignet ist. F\u00fcr","og_url":"https:\/\/go-paint.com\/de\/produkte\/40230001\/roll-and-go-tray-12\/","og_site_name":"GO Paint","article_modified_time":"2026-04-29T21:46:00+00:00","og_image":[{"width":700,"height":365,"url":"https:\/\/hildering.prod.pwstaging.tech\/app\/uploads\/sites\/2\/2025\/11\/roll-and-go-tray-12-featured-8e932065-b5bf-41f1-bda2-328b9d250327.png","type":"image\/png"}],"twitter_card":"summary_large_image","twitter_misc":{"Est. reading time":"1 minute"},"schema":{"@context":"https:\/\/schema.org","@graph":[{"@type":"WebPage","@id":"https:\/\/go-paint.com\/de\/produkte\/40230001\/roll-and-go-tray-12\/","url":"https:\/\/go-paint.com\/de\/produkte\/40230001\/roll-and-go-tray-12\/","name":"Roll and Go Tray 12 | praktischer Farbwanne f\u00fcr Rollenbreite 12cm","isPartOf":{"@id":"https:\/\/go-paint.com\/de\/#website"},"primaryImageOfPage":{"@id":"https:\/\/go-paint.com\/de\/produkte\/40230001\/roll-and-go-tray-12\/#primaryimage"},"image":{"@id":"https:\/\/go-paint.com\/de\/produkte\/40230001\/roll-and-go-tray-12\/#primaryimage"},"thumbnailUrl":"https:\/\/hildering.prod.pwstaging.tech\/app\/uploads\/sites\/2\/2025\/11\/roll-and-go-tray-12-featured-8e932065-b5bf-41f1-bda2-328b9d250327.png","datePublished":"2026-01-27T09:46:00+00:00","dateModified":"2026-04-29T21:46:00+00:00","description":"Das Tray 12 ist eine handliche und sehr stabile Farbwanne, die f\u00fcr alle Arten von Farb- und Lackrollen bis einschlie\u00dflich 12 cm Breite geeignet ist. F\u00fcr","breadcrumb":{"@id":"https:\/\/go-paint.com\/de\/produkte\/40230001\/roll-and-go-tray-12\/#breadcrumb"},"inLanguage":"de-DE","potentialAction":[{"@type":"ReadAction","target":["https:\/\/go-paint.com\/de\/produkte\/40230001\/roll-and-go-tray-12\/"]}]},{"@type":"ImageObject","inLanguage":"de-DE","@id":"https:\/\/go-paint.com\/de\/produkte\/40230001\/roll-and-go-tray-12\/#primaryimage","url":"https:\/\/hildering.prod.pwstaging.tech\/app\/uploads\/sites\/2\/2025\/11\/roll-and-go-tray-12-featured-8e932065-b5bf-41f1-bda2-328b9d250327.png","contentUrl":"https:\/\/hildering.prod.pwstaging.tech\/app\/uploads\/sites\/2\/2025\/11\/roll-and-go-tray-12-featured-8e932065-b5bf-41f1-bda2-328b9d250327.png","width":700,"height":365},{"@type":"BreadcrumbList","@id":"https:\/\/go-paint.com\/de\/produkte\/40230001\/roll-and-go-tray-12\/#breadcrumb","itemListElement":[{"@type":"ListItem","position":1,"name":"Home","item":"https:\/\/go-paint.com\/de\/"},{"@type":"ListItem","position":2,"name":"Produkte","item":"https:\/\/go-paint.com\/de\/shop\/"},{"@type":"ListItem","position":3,"name":"Roll and Go Tray 12"}]},{"@type":"WebSite","@id":"https:\/\/go-paint.com\/de\/#website","url":"https:\/\/go-paint.com\/de\/","name":"Go Paint","description":"","publisher":{"@id":"https:\/\/go-paint.com\/de\/#organization"},"potentialAction":[{"@type":"SearchAction","target":{"@type":"EntryPoint","urlTemplate":"https:\/\/go-paint.com\/de\/?s={search_term_string}"},"query-input":{"@type":"PropertyValueSpecification","valueRequired":true,"valueName":"search_term_string"}}],"inLanguage":"de-DE"},{"@type":"Organization","@id":"https:\/\/go-paint.com\/de\/#organization","name":"Go Paint","url":"https:\/\/go-paint.com\/de\/","logo":{"@type":"ImageObject","inLanguage":"de-DE","@id":"https:\/\/go-paint.com\/de\/#\/schema\/logo\/image\/","url":"https:\/\/hildering.prod.pwstaging.tech\/app\/uploads\/sites\/2\/2026\/03\/GoPaint.svg","contentUrl":"https:\/\/hildering.prod.pwstaging.tech\/app\/uploads\/sites\/2\/2026\/03\/GoPaint.svg","width":1,"height":1,"caption":"Go Paint"},"image":{"@id":"https:\/\/go-paint.com\/de\/#\/schema\/logo\/image\/"}}]}},"_links":{"self":[{"href":"https:\/\/go-paint.com\/de\/wp-json\/wp\/v2\/product\/69662","targetHints":{"allow":["GET"]}}],"collection":[{"href":"https:\/\/go-paint.com\/de\/wp-json\/wp\/v2\/product"}],"about":[{"href":"https:\/\/go-paint.com\/de\/wp-json\/wp\/v2\/types\/product"}],"replies":[{"embeddable":true,"href":"https:\/\/go-paint.com\/de\/wp-json\/wp\/v2\/comments?post=69662"}],"wp:featuredmedia":[{"embeddable":true,"href":"https:\/\/go-paint.com\/de\/wp-json\/wp\/v2\/media\/38263"}],"wp:attachment":[{"href":"https:\/\/go-paint.com\/de\/wp-json\/wp\/v2\/media?parent=69662"}],"wp:term":[{"taxonomy":"product_brand","embeddable":true,"href":"https:\/\/go-paint.com\/de\/wp-json\/wp\/v2\/product_brand?post=69662"},{"taxonomy":"product_cat","embeddable":true,"href":"https:\/\/go-paint.com\/de\/wp-json\/wp\/v2\/product_cat?post=69662"},{"taxonomy":"product_tag","embeddable":true,"href":"https:\/\/go-paint.com\/de\/wp-json\/wp\/v2\/product_tag?post=69662"},{"taxonomy":"markten","embeddable":true,"href":"https:\/\/go-paint.com\/de\/wp-json\/wp\/v2\/markten?post=69662"}],"curies":[{"name":"wp","href":"https:\/\/api.w.org\/{rel}","templated":true}]}}