{"id":69671,"date":"2026-01-27T09:46:01","date_gmt":"2026-01-27T09:46:01","guid":{"rendered":"https:\/\/go-paint.com\/product\/eimer-12-ltr\/"},"modified":"2026-04-29T21:46:03","modified_gmt":"2026-04-29T21:46:03","slug":"eimer-12-ltr","status":"publish","type":"product","link":"https:\/\/go-paint.com\/de\/produkte\/40260028\/eimer-12-ltr\/","title":{"rendered":"Eimer 12 ltr"},"content":{"rendered":"<p>Der Economy Farbeimer 12 L ist ein universeller Farbeimer. Er ist der gro\u00dfe Bruder des 8-Liter-Farbeimers, mit einem maximalen Fassungsverm\u00f6gen von 12 Litern und geeignet f\u00fcr alle Arten von Walzen bis zu 25 cm (9 Zoll) Breite. Dadurch eignet sich dieser Eimer sehr gut f\u00fcr das Streichen gr\u00f6\u00dferer Fl\u00e4chen. Der Eimer ist mit einer Auskleidung versehen, die den Eimer sauber h\u00e4lt und eine Riffelung hat, um die Farbe auf der Rolle zu verteilen. Dieser Eimer wird auch h\u00e4ufig f\u00fcr andere Aufgaben verwendet, z. B. zum Reinigen und Tapezieren oder zur Aufbewahrung von Werkzeugen. Ein vielseitig einsetzbarer Farbeimer also.<\/p>\n","protected":false},"excerpt":{"rendered":"<p>Der Economy Farbeimer 12 L ist ein universeller Farbeimer. Er ist der gro\u00dfe Bruder des 8-Liter-Farbeimers, mit einem maximalen Fassungsverm\u00f6gen von 12 Litern und geeignet f\u00fcr alle Arten von Walzen bis zu 25 cm (9 Zoll) Breite. Dadurch eignet sich dieser Eimer sehr gut f\u00fcr das Streichen gr\u00f6\u00dferer Fl\u00e4chen. Der Eimer ist mit einer Auskleidung [&hellip;]<\/p>\n","protected":false},"featured_media":37218,"comment_status":"open","ping_status":"closed","template":"","meta":[],"product_brand":[],"product_cat":[11032],"product_tag":[],"markten":[],"class_list":{"0":"post-69671","1":"product","2":"type-product","3":"status-publish","4":"has-post-thumbnail","6":"product_cat-eimer","8":"first","9":"instock","10":"shipping-taxable","11":"purchasable","12":"product-type-simple"},"yoast_head":"<!-- This site is optimized with the Yoast SEO plugin v26.9 - https:\/\/yoast.com\/product\/yoast-seo-wordpress\/ -->\n<title>Eimer 12 ltr - GO Paint<\/title>\n<meta name=\"description\" content=\"Der Economy Farbeimer 12 L ist ein universeller Farbeimer. Er ist der gro\u00dfe Bruder des 8-Liter-Farbeimers, mit einem maximalen Fassungsverm\u00f6gen von 12\" \/>\n<meta name=\"robots\" content=\"index, follow, max-snippet:-1, max-image-preview:large, max-video-preview:-1\" \/>\n<link rel=\"canonical\" href=\"https:\/\/go-paint.com\/de\/produkte\/40260028\/eimer-12-ltr\/\" \/>\n<meta property=\"og:locale\" content=\"de_DE\" \/>\n<meta property=\"og:type\" content=\"article\" \/>\n<meta property=\"og:title\" content=\"Eimer 12 ltr - GO Paint\" \/>\n<meta property=\"og:description\" content=\"Der Economy Farbeimer 12 L ist ein universeller Farbeimer. Er ist der gro\u00dfe Bruder des 8-Liter-Farbeimers, mit einem maximalen Fassungsverm\u00f6gen von 12\" \/>\n<meta property=\"og:url\" content=\"https:\/\/go-paint.com\/de\/produkte\/40260028\/eimer-12-ltr\/\" \/>\n<meta property=\"og:site_name\" content=\"GO Paint\" \/>\n<meta property=\"article:modified_time\" content=\"2026-04-29T21:46:03+00:00\" \/>\n<meta property=\"og:image\" content=\"https:\/\/hildering.prod.pwstaging.tech\/app\/uploads\/sites\/2\/2025\/11\/verfemmer-12-ltr-featured-3f317465-b1d2-43b2-8771-80d1dc698fb0.png\" \/>\n\t<meta property=\"og:image:width\" content=\"700\" \/>\n\t<meta property=\"og:image:height\" content=\"487\" \/>\n\t<meta property=\"og:image:type\" content=\"image\/png\" \/>\n<meta name=\"twitter:card\" content=\"summary_large_image\" \/>\n<meta name=\"twitter:label1\" content=\"Est. reading time\" \/>\n\t<meta name=\"twitter:data1\" content=\"1 minute\" \/>\n<script type=\"application\/ld+json\" class=\"yoast-schema-graph\">{\"@context\":\"https:\/\/schema.org\",\"@graph\":[{\"@type\":\"WebPage\",\"@id\":\"https:\/\/go-paint.com\/de\/produkte\/40260028\/eimer-12-ltr\/\",\"url\":\"https:\/\/go-paint.com\/de\/produkte\/40260028\/eimer-12-ltr\/\",\"name\":\"Eimer 12 ltr - GO Paint\",\"isPartOf\":{\"@id\":\"https:\/\/go-paint.com\/de\/#website\"},\"primaryImageOfPage\":{\"@id\":\"https:\/\/go-paint.com\/de\/produkte\/40260028\/eimer-12-ltr\/#primaryimage\"},\"image\":{\"@id\":\"https:\/\/go-paint.com\/de\/produkte\/40260028\/eimer-12-ltr\/#primaryimage\"},\"thumbnailUrl\":\"https:\/\/hildering.prod.pwstaging.tech\/app\/uploads\/sites\/2\/2025\/11\/verfemmer-12-ltr-featured-3f317465-b1d2-43b2-8771-80d1dc698fb0.png\",\"datePublished\":\"2026-01-27T09:46:01+00:00\",\"dateModified\":\"2026-04-29T21:46:03+00:00\",\"description\":\"Der Economy Farbeimer 12 L ist ein universeller Farbeimer. Er ist der gro\u00dfe Bruder des 8-Liter-Farbeimers, mit einem maximalen Fassungsverm\u00f6gen von 12\",\"breadcrumb\":{\"@id\":\"https:\/\/go-paint.com\/de\/produkte\/40260028\/eimer-12-ltr\/#breadcrumb\"},\"inLanguage\":\"de-DE\",\"potentialAction\":[{\"@type\":\"ReadAction\",\"target\":[\"https:\/\/go-paint.com\/de\/produkte\/40260028\/eimer-12-ltr\/\"]}]},{\"@type\":\"ImageObject\",\"inLanguage\":\"de-DE\",\"@id\":\"https:\/\/go-paint.com\/de\/produkte\/40260028\/eimer-12-ltr\/#primaryimage\",\"url\":\"https:\/\/hildering.prod.pwstaging.tech\/app\/uploads\/sites\/2\/2025\/11\/verfemmer-12-ltr-featured-3f317465-b1d2-43b2-8771-80d1dc698fb0.png\",\"contentUrl\":\"https:\/\/hildering.prod.pwstaging.tech\/app\/uploads\/sites\/2\/2025\/11\/verfemmer-12-ltr-featured-3f317465-b1d2-43b2-8771-80d1dc698fb0.png\",\"width\":700,\"height\":487},{\"@type\":\"BreadcrumbList\",\"@id\":\"https:\/\/go-paint.com\/de\/produkte\/40260028\/eimer-12-ltr\/#breadcrumb\",\"itemListElement\":[{\"@type\":\"ListItem\",\"position\":1,\"name\":\"Home\",\"item\":\"https:\/\/go-paint.com\/de\/\"},{\"@type\":\"ListItem\",\"position\":2,\"name\":\"Produkte\",\"item\":\"https:\/\/go-paint.com\/de\/shop\/\"},{\"@type\":\"ListItem\",\"position\":3,\"name\":\"Eimer 12 ltr\"}]},{\"@type\":\"WebSite\",\"@id\":\"https:\/\/go-paint.com\/de\/#website\",\"url\":\"https:\/\/go-paint.com\/de\/\",\"name\":\"Go Paint\",\"description\":\"\",\"publisher\":{\"@id\":\"https:\/\/go-paint.com\/de\/#organization\"},\"potentialAction\":[{\"@type\":\"SearchAction\",\"target\":{\"@type\":\"EntryPoint\",\"urlTemplate\":\"https:\/\/go-paint.com\/de\/?s={search_term_string}\"},\"query-input\":{\"@type\":\"PropertyValueSpecification\",\"valueRequired\":true,\"valueName\":\"search_term_string\"}}],\"inLanguage\":\"de-DE\"},{\"@type\":\"Organization\",\"@id\":\"https:\/\/go-paint.com\/de\/#organization\",\"name\":\"Go Paint\",\"url\":\"https:\/\/go-paint.com\/de\/\",\"logo\":{\"@type\":\"ImageObject\",\"inLanguage\":\"de-DE\",\"@id\":\"https:\/\/go-paint.com\/de\/#\/schema\/logo\/image\/\",\"url\":\"https:\/\/hildering.prod.pwstaging.tech\/app\/uploads\/sites\/2\/2026\/03\/GoPaint.svg\",\"contentUrl\":\"https:\/\/hildering.prod.pwstaging.tech\/app\/uploads\/sites\/2\/2026\/03\/GoPaint.svg\",\"width\":1,\"height\":1,\"caption\":\"Go Paint\"},\"image\":{\"@id\":\"https:\/\/go-paint.com\/de\/#\/schema\/logo\/image\/\"}}]}<\/script>\n<!-- \/ Yoast SEO plugin. -->","yoast_head_json":{"title":"Eimer 12 ltr - GO Paint","description":"Der Economy Farbeimer 12 L ist ein universeller Farbeimer. Er ist der gro\u00dfe Bruder des 8-Liter-Farbeimers, mit einem maximalen Fassungsverm\u00f6gen von 12","robots":{"index":"index","follow":"follow","max-snippet":"max-snippet:-1","max-image-preview":"max-image-preview:large","max-video-preview":"max-video-preview:-1"},"canonical":"https:\/\/go-paint.com\/de\/produkte\/40260028\/eimer-12-ltr\/","og_locale":"de_DE","og_type":"article","og_title":"Eimer 12 ltr - GO Paint","og_description":"Der Economy Farbeimer 12 L ist ein universeller Farbeimer. Er ist der gro\u00dfe Bruder des 8-Liter-Farbeimers, mit einem maximalen Fassungsverm\u00f6gen von 12","og_url":"https:\/\/go-paint.com\/de\/produkte\/40260028\/eimer-12-ltr\/","og_site_name":"GO Paint","article_modified_time":"2026-04-29T21:46:03+00:00","og_image":[{"width":700,"height":487,"url":"https:\/\/hildering.prod.pwstaging.tech\/app\/uploads\/sites\/2\/2025\/11\/verfemmer-12-ltr-featured-3f317465-b1d2-43b2-8771-80d1dc698fb0.png","type":"image\/png"}],"twitter_card":"summary_large_image","twitter_misc":{"Est. reading time":"1 minute"},"schema":{"@context":"https:\/\/schema.org","@graph":[{"@type":"WebPage","@id":"https:\/\/go-paint.com\/de\/produkte\/40260028\/eimer-12-ltr\/","url":"https:\/\/go-paint.com\/de\/produkte\/40260028\/eimer-12-ltr\/","name":"Eimer 12 ltr - GO Paint","isPartOf":{"@id":"https:\/\/go-paint.com\/de\/#website"},"primaryImageOfPage":{"@id":"https:\/\/go-paint.com\/de\/produkte\/40260028\/eimer-12-ltr\/#primaryimage"},"image":{"@id":"https:\/\/go-paint.com\/de\/produkte\/40260028\/eimer-12-ltr\/#primaryimage"},"thumbnailUrl":"https:\/\/hildering.prod.pwstaging.tech\/app\/uploads\/sites\/2\/2025\/11\/verfemmer-12-ltr-featured-3f317465-b1d2-43b2-8771-80d1dc698fb0.png","datePublished":"2026-01-27T09:46:01+00:00","dateModified":"2026-04-29T21:46:03+00:00","description":"Der Economy Farbeimer 12 L ist ein universeller Farbeimer. Er ist der gro\u00dfe Bruder des 8-Liter-Farbeimers, mit einem maximalen Fassungsverm\u00f6gen von 12","breadcrumb":{"@id":"https:\/\/go-paint.com\/de\/produkte\/40260028\/eimer-12-ltr\/#breadcrumb"},"inLanguage":"de-DE","potentialAction":[{"@type":"ReadAction","target":["https:\/\/go-paint.com\/de\/produkte\/40260028\/eimer-12-ltr\/"]}]},{"@type":"ImageObject","inLanguage":"de-DE","@id":"https:\/\/go-paint.com\/de\/produkte\/40260028\/eimer-12-ltr\/#primaryimage","url":"https:\/\/hildering.prod.pwstaging.tech\/app\/uploads\/sites\/2\/2025\/11\/verfemmer-12-ltr-featured-3f317465-b1d2-43b2-8771-80d1dc698fb0.png","contentUrl":"https:\/\/hildering.prod.pwstaging.tech\/app\/uploads\/sites\/2\/2025\/11\/verfemmer-12-ltr-featured-3f317465-b1d2-43b2-8771-80d1dc698fb0.png","width":700,"height":487},{"@type":"BreadcrumbList","@id":"https:\/\/go-paint.com\/de\/produkte\/40260028\/eimer-12-ltr\/#breadcrumb","itemListElement":[{"@type":"ListItem","position":1,"name":"Home","item":"https:\/\/go-paint.com\/de\/"},{"@type":"ListItem","position":2,"name":"Produkte","item":"https:\/\/go-paint.com\/de\/shop\/"},{"@type":"ListItem","position":3,"name":"Eimer 12 ltr"}]},{"@type":"WebSite","@id":"https:\/\/go-paint.com\/de\/#website","url":"https:\/\/go-paint.com\/de\/","name":"Go Paint","description":"","publisher":{"@id":"https:\/\/go-paint.com\/de\/#organization"},"potentialAction":[{"@type":"SearchAction","target":{"@type":"EntryPoint","urlTemplate":"https:\/\/go-paint.com\/de\/?s={search_term_string}"},"query-input":{"@type":"PropertyValueSpecification","valueRequired":true,"valueName":"search_term_string"}}],"inLanguage":"de-DE"},{"@type":"Organization","@id":"https:\/\/go-paint.com\/de\/#organization","name":"Go Paint","url":"https:\/\/go-paint.com\/de\/","logo":{"@type":"ImageObject","inLanguage":"de-DE","@id":"https:\/\/go-paint.com\/de\/#\/schema\/logo\/image\/","url":"https:\/\/hildering.prod.pwstaging.tech\/app\/uploads\/sites\/2\/2026\/03\/GoPaint.svg","contentUrl":"https:\/\/hildering.prod.pwstaging.tech\/app\/uploads\/sites\/2\/2026\/03\/GoPaint.svg","width":1,"height":1,"caption":"Go Paint"},"image":{"@id":"https:\/\/go-paint.com\/de\/#\/schema\/logo\/image\/"}}]}},"_links":{"self":[{"href":"https:\/\/go-paint.com\/de\/wp-json\/wp\/v2\/product\/69671","targetHints":{"allow":["GET"]}}],"collection":[{"href":"https:\/\/go-paint.com\/de\/wp-json\/wp\/v2\/product"}],"about":[{"href":"https:\/\/go-paint.com\/de\/wp-json\/wp\/v2\/types\/product"}],"replies":[{"embeddable":true,"href":"https:\/\/go-paint.com\/de\/wp-json\/wp\/v2\/comments?post=69671"}],"wp:featuredmedia":[{"embeddable":true,"href":"https:\/\/go-paint.com\/de\/wp-json\/wp\/v2\/media\/37218"}],"wp:attachment":[{"href":"https:\/\/go-paint.com\/de\/wp-json\/wp\/v2\/media?parent=69671"}],"wp:term":[{"taxonomy":"product_brand","embeddable":true,"href":"https:\/\/go-paint.com\/de\/wp-json\/wp\/v2\/product_brand?post=69671"},{"taxonomy":"product_cat","embeddable":true,"href":"https:\/\/go-paint.com\/de\/wp-json\/wp\/v2\/product_cat?post=69671"},{"taxonomy":"product_tag","embeddable":true,"href":"https:\/\/go-paint.com\/de\/wp-json\/wp\/v2\/product_tag?post=69671"},{"taxonomy":"markten","embeddable":true,"href":"https:\/\/go-paint.com\/de\/wp-json\/wp\/v2\/markten?post=69671"}],"curies":[{"name":"wp","href":"https:\/\/api.w.org\/{rel}","templated":true}]}}