{"id":69683,"date":"2026-01-27T09:46:05","date_gmt":"2026-01-27T09:46:05","guid":{"rendered":"https:\/\/go-paint.com\/product\/farbwannen-32-x-36-cm\/"},"modified":"2026-04-29T21:46:05","modified_gmt":"2026-04-29T21:46:05","slug":"farbwannen-32-x-36-cm","status":"publish","type":"product","link":"https:\/\/go-paint.com\/de\/produkte\/40270009\/farbwannen-32-x-36-cm\/","title":{"rendered":"Farbwannen 32 x 36 cm"},"content":{"rendered":"<p>Die verbesserte Standard-Farbwanne f\u00fcr Walzen bis einschlie\u00dflich 25 cm (9,5 Zoll) hat ein extra tiefes Reservoir und eine perfekt flache und elegante Rollfl\u00e4che mit festen Rillen, die daf\u00fcr sorgen, dass die Farbe sch\u00f6n gleichm\u00e4\u00dfig auf der Walze verteilt wird. Die Farbwanne gro\u00df 32 x 36 cm eignet sich f\u00fcr alle kleinen bis mittleren Malerarbeiten mit Pinsel und Rolle. Die schr\u00e4ge Rollfl\u00e4che l\u00e4sst \u00fcbersch\u00fcssige Farbe automatisch in den tiefen Beh\u00e4lter zur\u00fcckflie\u00dfen, der bis zu 1,3 Liter Farbe fasst.<\/p>\n","protected":false},"excerpt":{"rendered":"<p>Die verbesserte Standard-Farbwanne f\u00fcr Walzen bis einschlie\u00dflich 25 cm (9,5 Zoll) hat ein extra tiefes Reservoir und eine perfekt flache und elegante Rollfl\u00e4che mit festen Rillen, die daf\u00fcr sorgen, dass die Farbe sch\u00f6n gleichm\u00e4\u00dfig auf der Walze verteilt wird. Die Farbwanne gro\u00df 32 x 36 cm eignet sich f\u00fcr alle kleinen bis mittleren Malerarbeiten mit [&hellip;]<\/p>\n","protected":false},"featured_media":37233,"comment_status":"open","ping_status":"closed","template":"","meta":[],"product_brand":[],"product_cat":[11035],"product_tag":[],"markten":[],"class_list":{"0":"post-69683","1":"product","2":"type-product","3":"status-publish","4":"has-post-thumbnail","6":"product_cat-farbwannen","8":"first","9":"instock","10":"shipping-taxable","11":"purchasable","12":"product-type-simple"},"yoast_head":"<!-- This site is optimized with the Yoast SEO plugin v26.9 - https:\/\/yoast.com\/product\/yoast-seo-wordpress\/ -->\n<title>Farbwannen 32 x 36 cm - GO Paint<\/title>\n<meta name=\"description\" content=\"Die verbesserte Standard-Farbwanne f\u00fcr Walzen bis einschlie\u00dflich 25 cm (9,5 Zoll) hat ein extra tiefes Reservoir und eine perfekt flache und elegante\" \/>\n<meta name=\"robots\" content=\"index, follow, max-snippet:-1, max-image-preview:large, max-video-preview:-1\" \/>\n<link rel=\"canonical\" href=\"https:\/\/go-paint.com\/de\/produkte\/40270009\/farbwannen-32-x-36-cm\/\" \/>\n<meta property=\"og:locale\" content=\"de_DE\" \/>\n<meta property=\"og:type\" content=\"article\" \/>\n<meta property=\"og:title\" content=\"Farbwannen 32 x 36 cm - GO Paint\" \/>\n<meta property=\"og:description\" content=\"Die verbesserte Standard-Farbwanne f\u00fcr Walzen bis einschlie\u00dflich 25 cm (9,5 Zoll) hat ein extra tiefes Reservoir und eine perfekt flache und elegante\" \/>\n<meta property=\"og:url\" content=\"https:\/\/go-paint.com\/de\/produkte\/40270009\/farbwannen-32-x-36-cm\/\" \/>\n<meta property=\"og:site_name\" content=\"GO Paint\" \/>\n<meta property=\"article:modified_time\" content=\"2026-04-29T21:46:05+00:00\" \/>\n<meta property=\"og:image\" content=\"https:\/\/hildering.prod.pwstaging.tech\/app\/uploads\/sites\/2\/2025\/11\/verfbakje-groot-32-x-36-cm-featured-d1f6f9f8-e26e-4814-8330-142129ac23a0.png\" \/>\n\t<meta property=\"og:image:width\" content=\"700\" \/>\n\t<meta property=\"og:image:height\" content=\"442\" \/>\n\t<meta property=\"og:image:type\" content=\"image\/png\" \/>\n<meta name=\"twitter:card\" content=\"summary_large_image\" \/>\n<script type=\"application\/ld+json\" class=\"yoast-schema-graph\">{\"@context\":\"https:\/\/schema.org\",\"@graph\":[{\"@type\":\"WebPage\",\"@id\":\"https:\/\/go-paint.com\/de\/produkte\/40270009\/farbwannen-32-x-36-cm\/\",\"url\":\"https:\/\/go-paint.com\/de\/produkte\/40270009\/farbwannen-32-x-36-cm\/\",\"name\":\"Farbwannen 32 x 36 cm - GO Paint\",\"isPartOf\":{\"@id\":\"https:\/\/go-paint.com\/de\/#website\"},\"primaryImageOfPage\":{\"@id\":\"https:\/\/go-paint.com\/de\/produkte\/40270009\/farbwannen-32-x-36-cm\/#primaryimage\"},\"image\":{\"@id\":\"https:\/\/go-paint.com\/de\/produkte\/40270009\/farbwannen-32-x-36-cm\/#primaryimage\"},\"thumbnailUrl\":\"https:\/\/hildering.prod.pwstaging.tech\/app\/uploads\/sites\/2\/2025\/11\/verfbakje-groot-32-x-36-cm-featured-d1f6f9f8-e26e-4814-8330-142129ac23a0.png\",\"datePublished\":\"2026-01-27T09:46:05+00:00\",\"dateModified\":\"2026-04-29T21:46:05+00:00\",\"description\":\"Die verbesserte Standard-Farbwanne f\u00fcr Walzen bis einschlie\u00dflich 25 cm (9,5 Zoll) hat ein extra tiefes Reservoir und eine perfekt flache und elegante\",\"breadcrumb\":{\"@id\":\"https:\/\/go-paint.com\/de\/produkte\/40270009\/farbwannen-32-x-36-cm\/#breadcrumb\"},\"inLanguage\":\"de-DE\",\"potentialAction\":[{\"@type\":\"ReadAction\",\"target\":[\"https:\/\/go-paint.com\/de\/produkte\/40270009\/farbwannen-32-x-36-cm\/\"]}]},{\"@type\":\"ImageObject\",\"inLanguage\":\"de-DE\",\"@id\":\"https:\/\/go-paint.com\/de\/produkte\/40270009\/farbwannen-32-x-36-cm\/#primaryimage\",\"url\":\"https:\/\/hildering.prod.pwstaging.tech\/app\/uploads\/sites\/2\/2025\/11\/verfbakje-groot-32-x-36-cm-featured-d1f6f9f8-e26e-4814-8330-142129ac23a0.png\",\"contentUrl\":\"https:\/\/hildering.prod.pwstaging.tech\/app\/uploads\/sites\/2\/2025\/11\/verfbakje-groot-32-x-36-cm-featured-d1f6f9f8-e26e-4814-8330-142129ac23a0.png\",\"width\":700,\"height\":442},{\"@type\":\"BreadcrumbList\",\"@id\":\"https:\/\/go-paint.com\/de\/produkte\/40270009\/farbwannen-32-x-36-cm\/#breadcrumb\",\"itemListElement\":[{\"@type\":\"ListItem\",\"position\":1,\"name\":\"Home\",\"item\":\"https:\/\/go-paint.com\/de\/\"},{\"@type\":\"ListItem\",\"position\":2,\"name\":\"Produkte\",\"item\":\"https:\/\/go-paint.com\/de\/shop\/\"},{\"@type\":\"ListItem\",\"position\":3,\"name\":\"Farbwannen 32 x 36 cm\"}]},{\"@type\":\"WebSite\",\"@id\":\"https:\/\/go-paint.com\/de\/#website\",\"url\":\"https:\/\/go-paint.com\/de\/\",\"name\":\"Go Paint\",\"description\":\"\",\"publisher\":{\"@id\":\"https:\/\/go-paint.com\/de\/#organization\"},\"potentialAction\":[{\"@type\":\"SearchAction\",\"target\":{\"@type\":\"EntryPoint\",\"urlTemplate\":\"https:\/\/go-paint.com\/de\/?s={search_term_string}\"},\"query-input\":{\"@type\":\"PropertyValueSpecification\",\"valueRequired\":true,\"valueName\":\"search_term_string\"}}],\"inLanguage\":\"de-DE\"},{\"@type\":\"Organization\",\"@id\":\"https:\/\/go-paint.com\/de\/#organization\",\"name\":\"Go Paint\",\"url\":\"https:\/\/go-paint.com\/de\/\",\"logo\":{\"@type\":\"ImageObject\",\"inLanguage\":\"de-DE\",\"@id\":\"https:\/\/go-paint.com\/de\/#\/schema\/logo\/image\/\",\"url\":\"https:\/\/hildering.prod.pwstaging.tech\/app\/uploads\/sites\/2\/2026\/03\/GoPaint.svg\",\"contentUrl\":\"https:\/\/hildering.prod.pwstaging.tech\/app\/uploads\/sites\/2\/2026\/03\/GoPaint.svg\",\"width\":1,\"height\":1,\"caption\":\"Go Paint\"},\"image\":{\"@id\":\"https:\/\/go-paint.com\/de\/#\/schema\/logo\/image\/\"}}]}<\/script>\n<!-- \/ Yoast SEO plugin. -->","yoast_head_json":{"title":"Farbwannen 32 x 36 cm - GO Paint","description":"Die verbesserte Standard-Farbwanne f\u00fcr Walzen bis einschlie\u00dflich 25 cm (9,5 Zoll) hat ein extra tiefes Reservoir und eine perfekt flache und elegante","robots":{"index":"index","follow":"follow","max-snippet":"max-snippet:-1","max-image-preview":"max-image-preview:large","max-video-preview":"max-video-preview:-1"},"canonical":"https:\/\/go-paint.com\/de\/produkte\/40270009\/farbwannen-32-x-36-cm\/","og_locale":"de_DE","og_type":"article","og_title":"Farbwannen 32 x 36 cm - GO Paint","og_description":"Die verbesserte Standard-Farbwanne f\u00fcr Walzen bis einschlie\u00dflich 25 cm (9,5 Zoll) hat ein extra tiefes Reservoir und eine perfekt flache und elegante","og_url":"https:\/\/go-paint.com\/de\/produkte\/40270009\/farbwannen-32-x-36-cm\/","og_site_name":"GO Paint","article_modified_time":"2026-04-29T21:46:05+00:00","og_image":[{"width":700,"height":442,"url":"https:\/\/hildering.prod.pwstaging.tech\/app\/uploads\/sites\/2\/2025\/11\/verfbakje-groot-32-x-36-cm-featured-d1f6f9f8-e26e-4814-8330-142129ac23a0.png","type":"image\/png"}],"twitter_card":"summary_large_image","schema":{"@context":"https:\/\/schema.org","@graph":[{"@type":"WebPage","@id":"https:\/\/go-paint.com\/de\/produkte\/40270009\/farbwannen-32-x-36-cm\/","url":"https:\/\/go-paint.com\/de\/produkte\/40270009\/farbwannen-32-x-36-cm\/","name":"Farbwannen 32 x 36 cm - GO Paint","isPartOf":{"@id":"https:\/\/go-paint.com\/de\/#website"},"primaryImageOfPage":{"@id":"https:\/\/go-paint.com\/de\/produkte\/40270009\/farbwannen-32-x-36-cm\/#primaryimage"},"image":{"@id":"https:\/\/go-paint.com\/de\/produkte\/40270009\/farbwannen-32-x-36-cm\/#primaryimage"},"thumbnailUrl":"https:\/\/hildering.prod.pwstaging.tech\/app\/uploads\/sites\/2\/2025\/11\/verfbakje-groot-32-x-36-cm-featured-d1f6f9f8-e26e-4814-8330-142129ac23a0.png","datePublished":"2026-01-27T09:46:05+00:00","dateModified":"2026-04-29T21:46:05+00:00","description":"Die verbesserte Standard-Farbwanne f\u00fcr Walzen bis einschlie\u00dflich 25 cm (9,5 Zoll) hat ein extra tiefes Reservoir und eine perfekt flache und elegante","breadcrumb":{"@id":"https:\/\/go-paint.com\/de\/produkte\/40270009\/farbwannen-32-x-36-cm\/#breadcrumb"},"inLanguage":"de-DE","potentialAction":[{"@type":"ReadAction","target":["https:\/\/go-paint.com\/de\/produkte\/40270009\/farbwannen-32-x-36-cm\/"]}]},{"@type":"ImageObject","inLanguage":"de-DE","@id":"https:\/\/go-paint.com\/de\/produkte\/40270009\/farbwannen-32-x-36-cm\/#primaryimage","url":"https:\/\/hildering.prod.pwstaging.tech\/app\/uploads\/sites\/2\/2025\/11\/verfbakje-groot-32-x-36-cm-featured-d1f6f9f8-e26e-4814-8330-142129ac23a0.png","contentUrl":"https:\/\/hildering.prod.pwstaging.tech\/app\/uploads\/sites\/2\/2025\/11\/verfbakje-groot-32-x-36-cm-featured-d1f6f9f8-e26e-4814-8330-142129ac23a0.png","width":700,"height":442},{"@type":"BreadcrumbList","@id":"https:\/\/go-paint.com\/de\/produkte\/40270009\/farbwannen-32-x-36-cm\/#breadcrumb","itemListElement":[{"@type":"ListItem","position":1,"name":"Home","item":"https:\/\/go-paint.com\/de\/"},{"@type":"ListItem","position":2,"name":"Produkte","item":"https:\/\/go-paint.com\/de\/shop\/"},{"@type":"ListItem","position":3,"name":"Farbwannen 32 x 36 cm"}]},{"@type":"WebSite","@id":"https:\/\/go-paint.com\/de\/#website","url":"https:\/\/go-paint.com\/de\/","name":"Go Paint","description":"","publisher":{"@id":"https:\/\/go-paint.com\/de\/#organization"},"potentialAction":[{"@type":"SearchAction","target":{"@type":"EntryPoint","urlTemplate":"https:\/\/go-paint.com\/de\/?s={search_term_string}"},"query-input":{"@type":"PropertyValueSpecification","valueRequired":true,"valueName":"search_term_string"}}],"inLanguage":"de-DE"},{"@type":"Organization","@id":"https:\/\/go-paint.com\/de\/#organization","name":"Go Paint","url":"https:\/\/go-paint.com\/de\/","logo":{"@type":"ImageObject","inLanguage":"de-DE","@id":"https:\/\/go-paint.com\/de\/#\/schema\/logo\/image\/","url":"https:\/\/hildering.prod.pwstaging.tech\/app\/uploads\/sites\/2\/2026\/03\/GoPaint.svg","contentUrl":"https:\/\/hildering.prod.pwstaging.tech\/app\/uploads\/sites\/2\/2026\/03\/GoPaint.svg","width":1,"height":1,"caption":"Go Paint"},"image":{"@id":"https:\/\/go-paint.com\/de\/#\/schema\/logo\/image\/"}}]}},"_links":{"self":[{"href":"https:\/\/go-paint.com\/de\/wp-json\/wp\/v2\/product\/69683","targetHints":{"allow":["GET"]}}],"collection":[{"href":"https:\/\/go-paint.com\/de\/wp-json\/wp\/v2\/product"}],"about":[{"href":"https:\/\/go-paint.com\/de\/wp-json\/wp\/v2\/types\/product"}],"replies":[{"embeddable":true,"href":"https:\/\/go-paint.com\/de\/wp-json\/wp\/v2\/comments?post=69683"}],"wp:featuredmedia":[{"embeddable":true,"href":"https:\/\/go-paint.com\/de\/wp-json\/wp\/v2\/media\/37233"}],"wp:attachment":[{"href":"https:\/\/go-paint.com\/de\/wp-json\/wp\/v2\/media?parent=69683"}],"wp:term":[{"taxonomy":"product_brand","embeddable":true,"href":"https:\/\/go-paint.com\/de\/wp-json\/wp\/v2\/product_brand?post=69683"},{"taxonomy":"product_cat","embeddable":true,"href":"https:\/\/go-paint.com\/de\/wp-json\/wp\/v2\/product_cat?post=69683"},{"taxonomy":"product_tag","embeddable":true,"href":"https:\/\/go-paint.com\/de\/wp-json\/wp\/v2\/product_tag?post=69683"},{"taxonomy":"markten","embeddable":true,"href":"https:\/\/go-paint.com\/de\/wp-json\/wp\/v2\/markten?post=69683"}],"curies":[{"name":"wp","href":"https:\/\/api.w.org\/{rel}","templated":true}]}}