{"id":69695,"date":"2026-01-27T09:46:08","date_gmt":"2026-01-27T09:46:08","guid":{"rendered":"https:\/\/go-paint.com\/product\/farbwannen-15-x-32-cm\/"},"modified":"2026-04-29T21:46:08","modified_gmt":"2026-04-29T21:46:08","slug":"farbwannen-15-x-32-cm","status":"publish","type":"product","link":"https:\/\/go-paint.com\/de\/produkte\/40270007\/farbwannen-15-x-32-cm\/","title":{"rendered":"Farbwannen 15 x 32 cm"},"content":{"rendered":"<p>Der neue Standard, eine \u201enormale&#8221; Farbwanne, aber mit einem tieferen Beh\u00e4lter, einer steileren Abrollfl\u00e4che und extra stabiler Ausf\u00fchrung. Die Farbwanne klein 15 x 32cm ist geeignet f\u00fcr alle Arten von Farb- und Lackrollen bis einschlie\u00dflich 10 cm (4 Zoll) Breite. F\u00fcr kleinere Malerarbeiten mit Pinsel und Rolle. Die lange, abgewinkelte Rollfl\u00e4che sorgt f\u00fcr eine perfekte Farbverteilung auf der Walze und \u00fcbersch\u00fcssige Farbe flie\u00dft automatisch in den Beh\u00e4lter zur\u00fcck. Er fasst problemlos 0,5 Liter Farbe, ohne die Rollfl\u00e4che zu bedecken. Das bedeutet, die Wahrscheinlichkeit, dass die Walze zu viel Farbe aufnimmt, verringert sich\u00a0und somit auch die Gefahr von Spritzern! Die erh\u00f6hte Kante am oberen Ende der Rollfl\u00e4che verhindert, dass Sie daran vorbeirollen.<\/p>\n","protected":false},"excerpt":{"rendered":"<p>Der neue Standard, eine \u201enormale&#8221; Farbwanne, aber mit einem tieferen Beh\u00e4lter, einer steileren Abrollfl\u00e4che und extra stabiler Ausf\u00fchrung. Die Farbwanne klein 15 x 32cm ist geeignet f\u00fcr alle Arten von Farb- und Lackrollen bis einschlie\u00dflich 10 cm (4 Zoll) Breite. F\u00fcr kleinere Malerarbeiten mit Pinsel und Rolle. Die lange, abgewinkelte Rollfl\u00e4che sorgt f\u00fcr eine perfekte [&hellip;]<\/p>\n","protected":false},"featured_media":37245,"comment_status":"open","ping_status":"closed","template":"","meta":[],"product_brand":[],"product_cat":[11035],"product_tag":[],"markten":[],"class_list":{"0":"post-69695","1":"product","2":"type-product","3":"status-publish","4":"has-post-thumbnail","6":"product_cat-farbwannen","8":"first","9":"instock","10":"shipping-taxable","11":"purchasable","12":"product-type-simple"},"yoast_head":"<!-- This site is optimized with the Yoast SEO plugin v26.9 - https:\/\/yoast.com\/product\/yoast-seo-wordpress\/ -->\n<title>Farbwannen 15 x 32 cm - GO Paint<\/title>\n<meta name=\"description\" content=\"Der neue Standard, eine \u201enormale&quot; Farbwanne, aber mit einem tieferen Beh\u00e4lter, einer steileren Abrollfl\u00e4che und extra stabiler Ausf\u00fchrung. Die Farbwanne\" \/>\n<meta name=\"robots\" content=\"index, follow, max-snippet:-1, max-image-preview:large, max-video-preview:-1\" \/>\n<link rel=\"canonical\" href=\"https:\/\/go-paint.com\/de\/produkte\/40270007\/farbwannen-15-x-32-cm\/\" \/>\n<meta property=\"og:locale\" content=\"de_DE\" \/>\n<meta property=\"og:type\" content=\"article\" \/>\n<meta property=\"og:title\" content=\"Farbwannen 15 x 32 cm - GO Paint\" \/>\n<meta property=\"og:description\" content=\"Der neue Standard, eine \u201enormale&quot; Farbwanne, aber mit einem tieferen Beh\u00e4lter, einer steileren Abrollfl\u00e4che und extra stabiler Ausf\u00fchrung. Die Farbwanne\" \/>\n<meta property=\"og:url\" content=\"https:\/\/go-paint.com\/de\/produkte\/40270007\/farbwannen-15-x-32-cm\/\" \/>\n<meta property=\"og:site_name\" content=\"GO Paint\" \/>\n<meta property=\"article:modified_time\" content=\"2026-04-29T21:46:08+00:00\" \/>\n<meta property=\"og:image\" content=\"https:\/\/hildering.prod.pwstaging.tech\/app\/uploads\/sites\/2\/2025\/11\/verfbakje-klein-15-x-32-cm-featured-39f071b4-a38f-4ec7-a80b-45fee684f635.png\" \/>\n\t<meta property=\"og:image:width\" content=\"700\" \/>\n\t<meta property=\"og:image:height\" content=\"477\" \/>\n\t<meta property=\"og:image:type\" content=\"image\/png\" \/>\n<meta name=\"twitter:card\" content=\"summary_large_image\" \/>\n<meta name=\"twitter:label1\" content=\"Est. reading time\" \/>\n\t<meta name=\"twitter:data1\" content=\"1 minute\" \/>\n<script type=\"application\/ld+json\" class=\"yoast-schema-graph\">{\"@context\":\"https:\/\/schema.org\",\"@graph\":[{\"@type\":\"WebPage\",\"@id\":\"https:\/\/go-paint.com\/de\/produkte\/40270007\/farbwannen-15-x-32-cm\/\",\"url\":\"https:\/\/go-paint.com\/de\/produkte\/40270007\/farbwannen-15-x-32-cm\/\",\"name\":\"Farbwannen 15 x 32 cm - GO Paint\",\"isPartOf\":{\"@id\":\"https:\/\/go-paint.com\/de\/#website\"},\"primaryImageOfPage\":{\"@id\":\"https:\/\/go-paint.com\/de\/produkte\/40270007\/farbwannen-15-x-32-cm\/#primaryimage\"},\"image\":{\"@id\":\"https:\/\/go-paint.com\/de\/produkte\/40270007\/farbwannen-15-x-32-cm\/#primaryimage\"},\"thumbnailUrl\":\"https:\/\/hildering.prod.pwstaging.tech\/app\/uploads\/sites\/2\/2025\/11\/verfbakje-klein-15-x-32-cm-featured-39f071b4-a38f-4ec7-a80b-45fee684f635.png\",\"datePublished\":\"2026-01-27T09:46:08+00:00\",\"dateModified\":\"2026-04-29T21:46:08+00:00\",\"description\":\"Der neue Standard, eine \u201enormale\\\" Farbwanne, aber mit einem tieferen Beh\u00e4lter, einer steileren Abrollfl\u00e4che und extra stabiler Ausf\u00fchrung. Die Farbwanne\",\"breadcrumb\":{\"@id\":\"https:\/\/go-paint.com\/de\/produkte\/40270007\/farbwannen-15-x-32-cm\/#breadcrumb\"},\"inLanguage\":\"de-DE\",\"potentialAction\":[{\"@type\":\"ReadAction\",\"target\":[\"https:\/\/go-paint.com\/de\/produkte\/40270007\/farbwannen-15-x-32-cm\/\"]}]},{\"@type\":\"ImageObject\",\"inLanguage\":\"de-DE\",\"@id\":\"https:\/\/go-paint.com\/de\/produkte\/40270007\/farbwannen-15-x-32-cm\/#primaryimage\",\"url\":\"https:\/\/hildering.prod.pwstaging.tech\/app\/uploads\/sites\/2\/2025\/11\/verfbakje-klein-15-x-32-cm-featured-39f071b4-a38f-4ec7-a80b-45fee684f635.png\",\"contentUrl\":\"https:\/\/hildering.prod.pwstaging.tech\/app\/uploads\/sites\/2\/2025\/11\/verfbakje-klein-15-x-32-cm-featured-39f071b4-a38f-4ec7-a80b-45fee684f635.png\",\"width\":700,\"height\":477},{\"@type\":\"BreadcrumbList\",\"@id\":\"https:\/\/go-paint.com\/de\/produkte\/40270007\/farbwannen-15-x-32-cm\/#breadcrumb\",\"itemListElement\":[{\"@type\":\"ListItem\",\"position\":1,\"name\":\"Home\",\"item\":\"https:\/\/go-paint.com\/de\/\"},{\"@type\":\"ListItem\",\"position\":2,\"name\":\"Produkte\",\"item\":\"https:\/\/go-paint.com\/de\/shop\/\"},{\"@type\":\"ListItem\",\"position\":3,\"name\":\"Farbwannen 15 x 32 cm\"}]},{\"@type\":\"WebSite\",\"@id\":\"https:\/\/go-paint.com\/de\/#website\",\"url\":\"https:\/\/go-paint.com\/de\/\",\"name\":\"Go Paint\",\"description\":\"\",\"publisher\":{\"@id\":\"https:\/\/go-paint.com\/de\/#organization\"},\"potentialAction\":[{\"@type\":\"SearchAction\",\"target\":{\"@type\":\"EntryPoint\",\"urlTemplate\":\"https:\/\/go-paint.com\/de\/?s={search_term_string}\"},\"query-input\":{\"@type\":\"PropertyValueSpecification\",\"valueRequired\":true,\"valueName\":\"search_term_string\"}}],\"inLanguage\":\"de-DE\"},{\"@type\":\"Organization\",\"@id\":\"https:\/\/go-paint.com\/de\/#organization\",\"name\":\"Go Paint\",\"url\":\"https:\/\/go-paint.com\/de\/\",\"logo\":{\"@type\":\"ImageObject\",\"inLanguage\":\"de-DE\",\"@id\":\"https:\/\/go-paint.com\/de\/#\/schema\/logo\/image\/\",\"url\":\"https:\/\/hildering.prod.pwstaging.tech\/app\/uploads\/sites\/2\/2026\/03\/GoPaint.svg\",\"contentUrl\":\"https:\/\/hildering.prod.pwstaging.tech\/app\/uploads\/sites\/2\/2026\/03\/GoPaint.svg\",\"width\":1,\"height\":1,\"caption\":\"Go Paint\"},\"image\":{\"@id\":\"https:\/\/go-paint.com\/de\/#\/schema\/logo\/image\/\"}}]}<\/script>\n<!-- \/ Yoast SEO plugin. -->","yoast_head_json":{"title":"Farbwannen 15 x 32 cm - GO Paint","description":"Der neue Standard, eine \u201enormale\" Farbwanne, aber mit einem tieferen Beh\u00e4lter, einer steileren Abrollfl\u00e4che und extra stabiler Ausf\u00fchrung. Die Farbwanne","robots":{"index":"index","follow":"follow","max-snippet":"max-snippet:-1","max-image-preview":"max-image-preview:large","max-video-preview":"max-video-preview:-1"},"canonical":"https:\/\/go-paint.com\/de\/produkte\/40270007\/farbwannen-15-x-32-cm\/","og_locale":"de_DE","og_type":"article","og_title":"Farbwannen 15 x 32 cm - GO Paint","og_description":"Der neue Standard, eine \u201enormale\" Farbwanne, aber mit einem tieferen Beh\u00e4lter, einer steileren Abrollfl\u00e4che und extra stabiler Ausf\u00fchrung. Die Farbwanne","og_url":"https:\/\/go-paint.com\/de\/produkte\/40270007\/farbwannen-15-x-32-cm\/","og_site_name":"GO Paint","article_modified_time":"2026-04-29T21:46:08+00:00","og_image":[{"width":700,"height":477,"url":"https:\/\/hildering.prod.pwstaging.tech\/app\/uploads\/sites\/2\/2025\/11\/verfbakje-klein-15-x-32-cm-featured-39f071b4-a38f-4ec7-a80b-45fee684f635.png","type":"image\/png"}],"twitter_card":"summary_large_image","twitter_misc":{"Est. reading time":"1 minute"},"schema":{"@context":"https:\/\/schema.org","@graph":[{"@type":"WebPage","@id":"https:\/\/go-paint.com\/de\/produkte\/40270007\/farbwannen-15-x-32-cm\/","url":"https:\/\/go-paint.com\/de\/produkte\/40270007\/farbwannen-15-x-32-cm\/","name":"Farbwannen 15 x 32 cm - GO Paint","isPartOf":{"@id":"https:\/\/go-paint.com\/de\/#website"},"primaryImageOfPage":{"@id":"https:\/\/go-paint.com\/de\/produkte\/40270007\/farbwannen-15-x-32-cm\/#primaryimage"},"image":{"@id":"https:\/\/go-paint.com\/de\/produkte\/40270007\/farbwannen-15-x-32-cm\/#primaryimage"},"thumbnailUrl":"https:\/\/hildering.prod.pwstaging.tech\/app\/uploads\/sites\/2\/2025\/11\/verfbakje-klein-15-x-32-cm-featured-39f071b4-a38f-4ec7-a80b-45fee684f635.png","datePublished":"2026-01-27T09:46:08+00:00","dateModified":"2026-04-29T21:46:08+00:00","description":"Der neue Standard, eine \u201enormale\" Farbwanne, aber mit einem tieferen Beh\u00e4lter, einer steileren Abrollfl\u00e4che und extra stabiler Ausf\u00fchrung. Die Farbwanne","breadcrumb":{"@id":"https:\/\/go-paint.com\/de\/produkte\/40270007\/farbwannen-15-x-32-cm\/#breadcrumb"},"inLanguage":"de-DE","potentialAction":[{"@type":"ReadAction","target":["https:\/\/go-paint.com\/de\/produkte\/40270007\/farbwannen-15-x-32-cm\/"]}]},{"@type":"ImageObject","inLanguage":"de-DE","@id":"https:\/\/go-paint.com\/de\/produkte\/40270007\/farbwannen-15-x-32-cm\/#primaryimage","url":"https:\/\/hildering.prod.pwstaging.tech\/app\/uploads\/sites\/2\/2025\/11\/verfbakje-klein-15-x-32-cm-featured-39f071b4-a38f-4ec7-a80b-45fee684f635.png","contentUrl":"https:\/\/hildering.prod.pwstaging.tech\/app\/uploads\/sites\/2\/2025\/11\/verfbakje-klein-15-x-32-cm-featured-39f071b4-a38f-4ec7-a80b-45fee684f635.png","width":700,"height":477},{"@type":"BreadcrumbList","@id":"https:\/\/go-paint.com\/de\/produkte\/40270007\/farbwannen-15-x-32-cm\/#breadcrumb","itemListElement":[{"@type":"ListItem","position":1,"name":"Home","item":"https:\/\/go-paint.com\/de\/"},{"@type":"ListItem","position":2,"name":"Produkte","item":"https:\/\/go-paint.com\/de\/shop\/"},{"@type":"ListItem","position":3,"name":"Farbwannen 15 x 32 cm"}]},{"@type":"WebSite","@id":"https:\/\/go-paint.com\/de\/#website","url":"https:\/\/go-paint.com\/de\/","name":"Go Paint","description":"","publisher":{"@id":"https:\/\/go-paint.com\/de\/#organization"},"potentialAction":[{"@type":"SearchAction","target":{"@type":"EntryPoint","urlTemplate":"https:\/\/go-paint.com\/de\/?s={search_term_string}"},"query-input":{"@type":"PropertyValueSpecification","valueRequired":true,"valueName":"search_term_string"}}],"inLanguage":"de-DE"},{"@type":"Organization","@id":"https:\/\/go-paint.com\/de\/#organization","name":"Go Paint","url":"https:\/\/go-paint.com\/de\/","logo":{"@type":"ImageObject","inLanguage":"de-DE","@id":"https:\/\/go-paint.com\/de\/#\/schema\/logo\/image\/","url":"https:\/\/hildering.prod.pwstaging.tech\/app\/uploads\/sites\/2\/2026\/03\/GoPaint.svg","contentUrl":"https:\/\/hildering.prod.pwstaging.tech\/app\/uploads\/sites\/2\/2026\/03\/GoPaint.svg","width":1,"height":1,"caption":"Go Paint"},"image":{"@id":"https:\/\/go-paint.com\/de\/#\/schema\/logo\/image\/"}}]}},"_links":{"self":[{"href":"https:\/\/go-paint.com\/de\/wp-json\/wp\/v2\/product\/69695","targetHints":{"allow":["GET"]}}],"collection":[{"href":"https:\/\/go-paint.com\/de\/wp-json\/wp\/v2\/product"}],"about":[{"href":"https:\/\/go-paint.com\/de\/wp-json\/wp\/v2\/types\/product"}],"replies":[{"embeddable":true,"href":"https:\/\/go-paint.com\/de\/wp-json\/wp\/v2\/comments?post=69695"}],"wp:featuredmedia":[{"embeddable":true,"href":"https:\/\/go-paint.com\/de\/wp-json\/wp\/v2\/media\/37245"}],"wp:attachment":[{"href":"https:\/\/go-paint.com\/de\/wp-json\/wp\/v2\/media?parent=69695"}],"wp:term":[{"taxonomy":"product_brand","embeddable":true,"href":"https:\/\/go-paint.com\/de\/wp-json\/wp\/v2\/product_brand?post=69695"},{"taxonomy":"product_cat","embeddable":true,"href":"https:\/\/go-paint.com\/de\/wp-json\/wp\/v2\/product_cat?post=69695"},{"taxonomy":"product_tag","embeddable":true,"href":"https:\/\/go-paint.com\/de\/wp-json\/wp\/v2\/product_tag?post=69695"},{"taxonomy":"markten","embeddable":true,"href":"https:\/\/go-paint.com\/de\/wp-json\/wp\/v2\/markten?post=69695"}],"curies":[{"name":"wp","href":"https:\/\/api.w.org\/{rel}","templated":true}]}}