{"id":69863,"date":"2026-01-27T10:00:57","date_gmt":"2026-01-27T10:00:57","guid":{"rendered":"https:\/\/go-paint.com\/product\/pinsel-magnet\/"},"modified":"2026-03-02T21:46:11","modified_gmt":"2026-03-02T21:46:11","slug":"pinselmagnet","status":"publish","type":"product","link":"https:\/\/go-paint.com\/de\/produkte\/40500009\/pinselmagnet\/","title":{"rendered":"Pinselmagnet"},"content":{"rendered":"<p>Mit diesem praktischen Pinselmagneten k\u00f6nnen Sie einen Pinsel, eine Farbrolle oder ein Spachtel einfach und schnell befestigen. Der Pinselmagnet ist \u00fcberall einsetzbar. Platzieren Sie ihn auf Ihrem Farbeimer oder Farbdose. H\u00e4ngen Sie den Pinsel oder die Farbrolle \u00fcber die Farbe oder direkt in die Farbe. Der Magnet ist robust und flexibel, sodass er auch an nicht-magnetischen Oberfl\u00e4chen gut h\u00e4lt.<\/p>\n","protected":false},"excerpt":{"rendered":"<p>Mit diesem praktischen Pinselmagneten k\u00f6nnen Sie einen Pinsel, eine Farbrolle oder ein Spachtel einfach und schnell befestigen. Der Pinselmagnet ist \u00fcberall einsetzbar. Platzieren Sie ihn auf Ihrem Farbeimer oder Farbdose. H\u00e4ngen Sie den Pinsel oder die Farbrolle \u00fcber die Farbe oder direkt in die Farbe. Der Magnet ist robust und flexibel, sodass er auch an [&hellip;]<\/p>\n","protected":false},"featured_media":41253,"comment_status":"open","ping_status":"closed","template":"","meta":[],"product_brand":[],"product_cat":[11059],"product_tag":[],"markten":[],"class_list":{"0":"post-69863","1":"product","2":"type-product","3":"status-publish","4":"has-post-thumbnail","6":"product_cat-zubehor","8":"first","9":"instock","10":"shipping-taxable","11":"purchasable","12":"product-type-simple"},"yoast_head":"<!-- This site is optimized with the Yoast SEO plugin v26.9 - https:\/\/yoast.com\/product\/yoast-seo-wordpress\/ -->\n<title>Pinselmagnet - GO Paint<\/title>\n<meta name=\"description\" content=\"Mit diesem praktischen Pinselmagneten k\u00f6nnen Sie einen Pinsel, eine Farbrolle oder ein Spachtel einfach und schnell befestigen. Der Pinselmagnet ist\" \/>\n<meta name=\"robots\" content=\"index, follow, max-snippet:-1, max-image-preview:large, max-video-preview:-1\" \/>\n<link rel=\"canonical\" href=\"https:\/\/go-paint.com\/de\/produkte\/40500009\/pinselmagnet\/\" \/>\n<meta property=\"og:locale\" content=\"de_DE\" \/>\n<meta property=\"og:type\" content=\"article\" \/>\n<meta property=\"og:title\" content=\"Pinselmagnet - GO Paint\" \/>\n<meta property=\"og:description\" content=\"Mit diesem praktischen Pinselmagneten k\u00f6nnen Sie einen Pinsel, eine Farbrolle oder ein Spachtel einfach und schnell befestigen. Der Pinselmagnet ist\" \/>\n<meta property=\"og:url\" content=\"https:\/\/go-paint.com\/de\/produkte\/40500009\/pinselmagnet\/\" \/>\n<meta property=\"og:site_name\" content=\"GO Paint\" \/>\n<meta property=\"article:modified_time\" content=\"2026-03-02T21:46:11+00:00\" \/>\n<meta property=\"og:image\" content=\"https:\/\/hildering.prod.pwstaging.tech\/app\/uploads\/sites\/2\/2025\/12\/kwasten-magneet-featured-6646bd86-aaa8-4c15-8601-d8090ef43ae2.png\" \/>\n\t<meta property=\"og:image:width\" content=\"700\" \/>\n\t<meta property=\"og:image:height\" content=\"467\" \/>\n\t<meta property=\"og:image:type\" content=\"image\/png\" \/>\n<meta name=\"twitter:card\" content=\"summary_large_image\" \/>\n<script type=\"application\/ld+json\" class=\"yoast-schema-graph\">{\"@context\":\"https:\/\/schema.org\",\"@graph\":[{\"@type\":\"WebPage\",\"@id\":\"https:\/\/go-paint.com\/de\/produkte\/40500009\/pinselmagnet\/\",\"url\":\"https:\/\/go-paint.com\/de\/produkte\/40500009\/pinselmagnet\/\",\"name\":\"Pinselmagnet - GO Paint\",\"isPartOf\":{\"@id\":\"https:\/\/go-paint.com\/de\/#website\"},\"primaryImageOfPage\":{\"@id\":\"https:\/\/go-paint.com\/de\/produkte\/40500009\/pinselmagnet\/#primaryimage\"},\"image\":{\"@id\":\"https:\/\/go-paint.com\/de\/produkte\/40500009\/pinselmagnet\/#primaryimage\"},\"thumbnailUrl\":\"https:\/\/hildering.prod.pwstaging.tech\/app\/uploads\/sites\/2\/2025\/12\/kwasten-magneet-featured-6646bd86-aaa8-4c15-8601-d8090ef43ae2.png\",\"datePublished\":\"2026-01-27T10:00:57+00:00\",\"dateModified\":\"2026-03-02T21:46:11+00:00\",\"description\":\"Mit diesem praktischen Pinselmagneten k\u00f6nnen Sie einen Pinsel, eine Farbrolle oder ein Spachtel einfach und schnell befestigen. Der Pinselmagnet ist\",\"breadcrumb\":{\"@id\":\"https:\/\/go-paint.com\/de\/produkte\/40500009\/pinselmagnet\/#breadcrumb\"},\"inLanguage\":\"de-DE\",\"potentialAction\":[{\"@type\":\"ReadAction\",\"target\":[\"https:\/\/go-paint.com\/de\/produkte\/40500009\/pinselmagnet\/\"]}]},{\"@type\":\"ImageObject\",\"inLanguage\":\"de-DE\",\"@id\":\"https:\/\/go-paint.com\/de\/produkte\/40500009\/pinselmagnet\/#primaryimage\",\"url\":\"https:\/\/hildering.prod.pwstaging.tech\/app\/uploads\/sites\/2\/2025\/12\/kwasten-magneet-featured-6646bd86-aaa8-4c15-8601-d8090ef43ae2.png\",\"contentUrl\":\"https:\/\/hildering.prod.pwstaging.tech\/app\/uploads\/sites\/2\/2025\/12\/kwasten-magneet-featured-6646bd86-aaa8-4c15-8601-d8090ef43ae2.png\",\"width\":700,\"height\":467},{\"@type\":\"BreadcrumbList\",\"@id\":\"https:\/\/go-paint.com\/de\/produkte\/40500009\/pinselmagnet\/#breadcrumb\",\"itemListElement\":[{\"@type\":\"ListItem\",\"position\":1,\"name\":\"Home\",\"item\":\"https:\/\/go-paint.com\/de\/\"},{\"@type\":\"ListItem\",\"position\":2,\"name\":\"Produkte\",\"item\":\"https:\/\/go-paint.com\/de\/shop\/\"},{\"@type\":\"ListItem\",\"position\":3,\"name\":\"Pinselmagnet\"}]},{\"@type\":\"WebSite\",\"@id\":\"https:\/\/go-paint.com\/de\/#website\",\"url\":\"https:\/\/go-paint.com\/de\/\",\"name\":\"Go Paint\",\"description\":\"\",\"publisher\":{\"@id\":\"https:\/\/go-paint.com\/de\/#organization\"},\"potentialAction\":[{\"@type\":\"SearchAction\",\"target\":{\"@type\":\"EntryPoint\",\"urlTemplate\":\"https:\/\/go-paint.com\/de\/?s={search_term_string}\"},\"query-input\":{\"@type\":\"PropertyValueSpecification\",\"valueRequired\":true,\"valueName\":\"search_term_string\"}}],\"inLanguage\":\"de-DE\"},{\"@type\":\"Organization\",\"@id\":\"https:\/\/go-paint.com\/de\/#organization\",\"name\":\"Go Paint\",\"url\":\"https:\/\/go-paint.com\/de\/\",\"logo\":{\"@type\":\"ImageObject\",\"inLanguage\":\"de-DE\",\"@id\":\"https:\/\/go-paint.com\/de\/#\/schema\/logo\/image\/\",\"url\":\"https:\/\/hildering.prod.pwstaging.tech\/app\/uploads\/sites\/2\/2026\/03\/GoPaint.svg\",\"contentUrl\":\"https:\/\/hildering.prod.pwstaging.tech\/app\/uploads\/sites\/2\/2026\/03\/GoPaint.svg\",\"width\":1,\"height\":1,\"caption\":\"Go Paint\"},\"image\":{\"@id\":\"https:\/\/go-paint.com\/de\/#\/schema\/logo\/image\/\"}}]}<\/script>\n<!-- \/ Yoast SEO plugin. -->","yoast_head_json":{"title":"Pinselmagnet - GO Paint","description":"Mit diesem praktischen Pinselmagneten k\u00f6nnen Sie einen Pinsel, eine Farbrolle oder ein Spachtel einfach und schnell befestigen. Der Pinselmagnet ist","robots":{"index":"index","follow":"follow","max-snippet":"max-snippet:-1","max-image-preview":"max-image-preview:large","max-video-preview":"max-video-preview:-1"},"canonical":"https:\/\/go-paint.com\/de\/produkte\/40500009\/pinselmagnet\/","og_locale":"de_DE","og_type":"article","og_title":"Pinselmagnet - GO Paint","og_description":"Mit diesem praktischen Pinselmagneten k\u00f6nnen Sie einen Pinsel, eine Farbrolle oder ein Spachtel einfach und schnell befestigen. Der Pinselmagnet ist","og_url":"https:\/\/go-paint.com\/de\/produkte\/40500009\/pinselmagnet\/","og_site_name":"GO Paint","article_modified_time":"2026-03-02T21:46:11+00:00","og_image":[{"width":700,"height":467,"url":"https:\/\/hildering.prod.pwstaging.tech\/app\/uploads\/sites\/2\/2025\/12\/kwasten-magneet-featured-6646bd86-aaa8-4c15-8601-d8090ef43ae2.png","type":"image\/png"}],"twitter_card":"summary_large_image","schema":{"@context":"https:\/\/schema.org","@graph":[{"@type":"WebPage","@id":"https:\/\/go-paint.com\/de\/produkte\/40500009\/pinselmagnet\/","url":"https:\/\/go-paint.com\/de\/produkte\/40500009\/pinselmagnet\/","name":"Pinselmagnet - GO Paint","isPartOf":{"@id":"https:\/\/go-paint.com\/de\/#website"},"primaryImageOfPage":{"@id":"https:\/\/go-paint.com\/de\/produkte\/40500009\/pinselmagnet\/#primaryimage"},"image":{"@id":"https:\/\/go-paint.com\/de\/produkte\/40500009\/pinselmagnet\/#primaryimage"},"thumbnailUrl":"https:\/\/hildering.prod.pwstaging.tech\/app\/uploads\/sites\/2\/2025\/12\/kwasten-magneet-featured-6646bd86-aaa8-4c15-8601-d8090ef43ae2.png","datePublished":"2026-01-27T10:00:57+00:00","dateModified":"2026-03-02T21:46:11+00:00","description":"Mit diesem praktischen Pinselmagneten k\u00f6nnen Sie einen Pinsel, eine Farbrolle oder ein Spachtel einfach und schnell befestigen. Der Pinselmagnet ist","breadcrumb":{"@id":"https:\/\/go-paint.com\/de\/produkte\/40500009\/pinselmagnet\/#breadcrumb"},"inLanguage":"de-DE","potentialAction":[{"@type":"ReadAction","target":["https:\/\/go-paint.com\/de\/produkte\/40500009\/pinselmagnet\/"]}]},{"@type":"ImageObject","inLanguage":"de-DE","@id":"https:\/\/go-paint.com\/de\/produkte\/40500009\/pinselmagnet\/#primaryimage","url":"https:\/\/hildering.prod.pwstaging.tech\/app\/uploads\/sites\/2\/2025\/12\/kwasten-magneet-featured-6646bd86-aaa8-4c15-8601-d8090ef43ae2.png","contentUrl":"https:\/\/hildering.prod.pwstaging.tech\/app\/uploads\/sites\/2\/2025\/12\/kwasten-magneet-featured-6646bd86-aaa8-4c15-8601-d8090ef43ae2.png","width":700,"height":467},{"@type":"BreadcrumbList","@id":"https:\/\/go-paint.com\/de\/produkte\/40500009\/pinselmagnet\/#breadcrumb","itemListElement":[{"@type":"ListItem","position":1,"name":"Home","item":"https:\/\/go-paint.com\/de\/"},{"@type":"ListItem","position":2,"name":"Produkte","item":"https:\/\/go-paint.com\/de\/shop\/"},{"@type":"ListItem","position":3,"name":"Pinselmagnet"}]},{"@type":"WebSite","@id":"https:\/\/go-paint.com\/de\/#website","url":"https:\/\/go-paint.com\/de\/","name":"Go Paint","description":"","publisher":{"@id":"https:\/\/go-paint.com\/de\/#organization"},"potentialAction":[{"@type":"SearchAction","target":{"@type":"EntryPoint","urlTemplate":"https:\/\/go-paint.com\/de\/?s={search_term_string}"},"query-input":{"@type":"PropertyValueSpecification","valueRequired":true,"valueName":"search_term_string"}}],"inLanguage":"de-DE"},{"@type":"Organization","@id":"https:\/\/go-paint.com\/de\/#organization","name":"Go Paint","url":"https:\/\/go-paint.com\/de\/","logo":{"@type":"ImageObject","inLanguage":"de-DE","@id":"https:\/\/go-paint.com\/de\/#\/schema\/logo\/image\/","url":"https:\/\/hildering.prod.pwstaging.tech\/app\/uploads\/sites\/2\/2026\/03\/GoPaint.svg","contentUrl":"https:\/\/hildering.prod.pwstaging.tech\/app\/uploads\/sites\/2\/2026\/03\/GoPaint.svg","width":1,"height":1,"caption":"Go Paint"},"image":{"@id":"https:\/\/go-paint.com\/de\/#\/schema\/logo\/image\/"}}]}},"_links":{"self":[{"href":"https:\/\/go-paint.com\/de\/wp-json\/wp\/v2\/product\/69863","targetHints":{"allow":["GET"]}}],"collection":[{"href":"https:\/\/go-paint.com\/de\/wp-json\/wp\/v2\/product"}],"about":[{"href":"https:\/\/go-paint.com\/de\/wp-json\/wp\/v2\/types\/product"}],"replies":[{"embeddable":true,"href":"https:\/\/go-paint.com\/de\/wp-json\/wp\/v2\/comments?post=69863"}],"wp:featuredmedia":[{"embeddable":true,"href":"https:\/\/go-paint.com\/de\/wp-json\/wp\/v2\/media\/41253"}],"wp:attachment":[{"href":"https:\/\/go-paint.com\/de\/wp-json\/wp\/v2\/media?parent=69863"}],"wp:term":[{"taxonomy":"product_brand","embeddable":true,"href":"https:\/\/go-paint.com\/de\/wp-json\/wp\/v2\/product_brand?post=69863"},{"taxonomy":"product_cat","embeddable":true,"href":"https:\/\/go-paint.com\/de\/wp-json\/wp\/v2\/product_cat?post=69863"},{"taxonomy":"product_tag","embeddable":true,"href":"https:\/\/go-paint.com\/de\/wp-json\/wp\/v2\/product_tag?post=69863"},{"taxonomy":"markten","embeddable":true,"href":"https:\/\/go-paint.com\/de\/wp-json\/wp\/v2\/markten?post=69863"}],"curies":[{"name":"wp","href":"https:\/\/api.w.org\/{rel}","templated":true}]}}