{"id":69872,"date":"2026-01-27T10:00:58","date_gmt":"2026-01-27T10:00:58","guid":{"rendered":"https:\/\/go-paint.com\/product\/store-and-go-nachfullset\/"},"modified":"2026-03-19T21:46:00","modified_gmt":"2026-03-19T21:46:00","slug":"store-and-go-nachfullset","status":"publish","type":"product","link":"https:\/\/go-paint.com\/de\/produkte\/40110011\/store-and-go-nachfullset\/","title":{"rendered":"Store and Go Nachf\u00fcllset"},"content":{"rendered":"<p>Wenn Ihre Store and Go Bio-Gel im Laufe der Zeit etwas verschmutzt ist oder der Inhalt durch Verdunstung weniger geworden ist, ist es an der Zeit, das Gel nachzuf\u00fcllen oder zu ersetzen. Die 1,5-Liter-Nachf\u00fcllpackung enth\u00e4lt dasselbe nat\u00fcrliche Gel wie das Basispaket und schlie\u00dft die Pinselhaare von der Au\u00dfenluft ab. Dadurch trocknen sie nicht aus und bleiben geschmeidig. Sie k\u00f6nnen Pinsel monatelang im Gel aufbewahren. Wenn Sie weitermalen wollen, wischen Sie den Pinsel einfach mit einem Tuch ab.<\/p>\n","protected":false},"excerpt":{"rendered":"<p>Wenn Ihre Store and Go Bio-Gel im Laufe der Zeit etwas verschmutzt ist oder der Inhalt durch Verdunstung weniger geworden ist, ist es an der Zeit, das Gel nachzuf\u00fcllen oder zu ersetzen. Die 1,5-Liter-Nachf\u00fcllpackung enth\u00e4lt dasselbe nat\u00fcrliche Gel wie das Basispaket und schlie\u00dft die Pinselhaare von der Au\u00dfenluft ab. Dadurch trocknen sie nicht aus und [&hellip;]<\/p>\n","protected":false},"featured_media":37579,"comment_status":"open","ping_status":"closed","template":"","meta":[],"product_brand":[],"product_cat":[11050],"product_tag":[],"markten":[],"class_list":{"0":"post-69872","1":"product","2":"type-product","3":"status-publish","4":"has-post-thumbnail","6":"product_cat-pinsel-pflegen","8":"first","9":"instock","10":"shipping-taxable","11":"purchasable","12":"product-type-simple"},"yoast_head":"<!-- This site is optimized with the Yoast SEO plugin v26.9 - https:\/\/yoast.com\/product\/yoast-seo-wordpress\/ -->\n<title>Store and Go Nachf\u00fcllset - GO Paint<\/title>\n<meta name=\"description\" content=\"Wenn Ihre Store and Go Bio-Gel im Laufe der Zeit etwas verschmutzt ist oder der Inhalt durch Verdunstung weniger geworden ist, ist es an der Zeit, das Gel\" \/>\n<meta name=\"robots\" content=\"index, follow, max-snippet:-1, max-image-preview:large, max-video-preview:-1\" \/>\n<link rel=\"canonical\" href=\"https:\/\/go-paint.com\/de\/produkte\/40110011\/store-and-go-nachfullset\/\" \/>\n<meta property=\"og:locale\" content=\"de_DE\" \/>\n<meta property=\"og:type\" content=\"article\" \/>\n<meta property=\"og:title\" content=\"Store and Go Nachf\u00fcllset - GO Paint\" \/>\n<meta property=\"og:description\" content=\"Wenn Ihre Store and Go Bio-Gel im Laufe der Zeit etwas verschmutzt ist oder der Inhalt durch Verdunstung weniger geworden ist, ist es an der Zeit, das Gel\" \/>\n<meta property=\"og:url\" content=\"https:\/\/go-paint.com\/de\/produkte\/40110011\/store-and-go-nachfullset\/\" \/>\n<meta property=\"og:site_name\" content=\"GO Paint\" \/>\n<meta property=\"article:modified_time\" content=\"2026-03-19T21:46:00+00:00\" \/>\n<meta property=\"og:image\" content=\"https:\/\/hildering.prod.pwstaging.tech\/app\/uploads\/sites\/2\/2025\/11\/store-and-go-navulset-featured-69805fec-e4d0-4a73-a836-e98d7d00a8f7.png\" \/>\n\t<meta property=\"og:image:width\" content=\"655\" \/>\n\t<meta property=\"og:image:height\" content=\"700\" \/>\n\t<meta property=\"og:image:type\" content=\"image\/png\" \/>\n<meta name=\"twitter:card\" content=\"summary_large_image\" \/>\n<script type=\"application\/ld+json\" class=\"yoast-schema-graph\">{\"@context\":\"https:\/\/schema.org\",\"@graph\":[{\"@type\":\"WebPage\",\"@id\":\"https:\/\/go-paint.com\/de\/produkte\/40110011\/store-and-go-nachfullset\/\",\"url\":\"https:\/\/go-paint.com\/de\/produkte\/40110011\/store-and-go-nachfullset\/\",\"name\":\"Store and Go Nachf\u00fcllset - GO Paint\",\"isPartOf\":{\"@id\":\"https:\/\/go-paint.com\/de\/#website\"},\"primaryImageOfPage\":{\"@id\":\"https:\/\/go-paint.com\/de\/produkte\/40110011\/store-and-go-nachfullset\/#primaryimage\"},\"image\":{\"@id\":\"https:\/\/go-paint.com\/de\/produkte\/40110011\/store-and-go-nachfullset\/#primaryimage\"},\"thumbnailUrl\":\"https:\/\/hildering.prod.pwstaging.tech\/app\/uploads\/sites\/2\/2025\/11\/store-and-go-navulset-featured-69805fec-e4d0-4a73-a836-e98d7d00a8f7.png\",\"datePublished\":\"2026-01-27T10:00:58+00:00\",\"dateModified\":\"2026-03-19T21:46:00+00:00\",\"description\":\"Wenn Ihre Store and Go Bio-Gel im Laufe der Zeit etwas verschmutzt ist oder der Inhalt durch Verdunstung weniger geworden ist, ist es an der Zeit, das Gel\",\"breadcrumb\":{\"@id\":\"https:\/\/go-paint.com\/de\/produkte\/40110011\/store-and-go-nachfullset\/#breadcrumb\"},\"inLanguage\":\"de-DE\",\"potentialAction\":[{\"@type\":\"ReadAction\",\"target\":[\"https:\/\/go-paint.com\/de\/produkte\/40110011\/store-and-go-nachfullset\/\"]}]},{\"@type\":\"ImageObject\",\"inLanguage\":\"de-DE\",\"@id\":\"https:\/\/go-paint.com\/de\/produkte\/40110011\/store-and-go-nachfullset\/#primaryimage\",\"url\":\"https:\/\/hildering.prod.pwstaging.tech\/app\/uploads\/sites\/2\/2025\/11\/store-and-go-navulset-featured-69805fec-e4d0-4a73-a836-e98d7d00a8f7.png\",\"contentUrl\":\"https:\/\/hildering.prod.pwstaging.tech\/app\/uploads\/sites\/2\/2025\/11\/store-and-go-navulset-featured-69805fec-e4d0-4a73-a836-e98d7d00a8f7.png\",\"width\":655,\"height\":700},{\"@type\":\"BreadcrumbList\",\"@id\":\"https:\/\/go-paint.com\/de\/produkte\/40110011\/store-and-go-nachfullset\/#breadcrumb\",\"itemListElement\":[{\"@type\":\"ListItem\",\"position\":1,\"name\":\"Home\",\"item\":\"https:\/\/go-paint.com\/de\/\"},{\"@type\":\"ListItem\",\"position\":2,\"name\":\"Produkte\",\"item\":\"https:\/\/go-paint.com\/de\/shop\/\"},{\"@type\":\"ListItem\",\"position\":3,\"name\":\"Store and Go Nachf\u00fcllset\"}]},{\"@type\":\"WebSite\",\"@id\":\"https:\/\/go-paint.com\/de\/#website\",\"url\":\"https:\/\/go-paint.com\/de\/\",\"name\":\"Go Paint\",\"description\":\"\",\"potentialAction\":[{\"@type\":\"SearchAction\",\"target\":{\"@type\":\"EntryPoint\",\"urlTemplate\":\"https:\/\/go-paint.com\/de\/?s={search_term_string}\"},\"query-input\":{\"@type\":\"PropertyValueSpecification\",\"valueRequired\":true,\"valueName\":\"search_term_string\"}}],\"inLanguage\":\"de-DE\"}]}<\/script>\n<!-- \/ Yoast SEO plugin. -->","yoast_head_json":{"title":"Store and Go Nachf\u00fcllset - GO Paint","description":"Wenn Ihre Store and Go Bio-Gel im Laufe der Zeit etwas verschmutzt ist oder der Inhalt durch Verdunstung weniger geworden ist, ist es an der Zeit, das Gel","robots":{"index":"index","follow":"follow","max-snippet":"max-snippet:-1","max-image-preview":"max-image-preview:large","max-video-preview":"max-video-preview:-1"},"canonical":"https:\/\/go-paint.com\/de\/produkte\/40110011\/store-and-go-nachfullset\/","og_locale":"de_DE","og_type":"article","og_title":"Store and Go Nachf\u00fcllset - GO Paint","og_description":"Wenn Ihre Store and Go Bio-Gel im Laufe der Zeit etwas verschmutzt ist oder der Inhalt durch Verdunstung weniger geworden ist, ist es an der Zeit, das Gel","og_url":"https:\/\/go-paint.com\/de\/produkte\/40110011\/store-and-go-nachfullset\/","og_site_name":"GO Paint","article_modified_time":"2026-03-19T21:46:00+00:00","og_image":[{"width":655,"height":700,"url":"https:\/\/hildering.prod.pwstaging.tech\/app\/uploads\/sites\/2\/2025\/11\/store-and-go-navulset-featured-69805fec-e4d0-4a73-a836-e98d7d00a8f7.png","type":"image\/png"}],"twitter_card":"summary_large_image","schema":{"@context":"https:\/\/schema.org","@graph":[{"@type":"WebPage","@id":"https:\/\/go-paint.com\/de\/produkte\/40110011\/store-and-go-nachfullset\/","url":"https:\/\/go-paint.com\/de\/produkte\/40110011\/store-and-go-nachfullset\/","name":"Store and Go Nachf\u00fcllset - GO Paint","isPartOf":{"@id":"https:\/\/go-paint.com\/de\/#website"},"primaryImageOfPage":{"@id":"https:\/\/go-paint.com\/de\/produkte\/40110011\/store-and-go-nachfullset\/#primaryimage"},"image":{"@id":"https:\/\/go-paint.com\/de\/produkte\/40110011\/store-and-go-nachfullset\/#primaryimage"},"thumbnailUrl":"https:\/\/hildering.prod.pwstaging.tech\/app\/uploads\/sites\/2\/2025\/11\/store-and-go-navulset-featured-69805fec-e4d0-4a73-a836-e98d7d00a8f7.png","datePublished":"2026-01-27T10:00:58+00:00","dateModified":"2026-03-19T21:46:00+00:00","description":"Wenn Ihre Store and Go Bio-Gel im Laufe der Zeit etwas verschmutzt ist oder der Inhalt durch Verdunstung weniger geworden ist, ist es an der Zeit, das Gel","breadcrumb":{"@id":"https:\/\/go-paint.com\/de\/produkte\/40110011\/store-and-go-nachfullset\/#breadcrumb"},"inLanguage":"de-DE","potentialAction":[{"@type":"ReadAction","target":["https:\/\/go-paint.com\/de\/produkte\/40110011\/store-and-go-nachfullset\/"]}]},{"@type":"ImageObject","inLanguage":"de-DE","@id":"https:\/\/go-paint.com\/de\/produkte\/40110011\/store-and-go-nachfullset\/#primaryimage","url":"https:\/\/hildering.prod.pwstaging.tech\/app\/uploads\/sites\/2\/2025\/11\/store-and-go-navulset-featured-69805fec-e4d0-4a73-a836-e98d7d00a8f7.png","contentUrl":"https:\/\/hildering.prod.pwstaging.tech\/app\/uploads\/sites\/2\/2025\/11\/store-and-go-navulset-featured-69805fec-e4d0-4a73-a836-e98d7d00a8f7.png","width":655,"height":700},{"@type":"BreadcrumbList","@id":"https:\/\/go-paint.com\/de\/produkte\/40110011\/store-and-go-nachfullset\/#breadcrumb","itemListElement":[{"@type":"ListItem","position":1,"name":"Home","item":"https:\/\/go-paint.com\/de\/"},{"@type":"ListItem","position":2,"name":"Produkte","item":"https:\/\/go-paint.com\/de\/shop\/"},{"@type":"ListItem","position":3,"name":"Store and Go Nachf\u00fcllset"}]},{"@type":"WebSite","@id":"https:\/\/go-paint.com\/de\/#website","url":"https:\/\/go-paint.com\/de\/","name":"Go Paint","description":"","potentialAction":[{"@type":"SearchAction","target":{"@type":"EntryPoint","urlTemplate":"https:\/\/go-paint.com\/de\/?s={search_term_string}"},"query-input":{"@type":"PropertyValueSpecification","valueRequired":true,"valueName":"search_term_string"}}],"inLanguage":"de-DE"}]}},"_links":{"self":[{"href":"https:\/\/go-paint.com\/de\/wp-json\/wp\/v2\/product\/69872","targetHints":{"allow":["GET"]}}],"collection":[{"href":"https:\/\/go-paint.com\/de\/wp-json\/wp\/v2\/product"}],"about":[{"href":"https:\/\/go-paint.com\/de\/wp-json\/wp\/v2\/types\/product"}],"replies":[{"embeddable":true,"href":"https:\/\/go-paint.com\/de\/wp-json\/wp\/v2\/comments?post=69872"}],"wp:featuredmedia":[{"embeddable":true,"href":"https:\/\/go-paint.com\/de\/wp-json\/wp\/v2\/media\/37579"}],"wp:attachment":[{"href":"https:\/\/go-paint.com\/de\/wp-json\/wp\/v2\/media?parent=69872"}],"wp:term":[{"taxonomy":"product_brand","embeddable":true,"href":"https:\/\/go-paint.com\/de\/wp-json\/wp\/v2\/product_brand?post=69872"},{"taxonomy":"product_cat","embeddable":true,"href":"https:\/\/go-paint.com\/de\/wp-json\/wp\/v2\/product_cat?post=69872"},{"taxonomy":"product_tag","embeddable":true,"href":"https:\/\/go-paint.com\/de\/wp-json\/wp\/v2\/product_tag?post=69872"},{"taxonomy":"markten","embeddable":true,"href":"https:\/\/go-paint.com\/de\/wp-json\/wp\/v2\/markten?post=69872"}],"curies":[{"name":"wp","href":"https:\/\/api.w.org\/{rel}","templated":true}]}}