{"id":69932,"date":"2026-01-27T10:01:29","date_gmt":"2026-01-27T10:01:29","guid":{"rendered":"https:\/\/go-paint.com\/product\/box-autolock-fur-transporttablett-o-99-und-o-108\/"},"modified":"2026-04-08T22:01:27","modified_gmt":"2026-04-08T22:01:27","slug":"box-autolock-fur-transport-tray-o-99-und-o-108","status":"publish","type":"product","link":"https:\/\/go-paint.com\/de\/produkte\/30800002\/box-autolock-fur-transport-tray-o-99-und-o-108\/","title":{"rendered":"Box Autolock f\u00fcr Transport Tray \u00d8 99 und \u00d8 108"},"content":{"rendered":"<p>Dieser Transportkarton ist die Schutzverpackung f\u00fcr eine Dose mit 99 oder 108 mm Durchmesser, auf die zwei Transporttrays geklickt werden. Die Trays sorgen daf\u00fcr, dass die Dose perfekt mittig in der Karton positioniert bleibt, wodurch die Schutzfunktion des Kartons auch im Falle eines Sturzes w\u00e4hrend des Transports per Post oder Kurier optimiert wird. Einfaches Anpassen der Kartonh\u00f6he durch Zuschneiden der Seitenw\u00e4nde an der vorgefalzten Kante und Umklappen\u00a0am Falz.<\/p>\n","protected":false},"excerpt":{"rendered":"<p>Dieser Transportkarton ist die Schutzverpackung f\u00fcr eine Dose mit 99 oder 108 mm Durchmesser, auf die zwei Transporttrays geklickt werden. Die Trays sorgen daf\u00fcr, dass die Dose perfekt mittig in der Karton positioniert bleibt, wodurch die Schutzfunktion des Kartons auch im Falle eines Sturzes w\u00e4hrend des Transports per Post oder Kurier optimiert wird. Einfaches Anpassen [&hellip;]<\/p>\n","protected":false},"featured_media":37630,"comment_status":"open","ping_status":"closed","template":"","meta":[],"product_brand":[],"product_cat":[11056],"product_tag":[],"markten":[],"class_list":{"0":"post-69932","1":"product","2":"type-product","3":"status-publish","4":"has-post-thumbnail","6":"product_cat-losungen-fur-e-commerce","8":"first","9":"instock","10":"shipping-taxable","11":"purchasable","12":"product-type-simple"},"yoast_head":"<!-- This site is optimized with the Yoast SEO plugin v26.9 - https:\/\/yoast.com\/product\/yoast-seo-wordpress\/ -->\n<title>Box Autolock f\u00fcr Transport Tray \u00d8 99 und \u00d8 108 - GO Paint<\/title>\n<meta name=\"description\" content=\"Dieser Transportkarton ist die Schutzverpackung f\u00fcr eine Dose mit 99 oder 108 mm Durchmesser, auf die zwei Transporttrays geklickt werden. Die Trays\" \/>\n<meta name=\"robots\" content=\"index, follow, max-snippet:-1, max-image-preview:large, max-video-preview:-1\" \/>\n<link rel=\"canonical\" href=\"https:\/\/go-paint.com\/de\/produkte\/30800002\/box-autolock-fur-transport-tray-o-99-und-o-108\/\" \/>\n<meta property=\"og:locale\" content=\"de_DE\" \/>\n<meta property=\"og:type\" content=\"article\" \/>\n<meta property=\"og:title\" content=\"Box Autolock f\u00fcr Transport Tray \u00d8 99 und \u00d8 108 - GO Paint\" \/>\n<meta property=\"og:description\" content=\"Dieser Transportkarton ist die Schutzverpackung f\u00fcr eine Dose mit 99 oder 108 mm Durchmesser, auf die zwei Transporttrays geklickt werden. Die Trays\" \/>\n<meta property=\"og:url\" content=\"https:\/\/go-paint.com\/de\/produkte\/30800002\/box-autolock-fur-transport-tray-o-99-und-o-108\/\" \/>\n<meta property=\"og:site_name\" content=\"GO Paint\" \/>\n<meta property=\"article:modified_time\" content=\"2026-04-08T22:01:27+00:00\" \/>\n<meta property=\"og:image\" content=\"https:\/\/hildering.prod.pwstaging.tech\/app\/uploads\/sites\/2\/2025\/11\/doos-autolock-tbv-transport-tray-o-99-en-o-108-featured-de0a6de4-a7d9-4562-9fa5-48660fb41e37.png\" \/>\n\t<meta property=\"og:image:width\" content=\"700\" \/>\n\t<meta property=\"og:image:height\" content=\"700\" \/>\n\t<meta property=\"og:image:type\" content=\"image\/png\" \/>\n<meta name=\"twitter:card\" content=\"summary_large_image\" \/>\n<script type=\"application\/ld+json\" class=\"yoast-schema-graph\">{\"@context\":\"https:\/\/schema.org\",\"@graph\":[{\"@type\":\"WebPage\",\"@id\":\"https:\/\/go-paint.com\/de\/produkte\/30800002\/box-autolock-fur-transport-tray-o-99-und-o-108\/\",\"url\":\"https:\/\/go-paint.com\/de\/produkte\/30800002\/box-autolock-fur-transport-tray-o-99-und-o-108\/\",\"name\":\"Box Autolock f\u00fcr Transport Tray \u00d8 99 und \u00d8 108 - GO Paint\",\"isPartOf\":{\"@id\":\"https:\/\/go-paint.com\/de\/#website\"},\"primaryImageOfPage\":{\"@id\":\"https:\/\/go-paint.com\/de\/produkte\/30800002\/box-autolock-fur-transport-tray-o-99-und-o-108\/#primaryimage\"},\"image\":{\"@id\":\"https:\/\/go-paint.com\/de\/produkte\/30800002\/box-autolock-fur-transport-tray-o-99-und-o-108\/#primaryimage\"},\"thumbnailUrl\":\"https:\/\/hildering.prod.pwstaging.tech\/app\/uploads\/sites\/2\/2025\/11\/doos-autolock-tbv-transport-tray-o-99-en-o-108-featured-de0a6de4-a7d9-4562-9fa5-48660fb41e37.png\",\"datePublished\":\"2026-01-27T10:01:29+00:00\",\"dateModified\":\"2026-04-08T22:01:27+00:00\",\"description\":\"Dieser Transportkarton ist die Schutzverpackung f\u00fcr eine Dose mit 99 oder 108 mm Durchmesser, auf die zwei Transporttrays geklickt werden. Die Trays\",\"breadcrumb\":{\"@id\":\"https:\/\/go-paint.com\/de\/produkte\/30800002\/box-autolock-fur-transport-tray-o-99-und-o-108\/#breadcrumb\"},\"inLanguage\":\"de-DE\",\"potentialAction\":[{\"@type\":\"ReadAction\",\"target\":[\"https:\/\/go-paint.com\/de\/produkte\/30800002\/box-autolock-fur-transport-tray-o-99-und-o-108\/\"]}]},{\"@type\":\"ImageObject\",\"inLanguage\":\"de-DE\",\"@id\":\"https:\/\/go-paint.com\/de\/produkte\/30800002\/box-autolock-fur-transport-tray-o-99-und-o-108\/#primaryimage\",\"url\":\"https:\/\/hildering.prod.pwstaging.tech\/app\/uploads\/sites\/2\/2025\/11\/doos-autolock-tbv-transport-tray-o-99-en-o-108-featured-de0a6de4-a7d9-4562-9fa5-48660fb41e37.png\",\"contentUrl\":\"https:\/\/hildering.prod.pwstaging.tech\/app\/uploads\/sites\/2\/2025\/11\/doos-autolock-tbv-transport-tray-o-99-en-o-108-featured-de0a6de4-a7d9-4562-9fa5-48660fb41e37.png\",\"width\":700,\"height\":700},{\"@type\":\"BreadcrumbList\",\"@id\":\"https:\/\/go-paint.com\/de\/produkte\/30800002\/box-autolock-fur-transport-tray-o-99-und-o-108\/#breadcrumb\",\"itemListElement\":[{\"@type\":\"ListItem\",\"position\":1,\"name\":\"Home\",\"item\":\"https:\/\/go-paint.com\/de\/\"},{\"@type\":\"ListItem\",\"position\":2,\"name\":\"Produkte\",\"item\":\"https:\/\/go-paint.com\/de\/shop\/\"},{\"@type\":\"ListItem\",\"position\":3,\"name\":\"Box Autolock f\u00fcr Transport Tray \u00d8 99 und \u00d8 108\"}]},{\"@type\":\"WebSite\",\"@id\":\"https:\/\/go-paint.com\/de\/#website\",\"url\":\"https:\/\/go-paint.com\/de\/\",\"name\":\"GO Paint\",\"description\":\"\",\"potentialAction\":[{\"@type\":\"SearchAction\",\"target\":{\"@type\":\"EntryPoint\",\"urlTemplate\":\"https:\/\/go-paint.com\/de\/?s={search_term_string}\"},\"query-input\":{\"@type\":\"PropertyValueSpecification\",\"valueRequired\":true,\"valueName\":\"search_term_string\"}}],\"inLanguage\":\"de-DE\"}]}<\/script>\n<!-- \/ Yoast SEO plugin. -->","yoast_head_json":{"title":"Box Autolock f\u00fcr Transport Tray \u00d8 99 und \u00d8 108 - GO Paint","description":"Dieser Transportkarton ist die Schutzverpackung f\u00fcr eine Dose mit 99 oder 108 mm Durchmesser, auf die zwei Transporttrays geklickt werden. Die Trays","robots":{"index":"index","follow":"follow","max-snippet":"max-snippet:-1","max-image-preview":"max-image-preview:large","max-video-preview":"max-video-preview:-1"},"canonical":"https:\/\/go-paint.com\/de\/produkte\/30800002\/box-autolock-fur-transport-tray-o-99-und-o-108\/","og_locale":"de_DE","og_type":"article","og_title":"Box Autolock f\u00fcr Transport Tray \u00d8 99 und \u00d8 108 - GO Paint","og_description":"Dieser Transportkarton ist die Schutzverpackung f\u00fcr eine Dose mit 99 oder 108 mm Durchmesser, auf die zwei Transporttrays geklickt werden. Die Trays","og_url":"https:\/\/go-paint.com\/de\/produkte\/30800002\/box-autolock-fur-transport-tray-o-99-und-o-108\/","og_site_name":"GO Paint","article_modified_time":"2026-04-08T22:01:27+00:00","og_image":[{"width":700,"height":700,"url":"https:\/\/hildering.prod.pwstaging.tech\/app\/uploads\/sites\/2\/2025\/11\/doos-autolock-tbv-transport-tray-o-99-en-o-108-featured-de0a6de4-a7d9-4562-9fa5-48660fb41e37.png","type":"image\/png"}],"twitter_card":"summary_large_image","schema":{"@context":"https:\/\/schema.org","@graph":[{"@type":"WebPage","@id":"https:\/\/go-paint.com\/de\/produkte\/30800002\/box-autolock-fur-transport-tray-o-99-und-o-108\/","url":"https:\/\/go-paint.com\/de\/produkte\/30800002\/box-autolock-fur-transport-tray-o-99-und-o-108\/","name":"Box Autolock f\u00fcr Transport Tray \u00d8 99 und \u00d8 108 - GO Paint","isPartOf":{"@id":"https:\/\/go-paint.com\/de\/#website"},"primaryImageOfPage":{"@id":"https:\/\/go-paint.com\/de\/produkte\/30800002\/box-autolock-fur-transport-tray-o-99-und-o-108\/#primaryimage"},"image":{"@id":"https:\/\/go-paint.com\/de\/produkte\/30800002\/box-autolock-fur-transport-tray-o-99-und-o-108\/#primaryimage"},"thumbnailUrl":"https:\/\/hildering.prod.pwstaging.tech\/app\/uploads\/sites\/2\/2025\/11\/doos-autolock-tbv-transport-tray-o-99-en-o-108-featured-de0a6de4-a7d9-4562-9fa5-48660fb41e37.png","datePublished":"2026-01-27T10:01:29+00:00","dateModified":"2026-04-08T22:01:27+00:00","description":"Dieser Transportkarton ist die Schutzverpackung f\u00fcr eine Dose mit 99 oder 108 mm Durchmesser, auf die zwei Transporttrays geklickt werden. Die Trays","breadcrumb":{"@id":"https:\/\/go-paint.com\/de\/produkte\/30800002\/box-autolock-fur-transport-tray-o-99-und-o-108\/#breadcrumb"},"inLanguage":"de-DE","potentialAction":[{"@type":"ReadAction","target":["https:\/\/go-paint.com\/de\/produkte\/30800002\/box-autolock-fur-transport-tray-o-99-und-o-108\/"]}]},{"@type":"ImageObject","inLanguage":"de-DE","@id":"https:\/\/go-paint.com\/de\/produkte\/30800002\/box-autolock-fur-transport-tray-o-99-und-o-108\/#primaryimage","url":"https:\/\/hildering.prod.pwstaging.tech\/app\/uploads\/sites\/2\/2025\/11\/doos-autolock-tbv-transport-tray-o-99-en-o-108-featured-de0a6de4-a7d9-4562-9fa5-48660fb41e37.png","contentUrl":"https:\/\/hildering.prod.pwstaging.tech\/app\/uploads\/sites\/2\/2025\/11\/doos-autolock-tbv-transport-tray-o-99-en-o-108-featured-de0a6de4-a7d9-4562-9fa5-48660fb41e37.png","width":700,"height":700},{"@type":"BreadcrumbList","@id":"https:\/\/go-paint.com\/de\/produkte\/30800002\/box-autolock-fur-transport-tray-o-99-und-o-108\/#breadcrumb","itemListElement":[{"@type":"ListItem","position":1,"name":"Home","item":"https:\/\/go-paint.com\/de\/"},{"@type":"ListItem","position":2,"name":"Produkte","item":"https:\/\/go-paint.com\/de\/shop\/"},{"@type":"ListItem","position":3,"name":"Box Autolock f\u00fcr Transport Tray \u00d8 99 und \u00d8 108"}]},{"@type":"WebSite","@id":"https:\/\/go-paint.com\/de\/#website","url":"https:\/\/go-paint.com\/de\/","name":"GO Paint","description":"","potentialAction":[{"@type":"SearchAction","target":{"@type":"EntryPoint","urlTemplate":"https:\/\/go-paint.com\/de\/?s={search_term_string}"},"query-input":{"@type":"PropertyValueSpecification","valueRequired":true,"valueName":"search_term_string"}}],"inLanguage":"de-DE"}]}},"_links":{"self":[{"href":"https:\/\/go-paint.com\/de\/wp-json\/wp\/v2\/product\/69932","targetHints":{"allow":["GET"]}}],"collection":[{"href":"https:\/\/go-paint.com\/de\/wp-json\/wp\/v2\/product"}],"about":[{"href":"https:\/\/go-paint.com\/de\/wp-json\/wp\/v2\/types\/product"}],"replies":[{"embeddable":true,"href":"https:\/\/go-paint.com\/de\/wp-json\/wp\/v2\/comments?post=69932"}],"wp:featuredmedia":[{"embeddable":true,"href":"https:\/\/go-paint.com\/de\/wp-json\/wp\/v2\/media\/37630"}],"wp:attachment":[{"href":"https:\/\/go-paint.com\/de\/wp-json\/wp\/v2\/media?parent=69932"}],"wp:term":[{"taxonomy":"product_brand","embeddable":true,"href":"https:\/\/go-paint.com\/de\/wp-json\/wp\/v2\/product_brand?post=69932"},{"taxonomy":"product_cat","embeddable":true,"href":"https:\/\/go-paint.com\/de\/wp-json\/wp\/v2\/product_cat?post=69932"},{"taxonomy":"product_tag","embeddable":true,"href":"https:\/\/go-paint.com\/de\/wp-json\/wp\/v2\/product_tag?post=69932"},{"taxonomy":"markten","embeddable":true,"href":"https:\/\/go-paint.com\/de\/wp-json\/wp\/v2\/markten?post=69932"}],"curies":[{"name":"wp","href":"https:\/\/api.w.org\/{rel}","templated":true}]}}