{"id":90284,"date":"2026-03-24T21:44:45","date_gmt":"2026-03-24T21:44:45","guid":{"rendered":"https:\/\/go-paint.com\/product\/500-ml-rl-zylindrische-ringdose-blank-blank-protact-ohne-deckel-packung-180-stuck\/"},"modified":"2026-04-18T21:58:30","modified_gmt":"2026-04-18T21:58:30","slug":"500-ml-rl-blank-blank-ohne-deckel-packung-180-stuck","status":"publish","type":"product","link":"https:\/\/go-paint.com\/de\/produkte\/30110015\/500-ml-rl-blank-blank-ohne-deckel-packung-180-stuck\/","title":{"rendered":"500 ml RL blank\/blank ohne Deckel &#8211; Packung 180 St\u00fcck"},"content":{"rendered":"<p>Diese zylindrische Dose ist f\u00fcr die meisten l\u00f6semittelhaltigen F\u00fcllg\u00fcter geeignet.<\/p>\n<ul>\n<li>F\u00fcr Feststoffe, Pasten und Fl\u00fcssigkeiten<\/li>\n<li>Erh\u00e4ltlich in verschiedenen H\u00f6hen und Durchmessern<\/li>\n<li>Mit dem RL-Ring (Reverse Lever) besonders geeignet f\u00fcr Fertigfarben.<\/li>\n<\/ul>\n<p>Wollen Sie im Regal auffallen? Personalisieren Sie Ihre Farbdose! In Zusammenarbeit mit unserem Designstudio k\u00f6nnen wir diese zylindrische Farbdose auch bedrucken oder beschriften.<\/p>\n<p>Fordern Sie ein Angebot an und erg\u00e4nzen Sie es mit Ihren spezifischen Anforderungen. Oder kontaktieren Sie uns zuerst.<\/p>\n","protected":false},"excerpt":{"rendered":"<p>Diese zylindrische Dose ist f\u00fcr die meisten l\u00f6semittelhaltigen F\u00fcllg\u00fcter geeignet. F\u00fcr Feststoffe, Pasten und Fl\u00fcssigkeiten Erh\u00e4ltlich in verschiedenen H\u00f6hen und Durchmessern Mit dem RL-Ring (Reverse Lever) besonders geeignet f\u00fcr Fertigfarben. Wollen Sie im Regal auffallen? Personalisieren Sie Ihre Farbdose! In Zusammenarbeit mit unserem Designstudio k\u00f6nnen wir diese zylindrische Farbdose auch bedrucken oder beschriften. Fordern Sie [&hellip;]<\/p>\n","protected":false},"featured_media":36903,"comment_status":"open","ping_status":"closed","template":"","meta":[],"product_brand":[],"product_cat":[11053],"product_tag":[],"markten":[11110,11119,11092],"class_list":{"0":"post-90284","1":"product","2":"type-product","3":"status-publish","4":"has-post-thumbnail","6":"product_cat-verpackung-von-farben","7":"markten-klebstoffe","8":"markten-ol-und-schmiermittel","9":"markten-autolacke","10":"oplossingen-losemittelhaltig","12":"first","13":"instock","14":"shipping-taxable","15":"purchasable","16":"product-type-simple"},"yoast_head":"<!-- This site is optimized with the Yoast SEO plugin v26.9 - https:\/\/yoast.com\/product\/yoast-seo-wordpress\/ -->\n<title>500 ml RL blank\/blank ohne Deckel - Packung 180 St\u00fcck - GO Paint<\/title>\n<meta name=\"description\" content=\"Diese zylindrische Dose ist f\u00fcr die meisten l\u00f6semittelhaltigen F\u00fcllg\u00fcter geeignet. F\u00fcr Feststoffe, Pasten und Fl\u00fcssigkeiten Erh\u00e4ltlich in verschiedenen\" \/>\n<meta name=\"robots\" content=\"index, follow, max-snippet:-1, max-image-preview:large, max-video-preview:-1\" \/>\n<link rel=\"canonical\" href=\"https:\/\/go-paint.com\/de\/produkte\/30110015\/500-ml-rl-blank-blank-ohne-deckel-packung-180-stuck\/\" \/>\n<meta property=\"og:locale\" content=\"de_DE\" \/>\n<meta property=\"og:type\" content=\"article\" \/>\n<meta property=\"og:title\" content=\"500 ml RL blank\/blank ohne Deckel - Packung 180 St\u00fcck - GO Paint\" \/>\n<meta property=\"og:description\" content=\"Diese zylindrische Dose ist f\u00fcr die meisten l\u00f6semittelhaltigen F\u00fcllg\u00fcter geeignet. F\u00fcr Feststoffe, Pasten und Fl\u00fcssigkeiten Erh\u00e4ltlich in verschiedenen\" \/>\n<meta property=\"og:url\" content=\"https:\/\/go-paint.com\/de\/produkte\/30110015\/500-ml-rl-blank-blank-ohne-deckel-packung-180-stuck\/\" \/>\n<meta property=\"og:site_name\" content=\"GO Paint\" \/>\n<meta property=\"article:modified_time\" content=\"2026-04-18T21:58:30+00:00\" \/>\n<meta property=\"og:image\" content=\"https:\/\/hildering.prod.pwstaging.tech\/app\/uploads\/sites\/2\/2025\/11\/500-ml-rl-blank-blank-protact-excl-deksel-pak-180-stuks-featured-9fe0e327-f9bf-479c-9baf-cede7b04ad08.png\" \/>\n\t<meta property=\"og:image:width\" content=\"700\" \/>\n\t<meta property=\"og:image:height\" content=\"700\" \/>\n\t<meta property=\"og:image:type\" content=\"image\/png\" \/>\n<meta name=\"twitter:card\" content=\"summary_large_image\" \/>\n<script type=\"application\/ld+json\" class=\"yoast-schema-graph\">{\"@context\":\"https:\/\/schema.org\",\"@graph\":[{\"@type\":\"WebPage\",\"@id\":\"https:\/\/go-paint.com\/de\/produkte\/30110015\/500-ml-rl-blank-blank-ohne-deckel-packung-180-stuck\/\",\"url\":\"https:\/\/go-paint.com\/de\/produkte\/30110015\/500-ml-rl-blank-blank-ohne-deckel-packung-180-stuck\/\",\"name\":\"500 ml RL blank\/blank ohne Deckel - Packung 180 St\u00fcck - GO Paint\",\"isPartOf\":{\"@id\":\"https:\/\/go-paint.com\/de\/#website\"},\"primaryImageOfPage\":{\"@id\":\"https:\/\/go-paint.com\/de\/produkte\/30110015\/500-ml-rl-blank-blank-ohne-deckel-packung-180-stuck\/#primaryimage\"},\"image\":{\"@id\":\"https:\/\/go-paint.com\/de\/produkte\/30110015\/500-ml-rl-blank-blank-ohne-deckel-packung-180-stuck\/#primaryimage\"},\"thumbnailUrl\":\"https:\/\/hildering.prod.pwstaging.tech\/app\/uploads\/sites\/2\/2025\/11\/500-ml-rl-blank-blank-protact-excl-deksel-pak-180-stuks-featured-9fe0e327-f9bf-479c-9baf-cede7b04ad08.png\",\"datePublished\":\"2026-03-24T21:44:45+00:00\",\"dateModified\":\"2026-04-18T21:58:30+00:00\",\"description\":\"Diese zylindrische Dose ist f\u00fcr die meisten l\u00f6semittelhaltigen F\u00fcllg\u00fcter geeignet. F\u00fcr Feststoffe, Pasten und Fl\u00fcssigkeiten Erh\u00e4ltlich in verschiedenen\",\"breadcrumb\":{\"@id\":\"https:\/\/go-paint.com\/de\/produkte\/30110015\/500-ml-rl-blank-blank-ohne-deckel-packung-180-stuck\/#breadcrumb\"},\"inLanguage\":\"de-DE\",\"potentialAction\":[{\"@type\":\"ReadAction\",\"target\":[\"https:\/\/go-paint.com\/de\/produkte\/30110015\/500-ml-rl-blank-blank-ohne-deckel-packung-180-stuck\/\"]}]},{\"@type\":\"ImageObject\",\"inLanguage\":\"de-DE\",\"@id\":\"https:\/\/go-paint.com\/de\/produkte\/30110015\/500-ml-rl-blank-blank-ohne-deckel-packung-180-stuck\/#primaryimage\",\"url\":\"https:\/\/hildering.prod.pwstaging.tech\/app\/uploads\/sites\/2\/2025\/11\/500-ml-rl-blank-blank-protact-excl-deksel-pak-180-stuks-featured-9fe0e327-f9bf-479c-9baf-cede7b04ad08.png\",\"contentUrl\":\"https:\/\/hildering.prod.pwstaging.tech\/app\/uploads\/sites\/2\/2025\/11\/500-ml-rl-blank-blank-protact-excl-deksel-pak-180-stuks-featured-9fe0e327-f9bf-479c-9baf-cede7b04ad08.png\",\"width\":700,\"height\":700},{\"@type\":\"BreadcrumbList\",\"@id\":\"https:\/\/go-paint.com\/de\/produkte\/30110015\/500-ml-rl-blank-blank-ohne-deckel-packung-180-stuck\/#breadcrumb\",\"itemListElement\":[{\"@type\":\"ListItem\",\"position\":1,\"name\":\"Home\",\"item\":\"https:\/\/go-paint.com\/de\/\"},{\"@type\":\"ListItem\",\"position\":2,\"name\":\"Produkte\",\"item\":\"https:\/\/go-paint.com\/de\/shop\/\"},{\"@type\":\"ListItem\",\"position\":3,\"name\":\"500 ml RL blank\/blank ohne Deckel &#8211; Packung 180 St\u00fcck\"}]},{\"@type\":\"WebSite\",\"@id\":\"https:\/\/go-paint.com\/de\/#website\",\"url\":\"https:\/\/go-paint.com\/de\/\",\"name\":\"Go Paint\",\"description\":\"\",\"potentialAction\":[{\"@type\":\"SearchAction\",\"target\":{\"@type\":\"EntryPoint\",\"urlTemplate\":\"https:\/\/go-paint.com\/de\/?s={search_term_string}\"},\"query-input\":{\"@type\":\"PropertyValueSpecification\",\"valueRequired\":true,\"valueName\":\"search_term_string\"}}],\"inLanguage\":\"de-DE\"}]}<\/script>\n<!-- \/ Yoast SEO plugin. -->","yoast_head_json":{"title":"500 ml RL blank\/blank ohne Deckel - Packung 180 St\u00fcck - GO Paint","description":"Diese zylindrische Dose ist f\u00fcr die meisten l\u00f6semittelhaltigen F\u00fcllg\u00fcter geeignet. F\u00fcr Feststoffe, Pasten und Fl\u00fcssigkeiten Erh\u00e4ltlich in verschiedenen","robots":{"index":"index","follow":"follow","max-snippet":"max-snippet:-1","max-image-preview":"max-image-preview:large","max-video-preview":"max-video-preview:-1"},"canonical":"https:\/\/go-paint.com\/de\/produkte\/30110015\/500-ml-rl-blank-blank-ohne-deckel-packung-180-stuck\/","og_locale":"de_DE","og_type":"article","og_title":"500 ml RL blank\/blank ohne Deckel - Packung 180 St\u00fcck - GO Paint","og_description":"Diese zylindrische Dose ist f\u00fcr die meisten l\u00f6semittelhaltigen F\u00fcllg\u00fcter geeignet. F\u00fcr Feststoffe, Pasten und Fl\u00fcssigkeiten Erh\u00e4ltlich in verschiedenen","og_url":"https:\/\/go-paint.com\/de\/produkte\/30110015\/500-ml-rl-blank-blank-ohne-deckel-packung-180-stuck\/","og_site_name":"GO Paint","article_modified_time":"2026-04-18T21:58:30+00:00","og_image":[{"width":700,"height":700,"url":"https:\/\/hildering.prod.pwstaging.tech\/app\/uploads\/sites\/2\/2025\/11\/500-ml-rl-blank-blank-protact-excl-deksel-pak-180-stuks-featured-9fe0e327-f9bf-479c-9baf-cede7b04ad08.png","type":"image\/png"}],"twitter_card":"summary_large_image","schema":{"@context":"https:\/\/schema.org","@graph":[{"@type":"WebPage","@id":"https:\/\/go-paint.com\/de\/produkte\/30110015\/500-ml-rl-blank-blank-ohne-deckel-packung-180-stuck\/","url":"https:\/\/go-paint.com\/de\/produkte\/30110015\/500-ml-rl-blank-blank-ohne-deckel-packung-180-stuck\/","name":"500 ml RL blank\/blank ohne Deckel - Packung 180 St\u00fcck - GO Paint","isPartOf":{"@id":"https:\/\/go-paint.com\/de\/#website"},"primaryImageOfPage":{"@id":"https:\/\/go-paint.com\/de\/produkte\/30110015\/500-ml-rl-blank-blank-ohne-deckel-packung-180-stuck\/#primaryimage"},"image":{"@id":"https:\/\/go-paint.com\/de\/produkte\/30110015\/500-ml-rl-blank-blank-ohne-deckel-packung-180-stuck\/#primaryimage"},"thumbnailUrl":"https:\/\/hildering.prod.pwstaging.tech\/app\/uploads\/sites\/2\/2025\/11\/500-ml-rl-blank-blank-protact-excl-deksel-pak-180-stuks-featured-9fe0e327-f9bf-479c-9baf-cede7b04ad08.png","datePublished":"2026-03-24T21:44:45+00:00","dateModified":"2026-04-18T21:58:30+00:00","description":"Diese zylindrische Dose ist f\u00fcr die meisten l\u00f6semittelhaltigen F\u00fcllg\u00fcter geeignet. F\u00fcr Feststoffe, Pasten und Fl\u00fcssigkeiten Erh\u00e4ltlich in verschiedenen","breadcrumb":{"@id":"https:\/\/go-paint.com\/de\/produkte\/30110015\/500-ml-rl-blank-blank-ohne-deckel-packung-180-stuck\/#breadcrumb"},"inLanguage":"de-DE","potentialAction":[{"@type":"ReadAction","target":["https:\/\/go-paint.com\/de\/produkte\/30110015\/500-ml-rl-blank-blank-ohne-deckel-packung-180-stuck\/"]}]},{"@type":"ImageObject","inLanguage":"de-DE","@id":"https:\/\/go-paint.com\/de\/produkte\/30110015\/500-ml-rl-blank-blank-ohne-deckel-packung-180-stuck\/#primaryimage","url":"https:\/\/hildering.prod.pwstaging.tech\/app\/uploads\/sites\/2\/2025\/11\/500-ml-rl-blank-blank-protact-excl-deksel-pak-180-stuks-featured-9fe0e327-f9bf-479c-9baf-cede7b04ad08.png","contentUrl":"https:\/\/hildering.prod.pwstaging.tech\/app\/uploads\/sites\/2\/2025\/11\/500-ml-rl-blank-blank-protact-excl-deksel-pak-180-stuks-featured-9fe0e327-f9bf-479c-9baf-cede7b04ad08.png","width":700,"height":700},{"@type":"BreadcrumbList","@id":"https:\/\/go-paint.com\/de\/produkte\/30110015\/500-ml-rl-blank-blank-ohne-deckel-packung-180-stuck\/#breadcrumb","itemListElement":[{"@type":"ListItem","position":1,"name":"Home","item":"https:\/\/go-paint.com\/de\/"},{"@type":"ListItem","position":2,"name":"Produkte","item":"https:\/\/go-paint.com\/de\/shop\/"},{"@type":"ListItem","position":3,"name":"500 ml RL blank\/blank ohne Deckel &#8211; Packung 180 St\u00fcck"}]},{"@type":"WebSite","@id":"https:\/\/go-paint.com\/de\/#website","url":"https:\/\/go-paint.com\/de\/","name":"Go Paint","description":"","potentialAction":[{"@type":"SearchAction","target":{"@type":"EntryPoint","urlTemplate":"https:\/\/go-paint.com\/de\/?s={search_term_string}"},"query-input":{"@type":"PropertyValueSpecification","valueRequired":true,"valueName":"search_term_string"}}],"inLanguage":"de-DE"}]}},"_links":{"self":[{"href":"https:\/\/go-paint.com\/de\/wp-json\/wp\/v2\/product\/90284","targetHints":{"allow":["GET"]}}],"collection":[{"href":"https:\/\/go-paint.com\/de\/wp-json\/wp\/v2\/product"}],"about":[{"href":"https:\/\/go-paint.com\/de\/wp-json\/wp\/v2\/types\/product"}],"replies":[{"embeddable":true,"href":"https:\/\/go-paint.com\/de\/wp-json\/wp\/v2\/comments?post=90284"}],"wp:featuredmedia":[{"embeddable":true,"href":"https:\/\/go-paint.com\/de\/wp-json\/wp\/v2\/media\/36903"}],"wp:attachment":[{"href":"https:\/\/go-paint.com\/de\/wp-json\/wp\/v2\/media?parent=90284"}],"wp:term":[{"taxonomy":"product_brand","embeddable":true,"href":"https:\/\/go-paint.com\/de\/wp-json\/wp\/v2\/product_brand?post=90284"},{"taxonomy":"product_cat","embeddable":true,"href":"https:\/\/go-paint.com\/de\/wp-json\/wp\/v2\/product_cat?post=90284"},{"taxonomy":"product_tag","embeddable":true,"href":"https:\/\/go-paint.com\/de\/wp-json\/wp\/v2\/product_tag?post=90284"},{"taxonomy":"markten","embeddable":true,"href":"https:\/\/go-paint.com\/de\/wp-json\/wp\/v2\/markten?post=90284"}],"curies":[{"name":"wp","href":"https:\/\/api.w.org\/{rel}","templated":true}]}}